{"id":906,"date":"2020-12-01T14:48:10","date_gmt":"2020-12-01T13:48:10","guid":{"rendered":"http:\/\/www.exlibris.or.at\/?page_id=906"},"modified":"2020-12-02T13:59:10","modified_gmt":"2020-12-02T12:59:10","slug":"alice-wanke-werkliste","status":"publish","type":"page","link":"https:\/\/www.exlibris.or.at\/?page_id=906","title":{"rendered":"Alice Wanke Werkliste"},"content":{"rendered":"\n<p>Werkliste von Alice Wanke 1873 \u2013 1939 <\/p>\n\n\n\n<p>Dem Gutenberg Exlibris Lexikon angen\u00e4herte\nWerkliste.<\/p>\n\n\n\n<p>Gut Kat 1&nbsp;&nbsp;&nbsp; =\nExlibris-Katalog des Gutenberg Museums 1<\/p>\n\n\n\n<p>Gut Kat 2&nbsp;&nbsp;&nbsp; =\nExlibris-Katalog des Gutenberg Museums 2<\/p>\n\n\n\n<p>Kellner&nbsp;&nbsp;&nbsp;&nbsp;&nbsp;&nbsp; &nbsp;= Exlibris und Gelegenheitsgraphik, Stefan\nKellner, Budapest 1921, Katalog III.<\/p>\n\n\n\n<p>Zitiert in \u00d6EG Mitteilungen 1, 4. Jg., J\u00e4nner 1940<\/p>\n\n\n\n<p>Meidling, Bl\u00e4tter des Bezirksmuseums, Heft 51, 2000;\n<\/p>\n\n\n\n<p>Slg. M\u00fcksch = Sammlung Dr. Ursula M\u00fcksch, Wien<\/p>\n\n\n\n<p>Slg. Rath&nbsp;&nbsp; &nbsp;&nbsp;&nbsp;= Sammlung Brigitte und Peter Rath, Wien. <\/p>\n\n\n\n<p>1) AW(=ipse); Linol; 54&#215;54; sw; o.J; hs; Initialen. Nachweis:\nGut Kat 2, S. 595, Nr. 45.840;<\/p>\n\n\n\n<p>2) Mr. Ph. M. Birnholz; Holzschnitt; 102&#215;143; sw; o.\nJ, (1937); s; \u201eDer Knochenm\u00f6rser.\u201c Apotheker mit Spitzhut m\u00f6rsert Knochen;\nMeidling, Bl\u00e4tter des Bezirksmuseums, Heft 51, 2000, S. 45; Slg. Rath;<\/p>\n\n\n\n<p>3) Ruth Birnholz; Rad; 92&#215;134; sw; 1937; s; M\u00e4dchen\nmit Holz in der Rechten, Baumstamm in der Linken, mit spitzschuhen auf Buch\nstehend; Nachweis: Meidling, Bl\u00e4tter des Bezirksmuseums, Heft 51, 2000, S. 45; <\/p>\n\n\n\n<p>4) Marie Dalmer; Kli; 101&#215;84; blau-w; o. J. (1904);\nSitzende Gro\u00dfmutter mit f\u00fcnf gratulierenden (Enkel)-Kindern, von Kranz mit\nRosen und Schleifband gerahmt. Motto: 1844 \/ 16. L\u00e4nner \/ 1904. Nachweis: Gut\nKat 2, S. 597, Nr. 45.841; <\/p>\n\n\n\n<p>5) Ex Musicis Hanna Dalmo; Holzschnitt, sw; 164&#215;135;\no. J. (handschr. Muster 1934);Schubert am Klavier mit S\u00e4ngerin rechts;\nNachweis: Slg. Rath;&nbsp;&nbsp; <\/p>\n\n\n\n<p>6) Richard Grumm; Kli; 77&#215;80; sw; s; Aus Fenster\nblickend (wie Josef Richter); Nachweis: Slg. Rath;&nbsp; <\/p>\n\n\n\n<p>7) Mimi Lasch; Nachweis: Zitiert in \u00d6EG Mitteilungen\n1, 4. Jg., J\u00e4nner 1940;<\/p>\n\n\n\n<p>8) Unser Buch Eamund und Myra Lautenschlag; Paar in\nmittelalterlichen Kleidern, er h\u00e4lt Gitarre; Rad; 190&#215;133 (\u00e4usserer Rand), (auch\n90&#215;53); sw; s; Nachweis: Slg Rath;&nbsp; <\/p>\n\n\n\n<p>9) Josef Legat; Kli; 100&#215;74; sw; o. J; s; Krieger\nmit Lanze und Schild (Uhu mit Schellenkappe, [Schlaraffe? Vindobona 24?]) nach\nrechts, dahinter Haus; Nachweis: Slg. Rath; <\/p>\n\n\n\n<p>10) Lotte und Franz Markl; Nachweis: Zitiert in \u00d6EG\nMitteilungen 1, 4. Jg., J\u00e4nner 1940;<\/p>\n\n\n\n<p>11) Louise Pracher; Kli; 132&#215;80; 1916; hs; Lesende\nFrau mit Kanarienvogel; Nachweis: Slg. Rath;<\/p>\n\n\n\n<p>12) Josef Richter, No. Gruppe; Kli; 77&#215;80; sw; o. J;\nBlick aus Fenster, Gitarre, Violine, Noten; Nachweis: Slg. Rath; <\/p>\n\n\n\n<p>13) Elli Rose; Holzschnitt, sw; 137&#215;85; o. J\n(handschr. Muster 1933); Kniender Akt nach rechts, Baum mit Bl\u00fchenden Knospen\nim Gesicht, auf den Knien aufgeschlagenes Buch; Nachweis: Slg. Rath;&nbsp;&nbsp;&nbsp;&nbsp;&nbsp; <\/p>\n\n\n\n<p>14) Margarete von Rottauscher; Kli; 65&#215;77; sw; o. J;\nDrei Putten, eine spielt Gitarre, eine H\u00e4lt Noten, eine schreibt in Buch;\nNachweis;: Slg. Rath; <\/p>\n\n\n\n<p>15) Erna Sack, (Erna Dorothea Luise Sack, geb.\nWeber, [1898-1972] Kammers\u00e4ngerin mit extremer Sopranstimme, sie erreichte das\nviergestrichene \u201eC\u201c, Sang 1935 in Dresden in der Urauff\u00fchrung der Oper \u201eDie\nschweigsame Frau\u201c von Richard Strauss die Rolle der Isotta); Linol; 112&#215;68; sw;\no.J; s; Auf Mondsichel sitzende Nachtigall, das hohe \u201eC\u201c tr\u00e4llernd; Nachweis:\nGut Kat 1, S. 430, Nr. 12.440; DEG Jb. 2009, S. 102; Slg. Rath <\/p>\n\n\n\n<p>16) Leopoldine Stifft; Kli; 100&#215;57; sw; o. J; s;\nHund auf Lehnstuhl vor Schreibtisch an Fenster; Nachweis: Gut Kat 2, S. 597,\nNr. 45.842; Kellner S. 185; Slg. Rath;<\/p>\n\n\n\n<p>17) Anastasia Toifl; Kli; 105&#215;77; sw; o. J; s;\nFliegend Elfe \u00fcber Felder; Nachweis: Slg. Rath; <\/p>\n\n\n\n<p>18) Volksb\u00fccherei Berlin; Nachweis: Zitiert in \u00d6EG\nMitteilungen 1, 4. Jg., J\u00e4nner 1940;<\/p>\n\n\n\n<p>19) Alice Wanke 1931; 87&#215;65; sw; 1931;\nFl\u00f6tenspielender Putto auf Herz, zwei V\u00f6gel; Nachweis: Peter Rath;&nbsp; <\/p>\n\n\n\n<p>20) Alice Wanke, ANNO 1916; Holzschnitt, 140&#215;100;\nsw; 1916; Putto, in der linken auf Harfe st\u00fctzend, in der Rechten Initialen AW,\ndarunter Palette. Unteres Bild: Feder; nachweis: Slg. Rath;&nbsp; <\/p>\n\n\n\n<p>21) Alice Wanke; Farbholzschnitt gr\u00fcn-sw; 102&#215;85; o.\nJ; s; Name mit Initialen; Slg. Rath;&nbsp; <\/p>\n\n\n\n<p>22) Alice Wanke; Rad; 86&#215;65; rot-w; 1936; Zwei\nEichh\u00f6rnchen, auf den Initialen herumkletternd; Nachweis: Gut Kat 2, S. 597,\nNr. 45.843; Slg. Rath; <\/p>\n\n\n\n<p>23) Dies Buch geh\u00f6rt In die B\u00fccherei Der Alice\nWanke; Rad; 86&#215;63; sw; 1936; s; Offenes Buch mit Initialen, von Schriftband\numflattert; Nachweis: Gut Kat 2, S. 597, Nr. 45.844; <\/p>\n\n\n\n<p>24) EX MUSICIS Alice Wanke; Rad, (erster Versuch);\n135&#215;80; braun; o. J; s; Kniender weibl. Akt nach links, mit Harfe; Nachweis:\nSlg. Rath;&nbsp; <\/p>\n\n\n\n<p>25) Ex Musicis Alice Wanke; Kli; 164&#215;120; sw; o. J;\ns; Dame im Rokokokleid, rechts Noten haltend, links Blumenstrau\u00df haltend;\nNachweis: Slg. Rath;&nbsp;&nbsp; <\/p>\n\n\n\n<p>26) Meine G\u00f6tter, Ex Musicis Alice Wanke;\nHolzschnitt, sw; 87&#215;70; hs; o. J; Schubert und Beethoven nach links blickend;\nNachweis: Slg. Rath; &nbsp;<\/p>\n\n\n\n<p>27) Dies Buch geh\u00f6rt in die B\u00fccherei der Alice\nWanke; Rad; 88&#215;66; sw; 1936; s; Initialen AW auf aufgeschlagenem Buch, Text in\nSpruchband; Nachweis: Slg. Rath; <\/p>\n\n\n\n<p>28) Ex Musicis Alice Wanke; Rad; 137&#215;137; braun; o. J,\n(1936); hs; Kniender weibl. Akt nach links, mit Harfe, z\u00fcngelnde\nSchlangen, Tiger;&nbsp; Slg. Rath;&nbsp;&nbsp; <\/p>\n\n\n\n<p>29) Hilda Wanke; Rad; 78&#215;60; rot-w; o. J; s;\nElfenkind, zwei Schmetterlingen nachjagend, nach rechts; Nachweis: Gut Kat 2,\nS. 597, Nr. 45.845; Abb. 710;&nbsp; &nbsp;<\/p>\n\n\n\n<p>Zwei Monogramme (Exlibris?) AT oder TA, ohne der\nBezeichnung Exlibris; Slg M\u00fcksch. Nicht im Bauer Katalog. &nbsp;&nbsp;<\/p>\n\n\n\n<p>Zusammengestellt von Peter Rath, Wien. Erg\u00e4nzt und\nKorregiert von Dr. Ursula M\u00fcksch, Wien. \u00a9 2020&nbsp; &nbsp;&nbsp;&nbsp;&nbsp;<\/p>\n","protected":false},"excerpt":{"rendered":"<p>Werkliste von Alice Wanke 1873 \u2013 1939 Dem Gutenberg Exlibris Lexikon angen\u00e4herte Werkliste. Gut Kat 1&nbsp;&nbsp;&nbsp; = Exlibris-Katalog des Gutenberg Museums 1 Gut Kat 2&nbsp;&nbsp;&nbsp; = Exlibris-Katalog des Gutenberg Museums 2 Kellner&nbsp;&nbsp;&nbsp;&nbsp;&nbsp;&nbsp; &nbsp;= Exlibris und Gelegenheitsgraphik, Stefan Kellner, Budapest 1921, Katalog III. Zitiert in \u00d6EG Mitteilungen 1, 4. Jg., J\u00e4nner 1940 Meidling, Bl\u00e4tter des Bezirksmuseums, &hellip; <a href=\"https:\/\/www.exlibris.or.at\/?page_id=906\" class=\"more-link\"><span class=\"screen-reader-text\">Alice Wanke Werkliste<\/span> weiterlesen<\/a><\/p>\n","protected":false},"author":1,"featured_media":0,"parent":0,"menu_order":0,"comment_status":"closed","ping_status":"closed","template":"","meta":{"footnotes":""},"_links":{"self":[{"href":"https:\/\/www.exlibris.or.at\/index.php?rest_route=\/wp\/v2\/pages\/906"}],"collection":[{"href":"https:\/\/www.exlibris.or.at\/index.php?rest_route=\/wp\/v2\/pages"}],"about":[{"href":"https:\/\/www.exlibris.or.at\/index.php?rest_route=\/wp\/v2\/types\/page"}],"author":[{"embeddable":true,"href":"https:\/\/www.exlibris.or.at\/index.php?rest_route=\/wp\/v2\/users\/1"}],"replies":[{"embeddable":true,"href":"https:\/\/www.exlibris.or.at\/index.php?rest_route=%2Fwp%2Fv2%2Fcomments&post=906"}],"version-history":[{"count":1,"href":"https:\/\/www.exlibris.or.at\/index.php?rest_route=\/wp\/v2\/pages\/906\/revisions"}],"predecessor-version":[{"id":907,"href":"https:\/\/www.exlibris.or.at\/index.php?rest_route=\/wp\/v2\/pages\/906\/revisions\/907"}],"wp:attachment":[{"href":"https:\/\/www.exlibris.or.at\/index.php?rest_route=%2Fwp%2Fv2%2Fmedia&parent=906"}],"curies":[{"name":"wp","href":"https:\/\/api.w.org\/{rel}","templated":true}]}}