{"id":858,"date":"2020-11-20T17:54:59","date_gmt":"2020-11-20T16:54:59","guid":{"rendered":"http:\/\/www.twr.at\/wp\/?page_id=858"},"modified":"2021-10-11T13:51:53","modified_gmt":"2021-10-11T11:51:53","slug":"goldschmidt-ella-geb-wien-20-12-1921-gest-wien-24-12-2011","status":"publish","type":"page","link":"https:\/\/www.exlibris.or.at\/?page_id=858","title":{"rendered":"Goldschmidt  Ella, geb. Wien  20.12.1921, gest. Wien 24.12.2011."},"content":{"rendered":"\n<div class=\"wp-block-image\"><figure class=\"aligncenter is-resized\"><img loading=\"lazy\" decoding=\"async\" src=\"http:\/\/www.exlibris.or.at\/wp-content\/uploads\/2021\/10\/Goldschmiedt-1-644x1024.jpg\" alt=\"\" class=\"wp-image-1330\" width=\"339\" height=\"539\" srcset=\"https:\/\/www.exlibris.or.at\/wp-content\/uploads\/2021\/10\/Goldschmiedt-1-644x1024.jpg 644w, https:\/\/www.exlibris.or.at\/wp-content\/uploads\/2021\/10\/Goldschmiedt-1-189x300.jpg 189w, https:\/\/www.exlibris.or.at\/wp-content\/uploads\/2021\/10\/Goldschmiedt-1-768x1221.jpg 768w, https:\/\/www.exlibris.or.at\/wp-content\/uploads\/2021\/10\/Goldschmiedt-1-966x1536.jpg 966w, https:\/\/www.exlibris.or.at\/wp-content\/uploads\/2021\/10\/Goldschmiedt-1.jpg 983w\" sizes=\"(max-width: 339px) 100vw, 339px\" \/><\/figure><\/div>\n\n\n\n<div class=\"wp-block-image\"><figure class=\"aligncenter is-resized\"><img loading=\"lazy\" decoding=\"async\" src=\"http:\/\/www.exlibris.or.at\/wp-content\/uploads\/2021\/10\/Goldschmiedt-2-719x1024.jpg\" alt=\"\" class=\"wp-image-1329\" width=\"339\" height=\"482\" srcset=\"https:\/\/www.exlibris.or.at\/wp-content\/uploads\/2021\/10\/Goldschmiedt-2-719x1024.jpg 719w, https:\/\/www.exlibris.or.at\/wp-content\/uploads\/2021\/10\/Goldschmiedt-2-211x300.jpg 211w, https:\/\/www.exlibris.or.at\/wp-content\/uploads\/2021\/10\/Goldschmiedt-2-768x1093.jpg 768w, https:\/\/www.exlibris.or.at\/wp-content\/uploads\/2021\/10\/Goldschmiedt-2-1079x1536.jpg 1079w, https:\/\/www.exlibris.or.at\/wp-content\/uploads\/2021\/10\/Goldschmiedt-2.jpg 1098w\" sizes=\"(max-width: 339px) 100vw, 339px\" \/><\/figure><\/div>\n\n\n\n<p>Biographie.<\/p>\n\n\n\n<p>Ella Goldschmidt, auch Gams-Goldschmidt, geb. 20.12.1921, gest.\n24.12.2011. Graphikerin, arbeitete auch im Kupferstich (C2), Holzschnitt (X1)\nund Holzstich (X2), und mit&nbsp; Lithographie\n(L1)]. Bekannt auch als Malerin in \u00d6l, Aquarell, mit Landschaften und Blumen. Hervorragende\nKunstgewerblerin, Weberin, mit Tapisserien, und Keramiken t\u00e4tig. <\/p>\n\n\n\n<p>Weiter war sie Kinderbuch-Illustratorin, Ikonenmalerin und &nbsp;Kunstp\u00e4dagogin; 1940 bis 1945 studierte sie\nals Sch\u00fclerin an der Wiener Kunstgewerbeschule und an der Graphischen Lehr- und\nVersuchsanstalt bei Hans Ranzoni d. J.<\/p>\n\n\n\n<p>Sie\nLebte in Wien, unterrichtete am einer<em>\n<\/em>AHS und\nBildungsanstalt f\u00fcr Kinderg\u00e4rtnerinnen<em>.<\/em><\/p>\n\n\n\n<div class=\"wp-block-image\"><figure class=\"aligncenter is-resized\"><img loading=\"lazy\" decoding=\"async\" src=\"http:\/\/www.exlibris.or.at\/wp-content\/uploads\/2021\/10\/Goldschmiedt-3-727x1024.jpg\" alt=\"\" class=\"wp-image-1331\" width=\"325\" height=\"458\" srcset=\"https:\/\/www.exlibris.or.at\/wp-content\/uploads\/2021\/10\/Goldschmiedt-3-727x1024.jpg 727w, https:\/\/www.exlibris.or.at\/wp-content\/uploads\/2021\/10\/Goldschmiedt-3-213x300.jpg 213w, https:\/\/www.exlibris.or.at\/wp-content\/uploads\/2021\/10\/Goldschmiedt-3-768x1081.jpg 768w, https:\/\/www.exlibris.or.at\/wp-content\/uploads\/2021\/10\/Goldschmiedt-3-1091x1536.jpg 1091w, https:\/\/www.exlibris.or.at\/wp-content\/uploads\/2021\/10\/Goldschmiedt-3.jpg 1203w\" sizes=\"(max-width: 325px) 100vw, 325px\" \/><\/figure><\/div>\n\n\n\n<div class=\"wp-block-image\"><figure class=\"aligncenter is-resized\"><img loading=\"lazy\" decoding=\"async\" src=\"http:\/\/www.exlibris.or.at\/wp-content\/uploads\/2021\/10\/Goldschmiedt-4-658x1024.jpg\" alt=\"\" class=\"wp-image-1332\" width=\"322\" height=\"501\" srcset=\"https:\/\/www.exlibris.or.at\/wp-content\/uploads\/2021\/10\/Goldschmiedt-4-658x1024.jpg 658w, https:\/\/www.exlibris.or.at\/wp-content\/uploads\/2021\/10\/Goldschmiedt-4-193x300.jpg 193w, https:\/\/www.exlibris.or.at\/wp-content\/uploads\/2021\/10\/Goldschmiedt-4-768x1195.jpg 768w, https:\/\/www.exlibris.or.at\/wp-content\/uploads\/2021\/10\/Goldschmiedt-4.jpg 883w\" sizes=\"(max-width: 322px) 100vw, 322px\" \/><\/figure><\/div>\n\n\n\n<p>Erw\u00e4hnung in: \u00d6EG: Mitglieder- und Tauschliste &#8211; Wien, 1948; \u00d6EG\nJahrbuch 50. 1974\/76, S. 41-99; 51. 1977-1978, S. 9-13, 25-127; 52. 1979-1980,\nS. 45-79; 54. 1984, S. 93-129; 56. 1988-1989, S. 37-67; 57. 2002, Nr. 3, S.\n5-7; Exlibris: 10.000 Exlibris &#8230; \/ Jens-Heiner Bauer. Hannover, 1983, S. 173,\n175, 177; Schwarz, H.: Die Topographie im Exlibris. Kronach, 1989, Nr. 459;\nWitte, K.: Monogrammlexikon, I. 1991, S. 176-272.<\/p>\n\n\n\n<p>Schutt-Kehm, E.: Exlibris-Katalog des Gutenberg-Museums. Wiesbaden, T.\n2. 1998, A-K, S. 392 [EL Erich Goldschmidt, 1945; EL J. H. A. Jansen];\nScheffer, H. R.: 100 Jahre \u00f6sterreichisches Exlibris. &#8211; Wien, 2004, S. 180-181,\n188; Nachlass Hans Ankwicz-Kleehoven in der \u00d6sterr. Galerie Belvedere. &#8211;\nExlibris f\u00fcr Hedwig zum Tobel, S. Kolar, W. Wiszkocsil, S. Kolar, Christian\nNeumann, Alma Petz, Karin, Annemarie Weber.<\/p>\n\n\n\n<div class=\"wp-block-image\"><figure class=\"aligncenter is-resized\"><img loading=\"lazy\" decoding=\"async\" src=\"http:\/\/www.exlibris.or.at\/wp-content\/uploads\/2021\/10\/Goldschmiedt-5-698x1024.jpg\" alt=\"\" class=\"wp-image-1333\" width=\"347\" height=\"509\" srcset=\"https:\/\/www.exlibris.or.at\/wp-content\/uploads\/2021\/10\/Goldschmiedt-5-698x1024.jpg 698w, https:\/\/www.exlibris.or.at\/wp-content\/uploads\/2021\/10\/Goldschmiedt-5-205x300.jpg 205w, https:\/\/www.exlibris.or.at\/wp-content\/uploads\/2021\/10\/Goldschmiedt-5-768x1126.jpg 768w, https:\/\/www.exlibris.or.at\/wp-content\/uploads\/2021\/10\/Goldschmiedt-5.jpg 894w\" sizes=\"(max-width: 347px) 100vw, 347px\" \/><\/figure><\/div>\n\n\n\n<div class=\"wp-block-image\"><figure class=\"aligncenter is-resized\"><img loading=\"lazy\" decoding=\"async\" src=\"http:\/\/www.exlibris.or.at\/wp-content\/uploads\/2021\/10\/Goldschmiedt-6-995x1024.jpg\" alt=\"\" class=\"wp-image-1334\" width=\"345\" height=\"355\" srcset=\"https:\/\/www.exlibris.or.at\/wp-content\/uploads\/2021\/10\/Goldschmiedt-6-995x1024.jpg 995w, https:\/\/www.exlibris.or.at\/wp-content\/uploads\/2021\/10\/Goldschmiedt-6-292x300.jpg 292w, https:\/\/www.exlibris.or.at\/wp-content\/uploads\/2021\/10\/Goldschmiedt-6-768x790.jpg 768w, https:\/\/www.exlibris.or.at\/wp-content\/uploads\/2021\/10\/Goldschmiedt-6.jpg 1350w\" sizes=\"(max-width: 345px) 100vw, 345px\" \/><\/figure><\/div>\n\n\n\n<p>Zusammengestellt\nvon Peter Rath\uff20, mit Daten von Dr. Ursula M\u00fcksch \uff20 und der Exlibris- Datenbank von HR\nDr: Karl F. Stock\uff20.<\/p>\n","protected":false},"excerpt":{"rendered":"<p>Biographie. Ella Goldschmidt, auch Gams-Goldschmidt, geb. 20.12.1921, gest. 24.12.2011. Graphikerin, arbeitete auch im Kupferstich (C2), Holzschnitt (X1) und Holzstich (X2), und mit&nbsp; Lithographie (L1)]. Bekannt auch als Malerin in \u00d6l, Aquarell, mit Landschaften und Blumen. Hervorragende Kunstgewerblerin, Weberin, mit Tapisserien, und Keramiken t\u00e4tig. Weiter war sie Kinderbuch-Illustratorin, Ikonenmalerin und &nbsp;Kunstp\u00e4dagogin; 1940 bis 1945 studierte sie &hellip; <a href=\"https:\/\/www.exlibris.or.at\/?page_id=858\" class=\"more-link\"><span class=\"screen-reader-text\">Goldschmidt  Ella, geb. Wien  20.12.1921, gest. Wien 24.12.2011.<\/span> weiterlesen<\/a><\/p>\n","protected":false},"author":1,"featured_media":0,"parent":0,"menu_order":0,"comment_status":"closed","ping_status":"closed","template":"","meta":{"footnotes":""},"_links":{"self":[{"href":"https:\/\/www.exlibris.or.at\/index.php?rest_route=\/wp\/v2\/pages\/858"}],"collection":[{"href":"https:\/\/www.exlibris.or.at\/index.php?rest_route=\/wp\/v2\/pages"}],"about":[{"href":"https:\/\/www.exlibris.or.at\/index.php?rest_route=\/wp\/v2\/types\/page"}],"author":[{"embeddable":true,"href":"https:\/\/www.exlibris.or.at\/index.php?rest_route=\/wp\/v2\/users\/1"}],"replies":[{"embeddable":true,"href":"https:\/\/www.exlibris.or.at\/index.php?rest_route=%2Fwp%2Fv2%2Fcomments&post=858"}],"version-history":[{"count":6,"href":"https:\/\/www.exlibris.or.at\/index.php?rest_route=\/wp\/v2\/pages\/858\/revisions"}],"predecessor-version":[{"id":1338,"href":"https:\/\/www.exlibris.or.at\/index.php?rest_route=\/wp\/v2\/pages\/858\/revisions\/1338"}],"wp:attachment":[{"href":"https:\/\/www.exlibris.or.at\/index.php?rest_route=%2Fwp%2Fv2%2Fmedia&parent=858"}],"curies":[{"name":"wp","href":"https:\/\/api.w.org\/{rel}","templated":true}]}}