{"id":845,"date":"2020-11-20T17:34:34","date_gmt":"2020-11-20T16:34:34","guid":{"rendered":"http:\/\/www.twr.at\/wp\/?page_id=845"},"modified":"2020-11-20T17:39:32","modified_gmt":"2020-11-20T16:39:32","slug":"moritz-maria-franz-edler-von-weittenhiller-1847-1911-werkliste","status":"publish","type":"page","link":"https:\/\/www.exlibris.or.at\/?page_id=845","title":{"rendered":"Moritz Maria Franz Edler von Weittenhiller 1847-1911 Werkliste"},"content":{"rendered":"\n<p>Diese Werkliste ist dem System des Gutenberg-Exlibris Kataloges angen\u00e4hert. F\u00fcr Fehler und Irrt\u00fcmer ist der Autor dieser Zeilen selbst verantwortlich.\u00a0 <\/p>\n\n\n\n<p><strong>Abk\u00fcrzungen:<\/strong><\/p>\n\n\n\n<p>Fr\u00f6.\u00a0=\u00a0Georg Freiherr von Fr\u00f6lichsthal: Der Adel der Habsburgermonarchie im 19.\u00a0und 20. Jahrhundert, Index zu seinen Genealogien. Genealogisch-Heraldisches Informationsystem, (GENHIS). ISBN 978-3-87947-201-7, \u00a9 2008 by Verlag Bauer &amp; Raspe, Insingen.<\/p>\n\n\n\n<p>Diss\/Kahrer = Kahrer, Rosa: Moriz Maria Franz Edler von Weittenhiller (1847-1911),\u00a0Kanzler des Deutschen Ritterordens, Genealoge und Heraldiker: Leben und Werk eines Wieners der franzisko-josephinischen Epoche. Dissertation, Uni Wien 1988.<\/p>\n\n\n\n<p>Gut. Kat. 1. Teil, = Exlibris-Katalog des Gutenberg \u2013 Museums 1. Teil, \u00a9 1985 Verlag Claus Wittal, Wiesbaden Gut. Kat. 2. Teil,\u00a0 =\u00a0Exlibris-Katalog des Gutenberg \u2013 Museums \u00a9 1998 Verlag Claus Wittal, Wiesbaden.<\/p>\n\n\n\n<p>Planer\u00a0= Franz Planer: Das Jahrbuch der Wiener Gesellschaft. Hrsg. Franz Planer, 1929. Verlag Franz Planer, Wien I. G\u00f6lsdorfergasse 4.<\/p>\n\n\n\n<p>Slg. Rath = Sammlung Rath<\/p>\n\n\n\n<p>Slg. M\u00fcksch = Sammlung M\u00fcksch<\/p>\n\n\n\n<p>s;\u00a0= plattensigniert <br>hs;\u00a0= handsigniert<\/p>\n\n\n\n<p>1) <em>Rosa Adamus<\/em>,\nExlibrissammlerin aus Montpreis, Stmk, nun Yugoslawien; Rad.; 66&#215;56; sw; 1905;\ns; Sitzender Adam mit Apfel, Baumgruppe; Nachweis: Gut. Kat. 1,12.697; Jb. der\n\u00d6sterr. Exlib.-Ges., IX.; 1911; S. 13;<\/p>\n\n\n\n<p>2) <em>Rudolf Alt<\/em>,\nMaler; Rad.; 52&#215;57; braun-w; 1902; s\/hs; Stilleben mit Malkasten; Nachweis:\nGut. Kat. 1, 12.698; Jb. der \u00d6sterr. Exlib.-Ges., IX.; 1911; S. 13;<\/p>\n\n\n\n<p>3) <em>Karl\nAndorfer<\/em>; Rad; 130&#215;72; sw; o.J, Eignerportrait vor weibl. Halbfigur mit\nVioline. Motto: \u201eMUSICA IN NUMMIS;\u201c Nachweis: Gut. Kat. 1, 12.699; <\/p>\n\n\n\n<p>4) <em>Bandian<\/em>;\nRad; 108&#215;70; sw; o.J; Perchtoldsdorf, Stadtturm, davor B\u00fccherreihe und\nSchreibzeug, (Pd war Sommerfrische von Bandian); Nachweise: Gut. Kat. 2, L-Z,\n46.280, Abb. 695; Jb. der \u00d6sterr. Exlib.-Ges., IX.; 1911; S. 13;<\/p>\n\n\n\n<p>5) <em>Alice Lucie\nBlakeley<\/em>; Rad; 95&#215;55; sw; 1905; s; Wappen umrankt von Rosen, Notenzeile aus\nCarmen von Georges Bizet. Nachweis: Gut. Kat. 2, L-Z, 46.281; Jb. der \u00d6sterr.\nExlib.-Ges., IX.; 1911; S. 15;<\/p>\n\n\n\n<p>6) <em>Eduard\nDillmann<\/em>; Rad; 59&#215;37; sw; o.J; Weibl. Akt, mit Buch an Ufer kniend und sich\nim Wasser spiegelnd; Nachweis: Gut. Kat. 1, 12.701;<\/p>\n\n\n\n<p>7) <em>Kadich\nHeinrich Edler von Pferd. <\/em>&nbsp;(Ein\nArtikel \u00fcber den bekannten Genealogen und Heraldiker wird folgen).&nbsp; DEG JB 1982!!!<\/p>\n\n\n\n<p>8) <em>Joannis E.\nKirchberger Sacerdotis<\/em> (Lat.: Priester, Beruf: Pater, Hofkaplan); Rad;\n77&#215;46; sw; o.j; Architekturensemble mit Stephansdom; Nachweis: Gut. Kat. 2,\nL-Z, 46.282; Jb. der \u00d6sterr. Exlib.-Ges., IX.; 1911; S. 12;Slg. Rath;&nbsp;&nbsp; <\/p>\n\n\n\n<p>9) <em>Iosephi\nKlemme<\/em>, (Innsbruck 14.8.1861-Wien 18.12.1896, Genealoge und Heraldiker.\nMin. Offizial des Ministerium des \u00c4ussern, seit 1883 im Ausschu\u00df- und seit 1894\nEhrenmitglied der Herald. Ges. \u201eAdler\u201c, auch Schriftf\u00fchrer und Redakteur d.\nMonatsblattes); Rad; 82&#215;71; sw; 1895; s; Eule, neben Ruinenteilen sitzend,\numgest\u00fcrzte m\u00e4nl. B\u00fcste; Nachweis: Gut. Kat. 1, 12.702; Jb. der \u00d6sterr.\nExlib.-Ges., IX.; 1911; S. 12; Slg. Rath; <\/p>\n\n\n\n<p>10) <em>Exlibris\ndes Grafen Karl Emich zu Leiningen-Westerburg<\/em>; Rad; 79&#215;53; sw; o.J;\nM\u00fcnchner Frauenkirche hinter Bachlandschaft; Nachweis: Gut. Kat. 1, 12.703; Jb.\nder \u00d6sterr. Exlib.-Ges., IX.; 1911; S. 16; Slg. Rath; <\/p>\n\n\n\n<p>11) <em>August\nSt\u00f6hr<\/em>; Rad?; sw; o.J?; Geburtshaus St\u00f6hrs, darunter aufgeschlagenes Buch;\nNachweis: Abb. im Jb. der \u00d6sterr. Exlib.-Ges., IX.; 1911; S. 14;<\/p>\n\n\n\n<p>12) <em>August\nSt\u00f6hr<\/em>; Rad?; sw; o.J; Blick durch Fenster, darunter B\u00fccher und Kr\u00fcge,\nNachweis: Abb. im Jb. der \u00d6sterr. Exlib.-Ges., IX.; 1911; S. 13;<\/p>\n\n\n\n<p>13) <em>Gustav v.\nWeittenhillers Sammlung von Werken oesterreichischer Dichter<\/em>;\nRad\/Aquatinta; 110&#215;106; sw; o.J; (vor 1923); s; Grillparzer-Portrait, von\nLorbeer gerahmt, unten zwei Theatermasken, Nachweis: Gut. Kat 2, L-Z, 46.284;\nJb. der \u00d6sterr. Exlib.-Ges., IX.; 1911; S. 15; Slg. Rath;<\/p>\n\n\n\n<p>14) <em>Jutta<\/em>, Rad, 57&#215;85, sw, iPm, Notenzeile\n\u00fcber einem Rosenstock und einem Kaktus, zwischen denen ein Medaillon mit einer\nEicheldarstellung ist. Eingerahmt von Bl\u00e4ttergirlande;<\/p>\n\n\n\n<p>15) <em>Moriz von\nWeittenhiller<\/em>, Raster,111&#215;66; braun-w; o.J; (Handschriftlicher Vermerk des\nGrafen Leiningen-Westerburg auf der R\u00fcckseite); Portrait des Eigners auf\nKonsole mit B\u00fcchern, Statuette; Schreibzeug und Sammelmappe, darunter Ansicht\nvon Wien; Nachweis: Gut. Kat. 2, L-Z, 46.283;<\/p>\n\n\n\n<p>16) <em>Moriz von\nWeittenhiller<\/em>; Rad; 123&#215;93; 1906; Ein Mann schl\u00e4gt eine Harfe zwischen\nblumenumkr\u00e4nzten S\u00e4ulen in einem Park. Nachweis: Diss\/Kahrer;<\/p>\n\n\n\n<p>17) <em>Annae\nWiechowski<\/em>; Rad; 80&#215;55; sw; o.J; s; Offenes Buch, dahinter Bl\u00fcten und\nGlockenturm; Nachweis: Gut. Kat. 1, 12.704; Jb. der \u00d6sterr. Exlib.-Ges., IX.;\n1911; S. 14; Slg. Rath; <\/p>\n\n\n\n<ul><li>Gedenkblatt f\u00fcr <em>Milan Sunko:<\/em> Rad,\nZur Erinnerung an meinen Lieben Freund Milan Sunko + zu Agram, 9.3.1901, R.I.P.\n125&#215;90, iPsig &amp; dat, \u201eMoriz v. Weittenhiller, D\u00f6bling, 9. M\u00e4rz 1901\u201c<\/li><\/ul>\n\n\n\n<p><\/p>\n\n\n\n<p>Daten zu den Exlibris-Eignern: <\/p>\n\n\n\n<p>1) Rosa Adamus, Wien IV. Brahmsplatz 4. Sammelt seit\n1900. 3000 Bl\u00e4tter (darunter gegen 100 alte). Sammelt mit Vorliebe heraldische\nBl\u00e4tter und tauscht 8 Exlibris. <\/p>\n\n\n\n<p>Lit.: Eduard Dillmann- Korneuburg b. Wien. \u00d6EG Jb,\n1\/1903, S. 10.&nbsp; <\/p>\n\n\n\n<p>2) Rudolf (Ritter von) Alt,<strong> <\/strong>* Alservorstadt 28.8.1812,\n\u2020 Wien 12.3.1905, \u00f6sterreichischer Maler und Aquarellist.&nbsp; Nobilitiert 1897. Gut dokumentiert im\nInternet.<strong>&nbsp;&nbsp;&nbsp; <\/strong><\/p>\n\n\n\n<p>3)Karl\nAndorfer, Sekret\u00e4r der \u00d6EG, Wien VII\/2 Siebensterngasse 44. Sammelt seit 1902.\nGegen 1500 Bl\u00e4tter, darunter auch einige alte. Tauscht seine Radierung von\nWeesemann gegen Gleichw\u00e4rtiges sowie auch den Klischeedruck des Klubs der M\u00fcnz-\nund Medaillenfreunde Wiens. <\/p>\n\n\n\n<p>Lit.: Eduard Dillmann- Korneuburg b. Wien. \u00d6EG Jb,\n1\/1903, S. 10.&nbsp;&nbsp; <\/p>\n\n\n\n<p>4) Ritter Gustav von Bandian (Sohn des Friedrich)\n27.10.1861-1944, k. k. Kommerzialrat, Hofrat, Kanzler des Deutschen\nRitterordens (als solcher Nachfolger von Moriz von Weittenhiller), von 1912-;\nverh. mit Marie Neuber 1876-1945, To. des Wilhelm Neuber, kath., Gumpendorf\n1839 &#8211; Baden b. Wien 1917, Industrieller. <\/p>\n\n\n\n<p>Auszeichnungen: kaiserl. Rat; Orden d. Eisernen\nKrone III. Kl.; Franz-Joseph-Orden.<\/p>\n\n\n\n<p>Gustav von Bandian diente unter den Hoch- und\nDeutschmeistern Erzherzog Wilhelm und Erzherzog Eugen als Hoch- und\nDeutschmeisterischer Rat, wurde dann Balleirat und im Jahr 1912 Ordenskanzler\nund Administrator der Besitzungen des Ordens in M\u00e4hren und Schlesien.&nbsp;&nbsp; <\/p>\n\n\n\n<p>Im 1. Weltkrieg war G. R. v. B. dem Feldmarschall\nErzherzog Eugen im Range eines Hauptmannes der Landessch\u00fctzen zugeteilt. Er ist\nBesitzer des Komturkreuzes des Franz-Josef-Ordens mit K.D., der Eisernen Krone\nIII. Kl., des Gro\u00dfkreuzes des Silvesterordens, Magistralritter des souv.\nMalteser-R.-Ordens, Komtur des bulg. Verd. O. m. Stern und vieler anderer\nOrden, Medaillen und Ehrenzeichen.<\/p>\n\n\n\n<p>Seine au\u00dferberuflichen Neigungen beziehen sich auf\ndie Pflege des Gesanges. Er war Mitglied des Wiener M\u00e4nnergesangsvereines und\nfungierte mehrere Jahre als dessen Vorstandsstellvertreter. <\/p>\n\n\n\n<p>Seit 1895 ist er verheiratet mit Marie Elisabeth,\ngeb. Neuber, einer Tochter des langj\u00e4hrigen Reichsratsabgeordneten kais. Rates\nWilhelm N. Seiner Ehe entstammt ein Sohn Herbert, der mit Dorothea Miller von\nAichholz verehelicht ist. (Planer, Gek\u00fcrzt.)&nbsp;&nbsp;\n<\/p>\n\n\n\n<p>6) Eduard Dillmann, k. k. Staatsanwalt-Substitut, Korneuburg b. Wien, Vize-Pr\u00e4sident der \u00d6EG u. des Ex-libris-Clubs \u201eBasilea\u201c f\u00fcr \u00d6sterreich. Sammelt seit 1900. Gegen 8000 Bl\u00e4tter, unter denen sich gegen 1800 alte, sch\u00f6ne, und seltene St\u00fccke vorfinden. Sammelt mit Vorliebe alte Bl\u00e4tter, insbesondere Exlibris von Kl\u00f6stern und geistlichen Personen, von den modernen nur Besseres, von \u00d6sterreich jedoch alles ohne Unterschied. Tauscht 8 verschieden Bl\u00e4tter, darunter 1 Steindruck und 1 Stich (letztere nur gegen Gleichwertiges) und \u00fcber 1000 alte und moderne Doubletten.                                                                                                          Lit.: Eduard Dillmann- Korneuburg b. Wien. \u00d6EG Jb, 1\/1903, S. 10.<\/p>\n\n\n\n<p>8) Johann Ev. Kirchberger,\nHeraldiker und Seelsorger. * Wien 1.12.1862; \u2020 Gro\u00df-Ebersdorf&nbsp; (N\u00d6), 21.3.1912. Sohn eines Gastwirts; wurde\nnach Absolv. des Wiener Priesterseminars 1887 Kooperator in Fels am Wagram,\n1890 bei St. Brigitta in Wien XX. und 1891 an der Propsteipfarre zum G\u00f6ttlichen\nHeiland (Votivkirche), Wien IX., ab 1902 Schlosskaplan in Sch\u00f6nbrunn. K.\nbesch\u00e4ftigte sich auch mit herald. Studien und ver\u00f6ffentlichte wichtige\nBeitr\u00e4ge zum kirchlichen Wappenwesen.<\/p>\n\n\n\n<p>Publikationen: <\/p>\n\n\n\n<p>Eine Erg\u00e4nzung zu \u2026 Die Wappenschilde der P\u00e4pste, in: Jb. Adler, 1894; Die Wappen der religi\u00f6sen Orden, ebenda; 1895;                                         Das Wappen Pius X., ebenda, 1908; ect.<\/p>\n\n\n\n<p>9) Josef Ludwig Klemme, Genealoge und Heraldiker. *\nInnsbruck 14.8.1862; \u2020Wien 18.12.1896 (im 35. Lebensj.). Sohn eines\nRechnungsrates im Reichskriegsmin.; absolv. die st\u00e4dt. Realschule in Wien und\nstud. 1878-1882 an der Techn. Hochschule in Wien. 1883 trat K. als\nKanzleiaspirant in das Min. des \u00c4u\u00dferen ein, 1887 Min.-Offizial. Nebenberuflich\nlegte er eine umfangreiche Smlg. Von Grabinschriften der Wr. Friedh\u00f6fe an und\nwar seit 1883 Ausschu\u00df- und seit 1894 Ehrenmitgl. der Herald. Ges. \u201eAdler\u201c, um\ndie er sich als Schriftf\u00fchrer, Redakteur des Monatsbl.&nbsp; und im besonderen durch systemat.\nKatalogisierung der rasch anwachsenden Bibliothek. Verdient machte. Der\nAltertumsverein zu Wien w\u00fcrdigte K.s wiss. T\u00e4tigkeit durch seine Wahl in den\nAusschu\u00df f\u00fcr die Periode 1889-91. <\/p>\n\n\n\n<p>Text auf Pate: \u201ek. u. k. Hof- und Ministerial-Official\nI. Classe im Ministerium des k. u. k. Hauses und des Aeusseren, Ehrenmitglied\nder k. k. Heraldischen Gesellschaft \u201eAdler\u201c, Besitzer des persischen Sonnen-\nund L\u00f6wen-Ordens IV. Classe ect.; Mutter: Katharina K. Tante: Wilhelmine Edle\nvon Triulzi.&nbsp; (ZFh.). <\/p>\n\n\n\n[Nicht zu verwechseln mit Sohn Joseph K.: 1824-1892,\nk. u. k. Milit\u00e4r-Oberrechnungsrathes des Ruhestandes, Besitzer der Tiroler\nLandesvertheidigunsmedaille vom Jahre 1866.]\n\n\n\n<p>Literatur, Auswahl:<br>Monatsbl. des Altertumsver. 1888, S. 9.  <br>Monatsbl. Adler, 1897, S. 109-11. <br>Kleeblatt (Hanover), 1897 S. 8. <br>Berr. und Mitt. des Altertumsver. 33, 1898, S. X und XVIII.<br>\u00d6BL 1815-1950, Bd. 3 (Lfg. 15, 1965), S. 397.   <\/p>\n\n\n\n<p>Erstellt von Peter Rath \u00a9, Wien 2019. Korrigiert von\nDr. Ursula M\u00fcksch 2020.<\/p>\n","protected":false},"excerpt":{"rendered":"<p>Diese Werkliste ist dem System des Gutenberg-Exlibris Kataloges angen\u00e4hert. F\u00fcr Fehler und Irrt\u00fcmer ist der Autor dieser Zeilen selbst verantwortlich.\u00a0 Abk\u00fcrzungen: Fr\u00f6.\u00a0=\u00a0Georg Freiherr von Fr\u00f6lichsthal: Der Adel der Habsburgermonarchie im 19.\u00a0und 20. Jahrhundert, Index zu seinen Genealogien. Genealogisch-Heraldisches Informationsystem, (GENHIS). ISBN 978-3-87947-201-7, \u00a9 2008 by Verlag Bauer &amp; Raspe, Insingen. Diss\/Kahrer = Kahrer, Rosa: Moriz &hellip; <a href=\"https:\/\/www.exlibris.or.at\/?page_id=845\" class=\"more-link\"><span class=\"screen-reader-text\">Moritz Maria Franz Edler von Weittenhiller 1847-1911 Werkliste<\/span> weiterlesen<\/a><\/p>\n","protected":false},"author":1,"featured_media":0,"parent":0,"menu_order":0,"comment_status":"closed","ping_status":"closed","template":"","meta":{"footnotes":""},"_links":{"self":[{"href":"https:\/\/www.exlibris.or.at\/index.php?rest_route=\/wp\/v2\/pages\/845"}],"collection":[{"href":"https:\/\/www.exlibris.or.at\/index.php?rest_route=\/wp\/v2\/pages"}],"about":[{"href":"https:\/\/www.exlibris.or.at\/index.php?rest_route=\/wp\/v2\/types\/page"}],"author":[{"embeddable":true,"href":"https:\/\/www.exlibris.or.at\/index.php?rest_route=\/wp\/v2\/users\/1"}],"replies":[{"embeddable":true,"href":"https:\/\/www.exlibris.or.at\/index.php?rest_route=%2Fwp%2Fv2%2Fcomments&post=845"}],"version-history":[{"count":2,"href":"https:\/\/www.exlibris.or.at\/index.php?rest_route=\/wp\/v2\/pages\/845\/revisions"}],"predecessor-version":[{"id":847,"href":"https:\/\/www.exlibris.or.at\/index.php?rest_route=\/wp\/v2\/pages\/845\/revisions\/847"}],"wp:attachment":[{"href":"https:\/\/www.exlibris.or.at\/index.php?rest_route=%2Fwp%2Fv2%2Fmedia&parent=845"}],"curies":[{"name":"wp","href":"https:\/\/api.w.org\/{rel}","templated":true}]}}