{"id":457,"date":"2020-07-08T14:05:42","date_gmt":"2020-07-08T12:05:42","guid":{"rendered":"http:\/\/www.twr.at\/wp\/?page_id=457"},"modified":"2020-07-08T14:06:30","modified_gmt":"2020-07-08T12:06:30","slug":"franz-witopil-wytopil-biographie-1875-1911","status":"publish","type":"page","link":"https:\/\/www.exlibris.or.at\/?page_id=457","title":{"rendered":"Franz Witopil (Wytopil) Biographie 1875 \u2013 1911."},"content":{"rendered":"\n<figure class=\"wp-block-gallery columns-3 wp-block-gallery-1 is-layout-flex wp-block-gallery-is-layout-flex\"><ul class=\"blocks-gallery-grid\"><li class=\"blocks-gallery-item\"><figure><img loading=\"lazy\" decoding=\"async\" width=\"705\" height=\"1024\" src=\"http:\/\/www.twr.at\/wp\/wp-content\/uploads\/2020\/07\/Franz-Witopil-f\u00fcr-Josef-Gr\u00fcnfeld-001-705x1024.jpg\" alt=\"\" data-id=\"460\" data-full-url=\"http:\/\/www.twr.at\/wp\/wp-content\/uploads\/2020\/07\/Franz-Witopil-f\u00fcr-Josef-Gr\u00fcnfeld-001.jpg\" data-link=\"http:\/\/www.twr.at\/wp\/?attachment_id=460\" class=\"wp-image-460\" srcset=\"https:\/\/www.exlibris.or.at\/wp-content\/uploads\/2020\/07\/Franz-Witopil-f\u00fcr-Josef-Gr\u00fcnfeld-001-705x1024.jpg 705w, https:\/\/www.exlibris.or.at\/wp-content\/uploads\/2020\/07\/Franz-Witopil-f\u00fcr-Josef-Gr\u00fcnfeld-001-207x300.jpg 207w, https:\/\/www.exlibris.or.at\/wp-content\/uploads\/2020\/07\/Franz-Witopil-f\u00fcr-Josef-Gr\u00fcnfeld-001-768x1115.jpg 768w, https:\/\/www.exlibris.or.at\/wp-content\/uploads\/2020\/07\/Franz-Witopil-f\u00fcr-Josef-Gr\u00fcnfeld-001.jpg 786w\" sizes=\"(max-width: 705px) 100vw, 705px\" \/><\/figure><\/li><li class=\"blocks-gallery-item\"><figure><img loading=\"lazy\" decoding=\"async\" width=\"865\" height=\"1024\" src=\"http:\/\/www.twr.at\/wp\/wp-content\/uploads\/2020\/07\/Franz-Witopil-f\u00fcr-Franz-Baumann-001-865x1024.jpg\" alt=\"\" data-id=\"461\" data-full-url=\"http:\/\/www.twr.at\/wp\/wp-content\/uploads\/2020\/07\/Franz-Witopil-f\u00fcr-Franz-Baumann-001.jpg\" data-link=\"http:\/\/www.twr.at\/wp\/?attachment_id=461\" class=\"wp-image-461\" srcset=\"https:\/\/www.exlibris.or.at\/wp-content\/uploads\/2020\/07\/Franz-Witopil-f\u00fcr-Franz-Baumann-001-865x1024.jpg 865w, https:\/\/www.exlibris.or.at\/wp-content\/uploads\/2020\/07\/Franz-Witopil-f\u00fcr-Franz-Baumann-001-253x300.jpg 253w, https:\/\/www.exlibris.or.at\/wp-content\/uploads\/2020\/07\/Franz-Witopil-f\u00fcr-Franz-Baumann-001-768x909.jpg 768w, https:\/\/www.exlibris.or.at\/wp-content\/uploads\/2020\/07\/Franz-Witopil-f\u00fcr-Franz-Baumann-001.jpg 894w\" sizes=\"(max-width: 865px) 100vw, 865px\" \/><\/figure><\/li><li class=\"blocks-gallery-item\"><figure><img loading=\"lazy\" decoding=\"async\" width=\"806\" height=\"1024\" src=\"http:\/\/www.twr.at\/wp\/wp-content\/uploads\/2020\/07\/Franz-Witopil-f\u00fcr-Franz-Baumann-002-806x1024.jpg\" alt=\"\" data-id=\"462\" data-full-url=\"http:\/\/www.twr.at\/wp\/wp-content\/uploads\/2020\/07\/Franz-Witopil-f\u00fcr-Franz-Baumann-002.jpg\" data-link=\"http:\/\/www.twr.at\/wp\/?attachment_id=462\" class=\"wp-image-462\" srcset=\"https:\/\/www.exlibris.or.at\/wp-content\/uploads\/2020\/07\/Franz-Witopil-f\u00fcr-Franz-Baumann-002-806x1024.jpg 806w, https:\/\/www.exlibris.or.at\/wp-content\/uploads\/2020\/07\/Franz-Witopil-f\u00fcr-Franz-Baumann-002-236x300.jpg 236w, https:\/\/www.exlibris.or.at\/wp-content\/uploads\/2020\/07\/Franz-Witopil-f\u00fcr-Franz-Baumann-002-768x976.jpg 768w, https:\/\/www.exlibris.or.at\/wp-content\/uploads\/2020\/07\/Franz-Witopil-f\u00fcr-Franz-Baumann-002.jpg 976w\" sizes=\"(max-width: 806px) 100vw, 806px\" \/><\/figure><\/li><li class=\"blocks-gallery-item\"><figure><img loading=\"lazy\" decoding=\"async\" width=\"736\" height=\"810\" src=\"http:\/\/www.twr.at\/wp\/wp-content\/uploads\/2020\/07\/Franz-Witopil-f\u00fcr-Franz-Witopil-001.jpg\" alt=\"\" data-id=\"463\" data-full-url=\"http:\/\/www.twr.at\/wp\/wp-content\/uploads\/2020\/07\/Franz-Witopil-f\u00fcr-Franz-Witopil-001.jpg\" data-link=\"http:\/\/www.twr.at\/wp\/?attachment_id=463\" class=\"wp-image-463\" srcset=\"https:\/\/www.exlibris.or.at\/wp-content\/uploads\/2020\/07\/Franz-Witopil-f\u00fcr-Franz-Witopil-001.jpg 736w, https:\/\/www.exlibris.or.at\/wp-content\/uploads\/2020\/07\/Franz-Witopil-f\u00fcr-Franz-Witopil-001-273x300.jpg 273w\" sizes=\"(max-width: 736px) 100vw, 736px\" \/><\/figure><\/li><\/ul><\/figure>\n\n\n\n<p>Leider\nfinden sich \u00fcber den K\u00fcnstler nur sehr wenige, gesicherte Daten. Im \u201eLehmann,\u201c Wohnungsanzeiger\nvon Wien werden drei verschiedene Personen mit dem Namen Franz Witopil erw\u00e4hnt.\nEr war vermutlich in den Jahren 1890, 1900,\n1903 u. 1911 im V. Wiener Gemeinde Bezirk, Johannag. 9, gemeldet. <\/p>\n\n\n\n<p>Sicher\nNachzuweisen ist sein Hobby, die Fotografie. Im Sonderteil der \u201eLichtbildner \u2013\nEcke\u201c, in der Gesellschaft f\u00fcr Lichtbildnerei im Oesterreichischen Gebirgsverein,\nWien VIII. Josefst\u00e4dterstra\u00dfe 66, wird er mehrmals zitiert. Auch in den\n\u201ePhotographische Mitteilungen\u201c. Halbmonatszeitschrift f\u00fcr die Photographie\nunserer Zeit. 45. Jg., 1908. <\/p>\n\n\n\n<p>Witopil h\u00e4lt Kurse und f\u00fchrt Fotografische Ausfl\u00fcge (Arbeiter Zeitung 11.1.1907,\nS. 9.) Er ist Mittglied der Gesellschaft f\u00fcr Lichtbildnerei seit 1905. Als\nK\u00fcnstler hat ihm Stock in seiner Exlibris Datenbank ohne Geburts- und\nSterbedaten. Da zitiert in der DEG, Erw\u00e4hnung in:\nExlibris: Zeitschrift f\u00fcr B\u00fccherzeichen, Bibliothekskunde 12. 1902, S. 120; 13.\n1903, S. 16, 71, 176; in der \u00d6EG: \u00d6sterr. Ex\nLibris-Gesellschaft 1.1903, S. 55;&nbsp; im\nKellner: &nbsp;Kellner,\nS.: Ex libris und Gelegenheitsgraphik. -Budapest, 1921, S. 195 [Nr. 6796-6800, und\nSchwencke: Schwencke, J.: Het exlibris in Oostenrik. &#8211;\nAmsterdam, 1937, S. 16; <\/p>\n\n\n\n<p>Im\nnachfolgendem Artikel wird Franz Witopil als K\u00fcnstler der \u201eNeuzeit zitiert:\nK\u00dcNSTLER UND SAMMLUNGEN 1903. \u201eWiener Zeitung\u201c. 9.6.1903. S. 7 und 8. Artikel:\nEx Libris-Kleinkunst. Mit besonderer Ber\u00fccksichtigung \u00d6sterreich \u2013 Ungarns.\nZitiert werden \u00f6sterreichische K\u00fcnstler. Autor: R. E. Graf zu\nLeiningen-Westerburg, Neu-Pasing bei M\u00fcnchen. <\/p>\n\n\n\n<p>Auch die Mitwirkung in einer Ausstellung\nist bekannt: Bisanz, Hans: Wiener Exlibris um 1900: 83. Sonderausstellung des\nHistorischen Museums der Stadt Wien im Otto-Wagner-Pavillon, &#8211; Wien, 1983. &#8211; <\/p>\n\n\n\n<p>In\nder Zeitschrift \u201eDer Gebirgsfreund\u201c, Heft 8, Wien 10.8.1911 (ANNO). Sonderteil\n\u201eLichtbildner \u2013 Ecke\u201c, Gesellschaft f\u00fcr Lichtbildnerei im Oesterreichischen\nGebirgsverein, Wien VIII. Josefst\u00e4dterstra\u00dfe 66, steht seine Todesanzeige:<\/p>\n\n\n\n<p>\u201eFranz\nWitopil +. Wir haben einen schweren Verlust zu beklagen, am 21. Juli ist unser\nallseits geachtetes und sehr beliebtes Mitglied, unser lieber Freund Franz\nWitopil nach langer, schwerer Krankheit im 37. Jahre verschieden. Gestorben am\n21.7.1911 im 37 Lj. Im Nachruf als \u201eMeister der k\u00fcnstlerischen Photographie\u201c\nbezeichnet. Rechnerisch kommt 1875 als Geburtsdatum in Frage. <\/p>\n\n\n\n<p>&nbsp;Die Gesellschaft verliert an Witopil nicht nur\nein treues und anh\u00e4ngliches Mitglied, sondern auch einen lieben edlen Freund,\nder sich seiner ganz besonderen Charaktereigenschaften und seiner stets\ngleichbleibenden Liebensw\u00fcrdigkeit wegen der Liebe und Verehrung aller\nerfreute. Witopil war auf dem Gebiete der k\u00fcnstlerischen Photographie ein Meister,\nder sein ganzes Wissen und K\u00f6nnen der Gesellschaft in uneigenn\u00fctzigster Weise\ngewidmet hat. Alle die ihn kannten, werde ihm \u00fcber das Grab hinaus ein treues\nGedenken bewahren, wir vermissen ihm schmerzlichst in unserer Mitte. Er ruhe in\nFrieden.<\/p>\n\n\n\n<p>Die Leitung hat in ihrer letzten Sitzung einstimmig\nbeschlossen, zum Andenken an ihren unvergesslichen Freund Witopil dessen Bild\nim Vorstandszimmer anzubringen\u201c.<\/p>\n\n\n\n<p>In drei Anzeigen in den \u201eDetailansichten der kath.\nTaufen in Wien und Umgebung (Gen Team) zwischen 1585 und 1914, in den\nLaufnummern 1.861.848, 1.861.849 und 1.861.850\u201c f\u00fcr einen \u201eFranz Witopil,\u201c\nwerden keine Eltern angegeben, auch werden sie alle als Judentaufen bezeichnet.\n(Recherchiert von Dr. Ursula M\u00fcksch) <\/p>\n\n\n\n<p>Im Research Center des\nWiener Belvelvedere Wien, in der Archiv\/K\u00fcnstlerdokumentation, online Datenbank\nist der K\u00fcnstler nicht dokumentiert (auch nicht im Ankwicz!!!) Im Internet,\nDatum vom 17.7.2019 gibt es keine Exlibris Ergebnisse, die uns nicht bereits\nbekannt sind. &nbsp;<\/p>\n\n\n\n<p>Zusammengestellt von\nPeter Rath in Wien, 4\/5\/6\/2020, \u00a9.<\/p>\n","protected":false},"excerpt":{"rendered":"<p>Leider finden sich \u00fcber den K\u00fcnstler nur sehr wenige, gesicherte Daten. Im \u201eLehmann,\u201c Wohnungsanzeiger von Wien werden drei verschiedene Personen mit dem Namen Franz Witopil erw\u00e4hnt. Er war vermutlich in den Jahren 1890, 1900, 1903 u. 1911 im V. Wiener Gemeinde Bezirk, Johannag. 9, gemeldet. Sicher Nachzuweisen ist sein Hobby, die Fotografie. Im Sonderteil der &hellip; <a href=\"https:\/\/www.exlibris.or.at\/?page_id=457\" class=\"more-link\"><span class=\"screen-reader-text\">Franz Witopil (Wytopil) Biographie 1875 \u2013 1911.<\/span> weiterlesen<\/a><\/p>\n","protected":false},"author":1,"featured_media":0,"parent":0,"menu_order":0,"comment_status":"closed","ping_status":"closed","template":"","meta":{"footnotes":""},"_links":{"self":[{"href":"https:\/\/www.exlibris.or.at\/index.php?rest_route=\/wp\/v2\/pages\/457"}],"collection":[{"href":"https:\/\/www.exlibris.or.at\/index.php?rest_route=\/wp\/v2\/pages"}],"about":[{"href":"https:\/\/www.exlibris.or.at\/index.php?rest_route=\/wp\/v2\/types\/page"}],"author":[{"embeddable":true,"href":"https:\/\/www.exlibris.or.at\/index.php?rest_route=\/wp\/v2\/users\/1"}],"replies":[{"embeddable":true,"href":"https:\/\/www.exlibris.or.at\/index.php?rest_route=%2Fwp%2Fv2%2Fcomments&post=457"}],"version-history":[{"count":3,"href":"https:\/\/www.exlibris.or.at\/index.php?rest_route=\/wp\/v2\/pages\/457\/revisions"}],"predecessor-version":[{"id":464,"href":"https:\/\/www.exlibris.or.at\/index.php?rest_route=\/wp\/v2\/pages\/457\/revisions\/464"}],"wp:attachment":[{"href":"https:\/\/www.exlibris.or.at\/index.php?rest_route=%2Fwp%2Fv2%2Fmedia&parent=457"}],"curies":[{"name":"wp","href":"https:\/\/api.w.org\/{rel}","templated":true}]}}