{"id":411,"date":"2020-07-08T13:35:03","date_gmt":"2020-07-08T11:35:03","guid":{"rendered":"http:\/\/www.twr.at\/wp\/?page_id=411"},"modified":"2020-07-08T13:35:03","modified_gmt":"2020-07-08T11:35:03","slug":"franz-poledne-1873-1932-biographie","status":"publish","type":"page","link":"https:\/\/www.exlibris.or.at\/?page_id=411","title":{"rendered":"Franz Poledne 1873 \u2013 1932, Biographie."},"content":{"rendered":"\n<figure class=\"wp-block-gallery columns-3 is-cropped wp-block-gallery-1 is-layout-flex wp-block-gallery-is-layout-flex\"><ul class=\"blocks-gallery-grid\"><li class=\"blocks-gallery-item\"><figure><img loading=\"lazy\" decoding=\"async\" width=\"704\" height=\"1024\" src=\"http:\/\/www.twr.at\/wp\/wp-content\/uploads\/2020\/07\/F.-Poledne-f\u00fcr-Eduard-Dillmann-001-704x1024.jpg\" alt=\"\" data-id=\"413\" data-full-url=\"http:\/\/www.twr.at\/wp\/wp-content\/uploads\/2020\/07\/F.-Poledne-f\u00fcr-Eduard-Dillmann-001.jpg\" data-link=\"http:\/\/www.twr.at\/wp\/?attachment_id=413\" class=\"wp-image-413\" srcset=\"https:\/\/www.exlibris.or.at\/wp-content\/uploads\/2020\/07\/F.-Poledne-f\u00fcr-Eduard-Dillmann-001-704x1024.jpg 704w, https:\/\/www.exlibris.or.at\/wp-content\/uploads\/2020\/07\/F.-Poledne-f\u00fcr-Eduard-Dillmann-001-206x300.jpg 206w, https:\/\/www.exlibris.or.at\/wp-content\/uploads\/2020\/07\/F.-Poledne-f\u00fcr-Eduard-Dillmann-001-768x1117.jpg 768w, https:\/\/www.exlibris.or.at\/wp-content\/uploads\/2020\/07\/F.-Poledne-f\u00fcr-Eduard-Dillmann-001-1056x1536.jpg 1056w, https:\/\/www.exlibris.or.at\/wp-content\/uploads\/2020\/07\/F.-Poledne-f\u00fcr-Eduard-Dillmann-001-1408x2048.jpg 1408w, https:\/\/www.exlibris.or.at\/wp-content\/uploads\/2020\/07\/F.-Poledne-f\u00fcr-Eduard-Dillmann-001.jpg 1626w\" sizes=\"(max-width: 704px) 100vw, 704px\" \/><\/figure><\/li><li class=\"blocks-gallery-item\"><figure><img loading=\"lazy\" decoding=\"async\" width=\"584\" height=\"1024\" src=\"http:\/\/www.twr.at\/wp\/wp-content\/uploads\/2020\/07\/F.-Poledne-f\u00fcr-Franz-Baumann-001-584x1024.jpg\" alt=\"\" data-id=\"414\" data-full-url=\"http:\/\/www.twr.at\/wp\/wp-content\/uploads\/2020\/07\/F.-Poledne-f\u00fcr-Franz-Baumann-001.jpg\" data-link=\"http:\/\/www.twr.at\/wp\/?attachment_id=414\" class=\"wp-image-414\" srcset=\"https:\/\/www.exlibris.or.at\/wp-content\/uploads\/2020\/07\/F.-Poledne-f\u00fcr-Franz-Baumann-001-584x1024.jpg 584w, https:\/\/www.exlibris.or.at\/wp-content\/uploads\/2020\/07\/F.-Poledne-f\u00fcr-Franz-Baumann-001-171x300.jpg 171w, https:\/\/www.exlibris.or.at\/wp-content\/uploads\/2020\/07\/F.-Poledne-f\u00fcr-Franz-Baumann-001-768x1346.jpg 768w, https:\/\/www.exlibris.or.at\/wp-content\/uploads\/2020\/07\/F.-Poledne-f\u00fcr-Franz-Baumann-001-876x1536.jpg 876w, https:\/\/www.exlibris.or.at\/wp-content\/uploads\/2020\/07\/F.-Poledne-f\u00fcr-Franz-Baumann-001-1168x2048.jpg 1168w, https:\/\/www.exlibris.or.at\/wp-content\/uploads\/2020\/07\/F.-Poledne-f\u00fcr-Franz-Baumann-001.jpg 1390w\" sizes=\"(max-width: 584px) 100vw, 584px\" \/><\/figure><\/li><li class=\"blocks-gallery-item\"><figure><img loading=\"lazy\" decoding=\"async\" width=\"762\" height=\"1024\" src=\"http:\/\/www.twr.at\/wp\/wp-content\/uploads\/2020\/07\/F.-Poledne-f\u00fcr-Franz-Witopil-001-762x1024.jpg\" alt=\"\" data-id=\"415\" data-full-url=\"http:\/\/www.twr.at\/wp\/wp-content\/uploads\/2020\/07\/F.-Poledne-f\u00fcr-Franz-Witopil-001.jpg\" data-link=\"http:\/\/www.twr.at\/wp\/?attachment_id=415\" class=\"wp-image-415\" srcset=\"https:\/\/www.exlibris.or.at\/wp-content\/uploads\/2020\/07\/F.-Poledne-f\u00fcr-Franz-Witopil-001-762x1024.jpg 762w, https:\/\/www.exlibris.or.at\/wp-content\/uploads\/2020\/07\/F.-Poledne-f\u00fcr-Franz-Witopil-001-223x300.jpg 223w, https:\/\/www.exlibris.or.at\/wp-content\/uploads\/2020\/07\/F.-Poledne-f\u00fcr-Franz-Witopil-001-768x1032.jpg 768w, https:\/\/www.exlibris.or.at\/wp-content\/uploads\/2020\/07\/F.-Poledne-f\u00fcr-Franz-Witopil-001-1143x1536.jpg 1143w, https:\/\/www.exlibris.or.at\/wp-content\/uploads\/2020\/07\/F.-Poledne-f\u00fcr-Franz-Witopil-001-1525x2048.jpg 1525w, https:\/\/www.exlibris.or.at\/wp-content\/uploads\/2020\/07\/F.-Poledne-f\u00fcr-Franz-Witopil-001.jpg 1666w\" sizes=\"(max-width: 762px) 100vw, 762px\" \/><\/figure><\/li><li class=\"blocks-gallery-item\"><figure><img loading=\"lazy\" decoding=\"async\" width=\"816\" height=\"1024\" src=\"http:\/\/www.twr.at\/wp\/wp-content\/uploads\/2020\/07\/F.-Poledne-f\u00fcr-Karl-Koch-001-816x1024.jpg\" alt=\"\" data-id=\"416\" data-full-url=\"http:\/\/www.twr.at\/wp\/wp-content\/uploads\/2020\/07\/F.-Poledne-f\u00fcr-Karl-Koch-001.jpg\" data-link=\"http:\/\/www.twr.at\/wp\/?attachment_id=416\" class=\"wp-image-416\" srcset=\"https:\/\/www.exlibris.or.at\/wp-content\/uploads\/2020\/07\/F.-Poledne-f\u00fcr-Karl-Koch-001-816x1024.jpg 816w, https:\/\/www.exlibris.or.at\/wp-content\/uploads\/2020\/07\/F.-Poledne-f\u00fcr-Karl-Koch-001-239x300.jpg 239w, https:\/\/www.exlibris.or.at\/wp-content\/uploads\/2020\/07\/F.-Poledne-f\u00fcr-Karl-Koch-001-768x963.jpg 768w, https:\/\/www.exlibris.or.at\/wp-content\/uploads\/2020\/07\/F.-Poledne-f\u00fcr-Karl-Koch-001-1225x1536.jpg 1225w, https:\/\/www.exlibris.or.at\/wp-content\/uploads\/2020\/07\/F.-Poledne-f\u00fcr-Karl-Koch-001-1633x2048.jpg 1633w, https:\/\/www.exlibris.or.at\/wp-content\/uploads\/2020\/07\/F.-Poledne-f\u00fcr-Karl-Koch-001.jpg 1688w\" sizes=\"(max-width: 816px) 100vw, 816px\" \/><\/figure><\/li><li class=\"blocks-gallery-item\"><figure><img loading=\"lazy\" decoding=\"async\" width=\"766\" height=\"1024\" src=\"http:\/\/www.twr.at\/wp\/wp-content\/uploads\/2020\/07\/Franz-Poledne-ipse-fecit-001-766x1024.jpg\" alt=\"\" data-id=\"417\" data-full-url=\"http:\/\/www.twr.at\/wp\/wp-content\/uploads\/2020\/07\/Franz-Poledne-ipse-fecit-001.jpg\" data-link=\"http:\/\/www.twr.at\/wp\/?attachment_id=417\" class=\"wp-image-417\" srcset=\"https:\/\/www.exlibris.or.at\/wp-content\/uploads\/2020\/07\/Franz-Poledne-ipse-fecit-001-766x1024.jpg 766w, https:\/\/www.exlibris.or.at\/wp-content\/uploads\/2020\/07\/Franz-Poledne-ipse-fecit-001-224x300.jpg 224w, https:\/\/www.exlibris.or.at\/wp-content\/uploads\/2020\/07\/Franz-Poledne-ipse-fecit-001-768x1027.jpg 768w, https:\/\/www.exlibris.or.at\/wp-content\/uploads\/2020\/07\/Franz-Poledne-ipse-fecit-001-1149x1536.jpg 1149w, https:\/\/www.exlibris.or.at\/wp-content\/uploads\/2020\/07\/Franz-Poledne-ipse-fecit-001-1532x2048.jpg 1532w, https:\/\/www.exlibris.or.at\/wp-content\/uploads\/2020\/07\/Franz-Poledne-ipse-fecit-001.jpg 1567w\" sizes=\"(max-width: 766px) 100vw, 766px\" \/><\/figure><\/li><li class=\"blocks-gallery-item\"><figure><img loading=\"lazy\" decoding=\"async\" width=\"838\" height=\"1024\" src=\"http:\/\/www.twr.at\/wp\/wp-content\/uploads\/2020\/07\/Poledne_Zeichnung-838x1024.jpg\" alt=\"\" data-id=\"418\" data-full-url=\"http:\/\/www.twr.at\/wp\/wp-content\/uploads\/2020\/07\/Poledne_Zeichnung-scaled.jpg\" data-link=\"http:\/\/www.twr.at\/wp\/?attachment_id=418\" class=\"wp-image-418\" srcset=\"https:\/\/www.exlibris.or.at\/wp-content\/uploads\/2020\/07\/Poledne_Zeichnung-838x1024.jpg 838w, https:\/\/www.exlibris.or.at\/wp-content\/uploads\/2020\/07\/Poledne_Zeichnung-245x300.jpg 245w, https:\/\/www.exlibris.or.at\/wp-content\/uploads\/2020\/07\/Poledne_Zeichnung-768x939.jpg 768w, https:\/\/www.exlibris.or.at\/wp-content\/uploads\/2020\/07\/Poledne_Zeichnung-1256x1536.jpg 1256w, https:\/\/www.exlibris.or.at\/wp-content\/uploads\/2020\/07\/Poledne_Zeichnung-1675x2048.jpg 1675w\" sizes=\"(max-width: 838px) 100vw, 838px\" \/><\/figure><\/li><\/ul><\/figure>\n\n\n\n<p>Franz Poledne, geb. Wien 10.4.1873, gest. 7.1.1932, Friedhof &nbsp;Klosterneuburg; Maler, Graphiker, Illustrator,\nund Exlibris \u2013 K\u00fcnstler.<\/p>\n\n\n\n<p>Von 1888 bis\u2013 1893 im Hoftheatermaler im Atelier H. Burghardt<a href=\"#_ftn1\">[1]<\/a>\nin Wien, daneben Besuch einer Zeichenschule, der Graph. Lehr u. Versuchsanstalt\nund Selbststudium. Ansichten von Wien, Illustrationen f\u00fcr \u201e\u00dcber Land und Meer\u201c,\n\u201eVom Fels zum Meer\u201c, \u201eIllustrierte Welt\u201c und andere Zeitschriften. Langj\u00e4hriger\nZeichner der \u201eIllustrierten Kronenzeitung\u201c. &nbsp;Portrait am Titelblatt der Kronenzeitung mit\nseinem Nachruf.<a href=\"#_edn1\">[i]<\/a>&nbsp; &nbsp;&nbsp;&nbsp;<\/p>\n\n\n\n<p><em>\u2026 &nbsp;\u201eunser langj\u00e4hriger\nIllustrator,\u201c vom Samstag dem 9. J\u00e4nner 1932, 33. Jahrgang, Nr. 11.482. Nachruf\nauf Seite 3. \u201eEin unbarmherziges Schicksal hat zwei M\u00e4nner, die noch in der\nVollkraft ihres Schaffens standen, von uns gerissen. Innerhalb eines Zeitraumes\nvon wenigen Tagen starben zwei wertvolle Mitarbeiter unseres Blattes, der\nRedakteur Armin Kohlf\u00fcrst und der Illustrator Franz Poledne. Beiden war es\nnicht geg\u00f6nnt, nach einem arbeitsreichen Leben die Ruhe des Alters zu genie\u00dfen.<\/em><\/p>\n\n\n\n<p><em>Franz Poledne weilte noch wenige Tage vor seinem Tode in seinem\nArbeitsst\u00fcbchen, in dem er seine meisterhaften Bilder aufs Papier warf. Kam er\nvon seiner Arbeit im Hause \u201eZur eisernen Kette\u201c in sein Klosterneuburger &nbsp;K\u00fcnstlerheim , dann wurde aus dem Zeichner,\naus dem Zeitungsillustrator, der Maler. Da erst zeigte sich seine volle\nBedeutung, da erst wurde er der gro\u00dfe K\u00fcnstler. In den ehemals kaiserlichen\nSchl\u00f6ssern, im Museum der Stadt Wien und in vielen Patrizierh\u00e4usern sind Bilder\nPolednes zu finden. Manch einer k\u00f6nnte meinen, Franz Poledne sei aus einem\nderben Holz geschnitzt, hielt nicht auf wohlgesetzte Worte, er sprach von der\nLeber weg. Eher w\u00fcrde der K\u00fcnstler seine sch\u00f6nsten Bilder verschenkt haben,\nbevor er sich entschlossen h\u00e4tte, in seinen Reden seine urwienerische Art zu\nleugnen.&nbsp; <\/em><\/p>\n\n\n\n<p><em>Dieser\nnach au\u00dfen so rauhe Mann war ein nobler, ein feinf\u00fchliger und gutherziger\nMensch, ein braver Familienvater. In den letzten Jahren hatte ein qu\u00e4lendes\nLeiden sein Gem\u00fct umd\u00fcstert, dennoch aber brach noch oft sein Humor durch. Nun\nist sein Arbeitsst\u00fcbchen verwaist, der Platz, an dem er seine Zeichnungen Schuf\nist leer. Schwer ist der grausame Gedanke zu erfassen, dass unser Poledne\nniemehr zur\u00fcckkehren wird, dass er nun drau\u00dfen in der k\u00fchlen Erde liegen soll. <\/em><\/p>\n\n\n\n<p>Erstellt von Peter Rath 6\/2020 \u00a9 in Wien. <br><\/p>\n\n\n\n<hr class=\"wp-block-separator\"\/>\n\n\n\n<p><a href=\"#_ftnref1\">[1]<\/a> <br><\/p>\n\n\n\n<hr class=\"wp-block-separator\"\/>\n\n\n\n<p><a href=\"#_ednref1\">[i]<\/a> Nachlass R. Schmidt in der\n\u201e\u00d6sterreichischen Galerie\u201c im Research Center des Belvedere Wien<\/p>\n","protected":false},"excerpt":{"rendered":"<p>Franz Poledne, geb. Wien 10.4.1873, gest. 7.1.1932, Friedhof &nbsp;Klosterneuburg; Maler, Graphiker, Illustrator, und Exlibris \u2013 K\u00fcnstler. Von 1888 bis\u2013 1893 im Hoftheatermaler im Atelier H. Burghardt[1] in Wien, daneben Besuch einer Zeichenschule, der Graph. Lehr u. Versuchsanstalt und Selbststudium. Ansichten von Wien, Illustrationen f\u00fcr \u201e\u00dcber Land und Meer\u201c, \u201eVom Fels zum Meer\u201c, \u201eIllustrierte Welt\u201c und &hellip; <a href=\"https:\/\/www.exlibris.or.at\/?page_id=411\" class=\"more-link\"><span class=\"screen-reader-text\">Franz Poledne 1873 \u2013 1932, Biographie.<\/span> weiterlesen<\/a><\/p>\n","protected":false},"author":1,"featured_media":0,"parent":0,"menu_order":0,"comment_status":"closed","ping_status":"closed","template":"","meta":{"footnotes":""},"_links":{"self":[{"href":"https:\/\/www.exlibris.or.at\/index.php?rest_route=\/wp\/v2\/pages\/411"}],"collection":[{"href":"https:\/\/www.exlibris.or.at\/index.php?rest_route=\/wp\/v2\/pages"}],"about":[{"href":"https:\/\/www.exlibris.or.at\/index.php?rest_route=\/wp\/v2\/types\/page"}],"author":[{"embeddable":true,"href":"https:\/\/www.exlibris.or.at\/index.php?rest_route=\/wp\/v2\/users\/1"}],"replies":[{"embeddable":true,"href":"https:\/\/www.exlibris.or.at\/index.php?rest_route=%2Fwp%2Fv2%2Fcomments&post=411"}],"version-history":[{"count":2,"href":"https:\/\/www.exlibris.or.at\/index.php?rest_route=\/wp\/v2\/pages\/411\/revisions"}],"predecessor-version":[{"id":419,"href":"https:\/\/www.exlibris.or.at\/index.php?rest_route=\/wp\/v2\/pages\/411\/revisions\/419"}],"wp:attachment":[{"href":"https:\/\/www.exlibris.or.at\/index.php?rest_route=%2Fwp%2Fv2%2Fmedia&parent=411"}],"curies":[{"name":"wp","href":"https:\/\/api.w.org\/{rel}","templated":true}]}}