{"id":367,"date":"2020-06-25T15:35:50","date_gmt":"2020-06-25T13:35:50","guid":{"rendered":"http:\/\/www.twr.at\/wp\/?page_id=367"},"modified":"2020-06-25T15:35:50","modified_gmt":"2020-06-25T13:35:50","slug":"anton-kaiser-werkliste","status":"publish","type":"page","link":"https:\/\/www.exlibris.or.at\/?page_id=367","title":{"rendered":"Anton Kaiser Werkliste"},"content":{"rendered":"\n<figure class=\"wp-block-gallery columns-3 is-cropped wp-block-gallery-1 is-layout-flex wp-block-gallery-is-layout-flex\"><ul class=\"blocks-gallery-grid\"><li class=\"blocks-gallery-item\"><figure><img loading=\"lazy\" decoding=\"async\" width=\"633\" height=\"1024\" src=\"http:\/\/www.twr.at\/wp\/wp-content\/uploads\/2020\/06\/Kaiser_A_f\u00fcr_Elsa_Ast-001-633x1024.jpg\" alt=\"\" data-id=\"369\" data-full-url=\"http:\/\/www.twr.at\/wp\/wp-content\/uploads\/2020\/06\/Kaiser_A_f\u00fcr_Elsa_Ast-001.jpg\" data-link=\"http:\/\/www.twr.at\/wp\/?attachment_id=369\" class=\"wp-image-369\" srcset=\"https:\/\/www.exlibris.or.at\/wp-content\/uploads\/2020\/06\/Kaiser_A_f\u00fcr_Elsa_Ast-001-633x1024.jpg 633w, https:\/\/www.exlibris.or.at\/wp-content\/uploads\/2020\/06\/Kaiser_A_f\u00fcr_Elsa_Ast-001-186x300.jpg 186w, https:\/\/www.exlibris.or.at\/wp-content\/uploads\/2020\/06\/Kaiser_A_f\u00fcr_Elsa_Ast-001-768x1242.jpg 768w, https:\/\/www.exlibris.or.at\/wp-content\/uploads\/2020\/06\/Kaiser_A_f\u00fcr_Elsa_Ast-001-950x1536.jpg 950w, https:\/\/www.exlibris.or.at\/wp-content\/uploads\/2020\/06\/Kaiser_A_f\u00fcr_Elsa_Ast-001.jpg 1159w\" sizes=\"(max-width: 633px) 100vw, 633px\" \/><\/figure><\/li><li class=\"blocks-gallery-item\"><figure><img loading=\"lazy\" decoding=\"async\" width=\"767\" height=\"1024\" src=\"http:\/\/www.twr.at\/wp\/wp-content\/uploads\/2020\/06\/Kaiser_A_f\u00fcr_Alfred_Bassermann-001-767x1024.jpg\" alt=\"\" data-id=\"370\" data-full-url=\"http:\/\/www.twr.at\/wp\/wp-content\/uploads\/2020\/06\/Kaiser_A_f\u00fcr_Alfred_Bassermann-001.jpg\" data-link=\"http:\/\/www.twr.at\/wp\/?attachment_id=370\" class=\"wp-image-370\" srcset=\"https:\/\/www.exlibris.or.at\/wp-content\/uploads\/2020\/06\/Kaiser_A_f\u00fcr_Alfred_Bassermann-001-767x1024.jpg 767w, https:\/\/www.exlibris.or.at\/wp-content\/uploads\/2020\/06\/Kaiser_A_f\u00fcr_Alfred_Bassermann-001-225x300.jpg 225w, https:\/\/www.exlibris.or.at\/wp-content\/uploads\/2020\/06\/Kaiser_A_f\u00fcr_Alfred_Bassermann-001-768x1025.jpg 768w, https:\/\/www.exlibris.or.at\/wp-content\/uploads\/2020\/06\/Kaiser_A_f\u00fcr_Alfred_Bassermann-001-1151x1536.jpg 1151w, https:\/\/www.exlibris.or.at\/wp-content\/uploads\/2020\/06\/Kaiser_A_f\u00fcr_Alfred_Bassermann-001-1535x2048.jpg 1535w, https:\/\/www.exlibris.or.at\/wp-content\/uploads\/2020\/06\/Kaiser_A_f\u00fcr_Alfred_Bassermann-001.jpg 1611w\" sizes=\"(max-width: 767px) 100vw, 767px\" \/><\/figure><\/li><li class=\"blocks-gallery-item\"><figure><img loading=\"lazy\" decoding=\"async\" width=\"1024\" height=\"851\" src=\"http:\/\/www.twr.at\/wp\/wp-content\/uploads\/2020\/06\/Kaiser_A_f\u00fcr_Dengler-001-1024x851.jpg\" alt=\"\" data-id=\"371\" data-full-url=\"http:\/\/www.twr.at\/wp\/wp-content\/uploads\/2020\/06\/Kaiser_A_f\u00fcr_Dengler-001.jpg\" data-link=\"http:\/\/www.twr.at\/wp\/?attachment_id=371\" class=\"wp-image-371\" srcset=\"https:\/\/www.exlibris.or.at\/wp-content\/uploads\/2020\/06\/Kaiser_A_f\u00fcr_Dengler-001-1024x851.jpg 1024w, https:\/\/www.exlibris.or.at\/wp-content\/uploads\/2020\/06\/Kaiser_A_f\u00fcr_Dengler-001-300x249.jpg 300w, https:\/\/www.exlibris.or.at\/wp-content\/uploads\/2020\/06\/Kaiser_A_f\u00fcr_Dengler-001-768x638.jpg 768w, https:\/\/www.exlibris.or.at\/wp-content\/uploads\/2020\/06\/Kaiser_A_f\u00fcr_Dengler-001.jpg 1313w\" sizes=\"(max-width: 1024px) 100vw, 1024px\" \/><\/figure><\/li><li class=\"blocks-gallery-item\"><figure><img loading=\"lazy\" decoding=\"async\" width=\"847\" height=\"1024\" src=\"http:\/\/www.twr.at\/wp\/wp-content\/uploads\/2020\/06\/Kaiser_A_f\u00fcr_Elisabeth_Grein-001-847x1024.jpg\" alt=\"\" data-id=\"372\" data-full-url=\"http:\/\/www.twr.at\/wp\/wp-content\/uploads\/2020\/06\/Kaiser_A_f\u00fcr_Elisabeth_Grein-001.jpg\" data-link=\"http:\/\/www.twr.at\/wp\/?attachment_id=372\" class=\"wp-image-372\" srcset=\"https:\/\/www.exlibris.or.at\/wp-content\/uploads\/2020\/06\/Kaiser_A_f\u00fcr_Elisabeth_Grein-001-847x1024.jpg 847w, https:\/\/www.exlibris.or.at\/wp-content\/uploads\/2020\/06\/Kaiser_A_f\u00fcr_Elisabeth_Grein-001-248x300.jpg 248w, https:\/\/www.exlibris.or.at\/wp-content\/uploads\/2020\/06\/Kaiser_A_f\u00fcr_Elisabeth_Grein-001-768x929.jpg 768w, https:\/\/www.exlibris.or.at\/wp-content\/uploads\/2020\/06\/Kaiser_A_f\u00fcr_Elisabeth_Grein-001-1270x1536.jpg 1270w, https:\/\/www.exlibris.or.at\/wp-content\/uploads\/2020\/06\/Kaiser_A_f\u00fcr_Elisabeth_Grein-001-1693x2048.jpg 1693w, https:\/\/www.exlibris.or.at\/wp-content\/uploads\/2020\/06\/Kaiser_A_f\u00fcr_Elisabeth_Grein-001.jpg 1832w\" sizes=\"(max-width: 847px) 100vw, 847px\" \/><\/figure><\/li><\/ul><\/figure>\n\n\n\n<p>Anton\nKaiser 1863-1944, Werkliste, 12 Exlibris.<\/p>\n\n\n\n<p>Diese\nWerkliste ist jener des Gutenberg Lexikons angen\u00e4hert. F\u00fcr Fehler und Irrt\u00fcmer\nist der Autor verantwortlich.<\/p>\n\n\n\n<p>Gut\nKat 2&nbsp;&nbsp;&nbsp;&nbsp; =&nbsp; Exlibris Katalog des Gutenberg \u2013 Museums 2.\nTeil, von Elke Schutt-Kehm, \u00a9 Verlag Claus Wital, Wiesbaden 1998, ISBN 3-922\n835-31-7.<\/p>\n\n\n\n<p>Stock&nbsp;&nbsp;&nbsp;&nbsp;&nbsp;&nbsp;&nbsp;&nbsp;&nbsp;&nbsp;&nbsp; = Erw\u00e4hnt in der Exlibris Datenbank\nvon HR Dr. Karl F. Stock<\/p>\n\n\n\n<p>Slg.\nRath&nbsp;&nbsp;&nbsp;&nbsp;&nbsp; = Sammlung Rath <\/p>\n\n\n\n<p>1)\nElsa Ast; Rad; 100&#215;50; sw; o.J; s; hs; 4 Blumen in Vase, kleiner Buddha auf\nBuch, dahinter 2 B\u00fccher; Nachweis; Slg. Rath;<\/p>\n\n\n\n<p>2)\nEmma Bacher, 17.11.1868 &#8211; 25.6.1953; Rad\/Aquatinta; 91&#215;69: blau auf beige; o.J;\ns; Weidenb\u00e4ume vor Herrenhaus in querovalem Bildfeld; Nachweis: Gut Kat 2, S.\n533, 27.853;&nbsp; Slg. Rath; <\/p>\n\n\n\n<p>3)\nAlfred Bassermann, geb. Mannheim 1856, gest. K\u00f6nigsfeld im Schwarzwald 1935;\nRad\/Aquatinta; 110&#215;80; hellbraun; o.J; s; Oben M\u00e4dchen mit Blumein der linken\nim Wald, links Burg auf Berg mit darunter, rechts Stadt mit Fluss. In der Mitte\nPortrait von Dante; Nachweis: Slg. Rath;&nbsp;\n<\/p>\n\n\n\n<p>4)\nMed. Dr. Caroli Becher, \/ Carlothermensis (Karlsbad). Im B\u00e4der Almanach 1889\nals Carl Becker, sp\u00e4ter Korr. als Becher; Rad\/Aquatinta; 85&#215;56; blau auf beige;\no. J.&nbsp;&nbsp; (1998); s; B\u00fccher, Sch\u00e4del,\noffenes Buch u. \u00c4skulapnatter an Schale (Beruf). Abb. K321. Nachweis: Gut Kat\n2, S. 533, 27.854. Slg. Rath;&nbsp;&nbsp; <\/p>\n\n\n\n<p>5)\nLotte Berl; Rad\/Aquatinta; 94&#215;125; sw auf beige; o.J; s; Sitzendes M\u00e4dchen Hund\nf\u00fctternd, davor 2 Hasen und Katze. Dahinter Stadt in Landschaft; Nachweis: Slg.\nRath;<\/p>\n\n\n\n<p>6)\nRudolf et Max Biach; Rad; 135&#215;90; blau-w; o.j; Unter Baum auf Wiese Sitzende\nmit Buch, zu Villa zur\u00fcckblickend; Nachweis: Gut Kat 2, S. 533; 27.855;\nSammlung von Artur Wolf im Museum f. angewandte Kunst in Wien; Slg. Rath; <\/p>\n\n\n\n<p>7)\nRudolf et Max Bjach (richtig: BIACH, j\u00fcd. Textilfabrikant 1850-1912); Rad;\n136&#215;89; blau-w; o.J; s; (Motivgleich, Farbvariante: unter Baum auf Wiese Sitzende\nmit Buch, zur Villa zur\u00fcckblickend); Nachweis: Gut Kat 2, S. 533, 27.856; &nbsp;<\/p>\n\n\n\n<p>8)\nDengler; Rad\/Aquatinta; Bildgr. 56&#215;68; braun auf beige; o.J; s; Vor Kornfeld\nSitzender, Sense dengelnd (redend); Nachweis: Gut Kat 2, S.533, 27.857;&nbsp; &nbsp;<\/p>\n\n\n\n<p>9)\nElisabeth Grein; Rad\/Aquatinta; ca. 140&#215;110; gr\u00fcn-sw; o.J; s; Burg auf H\u00fcgel,\ndarunter Wald; Nachweis: Slg. Rath;<\/p>\n\n\n\n<p>10)\nKarl Koch Wien, gest. Abbazia 31.3.1905, best. 5. d. M. Zfh Wien, (Grab\nAufgelassen); Rad\/Aquatinta; Bildgr. 95&#215;61; blau-w; o.J; s; Vier zwerge mit W\u00e4glein\nvoller B\u00fccher in Wald, einer B\u00fccher auf Stadt (Wien) hinunterstreuend;\nNachweis: Gut Kat 2, S. 533, 27.858; Slg. Rath;&nbsp;\n<\/p>\n\n\n\n<p>11)\nW(ilhelm) A. Neumann, Prof. Univers. Vindob. S. Ord. Cist.; Statue des Hl.\nZacharias, im Hintergrund den Kirchturm des Stiftes Heiligenkreuz; Nachweis:\nWeittenhiller: \u00d6sterreichische Meister im Dienste Ex libris Kleinkunst, \u00d6EG Jb.\n1\/1903, S. 14, 1 Tafel; Slg. Rath;<\/p>\n\n\n\n<p>12)\nRichard Ritter von Skene, (verh. mit Auguste Seybel in Wien im Mai 1892?); Rad;\n102&#215;71; sw; o.J; s; Oben Schloss, darunter Wappen (drei steh. Schwerter m.\naufgespie\u00dften Wolfsk\u00f6pfen); Motto: VIRTUTIS REGIA MERCES; Nachweis: Gut Kat 2,\nS. 533, 27.859; Slg. Rath als Kopie 190&#215;130(!); <\/p>\n\n\n\n<p><strong>Zu Alfred\nBassermann, <\/strong><\/p>\n\n\n\n<p>Studierte\ndie Rechte in Heidelberg, Berlin und Kiel. War im badischen\nVerwaltungsdienst.&nbsp; Danteforscher,\n\u00fcbersetzte die \u201eG\u00f6ttliche Kom\u00f6die\u201c in gereimten Terzinen. Einige\nVer\u00f6ffentlichungen (siehe Deutsche Biographie). Seine Dante \u2013 Sammlung ab 1963\nin der UB Freiburg;<\/p>\n\n\n\n<p><strong>Zu\nKarl Koch:<\/strong><\/p>\n\n\n\n<p>Lt. Pate in der Herald. Genealog. Gesellschaft\n\u201eAdler\u201c: <\/p>\n\n\n\n<p>Vorstandstellvertreter der Allem. Unfallvers. Anst.,\nund Redakteur der Mitteilungen der \u00d6sterr. Exlibris Ges.<\/p>\n\n\n\n<p>Weiter Erw\u00e4hnt in:<\/p>\n\n\n\n<p>1) Sammler in\n\u00d6sterreich-Ungarn 1907. &#8211;&nbsp;In:&nbsp;Budan, Emilio de:\nGuide international des collectionneurs d&#8217;Ex-Libris. &#8211; Turin, 1907.<\/p>\n\n\n\n<p>2) K\u00dcNSTLER UND SAMMLUNGEN 1903. \u201eWiener Zeitung\u201c.\n9.6.1903. S. 7 und 8. Artikel: Ex Libris-Kleinkunst. Mit besonderer\nBer\u00fccksichtigung \u00d6sterreich \u2013 Ungarns. Zitiert werden \u00f6sterreichische K\u00fcnstler.\nAutor: R. E. Graf zu Leiningen-Westerburg, Neu-Pasing bei M\u00fcnchen.&nbsp;&nbsp;&nbsp;&nbsp;&nbsp;&nbsp;&nbsp;&nbsp;&nbsp;&nbsp;&nbsp;&nbsp;&nbsp;&nbsp;&nbsp; <\/p>\n\n\n\n<p><strong>Zu Wilhelm A.\nNeumann<\/strong>:<\/p>\n\n\n\n<p>Lt.\nPate in der Herald. Genealog. Gesellschaft \u201eAdler\u201c: <\/p>\n\n\n\n<p>Universit\u00e4tsprofessor\ni. R. und gewesener Rektor Magnificus der Wiener Universit\u00e4t, Hofrat Dr.\nWilhelm Anton Neumann, Stift-Seniors und Jubilarpriesters des Kapitels von\nHeiligenkreuz-Neukloster, erzbisch\u00f6fl. Rates, Ritter des Ordens der eisernen\nKrone III. Klasse, Komtur des \u00f6st. Franz Josefs-Ordens, Kommandeur des p\u00e4pstl.\nOrdens vom hl. Grabe und Besitzer des k\u00f6nigl. d\u00e4n. Danebrog-Ordens, ect. ect. (\u2020\nim 83. Lj.)<\/p>\n\n\n\n<p><strong>Zu Emma Bacher:<\/strong><\/p>\n\n\n\n<p>&nbsp;geborene Paulick, verh. mit Paul Bacher,\n18671907, Juwelier u. Kunstliebhaber. Sie wurde Inhaberin d. Galerie Miethke,\nnach Tod von Paul verheiratet mit Richard Teschner. Sie hatte 2 weitere&nbsp; Exlibris, eines von Oskar Kokoschka, eine von\nCarl Otto Czeschka. <\/p>\n\n\n\n<p>Erstellt\nvon Peter Rath, \u00a9 Wien, 2\/2020<\/p>\n","protected":false},"excerpt":{"rendered":"<p>Anton Kaiser 1863-1944, Werkliste, 12 Exlibris. Diese Werkliste ist jener des Gutenberg Lexikons angen\u00e4hert. F\u00fcr Fehler und Irrt\u00fcmer ist der Autor verantwortlich. Gut Kat 2&nbsp;&nbsp;&nbsp;&nbsp; =&nbsp; Exlibris Katalog des Gutenberg \u2013 Museums 2. Teil, von Elke Schutt-Kehm, \u00a9 Verlag Claus Wital, Wiesbaden 1998, ISBN 3-922 835-31-7. Stock&nbsp;&nbsp;&nbsp;&nbsp;&nbsp;&nbsp;&nbsp;&nbsp;&nbsp;&nbsp;&nbsp; = Erw\u00e4hnt in der Exlibris Datenbank von HR &hellip; <a href=\"https:\/\/www.exlibris.or.at\/?page_id=367\" class=\"more-link\"><span class=\"screen-reader-text\">Anton Kaiser Werkliste<\/span> weiterlesen<\/a><\/p>\n","protected":false},"author":1,"featured_media":0,"parent":0,"menu_order":0,"comment_status":"closed","ping_status":"closed","template":"","meta":{"footnotes":""},"_links":{"self":[{"href":"https:\/\/www.exlibris.or.at\/index.php?rest_route=\/wp\/v2\/pages\/367"}],"collection":[{"href":"https:\/\/www.exlibris.or.at\/index.php?rest_route=\/wp\/v2\/pages"}],"about":[{"href":"https:\/\/www.exlibris.or.at\/index.php?rest_route=\/wp\/v2\/types\/page"}],"author":[{"embeddable":true,"href":"https:\/\/www.exlibris.or.at\/index.php?rest_route=\/wp\/v2\/users\/1"}],"replies":[{"embeddable":true,"href":"https:\/\/www.exlibris.or.at\/index.php?rest_route=%2Fwp%2Fv2%2Fcomments&post=367"}],"version-history":[{"count":2,"href":"https:\/\/www.exlibris.or.at\/index.php?rest_route=\/wp\/v2\/pages\/367\/revisions"}],"predecessor-version":[{"id":373,"href":"https:\/\/www.exlibris.or.at\/index.php?rest_route=\/wp\/v2\/pages\/367\/revisions\/373"}],"wp:attachment":[{"href":"https:\/\/www.exlibris.or.at\/index.php?rest_route=%2Fwp%2Fv2%2Fmedia&parent=367"}],"curies":[{"name":"wp","href":"https:\/\/api.w.org\/{rel}","templated":true}]}}