{"id":334,"date":"2020-06-25T15:16:57","date_gmt":"2020-06-25T13:16:57","guid":{"rendered":"http:\/\/www.twr.at\/wp\/?page_id=334"},"modified":"2021-12-28T11:54:43","modified_gmt":"2021-12-28T10:54:43","slug":"stefan-eggeler-werkliste","status":"publish","type":"page","link":"https:\/\/www.exlibris.or.at\/?page_id=334","title":{"rendered":"Stefan Eggeler Werkliste"},"content":{"rendered":"\n<p>Stefan Eggeler 1894-1969, Werkliste der 26 bekannten Linol-\nund Holzschnitte. (Ohne Abb., Urheberrecht)<\/p>\n\n\n\n<p>Erstellt von Peter Rath nach dem Werkverzeichnis \u201eEx Libris\u201c <br>hrsg. von Prof. Erich Fitzbauer; Edition Graphischer Zirkel, 104. Publikation.<br>Erschienen 1999 in Wien; \u00a9 f\u00fcr die Graphiken: Peter Morosits, Wien. <\/p>\n\n\n\n<p>Reproduktionen:\nMelzer, Wien. Auflage: Sechzig nummerierte und vom Herausgeber signierte\nExemplare. Den ersten zwanzig davon sind zwei von den Originalplatten mit der\nHand hergestellte Abz\u00fcge auf Japan lose beigegeben und au\u00dferdem ein in der\nPresse von K.F. Stock gedruckter, aus dem Nachlass stammender Abzug eines\nExlibris-Schnittes. <\/p>\n\n\n\n<p>Aus obiger Publikation ist nicht ersichtlich,\nob es sich um einzelnen um Linol- oder Holzschnitte handelt. Daher wurden die Daten\nweggelassen. &nbsp;Jahreszahlen sind auch\nnicht angegeben. Nach Angaben des Autors sind die Drucke \u2013 bis auf einem, (N\u00f6.\nLandesjugend- amt, Jugendheim Gaming), in Originalgr\u00f6\u00dfe.&nbsp;&nbsp;&nbsp; <\/p>\n\n\n\n<p>Alle Abbildungen sind in Schwarz gedruckt. Originalfarbe\nschwarz oder Dunkelgr\u00fcn.. <\/p>\n\n\n\n<ul><li>Nachweise: Gut Kat; 2. Teil, A-K, \u00a9 1998 by Verlag Claus Wittal, Wiesbaden; <\/li><li>Stefan Eggeler: Exlibris. Werkverzeichnis der Holz- und Linolschnitte;                  Erich Fitzbauer; \u00a9 Edition = EF; Graphischer Zirkel; S. 29; 26 Illustr.; 1999; Slg. Rath = Sammlung Rath:  <\/li><li>Batsy, D. Felix; 64&#215;53; o.J; s; &nbsp;Mann und Frau in einer Bibliothek; Nachweis: EF S. 5; <\/li><li>Bitzan, Erich; 85&#215;67; o.J; Krokodil mit Krallen; Nachweis: EF S. 18; Slg. Rath; &nbsp;&nbsp;<\/li><li>Breitenthaler, Ing. Karl; Rialtobr\u00fccke; 68&#215;80; o.J; Nachweis: EF S. 21; &nbsp;<\/li><li>Conrath, Dr. Viktor; 50&#215;72; o.J; Eule auf Buch, Spinnweben dahinter; Nachweis: EF S. 9; &nbsp;<\/li><li>Donin, Dr. Richard Kurt; Ho.sch; 96&#215;55; sw; o.J; s; Nachtw\u00e4chter vor altem Haus; Variante: gr\u00fcn-w; Nachweis: Gut Kat; EF S. 22; Slg. Rath; &nbsp;<\/li><li>Eggeler, Stefan; 67&#215;120; o. J; Karnevalsszene, Text: Kollektiv-Ausstellung; Nachweis: EF S. 0; Slg. Rath; &nbsp;<\/li><li>Eggeler, Dr. Stefan; 66&#215;48; o.J; Stier; Nachweis: EF S. 1;&nbsp;&nbsp; &nbsp;<\/li><li>Eggeler, Dr. Stephan; 40&#215;56; o.J; Vogel mit Totenkopf; Nachweis: EF S. 2; &nbsp;<\/li><li>Einfalt, Gustav; 78&#215;115; o.J; Kind auf Adler, Text: Durch Mitleid wissend der Sonne Geist; Nachweis: EF S. 20; &nbsp;<\/li><li>Fantl, Alexander; Ho.sch; 93&#215;46; sw; o.J; s; Stehender, Gitarre spielend; Nachweis: Gut Kat; EF S. 14; Auch ohne Namen, Slg. Rath; &nbsp;&nbsp;&nbsp;<\/li><li>F\u00fcrnsinn, Hans; 49&#215;93; o. J; s; Sitzender Satyr auf Querfl\u00f6te spielend; Nachweis: EF S. 13;&nbsp; <\/li><li>F\u00fcrth, Gertrud; 55&#215;100; o. J; s; Harlekin und Buch; Nachweis: EF S. 11; <\/li><li>Gesswein, Erwin; 91&#215;68; o. J; Burg mit Handwerkswappen; Nachweis: Slg. Rath;&nbsp; <\/li><li>Grief, Ilse; 70&#215;115; o. J; Drachen; Nachweis: EF S. 19; <\/li><li>Gugenheimer, Dr. Ernst; 52&#215;88; o. J; \u00fcbergro\u00dfes Insekt auf B\u00fcchern; Nachweis: EF S. 4; <\/li><li>G\u00fcnther, Hans; 94&#215;56; o. J; Schreibender mit Federkiel, drei B\u00fccher; Nachweis: EF S. 6; <\/li><li>Hallama, Dr. Georg, Bramethof; Ho.schh; 92&#215;50; sw; o.J; s; Hahn auf Misthaufen; Nachweis: Gut Kat; &nbsp;EF S. 17; Slg. Rath; <\/li><li>Heeren, Herta; Ho.sch; 63&#215;47; sw; o.J; hs; Harfespielender Mohr; Nachweis: Gut Kat; EF S. 15; &nbsp;&nbsp;<\/li><li>Hofer, Ing. Michael; Ho.sch; 102&#215;63; sw; o.J; s; mittelalterliche Baustelle; Nachweis: Gut Kat; EF S. 23; Slg. Rath; &nbsp;<\/li><li>Kanitz, Otto Felix; 50&#215;98; o. J; m\u00e4nnlicher Akt, Felsen hebend; Nachweis: EF S. 3; Slg. Rath; &nbsp;&nbsp;<\/li><li>N.\u00d6. Landesjugendamt, Jugendheim Gaming, Geb\u00e4ude mit Einfahrt; 140&#215;160 ? o. J; Abb. nicht in Original Gr\u00f6\u00dfe; Nachweis: EF S. 25; &nbsp;<\/li><li>Reder, Dr.; Tempel zwischen zwei B\u00e4umen, Text: Libri mei\/ornamenta mea, 74&#215;69; o. J; Nachweis: EF S. 24; <\/li><li>Schwind, Erna; 92&#215;68; o. J; 3-facher Brunnen; Nachweis: slg. Rath; <\/li><li>Strazny, Hans; Ho.sch; 87&#215;49; sw; o.J; s; Zwischen zwei Bl\u00fcten steh. Harlekin; Nachweis: Gut Kat; EF S. 16; Slg. Rath; &nbsp;<\/li><li>Weinfurter, Friedrich; Tintenfass mit Federkiel auf Buch mit kleinem Teufelchen, 50&#215;65; o. J; Nachweis: EF S. 10; <\/li><li>Weinfurter, Friedrich; 50&#215;86; o. J; schreibender mit Federkiel; Nachweis: EF S. 7; Slg. Rath; <\/li><li>Wolter, Ida; 64&#215;100; o. J; tanzender Schelm mit Querfl\u00f6te; Nachweis: EF S. 12; Slg. Rath; <\/li><li>Zeilinger, Leop.; Bogensch\u00fctze auf aufgeschlagenem Buch, 56&#215;84; o. J; s; Nachweis: EF S. 8; &nbsp;&nbsp;<\/li><\/ul>\n","protected":false},"excerpt":{"rendered":"<p>Stefan Eggeler 1894-1969, Werkliste der 26 bekannten Linol- und Holzschnitte. (Ohne Abb., Urheberrecht) Erstellt von Peter Rath nach dem Werkverzeichnis \u201eEx Libris\u201c hrsg. von Prof. Erich Fitzbauer; Edition Graphischer Zirkel, 104. Publikation.Erschienen 1999 in Wien; \u00a9 f\u00fcr die Graphiken: Peter Morosits, Wien. Reproduktionen: Melzer, Wien. Auflage: Sechzig nummerierte und vom Herausgeber signierte Exemplare. Den ersten &hellip; <a href=\"https:\/\/www.exlibris.or.at\/?page_id=334\" class=\"more-link\"><span class=\"screen-reader-text\">Stefan Eggeler Werkliste<\/span> weiterlesen<\/a><\/p>\n","protected":false},"author":1,"featured_media":0,"parent":0,"menu_order":0,"comment_status":"closed","ping_status":"closed","template":"","meta":{"footnotes":""},"_links":{"self":[{"href":"https:\/\/www.exlibris.or.at\/index.php?rest_route=\/wp\/v2\/pages\/334"}],"collection":[{"href":"https:\/\/www.exlibris.or.at\/index.php?rest_route=\/wp\/v2\/pages"}],"about":[{"href":"https:\/\/www.exlibris.or.at\/index.php?rest_route=\/wp\/v2\/types\/page"}],"author":[{"embeddable":true,"href":"https:\/\/www.exlibris.or.at\/index.php?rest_route=\/wp\/v2\/users\/1"}],"replies":[{"embeddable":true,"href":"https:\/\/www.exlibris.or.at\/index.php?rest_route=%2Fwp%2Fv2%2Fcomments&post=334"}],"version-history":[{"count":5,"href":"https:\/\/www.exlibris.or.at\/index.php?rest_route=\/wp\/v2\/pages\/334\/revisions"}],"predecessor-version":[{"id":1440,"href":"https:\/\/www.exlibris.or.at\/index.php?rest_route=\/wp\/v2\/pages\/334\/revisions\/1440"}],"wp:attachment":[{"href":"https:\/\/www.exlibris.or.at\/index.php?rest_route=%2Fwp%2Fv2%2Fmedia&parent=334"}],"curies":[{"name":"wp","href":"https:\/\/api.w.org\/{rel}","templated":true}]}}