{"id":331,"date":"2020-06-27T10:41:04","date_gmt":"2020-06-27T08:41:04","guid":{"rendered":"http:\/\/www.twr.at\/wp\/?page_id=331"},"modified":"2021-12-28T11:56:39","modified_gmt":"2021-12-28T10:56:39","slug":"stefan-eggeler-1894-1969-biographie","status":"publish","type":"page","link":"https:\/\/www.exlibris.or.at\/?page_id=331","title":{"rendered":"Stefan Eggeler 1894 bis 1996 Biographie"},"content":{"rendered":"\n<figure class=\"wp-block-gallery columns-3 wp-block-gallery-1 is-layout-flex wp-block-gallery-is-layout-flex\"><ul class=\"blocks-gallery-grid\"><li class=\"blocks-gallery-item\"><figure><img loading=\"lazy\" decoding=\"async\" width=\"894\" height=\"1024\" src=\"http:\/\/www.twr.at\/wp\/wp-content\/uploads\/2020\/07\/Eggeler_Breitenthaler-894x1024.jpg\" alt=\"\" data-id=\"467\" data-link=\"http:\/\/www.twr.at\/wp\/?attachment_id=467\" class=\"wp-image-467\" srcset=\"https:\/\/www.exlibris.or.at\/wp-content\/uploads\/2020\/07\/Eggeler_Breitenthaler-894x1024.jpg 894w, https:\/\/www.exlibris.or.at\/wp-content\/uploads\/2020\/07\/Eggeler_Breitenthaler-262x300.jpg 262w, https:\/\/www.exlibris.or.at\/wp-content\/uploads\/2020\/07\/Eggeler_Breitenthaler-768x879.jpg 768w, https:\/\/www.exlibris.or.at\/wp-content\/uploads\/2020\/07\/Eggeler_Breitenthaler.jpg 930w\" sizes=\"(max-width: 894px) 100vw, 894px\" \/><\/figure><\/li><li class=\"blocks-gallery-item\"><figure><img loading=\"lazy\" decoding=\"async\" width=\"639\" height=\"1024\" src=\"http:\/\/www.twr.at\/wp\/wp-content\/uploads\/2020\/07\/Eggeler_Donin-639x1024.jpg\" alt=\"\" data-id=\"468\" data-link=\"http:\/\/www.twr.at\/wp\/?attachment_id=468\" class=\"wp-image-468\" srcset=\"https:\/\/www.exlibris.or.at\/wp-content\/uploads\/2020\/07\/Eggeler_Donin-639x1024.jpg 639w, https:\/\/www.exlibris.or.at\/wp-content\/uploads\/2020\/07\/Eggeler_Donin-187x300.jpg 187w, https:\/\/www.exlibris.or.at\/wp-content\/uploads\/2020\/07\/Eggeler_Donin-768x1230.jpg 768w, https:\/\/www.exlibris.or.at\/wp-content\/uploads\/2020\/07\/Eggeler_Donin.jpg 785w\" sizes=\"(max-width: 639px) 100vw, 639px\" \/><\/figure><\/li><li class=\"blocks-gallery-item\"><figure><img loading=\"lazy\" decoding=\"async\" width=\"565\" height=\"752\" src=\"http:\/\/www.twr.at\/wp\/wp-content\/uploads\/2020\/07\/Eggeler_Eggeler.jpg\" alt=\"\" data-id=\"469\" data-link=\"http:\/\/www.twr.at\/wp\/?attachment_id=469\" class=\"wp-image-469\" srcset=\"https:\/\/www.exlibris.or.at\/wp-content\/uploads\/2020\/07\/Eggeler_Eggeler.jpg 565w, https:\/\/www.exlibris.or.at\/wp-content\/uploads\/2020\/07\/Eggeler_Eggeler-225x300.jpg 225w\" sizes=\"(max-width: 565px) 100vw, 565px\" \/><\/figure><\/li><li class=\"blocks-gallery-item\"><figure><img loading=\"lazy\" decoding=\"async\" width=\"553\" height=\"1024\" src=\"http:\/\/www.twr.at\/wp\/wp-content\/uploads\/2020\/07\/Eggeler_Fantl-553x1024.jpg\" alt=\"\" data-id=\"470\" data-link=\"http:\/\/www.twr.at\/wp\/?attachment_id=470\" class=\"wp-image-470\" srcset=\"https:\/\/www.exlibris.or.at\/wp-content\/uploads\/2020\/07\/Eggeler_Fantl-553x1024.jpg 553w, https:\/\/www.exlibris.or.at\/wp-content\/uploads\/2020\/07\/Eggeler_Fantl-162x300.jpg 162w, https:\/\/www.exlibris.or.at\/wp-content\/uploads\/2020\/07\/Eggeler_Fantl.jpg 637w\" sizes=\"(max-width: 553px) 100vw, 553px\" \/><\/figure><\/li><li class=\"blocks-gallery-item\"><figure><img loading=\"lazy\" decoding=\"async\" width=\"630\" height=\"1024\" src=\"http:\/\/www.twr.at\/wp\/wp-content\/uploads\/2020\/07\/Eggeler_Strazny-630x1024.jpg\" alt=\"\" data-id=\"472\" data-full-url=\"http:\/\/www.twr.at\/wp\/wp-content\/uploads\/2020\/07\/Eggeler_Strazny.jpg\" data-link=\"http:\/\/www.twr.at\/wp\/?attachment_id=472\" class=\"wp-image-472\" srcset=\"https:\/\/www.exlibris.or.at\/wp-content\/uploads\/2020\/07\/Eggeler_Strazny-630x1024.jpg 630w, https:\/\/www.exlibris.or.at\/wp-content\/uploads\/2020\/07\/Eggeler_Strazny-185x300.jpg 185w, https:\/\/www.exlibris.or.at\/wp-content\/uploads\/2020\/07\/Eggeler_Strazny.jpg 700w\" sizes=\"(max-width: 630px) 100vw, 630px\" \/><\/figure><\/li><\/ul><\/figure>\n\n\n\n<p>Stefan Eggeler war \u00f6sterreichischer Graphiker,\nZeichner, Illustrator, Maler und Schriftsteller. Geboren in Wien am 24.12.1894,\ngestorben ebenfalls in Wien am 17.7.1969. Er studierte zwischen 1910 und 1912\nan der Graphischen Lehr- und Versuchsanstalt bei Ludwig Michalek, Ferdinand\nSchmutzer und Rudolf Bacher. 1912 \u2013 1917 Jusstudium mit Promotion 1917. Er war\nMitglied des K\u00fcnstlerhauses und lebte als freischaffender Illustrator, Werbe-\nund Verlagsleiter in Wien. Stellte die K\u00fcnstlerische T\u00e4tigkeit 1925 abrupt ein.\nAb ca. 1930 als Schriftsteller t\u00e4tig, arbeitete er im Brotberuf als\nRechtsberater der Gemeinde Wien. <\/p>\n\n\n\n<p>In seiner kurzen, aber intensiven Schaffenszeit entstanden dem Expressionismus nahe stehende Zyklen und Mappenwerke mit Radierungen und Holzschnitten wie: <em>\u201eWalpurgisnacht\u201c, \u201eDer Narr und der Teufel\u201c, \u201eDer Spielmann und der Teufel im verwunschenen Schlo\u00df\u201c, \u201eB\u00f6se Tr\u00e4ume<\/em>\u201c usw. Zu seinen besten Arbeiten geh\u00f6ren: \u201e<em>Der Reigen\u201c (Arthur Schnitzler), \u201eDer Schleier der Pierette,\u201c \u201eDer Mann auf der Flasche\u201c (Gustav Meyrink), \u201eDie Herzen der K\u00f6nige\u201c (Hans Heinz Ewers), und \u201eMeine Mutter die Hexe.\u201c<\/em> <\/p>\n\n\n\n<p><\/p>\n\n\n\n<p>EGGELERS EXLIBRIS<br>Von Prof. Erich Fitzbauer<\/p>\n\n\n\n<p>Eggelers Hang zur Phantastik zeigt sich in\neinigen der zwei Dutzend Exlibris-Graphiken, die sich im Nachlass fanden. In\nkr\u00e4ftigen Umarmungen verbinden sich Schrift und Bildmotiv, und in diesen sind\nzweifellos auch individuelle Vorstellungen der Besteller ber\u00fccksichtigt worden.\n<\/p>\n\n\n\n<p>Es sind durchwegs Holz- oder Linolschnitte, und zu dieser Beschr\u00e4nkung auf eine einzige Technik hat Eggeler sich selbst einmal handschriftlich ge\u00e4u\u00dfert:\u201c Entsprechend dem Charakter des geschnittenen Buchstabens und der Stempel f\u00fcr den Bucheinband d\u00fcrfte sich als Technik f\u00fcr Exlibris vor allem der Holzschnitt empfehlen.\u201c<\/p>\n\n\n\n<p><\/p>\n\n\n\n<p>DIE EXLIBRIS-EIGNER (Auswahl)<\/p>\n\n\n\n<p>Richard Kurt DONIN,&nbsp; geb. 1881 in Wien, gest. 1963 ebenfalls in Wien, war ein \u00fcber die Landesgrenzen bekannter Kunsthistoriker und Jugendf\u00fcrsorger. Nach Studium an der Wiener Universit\u00e4t promovierte Donin 1905 zum Dr. jur., 1913 zum Dr. phil. (Kunsthistoriker). Nach Beendigung des Gerichtsdienstes trat Donin 1908 in den Dienst der N\u00d6 Landesregierung, als stv. Leiter des Rechtsschutzamts des N\u00d6 Landeszentralkinderheimes. 1929 erfolgte seine Berufung ins BM f\u00fcr Unterricht, wo er sich der Erforschung und F\u00f6rderung der \u00f6sterreichischen Kunst widmete (Hofrat 1931). In seiner Freizeit besch\u00e4ftigte er sich mit Kunstgeschichte und Arch\u00e4ologie und begann mit wissenschaftlichen Ver\u00f6ffentlichungen zur Kunst \u00d6sterreichs. 1917 wurde er zum Konservator der k.k. Zentralkommission f\u00fcr Denkmalpflege ernannt. Donin gr\u00fcndete gemeinsam mit anderen Mitgliedern der \u00d6sterreichischen Exlibris-Gesellschaft 1938 die Gesellschaft f\u00fcr zeitgen\u00f6ssische Graphik. 1946 wurde er Konsulent des Bundesdenkmalamtes, zwischen 1946 und 1950 lehrte er als Professor f\u00fcr Kunstgeschichte an der Staatlichen Graphischen Lehr- und Versuchsanstalt. Autor vieler wissenschaftlicher Aufs\u00e4tze zur Kunstgeschichte \u00d6sterreichs und auch hochdekoriert, war er ein wichtiges Mitglied der \u00d6sterreichischen Exlibris-Gesellschaft. Richard Kurt Donin verfasste 24 (!) Aufs\u00e4tze f\u00fcr die Jahrb\u00fccher und Mitteilungshefte der \u00d6sterreichischen Exlibris-Gesellschaft. <\/p>\n\n\n\n<p>Das Exlibris f\u00fcr Donin von Eggeler zeigt\nmittelalterliche B\u00fcrgerh\u00e4user mit einem Nachtw\u00e4chter. <\/p>\n\n\n\n<p>Felix BATSY, * 1877 in Wien, + 1952 in Wien.\n\u00d6sterreichischer Schriftsteller und Sammler erotischer Schriften und Kunst.\nFelix Batsy war Bezirkshauptmann von Wiener Neustadt. Er ein gro\u00dfer Sammler von\nErotica. Ein Teil seiner Sammlung ist als Nachlass in der Wienbibliothek im\nRathaus, der fr\u00fcheren Wiener Stadt- und Landesbibliothek, erhalten und\nzug\u00e4nglich. Batsy ver\u00f6ffentlichte auch selbst unter dem Anagramm Bixy Taelfs\nein erotisches Werk mit dem Namen \u201e<em>Die\nWette<\/em>\u201c.&nbsp; <\/p>\n\n\n\n<p>Das einzige erotische Exlibris von Eggeler ist das Blatt f\u00fcr Batsy. Es zeigt eine sitzende Nackte, die mit den H\u00e4nden ihre Brust bedeckt. Sie h\u00f6rt gespannt einem m\u00e4nnlichen Vorlesenden zu.\u00a0\u00a0 <\/p>\n\n\n\n<p><\/p>\n\n\n\n<p>Weitere Werke:<\/p>\n\n\n\n<p>Batsy, Felix: <em>Jungfrauen<\/em>. Psychologische Novellen. Privatdruck, Wien 1942<br>Batsy, Felix: <em>Die Brautnacht<\/em>. Nova edito major. Privatdruck, Wien 1944 Batsy, Felix: <em>Sonette<\/em>. Privatdruck, Wien 1945<br>Batsy, Felix<em>: Brautlehre<\/em>. Eine Variante Die Brautnacht, dritte Fassung) Privatdruck, Wien 1947<\/p>\n\n\n\n<p>Otto Felix KANITZ, * 1894 in Wien, + 1940 KZ\nBuchenwald. \u00d6sterreichischer sozialistischer&nbsp;\nErzieher, und Leiter der \u201eArbeitsgemeinschaft f\u00fcr sozialistische\nErziehung.\u201c Kanitz wird nachtr\u00e4glich als \u201eantiautorit\u00e4rer\u201c Autor der\nZwischenkriegszeit bezeichnet.<\/p>\n\n\n\n<p>Das Exlibris f\u00fcr Kanitz entspricht der\ngeistigen, ideellen Str\u00f6mung seiner Zeit. Der m\u00e4nnliche Akt, als\nnachempfundener griechischer Apoll, versucht mit brachialer Kraft einen Felsen\nzu bewegen. Der Felsen entspricht hier dem Symbol einer geistigen oder in\ndiesem Falle m\u00f6glicherweise politischen Herausforderung, die \u00fcberwunden werden\nsoll. Der in kargen Linien geschnittene Akt, ist bei Eggeler&nbsp; gewiss kein siegender Held, nein, er ist ein\nbem\u00fchender, der auch scheitern kann.&nbsp;&nbsp;&nbsp;&nbsp;&nbsp;&nbsp;&nbsp;&nbsp;&nbsp;\n&nbsp;<\/p>\n\n\n\n<p>Werke (Auswahl):<\/p>\n\n\n\n<p>Kanitz, Otto Felix: <em>K\u00e4mpfer der Zukunft, F\u00fcr eine sozialistische Erziehung<\/em>. Hrsg.: Lutz\nvon Werder, Frankfurt\/M., M\u00e4rz Verlag. 1970.<\/p>\n\n\n\n<p>Kanitz, Otto Felix: <em>Sch\u00f6nbrunn<\/em>. In: <em>Die\nSozialistische Erziehung<\/em> (Wien) Jg. 2, 1922, S. 259-265. <\/p>\n\n\n\n<p>Dr. Viktor CONRATH war Arzt und Spitalsleiter\nin Gm\u00fcnd, Ehrenb\u00fcrger und M\u00e4z\u00e4n der Stadt. <\/p>\n\n\n\n<p>Karl BREITENTHALER, * 1879 in Linz, + 1950\nauch in Linz, geh\u00f6rte zu den Gr\u00fcndungsmitgliedern der NSDAP \u00d6sterreichs. 1939\nLandesstatthalter in Ober\u00f6sterreich, 1940-1945 Gauhauptmann des Reichsgaus Oberdonau,\n1945 endete seine Karriere im amerikanischen Anhaltelager f\u00fcr prominente\nNationalsozialisten in Glasenbach bei Salzburg.&nbsp;&nbsp;&nbsp;&nbsp; <\/p>\n\n\n\n<p>Herta HEEREN: geb. K\u00e4the Charlotte Herta\nHomann, Gattin des deutschen Sammlers Albert Julius Heeren.&nbsp; <\/p>\n\n\n\n<p>Bei Hans F\u00dcRNSINN d\u00fcrfte es sich um einen\nStadtbaumeister in Gm\u00fcnd gehandelt haben. (2. Hinwies auf einen Exlibriseigner\nin Gm\u00fcnd!)<\/p>\n\n\n\n<p><em>Leider\nist von den anderen Exlibris\u2013Eignern wenig oder nichts bekannt<\/em>. <\/p>\n\n\n\n<p>EXLIBRIS &#8211; BIBLIOGRAPHIE.<\/p>\n\n\n\n<p>Von Stock &amp; Stock, Comp.&nbsp;&nbsp; <\/p>\n\n\n\n<p>BZ (Balzar, Hugo von): Nachruf in den\nMitteilungen der \u00d6EG, 1. Heft, 18. Jg., M\u00e4rz 1963<\/p>\n\n\n\n<p>Exlibris: Werkverzeichnis der Holz- und\nLinolschnitte\/Hrsg. u. Nachwort von Erich Fitzbauer. \u2013 Wien. Edition\nGraphischer Zirkel, 1999. \u2013 35 S., 26 Illustr.: 19 cm. (Buchpublikation der\nEdition Graphischer Zirkel; 104.)&nbsp; <\/p>\n\n\n\n<p>Stefan Eggeler: en `ukendt` \u00f8strigsk\nexlibriskunstner: ein unbekannter \u00f6sterreichischer Exlibrisk\u00fcnstler`. \u2013 In:\nNordisk exlibris tidsskrift. \u2013 2000, Nr. 3, S. 77.79, 6 Illustr.\/ Exlibris\nfolgender Eigner: Hans Strazny (Bajazzo); Alexander Fantl (Gitarrist); Ida\nWolter (Fl\u00f6tenspieler); Hans F\u00fcrnsinn (Faun mit Fl\u00f6te); Herta Heeren\n(Harfenspieler); Friedrich Weinfurter (Teufelchen, Buch, Tintenfass).<\/p>\n\n\n\n<p>Premstaller, Ottmar: Hundert Jahre\n\u00d6sterreichische Exlibris-Gesellschaft. Manuskript 2004<\/p>\n\n\n\n<p>Scheffer, H.R.: 100 Jahre \u00f6sterreichisches\nExlibris. \u2013 Wien, 2004, S. 137.<\/p>\n\n\n\n<p>Schutt-Kehm, E.: Das Exlibris. Eine\nKulturgeschichte in 1600 Abbildungen. Verl.: Die bibliophilen Taschenb\u00fccher Nr.\n600, \u00a9 Harenberg Kommunikation, Dortmund 1990. S. 271 Abb. Des Exlibris f\u00fcr\nHerta Heeren.&nbsp;&nbsp;&nbsp; <\/p>\n\n\n\n<p>Schutt-Kehm, E.: Exlibris Katalog des\nGutenberg-Museums. \u2013 Wiesbaden, T. 2. 1998, A-K, S. 277-278<\/p>\n\n\n\n<p>Schweiger, Werner J.: Aufbruch und Erf\u00fcllung:\nGebrauchsgraphik der Wiener Moderne 1897 \u2013 1918. \u2013 Wien, M\u00fcnchen: Brandst\u00e4tter.\n1988. \u2013 224 S., 835 Abb., davon 365 in Farbe. \/Lexikalische Anordnung von A-Z;\nS. 61 \u2013 64: Exlibris. Stefan Eggeler: Eigenexlibris, Mann mit Harfe. (Auswahl).<\/p>\n\n\n\n<p>Stock, Karl F.: \u00d6sterreichische\nExlibris-Bibliographie 1881 \u2013 2003. Verl. K.G. Saur, M\u00fcnchen 2004. S. 93. <\/p>\n\n\n\n<p>Zur Westen, Walter von: Exlibris. \u2013 3.\nAuflage, &#8211; Bielefeld, 1925, S. 111.<\/p>\n","protected":false},"excerpt":{"rendered":"<p>Stefan Eggeler war \u00f6sterreichischer Graphiker, Zeichner, Illustrator, Maler und Schriftsteller. Geboren in Wien am 24.12.1894, gestorben ebenfalls in Wien am 17.7.1969. Er studierte zwischen 1910 und 1912 an der Graphischen Lehr- und Versuchsanstalt bei Ludwig Michalek, Ferdinand Schmutzer und Rudolf Bacher. 1912 \u2013 1917 Jusstudium mit Promotion 1917. Er war Mitglied des K\u00fcnstlerhauses und lebte &hellip; <a href=\"https:\/\/www.exlibris.or.at\/?page_id=331\" class=\"more-link\"><span class=\"screen-reader-text\">Stefan Eggeler 1894 bis 1996 Biographie<\/span> weiterlesen<\/a><\/p>\n","protected":false},"author":1,"featured_media":0,"parent":0,"menu_order":0,"comment_status":"closed","ping_status":"closed","template":"","meta":{"footnotes":""},"_links":{"self":[{"href":"https:\/\/www.exlibris.or.at\/index.php?rest_route=\/wp\/v2\/pages\/331"}],"collection":[{"href":"https:\/\/www.exlibris.or.at\/index.php?rest_route=\/wp\/v2\/pages"}],"about":[{"href":"https:\/\/www.exlibris.or.at\/index.php?rest_route=\/wp\/v2\/types\/page"}],"author":[{"embeddable":true,"href":"https:\/\/www.exlibris.or.at\/index.php?rest_route=\/wp\/v2\/users\/1"}],"replies":[{"embeddable":true,"href":"https:\/\/www.exlibris.or.at\/index.php?rest_route=%2Fwp%2Fv2%2Fcomments&post=331"}],"version-history":[{"count":9,"href":"https:\/\/www.exlibris.or.at\/index.php?rest_route=\/wp\/v2\/pages\/331\/revisions"}],"predecessor-version":[{"id":1441,"href":"https:\/\/www.exlibris.or.at\/index.php?rest_route=\/wp\/v2\/pages\/331\/revisions\/1441"}],"wp:attachment":[{"href":"https:\/\/www.exlibris.or.at\/index.php?rest_route=%2Fwp%2Fv2%2Fmedia&parent=331"}],"curies":[{"name":"wp","href":"https:\/\/api.w.org\/{rel}","templated":true}]}}