{"id":309,"date":"2020-06-25T12:50:55","date_gmt":"2020-06-25T10:50:55","guid":{"rendered":"http:\/\/www.twr.at\/wp\/?page_id=309"},"modified":"2022-10-24T15:07:35","modified_gmt":"2022-10-24T13:07:35","slug":"aufsaetze-ueber-exlibris-und-deren-eigner","status":"publish","type":"page","link":"https:\/\/www.exlibris.or.at\/?page_id=309","title":{"rendered":"Aufs\u00e4tze \u00fcber Exlibris und deren Eigner"},"content":{"rendered":"\n<p><a href=\"http:\/\/www.twr.at\/wp\/?page_id=762\">Michael Fingesten und Josephine Baker<\/a><\/p>\n\n\n\n<p><a href=\"http:\/\/www.exlibris.or.at\/?page_id=1150\">Exlibris- und Kunstsammler<\/a><\/p>\n\n\n\n<p><a href=\"http:\/\/www.exlibris.or.at\/?page_id=918\">Stefan Kellner<\/a><\/p>\n\n\n\n<p><a href=\"http:\/\/www.exlibris.or.at\/?page_id=1384\"> Nikolaus von Ru\u017ei\u010di\u010d <\/a><\/p>\n\n\n\n<p><a href=\"http:\/\/www.exlibris.or.at\/?page_id=1374\">Max Jaffe<\/a><\/p>\n\n\n\n<p><a href=\"http:\/\/www.exlibris.or.at\/?attachment_id=1652\">Cischini ein misteri\u00f6ses Exlibris<\/a><\/p>\n\n\n\n<p><a href=\"http:\/\/www.exlibris.or.at\/?page_id=1004\">Sammlerstempel<\/a><\/p>\n\n\n\n<p><\/p>\n","protected":false},"excerpt":{"rendered":"<p>Michael Fingesten und Josephine Baker Exlibris- und Kunstsammler Stefan Kellner Nikolaus von Ru\u017ei\u010di\u010d Max Jaffe Cischini ein misteri\u00f6ses Exlibris Sammlerstempel<\/p>\n","protected":false},"author":1,"featured_media":0,"parent":0,"menu_order":0,"comment_status":"closed","ping_status":"closed","template":"","meta":{"footnotes":""},"_links":{"self":[{"href":"https:\/\/www.exlibris.or.at\/index.php?rest_route=\/wp\/v2\/pages\/309"}],"collection":[{"href":"https:\/\/www.exlibris.or.at\/index.php?rest_route=\/wp\/v2\/pages"}],"about":[{"href":"https:\/\/www.exlibris.or.at\/index.php?rest_route=\/wp\/v2\/types\/page"}],"author":[{"embeddable":true,"href":"https:\/\/www.exlibris.or.at\/index.php?rest_route=\/wp\/v2\/users\/1"}],"replies":[{"embeddable":true,"href":"https:\/\/www.exlibris.or.at\/index.php?rest_route=%2Fwp%2Fv2%2Fcomments&post=309"}],"version-history":[{"count":34,"href":"https:\/\/www.exlibris.or.at\/index.php?rest_route=\/wp\/v2\/pages\/309\/revisions"}],"predecessor-version":[{"id":1653,"href":"https:\/\/www.exlibris.or.at\/index.php?rest_route=\/wp\/v2\/pages\/309\/revisions\/1653"}],"wp:attachment":[{"href":"https:\/\/www.exlibris.or.at\/index.php?rest_route=%2Fwp%2Fv2%2Fmedia&parent=309"}],"curies":[{"name":"wp","href":"https:\/\/api.w.org\/{rel}","templated":true}]}}