{"id":259,"date":"2020-03-18T13:14:51","date_gmt":"2020-03-18T12:14:51","guid":{"rendered":"http:\/\/www.twr.at\/wp\/?page_id=259"},"modified":"2021-12-14T15:15:58","modified_gmt":"2021-12-14T14:15:58","slug":"willkommen-auf-unserer-homepage","status":"publish","type":"page","link":"https:\/\/www.exlibris.or.at\/","title":{"rendered":"Willkommen auf der Homepage von Brigitte und Peter Rath!"},"content":{"rendered":"\n<p class=\"has-medium-font-size\"><strong>Wir haben ein gemeinsames Hobby, das Sammeln von Exlibris. Peter ist leidenschaftlicher Jazzmusiker und sammelt alte Musikinstrumente. Er sammelt vor allem Musik-, und \u00f6sterreichische Exlibris. Exlibris K\u00fcnstler und deren Eigner aufzuarbeiten ist auch sein Hobby.<\/strong> <strong>Er besch\u00e4ftigt sich auch mit Genealogie.<\/strong><\/p>\n\n\n\n<p><strong>&nbsp;<\/strong><\/p>\n\n\n\n<p>Die in meiner Homepage erstellten wissenschaftlichen Arbeiten \u00fcber Exlibris-K\u00fcnstler und Eigner, erf\u00fcllen den Zweck, die Aufarbeitung von Werklisten \u00f6sterreichischer K\u00fcnstler und Exlibris-Eigner zu Pr\u00e4sentieren. Weiter sind Informationen zum \u00d6sterreichischen Exlibris und Aufs\u00e4tze dar\u00fcber geplant. Die angef\u00fchrten Titel entsprechen meinen Ideen und Interessen. Die \u00d6sterreichische Exlibris \u2013 Gesellschaft, und ihre Mitglieder, sind sich der Stellung ihrer wissenschaftlichen Funktion, zu Erg\u00e4nzung der wissenschaftlichen Arbeit der staatlichen Galerien und Museen bewusst. Die folgenden Aufs\u00e4tze, Werklisten und Werkzitate, sind (wenn nicht anders zitiert) aus meinem Eigentum.&nbsp;Ich bitte um Korrekturen und Ergenzungen an meine E-Mail Adresse: rath.p@aon.at .&nbsp;&nbsp; <\/p>\n\n\n\n<p>Die Werklisten sind unterschiedlich &#8211; bedingt durch ihre Entstehungszeit und Ersteller(innen)\u2013 Strukturiert. Die Aufs\u00e4tze \u2013 wenn nicht anders zitiert \u2013 unterliegen meinem Copyright. Auch sie haben verschiedene Entstehungszeiten. Fremdzitate sind mit Namen Zitiert. F\u00fcr meine Fehler und Irrungen bitte ich die Leserin und dem Leser um Verzeihung.  Alle in dieser Internet-Seite enthaltenen Angaben und Informationen wurden sorgf\u00e4ltig gepr\u00fcft. Dennoch kann ich nicht Gew\u00e4hr f\u00fcr die Richtigkeit aller Informationen \u00fcbernehmen. Ich \u00fcbernehme keine Haftung f\u00fcr Sch\u00e4den und Folgesch\u00e4den durch die Verwendung dieser Internet-Seite oder f\u00fcr dessen Verf\u00fcgbarkeit. Die auf dieser Internet-Seite publizierten Informationen sind rechtlich nicht verbindlich. Dies ist eine nicht kommerzielle Website mit wissenschaftlichen Inhalten. Alle auf dieser Website zitierte Texte sowie Bilder sind wissenschaftlichen Inhalts und deshalb urheberrechtsfrei.&nbsp;<\/p>\n\n\n\n<p> Ohne der Mittarbeit von Frau Dr. Ursula M\u00fcksch, Dr. Claudia Karolyi, Dr. Veronika Pfolz und der Exlibris Datenbank von HR Dr. Karl F. Stock, w\u00e4re diese Homepage nicht m\u00f6glich gewesen. <\/p>\n\n\n\n<p><\/p>\n","protected":false},"excerpt":{"rendered":"<p>Wir haben ein gemeinsames Hobby, das Sammeln von Exlibris. Peter ist leidenschaftlicher Jazzmusiker und sammelt alte Musikinstrumente. Er sammelt vor allem Musik-, und \u00f6sterreichische Exlibris. Exlibris K\u00fcnstler und deren Eigner aufzuarbeiten ist auch sein Hobby. Er besch\u00e4ftigt sich auch mit Genealogie. &nbsp; Die in meiner Homepage erstellten wissenschaftlichen Arbeiten \u00fcber Exlibris-K\u00fcnstler und Eigner, erf\u00fcllen den &hellip; <a href=\"https:\/\/www.exlibris.or.at\/\" class=\"more-link\"><span class=\"screen-reader-text\">Willkommen auf der Homepage von Brigitte und Peter Rath!<\/span> weiterlesen<\/a><\/p>\n","protected":false},"author":1,"featured_media":17,"parent":0,"menu_order":0,"comment_status":"closed","ping_status":"closed","template":"","meta":{"footnotes":""},"_links":{"self":[{"href":"https:\/\/www.exlibris.or.at\/index.php?rest_route=\/wp\/v2\/pages\/259"}],"collection":[{"href":"https:\/\/www.exlibris.or.at\/index.php?rest_route=\/wp\/v2\/pages"}],"about":[{"href":"https:\/\/www.exlibris.or.at\/index.php?rest_route=\/wp\/v2\/types\/page"}],"author":[{"embeddable":true,"href":"https:\/\/www.exlibris.or.at\/index.php?rest_route=\/wp\/v2\/users\/1"}],"replies":[{"embeddable":true,"href":"https:\/\/www.exlibris.or.at\/index.php?rest_route=%2Fwp%2Fv2%2Fcomments&post=259"}],"version-history":[{"count":12,"href":"https:\/\/www.exlibris.or.at\/index.php?rest_route=\/wp\/v2\/pages\/259\/revisions"}],"predecessor-version":[{"id":1410,"href":"https:\/\/www.exlibris.or.at\/index.php?rest_route=\/wp\/v2\/pages\/259\/revisions\/1410"}],"wp:featuredmedia":[{"embeddable":true,"href":"https:\/\/www.exlibris.or.at\/index.php?rest_route=\/wp\/v2\/media\/17"}],"wp:attachment":[{"href":"https:\/\/www.exlibris.or.at\/index.php?rest_route=%2Fwp%2Fv2%2Fmedia&parent=259"}],"curies":[{"name":"wp","href":"https:\/\/api.w.org\/{rel}","templated":true}]}}