{"id":1570,"date":"2022-08-17T15:15:45","date_gmt":"2022-08-17T13:15:45","guid":{"rendered":"http:\/\/www.exlibris.or.at\/?page_id=1570"},"modified":"2022-08-17T15:19:25","modified_gmt":"2022-08-17T13:19:25","slug":"kuenstler","status":"publish","type":"page","link":"https:\/\/www.exlibris.or.at\/?page_id=1570","title":{"rendered":"K\u00fcnstler"},"content":{"rendered":"\n<p><a href=\"http:\/\/www.exlibris.or.at\/?page_id=1572\">Internationale K\u00fcnstler<\/a><\/p>\n\n\n\n<p><a href=\"http:\/\/www.exlibris.or.at\/?page_id=303\">\u00d6sterreichische K\u00fcnstler<\/a><\/p>\n","protected":false},"excerpt":{"rendered":"<p>Internationale K\u00fcnstler \u00d6sterreichische K\u00fcnstler<\/p>\n","protected":false},"author":1,"featured_media":0,"parent":0,"menu_order":0,"comment_status":"closed","ping_status":"closed","template":"","meta":{"footnotes":""},"_links":{"self":[{"href":"https:\/\/www.exlibris.or.at\/index.php?rest_route=\/wp\/v2\/pages\/1570"}],"collection":[{"href":"https:\/\/www.exlibris.or.at\/index.php?rest_route=\/wp\/v2\/pages"}],"about":[{"href":"https:\/\/www.exlibris.or.at\/index.php?rest_route=\/wp\/v2\/types\/page"}],"author":[{"embeddable":true,"href":"https:\/\/www.exlibris.or.at\/index.php?rest_route=\/wp\/v2\/users\/1"}],"replies":[{"embeddable":true,"href":"https:\/\/www.exlibris.or.at\/index.php?rest_route=%2Fwp%2Fv2%2Fcomments&post=1570"}],"version-history":[{"count":2,"href":"https:\/\/www.exlibris.or.at\/index.php?rest_route=\/wp\/v2\/pages\/1570\/revisions"}],"predecessor-version":[{"id":1576,"href":"https:\/\/www.exlibris.or.at\/index.php?rest_route=\/wp\/v2\/pages\/1570\/revisions\/1576"}],"wp:attachment":[{"href":"https:\/\/www.exlibris.or.at\/index.php?rest_route=%2Fwp%2Fv2%2Fmedia&parent=1570"}],"curies":[{"name":"wp","href":"https:\/\/api.w.org\/{rel}","templated":true}]}}