{"id":1374,"date":"2021-12-14T14:10:59","date_gmt":"2021-12-14T13:10:59","guid":{"rendered":"http:\/\/www.exlibris.or.at\/?page_id=1374"},"modified":"2022-10-14T16:26:01","modified_gmt":"2022-10-14T14:26:01","slug":"max-jaffe-1845-1939-komponist-und-musikverleger","status":"publish","type":"page","link":"https:\/\/www.exlibris.or.at\/?page_id=1374","title":{"rendered":"Max Jaff\u00e9 1845 \u2013 1939, Komponist und Musikverleger"},"content":{"rendered":"\n<p><\/p>\n\n\n\n<p>Max Jaff\u00e9<strong>,<\/strong> geb. Schwerin&nbsp; 27.7.1845, gest.\nWien 14.12.1939, Photograph und Reproduktionstechniker, Pionier des Lichtdrucks, auch Maler (!). Bestattet Wien Dornbach, am\n18.12.1939. Als 1888 in Wien die Graphische\nLehr- und Versuchsanstalt gegr\u00fcndet wurde, folgte Max Jaff\u00e9 dem Ruf als\nFachlehrer f\u00fcr Photographie und Reproduktionstechnik. Zugleich besch\u00e4ftigte er\nsich in seiner Firma mit neuen Methoden f\u00fcr den Stein- und Lichtdruck. Der\nLichtdruck z\u00e4hlt (wie Offset- und Steindruck) zu den Flachdruckverfahren, die\nauf dem Prinzip der Absto\u00dfung von Fett und Wasser beruhen. Er ist bis heute die\nphotomechanische Reproduktionsmethode, die alle Details einer Vorlage im\nTonwert und in der Farbe am getreuesten wiedergibt.<\/p>\n\n\n\n<p>Biographie und Exlibris<\/p>\n\n\n\n<p>\u00dcber den Wissenschaftler gibt es so viele Informationen im Internet, das ich hier passe. Bitte selbst nachschauen. Passen Sie aber bitte auf, es gibt vier verschiedene Personen mit dem Namen Max Jaff\u00e9 (WBIS), vielleicht auch f\u00fcnf. Es befinden sich auch mehrere j\u00fcdische Geistliche und Theologen unter ihnen. Max Jaff\u00e9 selbst tritt 1880 aus dem mosaischen Glauben aus. (Staudacher) <\/p>\n\n\n\n<p>Die gro\u00dfe \u00dcberraschung ist, Max Jaff\u00e9 war auch Komponist und\nMusikverleger.&nbsp;&nbsp;&nbsp; <\/p>\n\n\n\n<p>Da hier nur ein Exlibris beschrieben wird, gibt es nat\u00fcrlich keine\nWerkliste.<\/p>\n\n\n\n<p>Das Exlibris.<\/p>\n\n\n\n<div class=\"wp-block-image\"><figure class=\"aligncenter size-large is-resized\"><img loading=\"lazy\" decoding=\"async\" src=\"http:\/\/www.exlibris.or.at\/wp-content\/uploads\/2021\/12\/jaffe.jpg\" alt=\"\" class=\"wp-image-1375\" width=\"216\" height=\"491\" srcset=\"https:\/\/www.exlibris.or.at\/wp-content\/uploads\/2021\/12\/jaffe.jpg 173w, https:\/\/www.exlibris.or.at\/wp-content\/uploads\/2021\/12\/jaffe-132x300.jpg 132w\" sizes=\"(max-width: 216px) 100vw, 216px\" \/><\/figure><\/div>\n\n\n\n<p>Das Exlibris ist offenbar ein\nLichtdruck. Es ist mit A. Jaff\u00e9 in der Platte signiert, offenbar von seinem\nSohn Arthur geschaffen. In der Mitte ist ein Portrait von Carl Ditters von Dittersdorf\n(1739-1799). Das wirft nat\u00fcrlich Fragen auf. Ein \u00fcberaschender Fund im\nBayrischen Musikerlexikon bez\u00fcglich Max Jaff\u00e9 1945-1939 machte mich stutzig.\nHier ist er als Musikverleger zitiert, mit weiteren T\u00e4tigkeiten: Maler und\nFotograf. \u00dcberaschenderweise war meine Suche auf seine musikalischen Spuren von\nErfolg gekr\u00f6nt. Es ist eine neue Facette seiner Pers\u00f6nlichkeit in seiner\nBiographie aufgetaucht, seine Musikalit\u00e4t.&nbsp;&nbsp;\n<\/p>\n\n\n\n<div class=\"wp-block-image\"><figure class=\"aligncenter size-large is-resized\"><img loading=\"lazy\" decoding=\"async\" src=\"http:\/\/www.exlibris.or.at\/wp-content\/uploads\/2021\/12\/ditter.jpg\" alt=\"\" class=\"wp-image-1376\" width=\"160\" height=\"271\"\/><\/figure><\/div>\n\n\n\n<p class=\"has-text-align-center\">Carl Ditters von Dittersdorf 1739-1799 (Ausschnitt)<\/p>\n\n\n\n<p>Eine Suche in der Musiksammlung der \u00d6sterreichischen\nNationalbibliothek war erfolgreich: &nbsp;Max\nJaff\u00e9 war auch Komponist! Gefunden habe ich zehn Lieder f\u00fcr Gesang und Klavier\nim Verlag der Vienna Edition von Rudolf Jamnig, Musikverlag Wien IX.\nT\u00fcrkenstra\u00dfe Nr. 9 (\u00d6NB M. S. 13233) Der Verlag war vorher in der H\u00f6rlg. 6.\nNach dem Tod von Rudolf Jamnig 1931, erlosch die Konzession. Weiter tritt Max\nJaffe auch als (Musik)Verleger auf, f\u00fcr den Komponisten Anton Gatscha\n1883-1922. Zitat ist der Verlag von Max Jaff\u00e9\ngegr\u00fcndet 1875, es gab eine Filiale in W\u00f6rgl. Die Kunstanstalt Max Jaff\u00e9 wurde\n1876 gegr\u00fcndet und war im Besitz von Max und Arthur Jaff\u00e9 und Hans Gr\u00f6ger. <\/p>\n\n\n\n<p>Ob obiges Zitat im Bayrischen Musikerlexikon f\u00fcr die\nBezeichnung Musikverleger gereicht hat, weiss ich leider nicht&nbsp;&nbsp;&nbsp;&nbsp; <\/p>\n\n\n\n<div class=\"wp-block-image\"><figure class=\"aligncenter size-large is-resized\"><img loading=\"lazy\" decoding=\"async\" src=\"http:\/\/www.exlibris.or.at\/wp-content\/uploads\/2021\/12\/musikjaffe.jpg\" alt=\"\" class=\"wp-image-1377\" width=\"294\" height=\"391\"\/><\/figure><\/div>\n\n\n\n<p class=\"has-text-align-center\">Max Jaff\u00e9&nbsp; im Musikverlag Rudolf Jamnig<\/p>\n\n\n\n<div class=\"wp-block-image\"><figure class=\"aligncenter size-large\"><img loading=\"lazy\" decoding=\"async\" width=\"270\" height=\"349\" src=\"http:\/\/www.exlibris.or.at\/wp-content\/uploads\/2021\/12\/verlagjaffe.jpg\" alt=\"\" class=\"wp-image-1378\" srcset=\"https:\/\/www.exlibris.or.at\/wp-content\/uploads\/2021\/12\/verlagjaffe.jpg 270w, https:\/\/www.exlibris.or.at\/wp-content\/uploads\/2021\/12\/verlagjaffe-232x300.jpg 232w\" sizes=\"(max-width: 270px) 100vw, 270px\" \/><\/figure><\/div>\n\n\n\n<p class=\"has-text-align-center\">Verlag Max Jaff\u00e9<\/p>\n\n\n\n<div class=\"wp-block-image\"><figure class=\"aligncenter size-large is-resized\"><img loading=\"lazy\" decoding=\"async\" src=\"http:\/\/www.exlibris.or.at\/wp-content\/uploads\/2022\/10\/Arthur-Jaffe-f\u00fcr-Luise-Pracher4-898x1024.jpg\" alt=\"\" class=\"wp-image-1630\" width=\"395\" height=\"450\" srcset=\"https:\/\/www.exlibris.or.at\/wp-content\/uploads\/2022\/10\/Arthur-Jaffe-f\u00fcr-Luise-Pracher4-898x1024.jpg 898w, https:\/\/www.exlibris.or.at\/wp-content\/uploads\/2022\/10\/Arthur-Jaffe-f\u00fcr-Luise-Pracher4-263x300.jpg 263w, https:\/\/www.exlibris.or.at\/wp-content\/uploads\/2022\/10\/Arthur-Jaffe-f\u00fcr-Luise-Pracher4-768x875.jpg 768w, https:\/\/www.exlibris.or.at\/wp-content\/uploads\/2022\/10\/Arthur-Jaffe-f\u00fcr-Luise-Pracher4-1347x1536.jpg 1347w, https:\/\/www.exlibris.or.at\/wp-content\/uploads\/2022\/10\/Arthur-Jaffe-f\u00fcr-Luise-Pracher4.jpg 1351w\" sizes=\"(max-width: 395px) 100vw, 395px\" \/><figcaption>K\u00fcnstler: Arthur Jaffe<\/figcaption><\/figure><\/div>\n\n\n\n<p>In der offenbar musikalischen Familie, gibt es mehrere&nbsp; Komponisten.<\/p>\n\n\n\n<p>In gro\u00dfer Verehrung f\u00fcr das Multitalent Max Jaff\u00e9 erstellt\nEnde 2021, von Peter Rath \u00a9 in Wien. Ohne die Mithilfe von Dr. Veronika Pfolz,\nDr. Ursula M\u00fcksch und der Exlibris \u2013 Datenbank von HR Dr. Karl F. Stock, w\u00e4re\ndiese Arbeit nicht m\u00f6glich gewesen.&nbsp;&nbsp; <br><\/p>\n\n\n\n<hr class=\"wp-block-separator\"\/>\n\n\n\n<p><\/p>\n","protected":false},"excerpt":{"rendered":"<p>Max Jaff\u00e9, geb. Schwerin&nbsp; 27.7.1845, gest. Wien 14.12.1939, Photograph und Reproduktionstechniker, Pionier des Lichtdrucks, auch Maler (!). Bestattet Wien Dornbach, am 18.12.1939. Als 1888 in Wien die Graphische Lehr- und Versuchsanstalt gegr\u00fcndet wurde, folgte Max Jaff\u00e9 dem Ruf als Fachlehrer f\u00fcr Photographie und Reproduktionstechnik. Zugleich besch\u00e4ftigte er sich in seiner Firma mit neuen Methoden f\u00fcr &hellip; <a href=\"https:\/\/www.exlibris.or.at\/?page_id=1374\" class=\"more-link\"><span class=\"screen-reader-text\">Max Jaff\u00e9 1845 \u2013 1939, Komponist und Musikverleger<\/span> weiterlesen<\/a><\/p>\n","protected":false},"author":1,"featured_media":0,"parent":0,"menu_order":0,"comment_status":"closed","ping_status":"closed","template":"","meta":{"footnotes":""},"_links":{"self":[{"href":"https:\/\/www.exlibris.or.at\/index.php?rest_route=\/wp\/v2\/pages\/1374"}],"collection":[{"href":"https:\/\/www.exlibris.or.at\/index.php?rest_route=\/wp\/v2\/pages"}],"about":[{"href":"https:\/\/www.exlibris.or.at\/index.php?rest_route=\/wp\/v2\/types\/page"}],"author":[{"embeddable":true,"href":"https:\/\/www.exlibris.or.at\/index.php?rest_route=\/wp\/v2\/users\/1"}],"replies":[{"embeddable":true,"href":"https:\/\/www.exlibris.or.at\/index.php?rest_route=%2Fwp%2Fv2%2Fcomments&post=1374"}],"version-history":[{"count":5,"href":"https:\/\/www.exlibris.or.at\/index.php?rest_route=\/wp\/v2\/pages\/1374\/revisions"}],"predecessor-version":[{"id":1631,"href":"https:\/\/www.exlibris.or.at\/index.php?rest_route=\/wp\/v2\/pages\/1374\/revisions\/1631"}],"wp:attachment":[{"href":"https:\/\/www.exlibris.or.at\/index.php?rest_route=%2Fwp%2Fv2%2Fmedia&parent=1374"}],"curies":[{"name":"wp","href":"https:\/\/api.w.org\/{rel}","templated":true}]}}