{"id":1211,"date":"2021-04-21T17:36:28","date_gmt":"2021-04-21T15:36:28","guid":{"rendered":"http:\/\/www.exlibris.or.at\/?page_id=1211"},"modified":"2021-04-21T17:50:32","modified_gmt":"2021-04-21T15:50:32","slug":"exlibris-werkliste-von-walter-schiller","status":"publish","type":"page","link":"https:\/\/www.exlibris.or.at\/?page_id=1211","title":{"rendered":"Exlibris Werkliste von Walter Schiller,"},"content":{"rendered":"\n<p><\/p>\n\n\n\n<p>nach den\nJahrb\u00fcchern der \u00d6sterreichischen Exlibrisgesellschaft, und dem Verzeichnis der\nAutoren und K\u00fcnstler in den Jahresver\u00f6ffentlichungen der \u00d6sterreichischen\nExlibrisgesellschaft.<\/p>\n\n\n\n<p>Die Reihung der\nExlibris in folgender Werkliste, entspricht der Reihenfolge der Erw\u00e4hnungen in\nden Jahrb\u00fcchern der \u00d6EG, und nicht der Aufstellung aus dem &#8222;Verzeichnis\nder Autoren und K\u00fcnstler in den Jahresver- \u00f6ffentlichungen der \u00d6sterreichischen\nExlibris Gesellschaft von 1902 bis 1951&#8220;, Beilage zum \u00d6sterreichischen\nJahrbuch f\u00fcr Exlibris und Gebrauchsgraphik Band 39 (1952\/53). Die folgende\nReihung ist vom Autor vorgenommen, und ist weder beweisbar noch bindend.&nbsp;&nbsp; <\/p>\n\n\n\n<p>S\u00e4mtliche Exlibris\nsind Kliche\u00b4s.<\/p>\n\n\n\n<p>Opus 1.) Walter\nSchiller, Eigenexlibris, Abb. \u00d6EG Jb. Nr. 7\/1908 S.31, Original in meinem\nBesitz;<\/p>\n\n\n\n<p>Opus 2.) Alice\nPinkus, Abb. \u00d6EG Jb. 7\/1909 S.31, Original in meinem Besitz, (M\u00f6glicherweise\nverwandt mit Alexander Pinkus (nur ein Pinkus im Lehmann 1910!) Int. Buro. f.\nAusstellungsangelegenheiten, Agentur und Kaufm. Gesch., Ritter d. griech EO, d.\nserb. Tapferk. O., der serb. Sava O., v.d. bulg. Ao., Bes. d. pers. gld. SLM. &nbsp;u. d. rum. Jub. Med. Karol I., off. d. Acad., VI\/2,\nGumpendorferstr. 96, B\u00fcro, I., Annag.4, ders. erw\u00e4hnt in &#8222;High Life\nAlmanach 4.Jg. 1908; <\/p>\n\n\n\n<p>Opus 3.) Josef Schnierer, beschr. \u00d6EG Jb. 7\/1909, Abb. \u00d6EG Jb. 8\/1910, Lt. \u00d6EG Jb. 7\/1909 ist der\nExlibriseigner Mediziner, (im &#8222;High Life Almanach 4. Jg. 1908 ist ein\nMoritz T. Schnirer ohne ie als Mdr. Red. u. Herausgeber d. &#8222;Klinisch &#8211;\nTherapeut. Wochenschrift&#8220; genannt, Adr. XIX\/1 D\u00f6bl. Hauptstr. 36), (Nach\nLehmann 1910 gibt es einen Moritz Schnirer (ohne ie) MDR. Herrausg. u. Redakteur\nd. Klinisch &#8211; Therapeut. Wochenschrift, XIX\/1, D\u00f6bl. Hauptstr. 36,) Original in\nmeinem Besitz;<\/p>\n\n\n\n<p>Opus 4.) Richard\nWiener, beschr. \u00d6EG Jb. 7\/1909, in keinem Jb. abgeb., der Exlibriseigner\nsammelt Kuriosa, Hexen und Tauberb\u00fccher; lt. beschr. 7\/1909 zeigt die Abb.\n&#8222;einen t\u00fcckischen M\u00f6rder, halb Fabelwesen, halb Tier halb Pflanze, das mit\nseinen Fangarmen einen Reiher w\u00fcrgt;&#8220; als Kopie vorhanden; (nicht im\n&#8222;High Life 1908);&nbsp; <\/p>\n\n\n\n<p>Opus 5.) Richard\nWiener, (w.o.), beschr. \u00d6EG Jb. 7\/1909, in keinem Jb. abgeb., Lt. beschr.\n&#8220; ein heiterer Fl\u00f6tenspieler, ein \u00fcberaus &nbsp;bizarres Gesch\u00f6pf, das sich kaum beschreiben l\u00e4sst\nund die au\u00dfergew\u00f6hnliche Phantasie des Zeichners beweist;&#8220; als Kopie vorhanden;<\/p>\n\n\n\n<p>Opus 6.) Phillip\nFrey, erw\u00e4hnt im \u00d6EG Jb. 7\/1909, ohne Beschreibung, in keinem Jb. abgeb., als\nOriginal in meiner Sammlung vorhanden, (Phillip Frey ist das Pseudonym f\u00fcr Phillip\nFriedmann, Schriftsteller, laut &#8222;High Life Almanach 4.Jg. 1908), Adr.: IV.,\nSchwindg. 7;<\/p>\n\n\n\n<p>Opus 7.) Viktor\nKrausz, erw\u00e4hnt im \u00d6EG Jb. 7\/1909, ohne Beschreibung, in keinem Jb. abgeb., als\nOriginal in meiner Sammlung vorhanden; (Lt. &#8222;High Life Almanach 4.Jg. 1908\nWilhelm Viktor Krausz, Maler, I., Stubenring 20);<\/p>\n\n\n\n<p>Opus 8.) Adele\nPerles, erw\u00e4hnt im \u00d6EG Jb. 7\/1909, ohne Beschreibung, in keinem Jb. abgeb., als\nOriginal in meiner Sammlung vorhanden;<\/p>\n\n\n\n<p>Opus 9.) Adele\nPerles, in der Liste der &#8222;Neuerscheinungen \u00f6sterreichischer und deutscher\nExlibris, mitgeteilt durch Josef Saar,&#8220; im \u00d6EG Jb. 7\/1909, steht nach A.\nPerles. in Klammer die Zahl 2, es sind also insgesammt 2 Exlibris f\u00fcr A.\nPerles. von Walter Schiller entstanden, dem Autor ist nur eines bekannt;&nbsp;&nbsp;&nbsp;&nbsp; <\/p>\n\n\n\n<p>Opus 10.) Rette\nWolf, erw\u00e4hnt in der Liste der &#8222;Neuerscheinungen (w.o.),&#8220; im \u00d6EG Jb.\n7\/1909, abgeb. \u00d6EG Jb. 7\/1909, in dem Artikel \u00fcber Theater Exlibris erw\u00e4hnt als\n&#8222;angehende B\u00fchnenk\u00fcnstlerin&#8220;, in meiner Sammlung als Original\nvorhanden, ( m\u00f6glicherweise verwandt mit Raoul Ritter von Wolf, Dr. d. gesamten\nHeilkunde, kaiserlicher. Rat, leitender Arzt des Beatrixbades, Ritter des bulg.\nAO., III.\/1, Beatrixg. 14 A,);<\/p>\n\n\n\n<p>Opus 11.) Grete\nGutheil, erw\u00e4hnt in der Liste der &#8222;Neuerscheinungen (w.o.),&#8220; im \u00d6EG\nJb. 7\/1909, im selben Jb. erw\u00e4hnt in dem Artikel \u00fcber\n&#8222;Theaterexlibris&#8220;, &#8222;Grete Gutheil in Weimar, eine Schwester des\nhiesigen Kapellmeisters ( Gustav Gutheil, Kapellmeister, XIX\/1, Blaasstr. 5,)\nund somit Schw\u00e4gerin unserer Hofoperns\u00e4ngerin Gutheil &#8211; Schoder,&#8220; (Adresse\nwie oben, laut Lehmann 1910) abgeb. im \u00d6EG Jb. 8\/1910, in&nbsp; meiner Sammlung als Original vorhanden;<\/p>\n\n\n\n<p>Opus 12.) Hansi\nNiese, erw\u00e4hnt in der Liste der &#8222;Neuerscheinungen (w.o.),&#8220; im \u00d6EG Jb.\n7\/1909, abgeb. und beschr. im Artikel &#8222;Theater Exlibris&#8220;,&nbsp; im \u00d6EG Jb. 7\/1909, als Original in meiner Sammlung\nvorhanden, (laut Lehmann 1910: Niese &#8211; Jarno, Hansi, Schauspielerin, VIII\/2,\nJosefst\u00e4tterstr. 77, in &#8222;High Life Almanach 4.Jg. 1908 nicht erw\u00e4hnt);&nbsp; <\/p>\n\n\n\n<p>Opus 13.) Hedwig\nNeumann (in Vorbereitung) laut Liste der &#8222;Neuerscheinungen (w.o.),&#8220;\nim \u00d6EG Jb. 7\/1909, abgeb. im \u00d6EG Jb. 8\/1910, &nbsp;plus 14.) Armin Friedmann, abgeb. und erw\u00e4hnt\nals Theaterkritiker der Wiener Zeitung, im \u00d6EG Jb. 7\/1909 im Artikel \u00fcber\n&#8222;Theater Exlibris&#8220;, (lt. &#8222;High Life Almanach 4. Jg. 1908 Redakteur\nd. Wiener Zeitung und Schriftsteller, I., B\u00f6rseg. 12,) El als Kopie vorhanden;&nbsp; <\/p>\n\n\n\n<p>Opus 15.) Nessi\nB\u00e4cher, Abgebildet und erw\u00e4hnt als &#8222;Kollegin&#8220; (Medizin?) im \u00d6EG Jb.\n8\/1910, als Kopie vorhanden, ( 2 M\u00f6gl. Verw. mit dem Namen B\u00e4cher sind im\nLehmann 1910 vorhanden, a.) Bernhard B\u00e4cher, Kaiserl. Rat, Besitzer der t\u00fcrk.\nMed. O.4, Rathhausstr. 19, b.) Stefan B., Dr.d.ges. Heilk.,XIX\/1, D\u00f6bl.Hauptstr.6);&nbsp; <\/p>\n\n\n\n<p>Opus 16.) Robert\nTemple, Abgebildet und erw\u00e4hnt als Schiffsbauer und Sohn des Malers Hans\nTemple, im \u00d6EG Jb. 8\/1910, als Kopie vorhanden; <\/p>\n\n\n\n<p>Opus 17.) Walter\nSchiller, Eigenblatt, abgeb. \u00d6EG Jb. 8\/19010, als Kopie vorhanden;<\/p>\n\n\n\n<p>Opus 18.) Moritz\nPerles, geb. 15.12.1844 in Prag, El abgeb. und erw\u00e4hnt als Hofbuchh\u00e4ndler\n(sic!) im \u00d6EG Jb. 8\/1910, als Kopie vorhanden, (laut &#8222;High Life Almanach\n4.Jg. 1908&#8220; erw\u00e4hnt: Perles Moritz und Agnes, geb. Schiller, Biberstr. 4);\n<\/p>\n\n\n\n<p>Opus 19.) Dr.\nArthur Sch\u00fcller, abgeb. und erw\u00e4hnt im \u00d6ER Jb. 9\/1911, ist A.S. laut Erw\u00e4hnung Mitbegr\u00fcnder\nder Sch\u00e4delr\u00f6ntgenologie, als Kopie vorhanden, (laut Lehmann 1910: Dr. d. gesamten\nHeilkunde, Univ. Priv. Dozent f. Neurologie u. Psychiatrie, IX\/3, Garnisong.7,\nlaut Lehmann 1910 gibt es eine Fa. Sch\u00fcller \u2013 Bondi Spediteure, I.\nSchellingg.3); <\/p>\n\n\n\n<p>Opus 20.) Wiener\n\u00c4rzte Orchester, erw\u00e4hnt unter &#8222;Neuerscheinungen&#8220; im \u00d6EG Jb. 9\/1911,\ndem Autor nicht bekannt; &nbsp;<\/p>\n\n\n\n<p>Opus 21.) Dr.\nWilhelm Klauber (Rad.???), erw\u00e4hnt unter &#8222;Neuerscheinungen&#8220; im \u00d6EG\nJb, 9\/1911, dem Autor nicht bekannt, (kann laut Lehmann 1910 folgende Pers.\ngewesen sein: Dr., Fin. Kanz. Prakt. I, Maysederg. 5,) Sohn auch verst., keine\nNachkommen;&nbsp;&nbsp; <\/p>\n\n\n\n<p>Opus 22.) Mina\nPreuss, erw\u00e4hnt unter &#8222;Neuerscheinungen&#8220; im \u00d6EG Jb. 9\/1911, als\nKliche in der Sammlung des Autors, (vielleicht verwandt mit a.) Arthur Preuss,\nSolos\u00e4nger d. k.k. Hofoper in Wien, * 23.2.1878, VII, Stiftg. 27, sp\u00e4ter II.\/2,\nSch\u00fcttelstr. 156; b.) Friedrich Preuss, Maler, * 29.5.1879 in Leipzig; beide\naus WER IST`S, 1922, WSLB A 32915); <\/p>\n\n\n\n<p>Opus 23.) Hans\nTemple, erw\u00e4hnt unter &#8222;Neuerscheinungen&#8220; im \u00d6EG Jb. 9\/1911, dem Autor\nnicht bekannt, H. Temple ist Maler und Vater von Robert Temple siehe Opus 16.),\n(lt &#8222;High Life Almanach 4.Jg. 1908 Mitglied d. Genossenschaft Bildender\nK\u00fcnstler Karlspl. 5, Inh. d. Kaiserl. \u00d6st. Franz Josef Orden, IV. Belvedereg.\n38); <\/p>\n\n\n\n<p>Opus 24.) Otto\nIchheiser, erw\u00e4hnt unter &#8222;Neuerscheinungen&#8220; im \u00d6EG Jb. 10\/1912, dem\nAutor nicht bekannt. Ein Otto Ichheiser wird im im Lehmann 1918, als Bmd.,\nIII\/2 K\u00fchbeckg 18 erw\u00e4hnt. Im Lehmann 1911 sind a.) Dr.I. Alfred, b.) Dr. I.\nFriedrich, c.) I. Josefine angegeben; <\/p>\n\n\n\n<p>Opus 25.) Armin Friedmann,\nabg. und erw\u00e4hnt als Theaterkritiker der Wiener Zeitung. Im \u00d6EG Jahrbuch 7\/1909\nim Artikel \u00fcber \u201eTheater \u2013 Exlibris\u201c, (Lit. \u201eHigh-Life Almanach\u201e) 4. Jg., 1908\nRedakteur der Wiener-Zeitung und Schriftsteller, I., B\u00f6rsegasse 12.) Als Kliche\nin der Sammlung des Autors.&nbsp;&nbsp;&nbsp; <\/p>\n\n\n\n<p>Opus 26.) Karoline\nBondi, nirgends erw\u00e4hnt und beschrieben, als Original in meinem Besitz, (eine\nBondi ist die Mutter von Rob. Stolz), Eine Lea Bondi wurde im August 1926\nAlleininhaberin der Fa. W\u00fcrthle &amp; Sohn in Wien. Verheiratet mit Alexander\nJaray. Sie mu\u00dfte am 21,April 1938 Ihre Konzession (Nichtarierin) zugunsten von\nFriedrich Welz zur\u00fccklegen;<\/p>\n\n\n\n<p>Dr.Samuel Bondi,\ngeb. 29. Juni in Mainz, 1920 habilitierte er sich an der Wiener med. Fakult\u00e4t\nals Privatdozent. Kinder: Gabriele und Hermann;<\/p>\n\n\n\n<p>Kommerzialrat Sigmund Bondi, Kaufmann, Wien II., Unt. Augartenstr.1A, wird bei Hugo Gold f\u00fcr 1938 erw\u00e4hnt. Jg Wien od. \u00d6st. Hermann Bondi Mathematiker geb. 1.11. 1919, kommt wegen der sp\u00e4ten Geburt vermutlich als verwandter nicht in Frage;<\/p>\n\n\n\n<p><\/p>\n\n\n\n<p>Das im&#8220; Verzeichnis der Autoren und K\u00fcnstler &#8230; 1902 &#8211; 1951&#8243; angegebene Exlibris f\u00fcr Vilma Quincke ist eindeutig \u00a0n i c h t von Walter Schiller, sondern von Bernhard Wenig.<\/p>\n\n\n\n<p><\/p>\n\n\n\n<p>Gesucht sind\nfolgende Exlibris:<\/p>\n\n\n\n<p>Opus 9.) Adele\nPerles, 2. Blatt,<\/p>\n\n\n\n<p>Opus 20.) Wiener\n\u00c4rzte &#8211; Orchester,<\/p>\n\n\n\n<p>Opus 21.) Dr.\nWilhelm Klauber, Sohn auch verst., keine Nachkommen.<\/p>\n\n\n\n<p>Opus\n23.) Hans Temple,<\/p>\n\n\n\n<p>Opus\n24.) Otto Ichheiser.<\/p>\n\n\n\n<p>eventuell ein 2.\nExlibris f\u00fcr Hedwig Neumann.<\/p>\n\n\n\n<p>Begonnen1999,\nunz\u00e4hlige Male Korrigiert und Erg\u00e4nzt, fertiggestellt 2021, von Peter Rath \u00a9,\nWien.&nbsp;&nbsp; <\/p>\n","protected":false},"excerpt":{"rendered":"<p>nach den Jahrb\u00fcchern der \u00d6sterreichischen Exlibrisgesellschaft, und dem Verzeichnis der Autoren und K\u00fcnstler in den Jahresver\u00f6ffentlichungen der \u00d6sterreichischen Exlibrisgesellschaft. Die Reihung der Exlibris in folgender Werkliste, entspricht der Reihenfolge der Erw\u00e4hnungen in den Jahrb\u00fcchern der \u00d6EG, und nicht der Aufstellung aus dem &#8222;Verzeichnis der Autoren und K\u00fcnstler in den Jahresver- \u00f6ffentlichungen der \u00d6sterreichischen Exlibris Gesellschaft &hellip; <a href=\"https:\/\/www.exlibris.or.at\/?page_id=1211\" class=\"more-link\"><span class=\"screen-reader-text\">Exlibris Werkliste von Walter Schiller,<\/span> weiterlesen<\/a><\/p>\n","protected":false},"author":1,"featured_media":0,"parent":0,"menu_order":0,"comment_status":"closed","ping_status":"closed","template":"","meta":{"footnotes":""},"_links":{"self":[{"href":"https:\/\/www.exlibris.or.at\/index.php?rest_route=\/wp\/v2\/pages\/1211"}],"collection":[{"href":"https:\/\/www.exlibris.or.at\/index.php?rest_route=\/wp\/v2\/pages"}],"about":[{"href":"https:\/\/www.exlibris.or.at\/index.php?rest_route=\/wp\/v2\/types\/page"}],"author":[{"embeddable":true,"href":"https:\/\/www.exlibris.or.at\/index.php?rest_route=\/wp\/v2\/users\/1"}],"replies":[{"embeddable":true,"href":"https:\/\/www.exlibris.or.at\/index.php?rest_route=%2Fwp%2Fv2%2Fcomments&post=1211"}],"version-history":[{"count":2,"href":"https:\/\/www.exlibris.or.at\/index.php?rest_route=\/wp\/v2\/pages\/1211\/revisions"}],"predecessor-version":[{"id":1221,"href":"https:\/\/www.exlibris.or.at\/index.php?rest_route=\/wp\/v2\/pages\/1211\/revisions\/1221"}],"wp:attachment":[{"href":"https:\/\/www.exlibris.or.at\/index.php?rest_route=%2Fwp%2Fv2%2Fmedia&parent=1211"}],"curies":[{"name":"wp","href":"https:\/\/api.w.org\/{rel}","templated":true}]}}