{"id":1103,"date":"2021-03-05T16:13:26","date_gmt":"2021-03-05T15:13:26","guid":{"rendered":"http:\/\/www.exlibris.or.at\/?page_id=1103"},"modified":"2021-08-24T14:31:15","modified_gmt":"2021-08-24T12:31:15","slug":"emil-fickert-1870-1957-und-alexander-sascha-santel-1883-1945","status":"publish","type":"page","link":"https:\/\/www.exlibris.or.at\/?page_id=1103","title":{"rendered":"Emil Fickert 1870-1957 und Alexander (Sascha) \u0160antel. 1883-1945"},"content":{"rendered":"\n<p class=\"has-text-align-center\">Emil Fickert<\/p>\n\n\n\n<div class=\"wp-block-image\"><figure class=\"aligncenter size-large is-resized\"><img loading=\"lazy\" decoding=\"async\" src=\"http:\/\/www.exlibris.or.at\/wp-content\/uploads\/2021\/03\/Alexander-Santel-Streichquartett-1024x653.jpg\" alt=\"\" class=\"wp-image-1104\" width=\"511\" height=\"325\" srcset=\"https:\/\/www.exlibris.or.at\/wp-content\/uploads\/2021\/03\/Alexander-Santel-Streichquartett-1024x653.jpg 1024w, https:\/\/www.exlibris.or.at\/wp-content\/uploads\/2021\/03\/Alexander-Santel-Streichquartett-300x191.jpg 300w, https:\/\/www.exlibris.or.at\/wp-content\/uploads\/2021\/03\/Alexander-Santel-Streichquartett-768x490.jpg 768w, https:\/\/www.exlibris.or.at\/wp-content\/uploads\/2021\/03\/Alexander-Santel-Streichquartett-1536x980.jpg 1536w, https:\/\/www.exlibris.or.at\/wp-content\/uploads\/2021\/03\/Alexander-Santel-Streichquartett.jpg 1924w\" sizes=\"(max-width: 511px) 100vw, 511px\" \/><figcaption> Alexander Santel f\u00fcr das Streichquartett Steiner Santel Mayr Fickert <\/figcaption><\/figure><\/div>\n\n\n\n<p>Alexander Santel f\u00fcr das Streichquartett Steiner Santel Mayr Fickert<\/p>\n\n\n\n<p>Es ist eine gro\u00dfe Freude, eine\nn\u00e4here Verbindung zwischen einem Exlibris-Sammler und K\u00fcnstlern zu finden. In\ndiesem Fall waren beide genannten auch zus\u00e4tzlich Musiker, die gemeinsam in\neinem Quartett musizierten. Alexander \u0160antel spielte Violine, Emil Fickert das\nCello. Vermutlich Georg Steiner Violine, f\u00fcr Mayr gibt es zu viele\nM\u00f6glichkeiten. Das Quartett hatte den Namen \u201eStreichquartett Steiner \u0160antel\nMayr Fickert.\u201c <\/p>\n\n\n\n<div class=\"wp-block-image\"><figure class=\"aligncenter size-large is-resized\"><img loading=\"lazy\" decoding=\"async\" src=\"http:\/\/www.exlibris.or.at\/wp-content\/uploads\/2021\/03\/Alexander-Santel-E.-Fickert-972x1024.jpg\" alt=\"\" class=\"wp-image-1105\" width=\"374\" height=\"394\" srcset=\"https:\/\/www.exlibris.or.at\/wp-content\/uploads\/2021\/03\/Alexander-Santel-E.-Fickert-972x1024.jpg 972w, https:\/\/www.exlibris.or.at\/wp-content\/uploads\/2021\/03\/Alexander-Santel-E.-Fickert-285x300.jpg 285w, https:\/\/www.exlibris.or.at\/wp-content\/uploads\/2021\/03\/Alexander-Santel-E.-Fickert-768x809.jpg 768w, https:\/\/www.exlibris.or.at\/wp-content\/uploads\/2021\/03\/Alexander-Santel-E.-Fickert-1458x1536.jpg 1458w, https:\/\/www.exlibris.or.at\/wp-content\/uploads\/2021\/03\/Alexander-Santel-E.-Fickert-1944x2048.jpg 1944w, https:\/\/www.exlibris.or.at\/wp-content\/uploads\/2021\/03\/Alexander-Santel-E.-Fickert.jpg 1958w\" sizes=\"(max-width: 374px) 100vw, 374px\" \/><figcaption> Alexander Santel f\u00fcr Emil Fickert <\/figcaption><\/figure><\/div>\n\n\n\n<p>&nbsp;&nbsp; <\/p>\n\n\n\n<p>Emil Fickert, Musiker (Cellist), Exlibris-Sammler und Bankier,\ngeb. am 23. 12. 1870 in Wien, gest. am 18. 6. 1957 ebenda. Vater: Wilhelm F.\nDir., Mutter: Louise Luhde. Emil Fickert wurde von Otto Werner, Friedrich\nBuxbaum Cello, Karl Mayr und Anton Bruckner in Musiktheorie ausgebildet. Er\nerlernte Cello und Theorie. Als Cellist lag sein Schwerpunkt vor allem auf der\nKammermusik. Dar\u00fcber hinaus war er als Verfasser von Rezensionen und Kritiken\nin verschiedenen Zeitschriften aktiv und ver\u00f6ffentlichte u. a. Werke wie <em>Richard\nWagner. Eine Ex libris-Studie<\/em> (1904) und <em>Beethoven Ex libris<\/em>\n(1906). (data.oenb.ac.at). In der 5. (\u00d6EG) Versammlung, am 25. November1915 sprach\nEmil Fickert \u00fcber Musik Exlibris. (E. Vymladil). <\/p>\n\n\n\n<p>Von Emil Fickert ist\nfolgende Komposition bekannt: \u201cZigeunerlied,\u201d Gedicht von Myriam Peltazzi. Lied\nf\u00fcr eine Singstimme mit Begleitung des Pianoforte u. obligater Violine.\n(Adresse E. F. Wien I., Benngasse 13.&nbsp; <\/p>\n\n\n\n<p>Ein Teilnachlass von Emil Fickert ist in der \u00d6sterreichischen Nationalbibliothek. In der Wien Bibliothek, Handschriftenabteilung, sind Briefe von E. F. Emil Fickert ist der j\u00fcngere Bruder von August Fickert (Lehrerin und Frauenrechtlerin, 1855-1910, Ehrengrab am Fh Neustift).&nbsp; &nbsp;&nbsp;&nbsp;&nbsp;&nbsp;&nbsp;&nbsp;&nbsp;&nbsp;&nbsp;&nbsp;&nbsp;&nbsp;&nbsp;&nbsp;&nbsp;&nbsp;&nbsp;&nbsp;&nbsp;&nbsp;&nbsp;&nbsp;&nbsp;&nbsp;&nbsp;&nbsp;&nbsp;&nbsp;&nbsp;&nbsp;&nbsp;&nbsp;&nbsp;&nbsp;&nbsp;&nbsp; <\/p>\n\n\n\n<div class=\"wp-block-image\"><figure class=\"aligncenter size-large is-resized\"><img loading=\"lazy\" decoding=\"async\" src=\"http:\/\/www.exlibris.or.at\/wp-content\/uploads\/2021\/08\/Emil-Fickert-von-Hedwig-Gerber-705x1024.jpg\" alt=\"\" class=\"wp-image-1288\" width=\"282\" height=\"409\" srcset=\"https:\/\/www.exlibris.or.at\/wp-content\/uploads\/2021\/08\/Emil-Fickert-von-Hedwig-Gerber-705x1024.jpg 705w, https:\/\/www.exlibris.or.at\/wp-content\/uploads\/2021\/08\/Emil-Fickert-von-Hedwig-Gerber-207x300.jpg 207w, https:\/\/www.exlibris.or.at\/wp-content\/uploads\/2021\/08\/Emil-Fickert-von-Hedwig-Gerber-768x1116.jpg 768w, https:\/\/www.exlibris.or.at\/wp-content\/uploads\/2021\/08\/Emil-Fickert-von-Hedwig-Gerber-1057x1536.jpg 1057w, https:\/\/www.exlibris.or.at\/wp-content\/uploads\/2021\/08\/Emil-Fickert-von-Hedwig-Gerber-1410x2048.jpg 1410w, https:\/\/www.exlibris.or.at\/wp-content\/uploads\/2021\/08\/Emil-Fickert-von-Hedwig-Gerber.jpg 1513w\" sizes=\"(max-width: 282px) 100vw, 282px\" \/><figcaption>K\u00fcnstlerin Hedwig Gerber<\/figcaption><\/figure><\/div>\n\n\n\n<p>F\u00fcr Emil Fickert\nwurden folgende Exlibris geschaffen:<\/p>\n\n\n\n<p>Elsa Baesecke f\u00fcr Emil Fickert;\nKli. (Raster); 91&#215;63; s auf Rose; o. J. (1905); s; Auf Felsblock sitzende,\nMeer; Nachweis: Gut Kat 14354; Slg. Rath; <\/p>\n\n\n\n<p>Hedwig Gerber; Rad; 108&#215;68;\nsw; o. J., (1907); Standbild unter B\u00e4umen bei Bach u. Steg, unten Notenzeilen\nm. Beischrift LANGSAM ZART zwischen Maigl\u00f6ckchen; Nachweise: Gut Kat 23199,\nAbb. 680; Slg. Rath; &nbsp;<\/p>\n\n\n\n<p>Bertha Hassak; Kli; 80&#215;55;\nsw, o. J., (1900); s; Stilleben mit Mandoline, B\u00fcchern, Schreibzeug u. Blumen\nin Vase an offenem Bunzenfenster in Rundbogen; Nachweise: Gut Kat 24819; Slg.\nRath; <\/p>\n\n\n\n<p>Robert K\u00fchnel; Kli; 70&#215;38;\nsw; O. J., (1904): Felsmassiv; Nachweis: Gut Kat 26974;<\/p>\n\n\n\n<p>Robert K\u00fchnel; Kli; 70&#215;38;s\nauf beige; o. J., (1910); Felsmassiv; Nachweis: Gut Kat 30165; <\/p>\n\n\n\n<p>Lucretia Leiser \u2013 Pfeiffer<em>; &nbsp;<\/em>Kli, 108&#215;125; 1903?; gro\u00dfe R\u00fcbe, deren Wurzel sich teilend die Umrandung des Exlibris ergibt, im\nunteren Blattdrittel Sonne mit Strahlenkranz und Notenzeile Nachweise: \u00d6EG Jb. 1\/1903, S. 54; <\/p>\n\n\n\n<p>Mary Ann von der Meden;\nPrinzessin auf Rehbock sitzen, Notenzeile; Nachweis: Als Kopie verhanden,\n(Internet);<\/p>\n\n\n\n<div class=\"wp-block-image\"><figure class=\"aligncenter size-large is-resized\"><img loading=\"lazy\" decoding=\"async\" src=\"http:\/\/www.exlibris.or.at\/wp-content\/uploads\/2021\/03\/Rose-Reinhold-f\u00fcr-Emil-Fickert-756x1024.jpg\" alt=\"\" class=\"wp-image-1106\" width=\"334\" height=\"452\" srcset=\"https:\/\/www.exlibris.or.at\/wp-content\/uploads\/2021\/03\/Rose-Reinhold-f\u00fcr-Emil-Fickert-756x1024.jpg 756w, https:\/\/www.exlibris.or.at\/wp-content\/uploads\/2021\/03\/Rose-Reinhold-f\u00fcr-Emil-Fickert-222x300.jpg 222w, https:\/\/www.exlibris.or.at\/wp-content\/uploads\/2021\/03\/Rose-Reinhold-f\u00fcr-Emil-Fickert-768x1040.jpg 768w, https:\/\/www.exlibris.or.at\/wp-content\/uploads\/2021\/03\/Rose-Reinhold-f\u00fcr-Emil-Fickert-1134x1536.jpg 1134w, https:\/\/www.exlibris.or.at\/wp-content\/uploads\/2021\/03\/Rose-Reinhold-f\u00fcr-Emil-Fickert-1512x2048.jpg 1512w, https:\/\/www.exlibris.or.at\/wp-content\/uploads\/2021\/03\/Rose-Reinhold-f\u00fcr-Emil-Fickert-scaled.jpg 1890w\" sizes=\"(max-width: 334px) 100vw, 334px\" \/><figcaption> Rose Reinhold <\/figcaption><\/figure><\/div>\n\n\n\n<p>Rose Reinhold; Rad; 140&#215;95;\nbraun; o. J; s; Beethoven Todesmaske mit Lorberkranz, Notenzeile Op. 27, Nr. 2,\nBeginn der Mondscheinsonate; Nachweis: Slg. Rath; &nbsp;<\/p>\n\n\n\n<p>Alexander Santel; Kli;\n105&#215;97; s\/hellgr\u00fcn; o. J; s; Cello Spielender J\u00fcngling; Nachweis: Gut Kat 39587;\nSlg. Rath;&nbsp; <\/p>\n\n\n\n<p>Alexander Santel: Ex Libris\ndes Streichquartettes Steiner Santel Mayr Fickert; Kli: 59&#215;93; sw; o. J; Vier\nMusiker an einem Doppelpult, dar\u00fcber Leuchte; Nachweis: Slg. Rath; <\/p>\n\n\n\n<p>F\u00fcr seine Schwester Marianne\nFickert:<\/p>\n\n\n\n<p>Bertha Hassak; Kli; ca.\n71&#215;47; sw; o. J; s; Auf Bank an Ufer sitzende Lesende; Nachweis: Gut Kat 24820;\n<\/p>\n\n\n\n<div class=\"wp-block-image\"><figure class=\"aligncenter size-large is-resized\"><img loading=\"lazy\" decoding=\"async\" src=\"http:\/\/www.exlibris.or.at\/wp-content\/uploads\/2021\/03\/Mary-Ann.jpg\" alt=\"\" class=\"wp-image-1107\" width=\"244\" height=\"390\" srcset=\"https:\/\/www.exlibris.or.at\/wp-content\/uploads\/2021\/03\/Mary-Ann.jpg 199w, https:\/\/www.exlibris.or.at\/wp-content\/uploads\/2021\/03\/Mary-Ann-188x300.jpg 188w\" sizes=\"(max-width: 244px) 100vw, 244px\" \/><figcaption> Mary Ann von der Meden <\/figcaption><\/figure><\/div>\n\n\n\n<p>&nbsp;&nbsp;&nbsp;&nbsp;&nbsp;&nbsp;&nbsp;&nbsp;&nbsp;&nbsp;&nbsp;&nbsp;&nbsp;&nbsp;&nbsp;&nbsp;&nbsp;&nbsp;&nbsp;&nbsp;&nbsp;&nbsp;&nbsp;&nbsp;&nbsp;&nbsp;&nbsp;&nbsp;&nbsp;&nbsp;&nbsp;&nbsp;&nbsp;&nbsp;&nbsp;&nbsp;&nbsp;&nbsp;&nbsp;&nbsp;&nbsp;&nbsp;&nbsp;&nbsp;&nbsp;&nbsp;&nbsp;&nbsp; <\/p>\n\n\n\n<p>Nachweise:<\/p>\n\n\n\n<p>Exlibris \u2013 Datenbank von HR\nDr. Karl F. Stock; data.oenb.ac.at; \u00d6BL; Internet; Slg. M\u00fcksch; Slg. Rath;&nbsp; <\/p>\n\n\n\n<p class=\"has-text-align-center\">&#8212;&#8212;-<\/p>\n\n\n\n<p><\/p>\n\n\n\n<p><\/p>\n\n\n\n<p><\/p>\n\n\n\n<p>Alexander (Sascha) \u0160antel<\/p>\n\n\n\n<p>Alexander (Sascha) \u0160antel\ngeb. Nova Gorica 15.3.1883, gest. Ljubljana 1.7.1945 (62J) Sohn von Anton \u0160antel\nund Augusta \u0160antel (sen), Gattin von Ru\u017ea \u0160antel. Bruder von Henrika (Henrieta)\n\u0160antel (1874-1940, Malerin), Augusta \u0160antel (d. J.), Leo \u0160antel, Maks \u0160antel,\nund Danica \u0160antel. (Geni, Verwaltet von Elle Kiiker, aktualisiert 24.5.2018.)\nLehrer, Graphiker, Maler, Musiker und Komponist, (Library of Congres). Augusta\nd. J.: 21.7.1876-2.12.1968, Tochter von Alexander und Ru\u017ea \u0160antel. <\/p>\n\n\n\n<div class=\"wp-block-image\"><figure class=\"aligncenter size-large is-resized\"><img loading=\"lazy\" decoding=\"async\" src=\"http:\/\/www.exlibris.or.at\/wp-content\/uploads\/2021\/03\/Alexander-Santel-f\u00fcr-Gusti-Ruda-452x1024.jpg\" alt=\"\" class=\"wp-image-1177\" width=\"248\" height=\"562\" srcset=\"https:\/\/www.exlibris.or.at\/wp-content\/uploads\/2021\/03\/Alexander-Santel-f\u00fcr-Gusti-Ruda-452x1024.jpg 452w, https:\/\/www.exlibris.or.at\/wp-content\/uploads\/2021\/03\/Alexander-Santel-f\u00fcr-Gusti-Ruda-132x300.jpg 132w, https:\/\/www.exlibris.or.at\/wp-content\/uploads\/2021\/03\/Alexander-Santel-f\u00fcr-Gusti-Ruda-678x1536.jpg 678w, https:\/\/www.exlibris.or.at\/wp-content\/uploads\/2021\/03\/Alexander-Santel-f\u00fcr-Gusti-Ruda.jpg 738w\" sizes=\"(max-width: 248px) 100vw, 248px\" \/><figcaption>K\u00fcnstler: Alexander Santel<\/figcaption><\/figure><\/div>\n\n\n\n<p>Anton Santel 13.1.1845 \u2013 5.5.1920, Prof.; (k.k. Staatsgymnasium in G\u00f6rz, siehe Parte: Henriette Edlen von Aigentler geb. Fischer. Fh. St. Peter, Graz. Grazer Tagespost 31. Dezember 1873)   <br>     \u00b0\u00b0 1873 Agusta (Auguste) d. \u00c4., \u00a0Santel geb. von Aigentler, Stainz 12.5.1852 Ljubljana (Laibach) 29.5.1935, Malerin, studierte in Graz, Tochter eines Richters, der aus Liebhaberei Miniaturen Malte, \u00a0<\/p>\n\n\n\n<ol><li>Augusta d. J., * G\u00f6rz 21.7.1876 Malerin in Marburg (Maribor). Thieme Becker (WBIS)<\/li><li>Henrietta\u00a0 (Henrike) Santel, G\u00f6rz 17.8.1874 \u2013 Ljubljana (Laibach) 15.2.1940, Malerin,<\/li><li>Alexander Santel, G\u00f6rz 15.3.1883 Ljubljana (Laibach) 1.7.1945, Maler Graphiker und Musiker, studierte in Wien u. M\u00fcnchen.<\/li><\/ol>\n\n\n\n<p>Alexander studierte Freihandzeichnen an der Kunstgewerbeschule des \u00d6sterreichischen Museums f\u00fcr Kunst und Industrie bei Kenner und an der Akademie der bildenden K\u00fcnste, 1902\/03 und 1906 an der Universit\u00e4t Kunstgeschichte, aber auch Musikwissenschaften bei Guido Adler. Das k\u00fcnstlerische Talent wurde von seiner Mutter, Augusta \u0160antel d. \u00c4., an ihn und seine zwei Schwestern Henriette und Auguste d. J. vererbt. Aus der Hand der Mutter stammen Portraits ihrer Schwester Henriette und deren Gatten Ludwig Eduard Boltzmann, dem ber\u00fchmten \u00f6sterreichischen Physiker.<\/p>\n\n\n\n<div class=\"wp-block-image\"><figure class=\"aligncenter size-large is-resized\"><img loading=\"lazy\" decoding=\"async\" src=\"http:\/\/www.exlibris.or.at\/wp-content\/uploads\/2021\/04\/Elsa-Baesecke-f-Emil-Fickert-742x1024.jpg\" alt=\"\" class=\"wp-image-1182\" width=\"392\" height=\"540\" srcset=\"https:\/\/www.exlibris.or.at\/wp-content\/uploads\/2021\/04\/Elsa-Baesecke-f-Emil-Fickert-742x1024.jpg 742w, https:\/\/www.exlibris.or.at\/wp-content\/uploads\/2021\/04\/Elsa-Baesecke-f-Emil-Fickert-217x300.jpg 217w, https:\/\/www.exlibris.or.at\/wp-content\/uploads\/2021\/04\/Elsa-Baesecke-f-Emil-Fickert-768x1060.jpg 768w, https:\/\/www.exlibris.or.at\/wp-content\/uploads\/2021\/04\/Elsa-Baesecke-f-Emil-Fickert-1113x1536.jpg 1113w, https:\/\/www.exlibris.or.at\/wp-content\/uploads\/2021\/04\/Elsa-Baesecke-f-Emil-Fickert.jpg 1270w\" sizes=\"(max-width: 392px) 100vw, 392px\" \/><\/figure><\/div>\n\n\n\n<p>Alexander \u0160antel war bis\n1906 am Gymnasium in Wien III. (1907 Lehramtspr\u00fcfung f\u00fcr Zeichnen und\ndarstellender Geometrie), dann in Capodistria (Koper), 1908 bis 1918 in\nMitterburg (Pazin), 1919 in Su\u0161ak, ab 1920 an der Gewerbeschule in Laibach\nt\u00e4tig,wo er auch an der Kunstschule Probuda wirkte. 1913 vervollkommnete er\nsich an der graph. Schule Brockoffs in M\u00fcnchen. W\u00e4hrend seines Wiener\nAufenthalts gr\u00fcndete er gemeinsam mit seinen slowenischen Kollegen (u. a.\nGaspari, Birolla und Smrekar) an der Akademie der bildenden K\u00fcnste den\nK\u00fcnstlerverein Vesna, dessen Motto \u201eKunst aus dem Volke f\u00fcr das Volk\u201c war und\nder folkloristische Motive sowie F\u00f6rderung der Graphik als Illustration und der\ndekorativen Kunst \u2013 beeinflu\u00dft von der Wiener Secession \u2013 anstrebte. \u0160. neigte\nzum Lyrischen Realismus, dessen Farben und Lichtwerte auch vom Impressionismus\nbeeinflu\u00dft wurden. Sein Oevre umfa\u00dfte Landschaften (Istrien und Slowenien),\nPortr\u00e4ts, musikalische und folkloristische Motive (z. B. Volkstrachten aus dem\nK\u00fcstenland, die als Ansichtskarten vervielf\u00e4ltigt wurden.) Beachtenswert sind\nseine Graphiken (Holzschnitte, Radierungen), besonders der Zyklus slowenischer\nKomponisten. Er verfa\u00dfte auch kunsthistorische wichtige Abhandlungen und war daneben\nein angesehener Violinist und Komponist von Instrumental- und Volksmusik.\nAusstellung in: Laibach 1943, 1983, in Nova Goricia 1970 (Familienausstellung).\n<\/p>\n\n\n\n<div class=\"wp-block-image\"><figure class=\"aligncenter size-large is-resized\"><img loading=\"lazy\" decoding=\"async\" src=\"http:\/\/www.exlibris.or.at\/wp-content\/uploads\/2021\/04\/Fickert-Emil-v-Berta-Hassak-727x1024.jpg\" alt=\"\" class=\"wp-image-1183\" width=\"329\" height=\"463\" srcset=\"https:\/\/www.exlibris.or.at\/wp-content\/uploads\/2021\/04\/Fickert-Emil-v-Berta-Hassak-727x1024.jpg 727w, https:\/\/www.exlibris.or.at\/wp-content\/uploads\/2021\/04\/Fickert-Emil-v-Berta-Hassak-213x300.jpg 213w, https:\/\/www.exlibris.or.at\/wp-content\/uploads\/2021\/04\/Fickert-Emil-v-Berta-Hassak-768x1081.jpg 768w, https:\/\/www.exlibris.or.at\/wp-content\/uploads\/2021\/04\/Fickert-Emil-v-Berta-Hassak.jpg 1034w\" sizes=\"(max-width: 329px) 100vw, 329px\" \/><\/figure><\/div>\n\n\n\n<p>Exlibris von Alexander\nSantel:<\/p>\n\n\n\n<p>Emil Fickert; Kli; 105&#215;97;\ns\/hellgr\u00fcn; o. J; s; Cello Spielender J\u00fcngling; Gut Kat 39587; Slg. Rath;&nbsp; <\/p>\n\n\n\n<p>Ex Libris des\nStreichquartettes Steiner Santel Mayr Fickert; Kli: 59&#215;93; sw; o. J; Vier\nMusiker an einem Doppelpult, dar\u00fcber Leuchte; Nachweis: Slg. Rath; <\/p>\n\n\n\n<p>Gretl Dillmann; sw; o. J;\nKind vor liegendem Buch mit umgefallenen Tintenfass; Nachweis: Kopie Ok;&nbsp; <\/p>\n\n\n\n<p>&nbsp;Augustae Santel (im Ordner Abgeb.) Motiv:\nViolinistin stehend in wallenden Kleid in einem Kreis; Nachweis: Kopie Ok; &nbsp;<\/p>\n\n\n\n<p>Auch ein\nExlibris f\u00fcr: PR. ANT. SANTEL; Kli; M\u00e4nnlicher schreibender mit Feder (im\nOrdner Original). M\u00f6glicherweise: Anton \u0160antel,\nPeanic (damals Steiermark) 1845-1920, Gymnasialprofessor f\u00fcr Mathematik, Physik\nund Stenographie am Staats-Obergymnasium in G\u00f6rz und Ehegatte von Henriette von\nAigentlers \u00e4ltester Schwester August (Gusti). Wohnte in G\u00f6rz, Contrada ponte\nnuovo, Casa Buetan. <\/p>\n\n\n\n<p>Literatur:\n<\/p>\n\n\n\n<p>Igor\nLongyka: Sa\u0161cha \u0160antel, Catalog of an exhibition in the Slovanska knji\u017enica v\nLjubljana, September 2015. 200 copies, 63 pages, illustrations (some color), 21\ncm. ISBN 9789612834531 9612834539<\/p>\n\n\n\n<p>Marija Miheve: Sa\u0161cha \u0160antel and his portraits of composers. 253 pages, color illustration, 24 cm, in Slovenian and English. ISBN 9616530445 9789616530446  <\/p>\n\n\n\n<div class=\"wp-block-image\"><figure class=\"aligncenter size-large is-resized\"><img loading=\"lazy\" decoding=\"async\" src=\"http:\/\/www.exlibris.or.at\/wp-content\/uploads\/2021\/04\/Fickert-Emil-v-Lucretia-Pfeifer-941x1024.jpg\" alt=\"\" class=\"wp-image-1184\" width=\"334\" height=\"363\" srcset=\"https:\/\/www.exlibris.or.at\/wp-content\/uploads\/2021\/04\/Fickert-Emil-v-Lucretia-Pfeifer-941x1024.jpg 941w, https:\/\/www.exlibris.or.at\/wp-content\/uploads\/2021\/04\/Fickert-Emil-v-Lucretia-Pfeifer-276x300.jpg 276w, https:\/\/www.exlibris.or.at\/wp-content\/uploads\/2021\/04\/Fickert-Emil-v-Lucretia-Pfeifer-768x835.jpg 768w, https:\/\/www.exlibris.or.at\/wp-content\/uploads\/2021\/04\/Fickert-Emil-v-Lucretia-Pfeifer-1412x1536.jpg 1412w, https:\/\/www.exlibris.or.at\/wp-content\/uploads\/2021\/04\/Fickert-Emil-v-Lucretia-Pfeifer.jpg 1506w\" sizes=\"(max-width: 334px) 100vw, 334px\" \/><\/figure><\/div>\n\n\n\n<p><\/p>\n\n\n\n<p>Fertig gestellt M\u00e4rz 2021 von Peter Rath, \u00a9 Wien. <\/p>\n","protected":false},"excerpt":{"rendered":"<p>Emil Fickert Alexander Santel f\u00fcr das Streichquartett Steiner Santel Mayr Fickert Es ist eine gro\u00dfe Freude, eine n\u00e4here Verbindung zwischen einem Exlibris-Sammler und K\u00fcnstlern zu finden. In diesem Fall waren beide genannten auch zus\u00e4tzlich Musiker, die gemeinsam in einem Quartett musizierten. Alexander \u0160antel spielte Violine, Emil Fickert das Cello. Vermutlich Georg Steiner Violine, f\u00fcr Mayr &hellip; <a href=\"https:\/\/www.exlibris.or.at\/?page_id=1103\" class=\"more-link\"><span class=\"screen-reader-text\">Emil Fickert 1870-1957 und Alexander (Sascha) \u0160antel. 1883-1945<\/span> weiterlesen<\/a><\/p>\n","protected":false},"author":1,"featured_media":0,"parent":0,"menu_order":0,"comment_status":"closed","ping_status":"closed","template":"","meta":{"footnotes":""},"_links":{"self":[{"href":"https:\/\/www.exlibris.or.at\/index.php?rest_route=\/wp\/v2\/pages\/1103"}],"collection":[{"href":"https:\/\/www.exlibris.or.at\/index.php?rest_route=\/wp\/v2\/pages"}],"about":[{"href":"https:\/\/www.exlibris.or.at\/index.php?rest_route=\/wp\/v2\/types\/page"}],"author":[{"embeddable":true,"href":"https:\/\/www.exlibris.or.at\/index.php?rest_route=\/wp\/v2\/users\/1"}],"replies":[{"embeddable":true,"href":"https:\/\/www.exlibris.or.at\/index.php?rest_route=%2Fwp%2Fv2%2Fcomments&post=1103"}],"version-history":[{"count":12,"href":"https:\/\/www.exlibris.or.at\/index.php?rest_route=\/wp\/v2\/pages\/1103\/revisions"}],"predecessor-version":[{"id":1311,"href":"https:\/\/www.exlibris.or.at\/index.php?rest_route=\/wp\/v2\/pages\/1103\/revisions\/1311"}],"wp:attachment":[{"href":"https:\/\/www.exlibris.or.at\/index.php?rest_route=%2Fwp%2Fv2%2Fmedia&parent=1103"}],"curies":[{"name":"wp","href":"https:\/\/api.w.org\/{rel}","templated":true}]}}