{"id":1058,"date":"2021-01-11T17:22:32","date_gmt":"2021-01-11T16:22:32","guid":{"rendered":"http:\/\/www.exlibris.or.at\/?page_id=1058"},"modified":"2021-01-11T17:22:32","modified_gmt":"2021-01-11T16:22:32","slug":"oskar-sachsperger-linz-29-5-1883-linz-19-11-1965-biographie","status":"publish","type":"page","link":"https:\/\/www.exlibris.or.at\/?page_id=1058","title":{"rendered":"Oskar Sachsperger Linz 29.5.1883 \u2013 Linz 19.11.1965, Biographie."},"content":{"rendered":"\n<p><\/p>\n\n\n\n<p>Sachsperger\nOskar, genannt Sachs, wurde in Linz am 29.5.1883 geboren, und ist in Linz mit\n83 Jahren am 19.11.1965 gestorben. Er war Graphiker, Holzschnittk\u00fcnstler und\nLithograph und Stadtsgeschichtsforscher. . <\/p>\n\n\n\n<p>Neben einer\nBuchhandelslehre begann Oskar Sachperger sich k\u00fcnstlerisch als Autodidakt zu\nbet\u00e4tigen. Ab 1905 war Sachsperger in der Linzer Buchhandlung Quirin Haslinger\nt\u00e4tig, sp\u00e4ter in seiner Eigenen. Die Buchhandlung war in der Landstrasse wurde\nzum sp\u00e4ter zum Stieglkeller. Er widmete sich der Stadtgeschtsforschung. Die\nAltstadt im Mittelalter, der Hauptplatz waren seine bevorzugten Themen. Sein\nSignet \u2013 ein liegendes Schwert, war graphischer Ausdruck seines k\u00fcnstlerischen\nWollens und seines Namens. Leider versagte in den sp\u00e4teren Jahren immer mehr\ndas Augenlicht, so konnte er viele Pl\u00e4ne nicht mehr verwirklichen. In seinen\nHolzschnitten finden sich viele religi\u00f6se Motive.&nbsp;&nbsp;&nbsp; &nbsp;<\/p>\n\n\n\n<p>Ver\u00f6ffentlichungen\nin der \u00d6EG:<\/p>\n\n\n\n<p>Tillfried\nCernajsek: Politiker und Exlibris: ein St\u00fcck Geschichte des 20. Jahrhunderts;\nIn: Mitteilungen der \u00d6EG, N. F. 68. 2013, Nr. 2, S. 4-6, 4 Illustr.: Jos.\nDametz <em>(Oskar Sachsperger).<\/em><\/p>\n\n\n\n<p>Peter Rath: Oskar\nSachspergers Exlibris f\u00fcr Dipl. Ing. Konrad Rosenbauer. In: Mitteilungen der\n\u00d6EG, N. F. 71. 2016, Nr. 1, S. 4-5, i Illustr.<\/p>\n\n\n\n<p>Stadtgeschichtliche\nPublikationen des K\u00fcnstler (Auswahl):<\/p>\n\n\n\n<p><a href=\"https:\/\/www.ooegeschichte.at\/datenbanken\/literaturdatenbank-historische-bibliografie\/?tx_iafbibliografiedb_pi1%5Bsearch%5D%5BsearchfieldValue%5D=Sachsperger%2C%20Oskar\">Sachsperger, Oskar<\/a>: Zur Geschichte\nder baulichen Entwicklung der Stadtpfarrkirche in Linz. In: Der Linzer\nStadtpfarrbote. 1931. <\/p>\n\n\n\n<p><a href=\"https:\/\/www.ooegeschichte.at\/datenbanken\/literaturdatenbank-historische-bibliografie\/?tx_iafbibliografiedb_pi1%5Bsearch%5D%5BsearchfieldValue%5D=Sachsperger%2C%20Oskar\">Sachsperger, Oskar<\/a>: Historischer\nWandplan der Landeshauptstadt Linz (1 : 1000). Mit einem Abriss der\nbaugeschichtlichen Entwicklung von Linz. 1931. <\/p>\n\n\n\n<p><a href=\"https:\/\/www.ooegeschichte.at\/datenbanken\/literaturdatenbank-historische-bibliografie\/?tx_iafbibliografiedb_pi1%5Bsearch%5D%5BsearchfieldValue%5D=Sachsperger%2C%20Oskar\">Sachsperger, Oskar<\/a>: Historischer\nSch\u00fclerhandplan von Linz. Mit Oleat von Neu-Linz (1 : 3000). Mit einem Abriss\nder baugeschichtlichen Entwicklung von Linz. 1931. <\/p>\n\n\n\n<p><a href=\"https:\/\/www.ooegeschichte.at\/datenbanken\/literaturdatenbank-historische-bibliografie\/?tx_iafbibliografiedb_pi1%5Bsearch%5D%5BsearchfieldValue%5D=Sachsperger%2C%20Oskar\">Sachsperger, Oskar<\/a>: Erinnerungen\nan das Linzer Kunstleben nach dem ersten Weltkrieg. In: Ober\u00f6sterreichische Nachrichten.\n1953. <\/p>\n\n\n\n<p><a href=\"https:\/\/www.ooegeschichte.at\/datenbanken\/literaturdatenbank-historische-bibliografie\/?tx_iafbibliografiedb_pi1%5Bsearch%5D%5BsearchfieldValue%5D=Sachsperger%2C%20Oskar\">Sachsperger, Oskar<\/a>: Kunst- und\nKunstgewerbe-Ausstellung auf der Heimattagung in Linz. In: Christliche\nKunstbl\u00e4tter. 1925. <\/p>\n\n\n\n<p>Nachruf von\nToni Hofer: Oskar Sachsperger &#8211; zum Gedenken. In: M\u00fchlviertler Heimatbl\u00e4tter.\n1965. <\/p>\n\n\n\n<p>Zusammengestellt\nvon Peter Rath \u00a9 in Wien, im Dezember 2020. <\/p>\n","protected":false},"excerpt":{"rendered":"<p>Sachsperger Oskar, genannt Sachs, wurde in Linz am 29.5.1883 geboren, und ist in Linz mit 83 Jahren am 19.11.1965 gestorben. Er war Graphiker, Holzschnittk\u00fcnstler und Lithograph und Stadtsgeschichtsforscher. . Neben einer Buchhandelslehre begann Oskar Sachperger sich k\u00fcnstlerisch als Autodidakt zu bet\u00e4tigen. Ab 1905 war Sachsperger in der Linzer Buchhandlung Quirin Haslinger t\u00e4tig, sp\u00e4ter in seiner &hellip; <a href=\"https:\/\/www.exlibris.or.at\/?page_id=1058\" class=\"more-link\"><span class=\"screen-reader-text\">Oskar Sachsperger Linz 29.5.1883 \u2013 Linz 19.11.1965, Biographie.<\/span> weiterlesen<\/a><\/p>\n","protected":false},"author":1,"featured_media":0,"parent":0,"menu_order":0,"comment_status":"closed","ping_status":"closed","template":"","meta":{"footnotes":""},"_links":{"self":[{"href":"https:\/\/www.exlibris.or.at\/index.php?rest_route=\/wp\/v2\/pages\/1058"}],"collection":[{"href":"https:\/\/www.exlibris.or.at\/index.php?rest_route=\/wp\/v2\/pages"}],"about":[{"href":"https:\/\/www.exlibris.or.at\/index.php?rest_route=\/wp\/v2\/types\/page"}],"author":[{"embeddable":true,"href":"https:\/\/www.exlibris.or.at\/index.php?rest_route=\/wp\/v2\/users\/1"}],"replies":[{"embeddable":true,"href":"https:\/\/www.exlibris.or.at\/index.php?rest_route=%2Fwp%2Fv2%2Fcomments&post=1058"}],"version-history":[{"count":1,"href":"https:\/\/www.exlibris.or.at\/index.php?rest_route=\/wp\/v2\/pages\/1058\/revisions"}],"predecessor-version":[{"id":1060,"href":"https:\/\/www.exlibris.or.at\/index.php?rest_route=\/wp\/v2\/pages\/1058\/revisions\/1060"}],"wp:attachment":[{"href":"https:\/\/www.exlibris.or.at\/index.php?rest_route=%2Fwp%2Fv2%2Fmedia&parent=1058"}],"curies":[{"name":"wp","href":"https:\/\/api.w.org\/{rel}","templated":true}]}}