{"id":1046,"date":"2021-01-11T17:09:22","date_gmt":"2021-01-11T16:09:22","guid":{"rendered":"http:\/\/www.exlibris.or.at\/?page_id=1046"},"modified":"2021-04-21T16:33:58","modified_gmt":"2021-04-21T14:33:58","slug":"karl-maylaender-exlibris-und-kunstsammler-1872-deportiert-am-23-10-1941","status":"publish","type":"page","link":"https:\/\/www.exlibris.or.at\/?page_id=1046","title":{"rendered":"Karl Mayl\u00e4nder, Exlibris- und Kunstsammler, 1872-  Deportiert am 23.10.1941."},"content":{"rendered":"\n<p><\/p>\n\n\n\n<div class=\"wp-block-image\"><figure class=\"aligncenter size-large is-resized\"><img loading=\"lazy\" decoding=\"async\" src=\"http:\/\/www.exlibris.or.at\/wp-content\/uploads\/2021\/01\/Franziska-Jaksch-732x1024.jpg\" alt=\"\" class=\"wp-image-1047\" width=\"376\" height=\"526\" srcset=\"https:\/\/www.exlibris.or.at\/wp-content\/uploads\/2021\/01\/Franziska-Jaksch-732x1024.jpg 732w, https:\/\/www.exlibris.or.at\/wp-content\/uploads\/2021\/01\/Franziska-Jaksch-215x300.jpg 215w, https:\/\/www.exlibris.or.at\/wp-content\/uploads\/2021\/01\/Franziska-Jaksch-768x1074.jpg 768w, https:\/\/www.exlibris.or.at\/wp-content\/uploads\/2021\/01\/Franziska-Jaksch-1098x1536.jpg 1098w, https:\/\/www.exlibris.or.at\/wp-content\/uploads\/2021\/01\/Franziska-Jaksch-1464x2048.jpg 1464w, https:\/\/www.exlibris.or.at\/wp-content\/uploads\/2021\/01\/Franziska-Jaksch.jpg 1513w\" sizes=\"(max-width: 376px) 100vw, 376px\" \/><figcaption> Franziska Jaksch <\/figcaption><\/figure><\/div>\n\n\n\n<p>Karl Mayl\u00e4nder geb. 2.10.1872, als Sohn von Wilhelm Mayl\u00e4nder und der Emilie Fioretto, geb. Perso, in Wien geboren. 1917 war er bereits Inhaber der protokollierten Firma W. Mayl\u00e4nder, Waren- und Kommissionsgesch\u00e4ft in Wien 9, T\u00fcrkenstrasse 10. Aus den nur sp\u00e4rlich vorhandenen Lebensdaten und Fakten, ist das Engagement des Sammlers f\u00fcr das Volksheim Ottakring bekannt. Von 1900 bis 1938 war Karl Mayl\u00e4nder Vorstandsmittglied und Kassenrevisor-Stellvertreter des Volksheimes. M\u00f6glicherweise wurde Mayl\u00e4nder durch Kunstausstellungen des Volksheimes auf ausstellende K\u00fcnstler aufmerksam. Jedenfalls lie\u00df sich Karl Mayl\u00e4nder bereits 1917 von Egon Schiele portraitieren. Er sollte zumindest 18 Werke von Egon Schiele besessen haben. Werner J. Schweiger verdanken wir folgenden Hinweis aus dem \u201eHandbuch des Kunstmarktes 1926\u201c: Mayl\u00e4nder Karl, Kaufmann, Wien XVIII. Weimarer Stra\u00dfe 7. (Sammelgebiete:) Graphik, Exlibris, Bibliophilie. <\/p>\n\n\n\n<div class=\"wp-block-image\"><figure class=\"aligncenter size-large is-resized\"><img loading=\"lazy\" decoding=\"async\" src=\"http:\/\/www.exlibris.or.at\/wp-content\/uploads\/2021\/01\/Georg-Wimmer-758x1024.jpg\" alt=\"\" class=\"wp-image-1048\" width=\"355\" height=\"479\" srcset=\"https:\/\/www.exlibris.or.at\/wp-content\/uploads\/2021\/01\/Georg-Wimmer-758x1024.jpg 758w, https:\/\/www.exlibris.or.at\/wp-content\/uploads\/2021\/01\/Georg-Wimmer-222x300.jpg 222w, https:\/\/www.exlibris.or.at\/wp-content\/uploads\/2021\/01\/Georg-Wimmer-768x1037.jpg 768w, https:\/\/www.exlibris.or.at\/wp-content\/uploads\/2021\/01\/Georg-Wimmer-1137x1536.jpg 1137w, https:\/\/www.exlibris.or.at\/wp-content\/uploads\/2021\/01\/Georg-Wimmer.jpg 1500w\" sizes=\"(max-width: 355px) 100vw, 355px\" \/><figcaption> Georg Wimmer <\/figcaption><\/figure><\/div>\n\n\n\n<p>Nicht un\u00fcblich ist die Verbindung zwischen Kunst- und Exlibrissammler. Der Sammler wurde 1919 Mitglied der \u00d6sterreichischen Exlibris-Gesellschaft. In sp\u00e4teren Jahren wirkte er im Vorstand der Gesellschaft als Kassenrevisor. <\/p>\n\n\n\n<div class=\"wp-block-image\"><figure class=\"aligncenter size-large is-resized\"><img loading=\"lazy\" decoding=\"async\" src=\"http:\/\/www.exlibris.or.at\/wp-content\/uploads\/2021\/04\/Alois-Wach-f\u00fcr-Karl-Maylender-760x1024.jpg\" alt=\"\" class=\"wp-image-1180\" width=\"396\" height=\"533\" srcset=\"https:\/\/www.exlibris.or.at\/wp-content\/uploads\/2021\/04\/Alois-Wach-f\u00fcr-Karl-Maylender-760x1024.jpg 760w, https:\/\/www.exlibris.or.at\/wp-content\/uploads\/2021\/04\/Alois-Wach-f\u00fcr-Karl-Maylender-223x300.jpg 223w, https:\/\/www.exlibris.or.at\/wp-content\/uploads\/2021\/04\/Alois-Wach-f\u00fcr-Karl-Maylender-768x1035.jpg 768w, https:\/\/www.exlibris.or.at\/wp-content\/uploads\/2021\/04\/Alois-Wach-f\u00fcr-Karl-Maylender-1140x1536.jpg 1140w, https:\/\/www.exlibris.or.at\/wp-content\/uploads\/2021\/04\/Alois-Wach-f\u00fcr-Karl-Maylender-rotated.jpg 1446w\" sizes=\"(max-width: 396px) 100vw, 396px\" \/><\/figure><\/div>\n\n\n\n<p>Am 20. Juni 1941 wurde Karl Mayl\u00e4nder aus seiner Wohnung in der Weimarer Stra\u00dfe Delogiert und kam gemeinsam mit seiner j\u00fcngeren Schwester Ottilie Fleischmann, geboren am 8.2.1875 in ein Sammelquartier in Wien 2, Im Wird 3\/6. Am 22. Oktober 1941 wurde er f\u00fcr den sogenannten \u201ePolentransport\u201c vorgesehen. Karl Mayl\u00e4nder wurde am 23.10.1941 gemeinsam mit seiner Schwester Ottilie Fleischmann mit dem Transport 8. nach Lodz deportiert.&nbsp; <\/p>\n\n\n\n<div class=\"wp-block-image\"><figure class=\"aligncenter size-large\"><img loading=\"lazy\" decoding=\"async\" width=\"179\" height=\"303\" src=\"http:\/\/www.exlibris.or.at\/wp-content\/uploads\/2021\/01\/Schiele.jpg\" alt=\"Portr\u00e4t von Karl Mayl\u00e4nder, 1917 von Egon Schiele (1890-1918, Croatia) | Gem\u00e4lde Reproduktionen Egon Schiele | ArtsDot.com\" class=\"wp-image-1049\" srcset=\"https:\/\/www.exlibris.or.at\/wp-content\/uploads\/2021\/01\/Schiele.jpg 179w, https:\/\/www.exlibris.or.at\/wp-content\/uploads\/2021\/01\/Schiele-177x300.jpg 177w\" sizes=\"(max-width: 179px) 100vw, 179px\" \/><\/figure><\/div>\n\n\n\n<p>Exlibris f\u00fcr Karl Mayl\u00e4nder:<\/p>\n\n\n\n<p>Franziska Jaksch f\u00fcr Mayl\u00e4nder K.; Rad; Frau mit Bild und Orden \u00fcber alten Mann, Portrait von Richard Wagner, mit Noten des Komponisten; Nachweis: Galerie Bauer 4791; Slg. Rath; &nbsp;<\/p>\n\n\n\n<p>Franz Kaiser f\u00fcr Karl Mayl\u00e4nder; Ho schn; 129&#215;102; braun auf grau; o. J; s\/hs; In Initiale \u201eM\u201c sitzender Leser, dar\u00fcber auf Pentagramm stehender m\u00e4n. Akt mit Lanze auf Drachen zielend; Nachweis: G 27872; Slg. Rath; <\/p>\n\n\n\n<p>Arthur Pauzen f\u00fcr Mayl\u00e4nder K.; Rad; 88&#215;63; sw; o. J; s\/hs; num.Ex. 35; Vor Spalt in B\u00fcchermauer sitzend Lesender, oben Spinne im Netz; Nachweis: Gut Kat 8035; \u00d6EG Jb. 18\/1920, S. 17-18;&nbsp; Siehe Werkliste Arthur Paunzen (19) in meiner Homepage; <\/p>\n\n\n\n<p>Aloys Wach f\u00fcr Karl Mayl\u00e4nder; Rad; 107&#215;78; braun-w; 1920; s; M\u00e4nnl. Halbfigur mit religi\u00f6sem Buch. Motto: Die B\u00fccher als Synthese der Erkentniss aller gr\u00f6ssen M\u00e4nner helfen uns zur Synthese unserer eigenen Lebensbestimmung \/ Heilig sei das Wort. Gut Kat 45721, Abb. E 278; Smetana, Alexandra: Das Exlibris als Psychogramm: Anmerkungen zu Arbeiten von Aloys Wach (1892-1940), In: Wiener Kunsthefte: Zeitschrift f\u00fcr Druckgraphik, Jg. 5. 2001, Nr. 3 = Nr. 19 der Neuen Folge, S. 20-21, 3 Illust. (Die Illustr. zeigen Exlibris folgender Eigner: Aloys Wach (Selbstportrait); Karl Mayl\u00e4nder; Stefan Zweig (Portrait), [Zitat aus der Exlibrisdatenbank von HR Dr. Karl F. Stock, ID 133745];&nbsp;&nbsp;&nbsp; <\/p>\n\n\n\n<p>Georg Wimmer f\u00fcr Karl Mayl\u00e4nder; Kupferstich; 118&#215;79; sw; o. J; hs; Weiblicher Akt auf aufgeschlagenem Buch von Heiligenschein&nbsp; umgeben. Nachweis: Slg. Rath<\/p>\n\n\n\n<div class=\"wp-block-image\"><figure class=\"aligncenter size-large is-resized\"><img loading=\"lazy\" decoding=\"async\" src=\"http:\/\/www.exlibris.or.at\/wp-content\/uploads\/2021\/01\/Otto-Bittner-787x1024.jpg\" alt=\"\" class=\"wp-image-1051\" width=\"320\" height=\"415\" srcset=\"https:\/\/www.exlibris.or.at\/wp-content\/uploads\/2021\/01\/Otto-Bittner-787x1024.jpg 787w, https:\/\/www.exlibris.or.at\/wp-content\/uploads\/2021\/01\/Otto-Bittner-1574x2048.jpg 1574w, https:\/\/www.exlibris.or.at\/wp-content\/uploads\/2021\/01\/Otto-Bittner-scaled.jpg 1967w\" sizes=\"(max-width: 320px) 100vw, 320px\" \/><figcaption> Holzschnitt von Otto Bittner&nbsp;  <\/figcaption><\/figure><\/div>\n\n\n\n<p><\/p>\n\n\n\n<p><strong>Erstellt von Peter Rath, \u00a9 Wien 2020\/2021.<\/strong><\/p>\n","protected":false},"excerpt":{"rendered":"<p>Karl Mayl\u00e4nder geb. 2.10.1872, als Sohn von Wilhelm Mayl\u00e4nder und der Emilie Fioretto, geb. Perso, in Wien geboren. 1917 war er bereits Inhaber der protokollierten Firma W. Mayl\u00e4nder, Waren- und Kommissionsgesch\u00e4ft in Wien 9, T\u00fcrkenstrasse 10. Aus den nur sp\u00e4rlich vorhandenen Lebensdaten und Fakten, ist das Engagement des Sammlers f\u00fcr das Volksheim Ottakring bekannt. Von &hellip; <a href=\"https:\/\/www.exlibris.or.at\/?page_id=1046\" class=\"more-link\"><span class=\"screen-reader-text\">Karl Mayl\u00e4nder, Exlibris- und Kunstsammler, 1872-  Deportiert am 23.10.1941.<\/span> weiterlesen<\/a><\/p>\n","protected":false},"author":1,"featured_media":0,"parent":0,"menu_order":0,"comment_status":"closed","ping_status":"closed","template":"","meta":{"footnotes":""},"_links":{"self":[{"href":"https:\/\/www.exlibris.or.at\/index.php?rest_route=\/wp\/v2\/pages\/1046"}],"collection":[{"href":"https:\/\/www.exlibris.or.at\/index.php?rest_route=\/wp\/v2\/pages"}],"about":[{"href":"https:\/\/www.exlibris.or.at\/index.php?rest_route=\/wp\/v2\/types\/page"}],"author":[{"embeddable":true,"href":"https:\/\/www.exlibris.or.at\/index.php?rest_route=\/wp\/v2\/users\/1"}],"replies":[{"embeddable":true,"href":"https:\/\/www.exlibris.or.at\/index.php?rest_route=%2Fwp%2Fv2%2Fcomments&post=1046"}],"version-history":[{"count":4,"href":"https:\/\/www.exlibris.or.at\/index.php?rest_route=\/wp\/v2\/pages\/1046\/revisions"}],"predecessor-version":[{"id":1181,"href":"https:\/\/www.exlibris.or.at\/index.php?rest_route=\/wp\/v2\/pages\/1046\/revisions\/1181"}],"wp:attachment":[{"href":"https:\/\/www.exlibris.or.at\/index.php?rest_route=%2Fwp%2Fv2%2Fmedia&parent=1046"}],"curies":[{"name":"wp","href":"https:\/\/api.w.org\/{rel}","templated":true}]}}