{"id":856,"date":"2020-11-20T17:54:19","date_gmt":"2020-11-20T16:54:19","guid":{"rendered":"http:\/\/www.twr.at\/wp\/?page_id=856"},"modified":"2020-11-26T13:30:43","modified_gmt":"2020-11-26T12:30:43","slug":"ella-goldschmidt-20-12-1921-24-12-2011-werkliste","status":"publish","type":"page","link":"http:\/\/www.exlibris.or.at\/?page_id=856","title":{"rendered":"Ella Goldschmidt, 20.12.1921-24.12.2011, Werkliste."},"content":{"rendered":"\n<p><\/p>\n\n\n\n<p><strong>Nachweise:<\/strong><\/p>\n\n\n\n<p>Gut Kat = Exlibris \u2013 Katalog\ndes Gutenberg-Museums, Band 2.<\/p>\n\n\n\n<p>\u00d6EG Jb. = Jahrbuch der\n\u00d6sterreichischen Exlibris \u2013 Gesellschaft.<\/p>\n\n\n\n<p>Slg M\u00fcksch = Sammlung Dr.\nUrsula M\u00fcksch.<\/p>\n\n\n\n<p>ZM =&nbsp; Zitiert aus der Datenbank von Dr. Ursula\nM\u00fcksch.<\/p>\n\n\n\n<p>Slg Rath = Sammlung Brigitte\nund Peter Rath.<\/p>\n\n\n\n<ol><li>EG; X2; 88&#215;27; sw; o. J; hs; Initialien, drei Blumen\ndaraus wachsend; Nachweis: Slg Rath.<\/li><li>EG; L1; sw; hs; \u00c4gypt. Hieroglyphentafel; Nachweis: Slg\nM\u00fcksch<\/li><li>ES; X2; 57&#215;55; sw; o. J; hs; Initialen in Ranke;\nNachweis: Slg M\u00fcksch<\/li><li>GL; X2; 107&#215;52; sw; o. J; hs; Eule auf Initialen mit\nBl\u00fcten; Nachweis: Slg Rath.<\/li><li>NH (Norbert Hillerbrand); X2; 98&#215;53; sw; o. J; hs;\nGemse im Gebirge; Nachweise: \u00d6EG Jb. 57, 1990-91, S. 36; Slg Rath.<\/li><li>Gertrud Banner; X2; 118&#215;71; Eule auf Schulranzen auf\nB\u00fcchern, daneben Pinseln in einem Gef\u00e4\u00df; Nachweis: ZM.<\/li><li>M. Bauer-Klimbacher; X2; 80&#215;60; sw; o. J; hs;\nEinst\u00f6ckiges Bauernhaus; Nachweis. Slg Rath; Slg M\u00fcksch<\/li><li>L. Feichtinger; X2;75&#215;52; o. J; hs; Bauerntruhe mit\nKerze und St\u00e4nder, \u00c4pfel in Schale u. Blumen in Vase; Nachweise: Slg Rath; Slg\nM\u00fcksch.<\/li><li>Ella Gams-Goldschmidt; X2; 45&#215;45, rund; o. J; hs;\nGemsenkopf nach rechts; Nachweis: Slg Rath.<\/li><li>Ella Goldschmidt; X2; 65&#215;50; sw; o. J; hs; Zwei\nSchwalben; Nachweis: Slg Rath.<\/li><li>Ella Goldschmidt; X2, 80&#215;65; sw; o. J; Windm\u00fchle;\nNachweis: Slg M\u00fcksch.<\/li><li>Ella Goldschmidt; X2; 100&#215;65; hs; 1983; Vogel \u00fcber\nBlumen.<\/li><li>Erich Goldschmidt; C2; 84&#215;50;\nsw; o. J; hs; Gebirgslandschaft mit bl\u00fchendem Kirschenbl\u00fcten vor gotischem\nFenster; Nachweis: Slg Rath.<\/li><li>Erich Goldschmidt; X2; 75&#215;51; sw; o.J., (1945); hs;\nPickel u. Seil vor Bergspitze; Nachweis: Gut Kat Nr. 23.457, Abb. 399.<\/li><li>E. Hinke; X2; 72&#215;50; sw; o. J; hs; Drei Teddyb\u00e4ren;\nNachweis: Slg Rath.<\/li><li>J. H. A. Jansen; X2; ca. 83&#215;49; sw, od. dunkelrot; o.\nJ; Statue vor Pappeln; Nachweis: Gut Kat 23.458; Slg Rath; Slg M\u00fcksch.<\/li><li>Karin (Goldschmidt, Tochter der K\u00fcnstlerin); X2;\n85&#215;75; sw; o. J, s; Blume mit Bl\u00e4ttern; Nachweis: \u00d6EG Jb. 50, 1974-76, S. 51.<\/li><li>S. Kolar; X2; 85&#215;51; sw; o. J, Zwei Meisen auf Zweig\nmit Frosch; Nachweis: Slg Rath.<\/li><li>S. Kolar; X2; 97&#215;65; sw; o. J; hs; Kolorierter Specht\nan Baum; Nachweis: Slg Rath.<\/li><li>S. Kolar; X2; 78&#215;65; sw; o. J; hs; K\u00e4tzchen am R\u00fccken\nliegend, Meise auf Schwanz; Nachweise: \u00d6EG Jb. 56, 1988-89. S. 42; Slg Rath; Slg\nM\u00fcksch.<\/li><li>S. Kolar; X2; 77&#215;80; sw; o. J; hs; Igel; Nachweis: Slg\nRath; Slg M\u00fcksch.<\/li><li>S. Kolar; X2; 100&#215;70; sw; o. J; hs; Eichh\u00f6rnchen mit\nNuss; Nachweis: Slg M\u00fcksch.<\/li><li>S. Kolar; X2; 65&#215;95; sw; o. J; Drei Katzen vor\nTannen-Zweigen; Nachweis: Slg M\u00fcksch.<\/li><li>S. Kolar; X2; 95&#215;70; hs; Eule auf Asz sitzend.\nNachweis: Slg M\u00fcksch.<\/li><li>Emil und Dorly Lehmann; Ho, sch; sw; o. J;\nTypographisches Blatt mit Initiale L; Nachweis: ZM.<\/li><li>Friedrich Leinfellner; X2; 69&#215;54; sw; o. J; hs;\nZitherspielender, dahinter K\u00e4fig mit zwei V\u00f6geln; Nachweis: Slg Rath; Slg\nM\u00fcksch.<\/li><li>Dr. Anna Lerperger; X2; 75&#215;85; sw; o. J; Hirte vor\nSchafherde; Nachweis: ZM.<\/li><li>Hans M\u00fcller; X2; 62 x52; grau; o. J; hs; Eignername\numrahmt von zwei Fischen; Nachweis: \u00d6EG Jb. 51, 1977-78, S. 51; Slg Rath; Slg\nM\u00fcksch.<\/li><li>Dr. Christian Neumann; X2; 88&#215;62; sw; o. J; Bub mit\nKatze, Schaukelpferd und Spielzeug; Nachweise: \u00d6EG Jb. 56, 1988-89, S. 41; Slg\nM\u00fcksch.<\/li><li>Alma Petz; X2; 100&#215;45; sw; o. J; s; hs; Kirchturm;\nNachweise: \u00d6EG Jb. 52, 1979-1980, S. 56; Slg Rath.<\/li><li>Alma Petz; X2; 93&#215;57; sw; o. J; hs; Riesenrad in Wien,\nGeb\u00e4ude; Nachweise: Slg Rath; Slg M\u00fcksch.<\/li><li>Alma Petz; X2; 73&#215;48; sw; o. J; hs; Pilz, Schnecke,\nMaik\u00e4fer; Nachweis: Slg Rath.<\/li><li>Alma Petz; X2; 75&#215;48; sw; o. J; hs; Klapotetz im\nWeingarten; Nachweis: Slg Rath; Slg M\u00fcksch.<\/li><li>Alma Petz; X2; 83&#215;52; sw; o. J; hs; Pummerin, dahinter\nStephansdom; Nachweis: Slg Rath; ZM.<\/li><li>Alma Petz; X2; 80&#215;48; sw; o. J; hs; Beethovenhaus am Pfarrplatz<strong>,<\/strong>\nAusgesteckt; Nachweis: Slg Rath; Slg M\u00fcksch.<\/li><li>Alma Petz; X2; 85&#215;60; sw; o. J; hs; Gro\u00dfe Weintraube\nmit zwei Bl\u00e4ttern; Nachweis: Slg Rath; Slg M\u00fcksch.<\/li><li>Alma Petz; X2; 78&#215;48; sw; o. J; hs; Weinstock klein\nmit vielen Bl\u00e4ttern; Butte. Nachweis: Slg Rath; Salg. M\u00fcksch.<\/li><li>Dr. Reingard Schaler; X2. 90&#215;50; dunkelblau; o. J; hs;\nJustitia mit verbundenen Augen, Waage haltend, neben S\u00e4ule; Nachweis: \u00d6EG Jb.\n56, 1988-89, S. 42; Slg Rath.<\/li><li>Erich Sonntag; X2; 67&#215;70; sw; o. J; hs; Drei\nSonnenblumen; Nachweis: Slg Rath.<\/li><li>Annemarie Weber; X2; 65&#215;48; sw; o. J; hs; Figur auf\nSchaukelpferd mit R\u00e4dern; Nachweis: Slg Rath; Slg M\u00fcksch.<\/li><li>L. Wiszkocsil; X2; 84&#215;57; sw; o. J; hs; Junges M\u00e4dchen\nmit Rose und Schirm; Nachweis: Slg Rath; Slg M\u00fcksch.<\/li><li>L. Wiszkocsil; X2; 80&#215;50; sw; o. J; hs; Junges M\u00e4dchen\nmit Schriftband und zwei K\u00e4tzchen. Nachweis: Slg M\u00fcksch.<\/li><li>L. Wiszkocsil; X2; 71&#215;45; sw; o. J; hs; Teddyb\u00e4r mit\nPuppe; Nachweis: Slg Rath; Slg M\u00fcksch.<\/li><li>W. Wiszkocsil; X2; 93&#215;55; sw; o. J; hs; Grash\u00fcpfer auf\nPflanzen; Nachweis: Slg Rath.<\/li><li>W. Wiszkocsil; X2; 70&#215;90; sw; o. J: hs;\nFeuersalamander; Nachweis: Slg Rath; Slg RM\u00fcksch.<\/li><li>W. Wiszkocsil; X2; 78&#215;57; sw; o. J; hs; Opernszene mit\nDame und Herrn; Nachweis: Slg Rath.<\/li><li>W. Wiszkocsil; X2; 98&#215;38; sw; o. J; hs; Papagei mit\nZweigen, rot koloriert; Nachweis: Slg Rath.<\/li><li>W. Wiszkocsil; X2; 88&#215;54; sw; o. J; hs; Haselmaus auf\nAst Haseln\u00fcsse. Nachweis: Slg Rath; Slg M\u00fcksch.<\/li><li>W. Wiszkocsil; X2; 88&#215;55; sw, kol.; o. J; M\u00e4dchen mit\nSchmetterling und zwei Katzen; Nachweis: ZM.<\/li><li>W. Wiszkocsil; X2; 95&#215;55; braun-w; hs; Gottesanbeterin\nauf Grashalm, Blumen; Nachweis: Slg M\u00fcksch.<\/li><\/ol>\n\n\n\n<ul><li>In Memoriam Otto Feil; X2; 70&#215;40; sw; o.J; hs; Baum mit Vogel auf Ast sitzend, Sonnenuntergang; Nachweis: 16.5.85; Slg Rath; Slg M\u00fcksch.<\/li><li>In Memoriam Gustl Ma\u00dfmann; X2; sw; 1iStm; hs; 19.11.75; Tanne vor Sonne mit Strahlenkranz. Nachweis: ZM.<\/li><li>In Memoriam Willi Sauer; X2; 82&#215;58; sw; o. J; hs; Rundbogen mit Tor, dahinter turm\u00e4hnliche Kirche; Nachweis: \u00d6EG Jb. 52, 1979-1980, S. 56; Slg Rath; Slg M\u00fcksch.<\/li><li>In Memoriam H. Zum Tobel; X2; 53&#215;26; 10.12.85; Bl\u00fchende Schneerosen; Nachweis: Slg M\u00fcksch.<\/li><\/ul>\n\n\n\n<p>Erstellt von Dr. Ursula M\u00fcksch und\nPeter Rath in Wien 2020<\/p>\n","protected":false},"excerpt":{"rendered":"<p>Nachweise: Gut Kat = Exlibris \u2013 Katalog des Gutenberg-Museums, Band 2. \u00d6EG Jb. = Jahrbuch der \u00d6sterreichischen Exlibris \u2013 Gesellschaft. Slg M\u00fcksch = Sammlung Dr. Ursula M\u00fcksch. ZM =&nbsp; Zitiert aus der Datenbank von Dr. Ursula M\u00fcksch. Slg Rath = Sammlung Brigitte und Peter Rath. EG; X2; 88&#215;27; sw; o. J; hs; Initialien, drei Blumen &hellip; <a href=\"http:\/\/www.exlibris.or.at\/?page_id=856\" class=\"more-link\"><span class=\"screen-reader-text\">Ella Goldschmidt, 20.12.1921-24.12.2011, Werkliste.<\/span> weiterlesen<\/a><\/p>\n","protected":false},"author":1,"featured_media":0,"parent":0,"menu_order":0,"comment_status":"closed","ping_status":"closed","template":"","meta":{"footnotes":""},"_links":{"self":[{"href":"http:\/\/www.exlibris.or.at\/index.php?rest_route=\/wp\/v2\/pages\/856"}],"collection":[{"href":"http:\/\/www.exlibris.or.at\/index.php?rest_route=\/wp\/v2\/pages"}],"about":[{"href":"http:\/\/www.exlibris.or.at\/index.php?rest_route=\/wp\/v2\/types\/page"}],"author":[{"embeddable":true,"href":"http:\/\/www.exlibris.or.at\/index.php?rest_route=\/wp\/v2\/users\/1"}],"replies":[{"embeddable":true,"href":"http:\/\/www.exlibris.or.at\/index.php?rest_route=%2Fwp%2Fv2%2Fcomments&post=856"}],"version-history":[{"count":2,"href":"http:\/\/www.exlibris.or.at\/index.php?rest_route=\/wp\/v2\/pages\/856\/revisions"}],"predecessor-version":[{"id":884,"href":"http:\/\/www.exlibris.or.at\/index.php?rest_route=\/wp\/v2\/pages\/856\/revisions\/884"}],"wp:attachment":[{"href":"http:\/\/www.exlibris.or.at\/index.php?rest_route=%2Fwp%2Fv2%2Fmedia&parent=856"}],"curies":[{"name":"wp","href":"https:\/\/api.w.org\/{rel}","templated":true}]}}