{"id":465,"date":"2020-07-08T14:07:32","date_gmt":"2020-07-08T12:07:32","guid":{"rendered":"http:\/\/www.twr.at\/wp\/?page_id=465"},"modified":"2020-11-26T13:15:42","modified_gmt":"2020-11-26T12:15:42","slug":"franz-witopil-wytopil-werkliste","status":"publish","type":"page","link":"http:\/\/www.exlibris.or.at\/?page_id=465","title":{"rendered":"Franz Witopil (Wytopil) Werkliste"},"content":{"rendered":"\n<p><strong>EXLIBRIS-WERKLISTE\nVON FRANZ WITOPIL (WYTOPIL) <\/strong>1876-1911, 9 Exlibris.<\/p>\n\n\n\n<p style=\"font-size:15px\">Nachweise: <br>Gut. Kat. = Exlibris des Gutenberg Kataloges 2.Teil A-K, und L-Z.<br>\u00d6EG Jb.   = Jahrb\u00fccher der \u00d6sterreichischen Exlibris-Gesellschaft<br>Stock       = Zitiert in der Exlibris Datenbank von Dr. Karl F.  Stock<br>Slg. Rath\u00a0= Sammlung Brigitte und Peter Rath <\/p>\n\n\n\n<p>Diese Werkliste ist jener des Gutenberg \u2013 Kataloges\nangen\u00e4hert. <\/p>\n\n\n\n<ol><li><em>Max Bank Wien<\/em>; Kl; 102&#215;76;\nrot, auch in sw; 1902; s; Jugendstil Dame mit kleiner Eule links dahinter\nStephansdom mit angedeuteter Karlskirche. Nachweise: Gut. Kat., T 1, Nr.\n13.048: \u00d6EG Jb. 1903 S. 60 Abb.; Slg. Rath;<\/li><\/ol>\n\n\n\n<ul><li><em>Franz Baumann\nWien;<\/em>\nKli; 91&#215;64; sw; 1902; s; &nbsp;Drei Nixen,\ndahinter Wien mit 2 Wappen. Motto: ES WAR EINMAL\u2026,.Nachweis: Gut. Kat.: T 1,\nNr. 13.049; Slg. Rath;<\/li><\/ul>\n\n\n\n<ul><li><em>Franz Baumann\nWien<\/em>;\nKl; 95&#215;72; sw; zwei Bergsteiger. Nachweis: Gut. Kat. T 1, Nr. 13.051; Slg. Rath;<\/li><\/ul>\n\n\n\n<ul><li><em>Franz Baumann\nWien<\/em>;\nKl; 77&#215;61; sw. und blau; 1903; Halbfigur eines Ritters mit Fackel und Fahne vor\nBurg, Motto: \u201eOhne Furcht und Zagen\u201c. Nachweis: Gut. Kat. T 1, Nr. 13.050; Slg.\nRath;<\/li><\/ul>\n\n\n\n<ul><li><em>Josef Gr\u00fcnfeld<\/em>, (Dr. med., von\nCernajsek, k\u00f6nnte auch ein j\u00fcd. Buchh\u00e4ndler gewesen sein). Kl.; 106&#215;76; sw;\nblau; rot; o. J; s; B\u00fccherfreund auf Leiter (Spitzweg-Motiv). Nachweis: Gut.\nKat., T 1, Nr. 13.052; Slg. Rath;<\/li><\/ul>\n\n\n\n<ul><li><em>Josef Saar<\/em>; Kl.; 100&#215;65;\nsw; 1903; s; zwei Totensch\u00e4del davon einer mit Lorbeerkranz auf Buch liegend,\noben rechts Wappen von Wien; Motto: \u201eVITA SINE LITTERIS MORS EST\u201c. Nachweis: \u00d6EG\nJb. 1903, S. 59, Abb.; Slg. Rath;<\/li><\/ul>\n\n\n\n<ul><li><em>Josef Saar<\/em>; Kl.; 115&#215;63;\nsw; o. J; Adler mit offenen Federn, darunter Helm darunter Fackel mit\nfaschistischem Zeichen, darunter schr\u00e4ggestelltes Wappen von Wien vor\nEignernamen. Motto: HABENT SUA FATA LIBELLI; Nachweis: Slg. Rath;<\/li><\/ul>\n\n\n\n<ul><li><em>Mizzi Wilheim<\/em>; Kl; 134&#215;89;\n1903; s; Bergkloster, dar\u00fcber Wappen, Motto: \u201eMORAVIA\u201c. Nachweis: Gut. Kat., T\n1, Nr. 13.055; \u00d6EG Jb. 1903, S. 60 Abb., <\/li><\/ul>\n\n\n\n<ul><li><em>Franz Witopil in\nWien geh\u00f6ret disz B\u00fcchlein<\/em>; Kl.; 55&#215;51; sw auf beige-rot; Kopf eines Lesenden\nmit Barett, Motto: \u201eniemals m\u00fcszig\u201c; 1903. Nachweis: \u00d6EG Jb. 1903; Gut. Kat., T\n1, Nr. 13.056; Slg. Rath;<\/li><\/ul>\n\n\n\n<p>Erstellt von Peter Rath \u00a9, 7\/8\/2019. Korrigiert von Dr.\nUrsula M\u00fcksch 8\/2019<\/p>\n","protected":false},"excerpt":{"rendered":"<p>EXLIBRIS-WERKLISTE VON FRANZ WITOPIL (WYTOPIL) 1876-1911, 9 Exlibris. Nachweise: Gut. Kat. = Exlibris des Gutenberg Kataloges 2.Teil A-K, und L-Z.\u00d6EG Jb. = Jahrb\u00fccher der \u00d6sterreichischen Exlibris-GesellschaftStock = Zitiert in der Exlibris Datenbank von Dr. Karl F. StockSlg. Rath\u00a0= Sammlung Brigitte und Peter Rath Diese Werkliste ist jener des Gutenberg \u2013 Kataloges angen\u00e4hert. Max Bank Wien; &hellip; <a href=\"http:\/\/www.exlibris.or.at\/?page_id=465\" class=\"more-link\"><span class=\"screen-reader-text\">Franz Witopil (Wytopil) Werkliste<\/span> weiterlesen<\/a><\/p>\n","protected":false},"author":1,"featured_media":0,"parent":0,"menu_order":0,"comment_status":"closed","ping_status":"closed","template":"","meta":{"footnotes":""},"_links":{"self":[{"href":"http:\/\/www.exlibris.or.at\/index.php?rest_route=\/wp\/v2\/pages\/465"}],"collection":[{"href":"http:\/\/www.exlibris.or.at\/index.php?rest_route=\/wp\/v2\/pages"}],"about":[{"href":"http:\/\/www.exlibris.or.at\/index.php?rest_route=\/wp\/v2\/types\/page"}],"author":[{"embeddable":true,"href":"http:\/\/www.exlibris.or.at\/index.php?rest_route=\/wp\/v2\/users\/1"}],"replies":[{"embeddable":true,"href":"http:\/\/www.exlibris.or.at\/index.php?rest_route=%2Fwp%2Fv2%2Fcomments&post=465"}],"version-history":[{"count":8,"href":"http:\/\/www.exlibris.or.at\/index.php?rest_route=\/wp\/v2\/pages\/465\/revisions"}],"predecessor-version":[{"id":875,"href":"http:\/\/www.exlibris.or.at\/index.php?rest_route=\/wp\/v2\/pages\/465\/revisions\/875"}],"wp:attachment":[{"href":"http:\/\/www.exlibris.or.at\/index.php?rest_route=%2Fwp%2Fv2%2Fmedia&parent=465"}],"curies":[{"name":"wp","href":"https:\/\/api.w.org\/{rel}","templated":true}]}}