{"id":374,"date":"2020-06-25T15:38:11","date_gmt":"2020-06-25T13:38:11","guid":{"rendered":"http:\/\/www.twr.at\/wp\/?page_id=374"},"modified":"2021-01-11T16:44:33","modified_gmt":"2021-01-11T15:44:33","slug":"luigi-kasimir","status":"publish","type":"page","link":"http:\/\/www.exlibris.or.at\/?page_id=374","title":{"rendered":"Luigi Kasimir 1881-1962 Biographie"},"content":{"rendered":"\n<p>\u00dcber Luigi Kasimir zu schreiben, ist Eulen nach Athen zu tragen. Es sind gen\u00fcgend Informationen im Internet: Luigi Kasimir in wikipedia, Luigi Kasimir in Wien Geschichte wiki, Luigi Kasimir in\u00a0 AUSTRIANWIKI im Austria Forum. Auch im Historischen Lexikon. Luigi Kasimir ist auch in der Exlibris &#8211; Datenbank von HR Dr. Karl F. Stock gut dokumentiert.<\/p>\n\n\n\n<p>Als \u201eSchmankerl\u201c wird im Stock Luigi Kasimirs Technik des Radierens beschrieben. Die Autorin \u00a0wird zitiert als Dr. Michaela Lahofer \u2013 ibf, 15.12.1988\u00a0 (nicht gefunden). Dieser Artikel liegt in der \u00f6sterreichischen Galerie im Belvedere research center unter Kasimir, Titel: S\u00dcSSE WIENER RADIERUNG. Kulturbotschaft in den USA.<\/p>\n\n\n\n<p>Auszug:<\/p>\n\n\n\n<p>Das von Kasimir bevorzugte Radier-Konzept kombiniert die Aussprengtechnik mit der sogenannten Aquatinta\u201c, einer Technik des 18. Jahrhunderts. Und das funktioniert so: Auf die Kupferplatte, die \u00fcbrigens von der gleich guten Qualit\u00e4t jener Platten auf dem Dach der Karlkirche ist, wird mit der Feder und Tusche, der eine Prise Zucker beigemengt ist, das volle Bild gezeichnet. Dar\u00fcber wird ein Fl\u00fcssigkeitsgemisch aus Asphaltstaub und Terpentin gesch\u00fcttet. Nach dem Trocknen dieses \u00dcbergusses wird die Platte mit Wasser \u00fcbersch\u00fcttet. Dort, wo die Tusche aufgetragen ist, quillt der Zucker, l\u00f6st sich von der Platte und das blanke Kupfer erscheint. Nun wird die Platte in eine \u00c4tzl\u00f6sung getaucht. Die S\u00e4ure greift an den blanken Kupferstellen an und in diesen einge\u00e4tzten Linien setzt sich dann nach dem Reinigen der Platte die Farbe fest. Das Bild kann nun schon gedruckt werden, wenn man einen einfachen schwarz-wei\u00df Druck braucht.<\/p>\n\n\n\n<p>Will man jedoch einen luxuri\u00f6seren Farbdruck, mu\u00df zu dieser Platte noch eine weitere Farbplatte hergestellt werden. Zuerst wieder nach dem schon geschilderten Verfahren. Dar\u00fcber hinaus kommt die Platte in einen Staubkasten, wo sie mit einer Wolke von Asphaltstaub bedeckt wird. Legt man nun die Platte in das S\u00e4urebad, so greift die \u00e4tzende Fl\u00fcssigkeit nur dort an, wo die Staubk\u00f6rnchen einen Zwischenraum freilassen. Es entsteht also ein feiner Raster. Dadurch werden zarte Farbnuancen erreicht, eine Spezialit\u00e4t der Kasimir-Radierungen. Dar\u00fcber hinaus wird mit einer Fasanfeder \u2013 schon Vater Kasimir hat damit gearbeitet. Die S\u00e4ure an bestimmten Stellen leicht verstrichen oder weggewischt, um verschieden tiefe \u00c4tzungen zu erzielen. <\/p>\n\n\n\n<p>Ist nun dieser heikle Abschnitt beendet, so wird die Platte blank ges\u00e4ubert und bemalt, \u201emit so vielen Farben wie man will\u201c, dazu Kasimir. \u201eEs entsteht das volle Bild. Um besonders weiche Linien zu erreichen, wird an gewissen Stellen mit einem Musselinlappen \u00fcber einzelne \u00c4tzlinien die Farbe hinausgezogen.\u201c Doch auch diese Farbplatte gen\u00fcgt noch nicht. F\u00fcr abgegrenzte, hervorstechende Farbflecken, etwa einzelne bunte Bl\u00e4tter, wird eine weitere Platte, die sogenannte \u201eBatzerlplatte\u201c, angefertigt. Beim Druckvorgang wird nun zuerst die Batzerlplatte auf handgesch\u00f6pftes Kupferdruckpapier , das zwei Tage lang angefeuchtet wurde, gedruckt. Dann kommt die Farbplatte und zuletzt die Schwarzplatte. \u201eNach jedem Druck\u201c, so Kasimir, \u201emu\u00df jede Platte neu gef\u00e4rbt werden, es gibt keinen zweiten Druck\u2026.&nbsp;&nbsp; &nbsp;<\/p>\n\n\n\n<p>Erstellt von Peter Rath, Wien 2020&nbsp;&nbsp;&nbsp;&nbsp;&nbsp;&nbsp;&nbsp;&nbsp;&nbsp;&nbsp;&nbsp; <\/p>\n","protected":false},"excerpt":{"rendered":"<p>\u00dcber Luigi Kasimir zu schreiben, ist Eulen nach Athen zu tragen. Es sind gen\u00fcgend Informationen im Internet: Luigi Kasimir in wikipedia, Luigi Kasimir in Wien Geschichte wiki, Luigi Kasimir in\u00a0 AUSTRIANWIKI im Austria Forum. Auch im Historischen Lexikon. Luigi Kasimir ist auch in der Exlibris &#8211; Datenbank von HR Dr. Karl F. Stock gut dokumentiert. &hellip; <a href=\"http:\/\/www.exlibris.or.at\/?page_id=374\" class=\"more-link\"><span class=\"screen-reader-text\">Luigi Kasimir 1881-1962 Biographie<\/span> weiterlesen<\/a><\/p>\n","protected":false},"author":1,"featured_media":0,"parent":0,"menu_order":0,"comment_status":"closed","ping_status":"closed","template":"","meta":{"footnotes":""},"_links":{"self":[{"href":"http:\/\/www.exlibris.or.at\/index.php?rest_route=\/wp\/v2\/pages\/374"}],"collection":[{"href":"http:\/\/www.exlibris.or.at\/index.php?rest_route=\/wp\/v2\/pages"}],"about":[{"href":"http:\/\/www.exlibris.or.at\/index.php?rest_route=\/wp\/v2\/types\/page"}],"author":[{"embeddable":true,"href":"http:\/\/www.exlibris.or.at\/index.php?rest_route=\/wp\/v2\/users\/1"}],"replies":[{"embeddable":true,"href":"http:\/\/www.exlibris.or.at\/index.php?rest_route=%2Fwp%2Fv2%2Fcomments&post=374"}],"version-history":[{"count":4,"href":"http:\/\/www.exlibris.or.at\/index.php?rest_route=\/wp\/v2\/pages\/374\/revisions"}],"predecessor-version":[{"id":1038,"href":"http:\/\/www.exlibris.or.at\/index.php?rest_route=\/wp\/v2\/pages\/374\/revisions\/1038"}],"wp:attachment":[{"href":"http:\/\/www.exlibris.or.at\/index.php?rest_route=%2Fwp%2Fv2%2Fmedia&parent=374"}],"curies":[{"name":"wp","href":"https:\/\/api.w.org\/{rel}","templated":true}]}}