{"id":358,"date":"2020-06-25T15:31:34","date_gmt":"2020-06-25T13:31:34","guid":{"rendered":"http:\/\/www.twr.at\/wp\/?page_id=358"},"modified":"2020-06-25T15:31:34","modified_gmt":"2020-06-25T13:31:34","slug":"willi-kadletz-werkliste","status":"publish","type":"page","link":"http:\/\/www.exlibris.or.at\/?page_id=358","title":{"rendered":"Willi Kadletz Werkliste"},"content":{"rendered":"\n<figure class=\"wp-block-gallery columns-3 is-cropped wp-block-gallery-1 is-layout-flex wp-block-gallery-is-layout-flex\"><ul class=\"blocks-gallery-grid\"><li class=\"blocks-gallery-item\"><figure><img loading=\"lazy\" decoding=\"async\" width=\"823\" height=\"1024\" src=\"http:\/\/www.twr.at\/wp\/wp-content\/uploads\/2020\/06\/Willi-Kadletz-f\u00fcr-Dr.-Edmund-Berndt-001-823x1024.jpg\" alt=\"\" data-id=\"360\" data-full-url=\"http:\/\/www.twr.at\/wp\/wp-content\/uploads\/2020\/06\/Willi-Kadletz-f\u00fcr-Dr.-Edmund-Berndt-001.jpg\" data-link=\"http:\/\/www.twr.at\/wp\/?attachment_id=360\" class=\"wp-image-360\" srcset=\"http:\/\/www.exlibris.or.at\/wp-content\/uploads\/2020\/06\/Willi-Kadletz-f\u00fcr-Dr.-Edmund-Berndt-001-823x1024.jpg 823w, http:\/\/www.exlibris.or.at\/wp-content\/uploads\/2020\/06\/Willi-Kadletz-f\u00fcr-Dr.-Edmund-Berndt-001-241x300.jpg 241w, http:\/\/www.exlibris.or.at\/wp-content\/uploads\/2020\/06\/Willi-Kadletz-f\u00fcr-Dr.-Edmund-Berndt-001-768x956.jpg 768w, http:\/\/www.exlibris.or.at\/wp-content\/uploads\/2020\/06\/Willi-Kadletz-f\u00fcr-Dr.-Edmund-Berndt-001.jpg 1081w\" sizes=\"(max-width: 823px) 100vw, 823px\" \/><\/figure><\/li><li class=\"blocks-gallery-item\"><figure><img loading=\"lazy\" decoding=\"async\" width=\"802\" height=\"1024\" src=\"http:\/\/www.twr.at\/wp\/wp-content\/uploads\/2020\/06\/Willi-Kadletz-f\u00fcr-Dr.-Heinrich-Kadletz-001-802x1024.jpg\" alt=\"\" data-id=\"361\" data-full-url=\"http:\/\/www.twr.at\/wp\/wp-content\/uploads\/2020\/06\/Willi-Kadletz-f\u00fcr-Dr.-Heinrich-Kadletz-001.jpg\" data-link=\"http:\/\/www.twr.at\/wp\/?attachment_id=361\" class=\"wp-image-361\" srcset=\"http:\/\/www.exlibris.or.at\/wp-content\/uploads\/2020\/06\/Willi-Kadletz-f\u00fcr-Dr.-Heinrich-Kadletz-001-802x1024.jpg 802w, http:\/\/www.exlibris.or.at\/wp-content\/uploads\/2020\/06\/Willi-Kadletz-f\u00fcr-Dr.-Heinrich-Kadletz-001-235x300.jpg 235w, http:\/\/www.exlibris.or.at\/wp-content\/uploads\/2020\/06\/Willi-Kadletz-f\u00fcr-Dr.-Heinrich-Kadletz-001-768x981.jpg 768w, http:\/\/www.exlibris.or.at\/wp-content\/uploads\/2020\/06\/Willi-Kadletz-f\u00fcr-Dr.-Heinrich-Kadletz-001-1203x1536.jpg 1203w, http:\/\/www.exlibris.or.at\/wp-content\/uploads\/2020\/06\/Willi-Kadletz-f\u00fcr-Dr.-Heinrich-Kadletz-001-1603x2048.jpg 1603w, http:\/\/www.exlibris.or.at\/wp-content\/uploads\/2020\/06\/Willi-Kadletz-f\u00fcr-Dr.-Heinrich-Kadletz-001.jpg 1666w\" sizes=\"(max-width: 802px) 100vw, 802px\" \/><\/figure><\/li><li class=\"blocks-gallery-item\"><figure><img loading=\"lazy\" decoding=\"async\" width=\"689\" height=\"1024\" src=\"http:\/\/www.twr.at\/wp\/wp-content\/uploads\/2020\/06\/Willi-Kadletz-f\u00fcr-Else-Mahnert-001-689x1024.jpg\" alt=\"\" data-id=\"362\" data-full-url=\"http:\/\/www.twr.at\/wp\/wp-content\/uploads\/2020\/06\/Willi-Kadletz-f\u00fcr-Else-Mahnert-001.jpg\" data-link=\"http:\/\/www.twr.at\/wp\/?attachment_id=362\" class=\"wp-image-362\" srcset=\"http:\/\/www.exlibris.or.at\/wp-content\/uploads\/2020\/06\/Willi-Kadletz-f\u00fcr-Else-Mahnert-001-689x1024.jpg 689w, http:\/\/www.exlibris.or.at\/wp-content\/uploads\/2020\/06\/Willi-Kadletz-f\u00fcr-Else-Mahnert-001-202x300.jpg 202w, http:\/\/www.exlibris.or.at\/wp-content\/uploads\/2020\/06\/Willi-Kadletz-f\u00fcr-Else-Mahnert-001-768x1142.jpg 768w, http:\/\/www.exlibris.or.at\/wp-content\/uploads\/2020\/06\/Willi-Kadletz-f\u00fcr-Else-Mahnert-001-1033x1536.jpg 1033w, http:\/\/www.exlibris.or.at\/wp-content\/uploads\/2020\/06\/Willi-Kadletz-f\u00fcr-Else-Mahnert-001-1377x2048.jpg 1377w, http:\/\/www.exlibris.or.at\/wp-content\/uploads\/2020\/06\/Willi-Kadletz-f\u00fcr-Else-Mahnert-001.jpg 1468w\" sizes=\"(max-width: 689px) 100vw, 689px\" \/><\/figure><\/li><li class=\"blocks-gallery-item\"><figure><img loading=\"lazy\" decoding=\"async\" width=\"797\" height=\"1024\" src=\"http:\/\/www.twr.at\/wp\/wp-content\/uploads\/2020\/06\/Willi-Kadletz-ipse-fecit-001-797x1024.jpg\" alt=\"\" data-id=\"363\" data-full-url=\"http:\/\/www.twr.at\/wp\/wp-content\/uploads\/2020\/06\/Willi-Kadletz-ipse-fecit-001.jpg\" data-link=\"http:\/\/www.twr.at\/wp\/?attachment_id=363\" class=\"wp-image-363\" srcset=\"http:\/\/www.exlibris.or.at\/wp-content\/uploads\/2020\/06\/Willi-Kadletz-ipse-fecit-001-797x1024.jpg 797w, http:\/\/www.exlibris.or.at\/wp-content\/uploads\/2020\/06\/Willi-Kadletz-ipse-fecit-001-233x300.jpg 233w, http:\/\/www.exlibris.or.at\/wp-content\/uploads\/2020\/06\/Willi-Kadletz-ipse-fecit-001-768x987.jpg 768w, http:\/\/www.exlibris.or.at\/wp-content\/uploads\/2020\/06\/Willi-Kadletz-ipse-fecit-001-1195x1536.jpg 1195w, http:\/\/www.exlibris.or.at\/wp-content\/uploads\/2020\/06\/Willi-Kadletz-ipse-fecit-001-1594x2048.jpg 1594w, http:\/\/www.exlibris.or.at\/wp-content\/uploads\/2020\/06\/Willi-Kadletz-ipse-fecit-001.jpg 1931w\" sizes=\"(max-width: 797px) 100vw, 797px\" \/><\/figure><\/li><\/ul><\/figure>\n\n\n\n<p>Dr. Willi\nKadletz 1895 \u2013 1966, Werkliste, 10 Exlibris<\/p>\n\n\n\n<p>Diese\nWerkliste ist jener des Gutenberg \u2013 Exlibris \u2013 Lexikon angen\u00e4hert. F\u00fcr Irrt\u00fcmer\nund Fehler bittet der Autor um Nachsicht. <\/p>\n\n\n\n<p>Erkl\u00e4rung\nder Abk\u00fcrzungen:<\/p>\n\n\n\n<p>Gut\n\u2013 Kat 2 = Exlibris \u2013 Schutt \u2013 Kehm, Elke: Katalog des Gutenberg \u2013 Museums 2.\nTeil, A \u2013 K, Nr. 13.478 \u2013 30.605, S. 553; 1685 Abbildungen, \u00a9 1998 by Verlag\nClaus Wittal, Wiesbaden, ISBN 3-922-835-31-7. <\/p>\n\n\n\n<p>Slg.\nRath = Sammlung Rath<\/p>\n\n\n\n<p>1)\nDr. Edmund Berdt; Kli; 78&#215;58; rot-Braun; o.J; s; Stehender, nach links\nblickender Bergmann mit Kapuze, ein Schlegel in der rechten Hand, h\u00e4lt ein\naufrecht stehendes Wappenschild mit Hammer und Schlegel und Notariatszeichen.\nFabrik rechts unten. Nachweis: Slg. Rath;&nbsp;\n<\/p>\n\n\n\n<p>2)\nE. Frehser; Turm auf B\u00fcchern; Nachweis: Galerie Bauer, Exlibris aus 6\nJahrhunderten; Nr. 4929;&nbsp; <\/p>\n\n\n\n<p>3)\nDr. Heinr. Kadletz; Rad; ca. 115&#215;85; sw; 1919; s\/hs; Totensch\u00e4del auf zwei\nB\u00fcchern, rechts Kerzenst\u00e4nder mit Kerze. Nachweise: Gut \u2013 Kat 2, 27.830; Slg\nRath;&nbsp; <\/p>\n\n\n\n<p>4)\nD. W. Kedletz (?); Vogel Strau\u00df mit Eule auf Buch;&nbsp; Nachweis: Galerie Bauer, Exlibris aus 6\nJahrhunderten; Nr. 4930;<\/p>\n\n\n\n<p>5)\nTraudl Kadletz; Kil\/Schr. Gesetzt; ca. 108&#215;68; sw; o.J; s; Dachlandschaft mit\nUhrturm. Nachweis: Gut \u2013 Kat 2, 27.831; <\/p>\n\n\n\n<p>6)\nDr. W. Kadletz; Kirche und Fu\u00df; Nachweis: Galerie Bauer, Exlibris aus 6\nJahrhunderten; Nr. 4934; <\/p>\n\n\n\n<p>7)\nAus der B\u00fccherei Dr. Willi Kadletz; Kli; 140&#215;100; sw; 1927; s; Ansicht von\nLeoben mit Schwammerlturm. Nachweis: Slg. Rath;<\/p>\n\n\n\n<p>8)\nAus der B\u00fccherei Dr. Willi Kadletz; Kli; 140&#215;100; sw; 1927; s; Ansicht von\nLeoben mit Schwammerlturm. Nachweis: Slg. Rath;<\/p>\n\n\n\n<p>9)\nElse Mahnert; Kli; ca. 130&#215;79; braun-w; 1923; s; Goethe-Portrait in\nStrahlenkranz, von Rosenranken gerahmt. Motto: Alles Verg\u00e4ngliche ist nur ein\nGleichnis. Nachweis: Gut. Kat 2, 27.832. Slg. Rath;<\/p>\n\n\n\n<p>10)\nDr. H. Siegmund; H\u00e4nde \u00fcber Kerze und Knochenhand; Nachweis: Galerie Bauer,\nExlibris aus 6 Jahrhunderten; Nr. 4931;&nbsp; <\/p>\n\n\n\n<p>Erstellt\nJ\u00e4nner\/Februar&nbsp; 2020 von Peter Rath \u00a9 in\nWien<\/p>\n","protected":false},"excerpt":{"rendered":"<p>Dr. Willi Kadletz 1895 \u2013 1966, Werkliste, 10 Exlibris Diese Werkliste ist jener des Gutenberg \u2013 Exlibris \u2013 Lexikon angen\u00e4hert. F\u00fcr Irrt\u00fcmer und Fehler bittet der Autor um Nachsicht. Erkl\u00e4rung der Abk\u00fcrzungen: Gut \u2013 Kat 2 = Exlibris \u2013 Schutt \u2013 Kehm, Elke: Katalog des Gutenberg \u2013 Museums 2. Teil, A \u2013 K, Nr. 13.478 &hellip; <a href=\"http:\/\/www.exlibris.or.at\/?page_id=358\" class=\"more-link\"><span class=\"screen-reader-text\">Willi Kadletz Werkliste<\/span> weiterlesen<\/a><\/p>\n","protected":false},"author":1,"featured_media":0,"parent":0,"menu_order":0,"comment_status":"closed","ping_status":"closed","template":"","meta":{"footnotes":""},"_links":{"self":[{"href":"http:\/\/www.exlibris.or.at\/index.php?rest_route=\/wp\/v2\/pages\/358"}],"collection":[{"href":"http:\/\/www.exlibris.or.at\/index.php?rest_route=\/wp\/v2\/pages"}],"about":[{"href":"http:\/\/www.exlibris.or.at\/index.php?rest_route=\/wp\/v2\/types\/page"}],"author":[{"embeddable":true,"href":"http:\/\/www.exlibris.or.at\/index.php?rest_route=\/wp\/v2\/users\/1"}],"replies":[{"embeddable":true,"href":"http:\/\/www.exlibris.or.at\/index.php?rest_route=%2Fwp%2Fv2%2Fcomments&post=358"}],"version-history":[{"count":2,"href":"http:\/\/www.exlibris.or.at\/index.php?rest_route=\/wp\/v2\/pages\/358\/revisions"}],"predecessor-version":[{"id":364,"href":"http:\/\/www.exlibris.or.at\/index.php?rest_route=\/wp\/v2\/pages\/358\/revisions\/364"}],"wp:attachment":[{"href":"http:\/\/www.exlibris.or.at\/index.php?rest_route=%2Fwp%2Fv2%2Fmedia&parent=358"}],"curies":[{"name":"wp","href":"https:\/\/api.w.org\/{rel}","templated":true}]}}