{"id":346,"date":"2020-06-25T15:26:51","date_gmt":"2020-06-25T13:26:51","guid":{"rendered":"http:\/\/www.twr.at\/wp\/?page_id=346"},"modified":"2020-11-20T16:45:17","modified_gmt":"2020-11-20T15:45:17","slug":"walter-eichberg","status":"publish","type":"page","link":"http:\/\/www.exlibris.or.at\/?page_id=346","title":{"rendered":"Walter Eichberg 1889 bis 1966"},"content":{"rendered":"\n<figure class=\"wp-block-gallery columns-3 is-cropped wp-block-gallery-1 is-layout-flex wp-block-gallery-is-layout-flex\"><ul class=\"blocks-gallery-grid\"><li class=\"blocks-gallery-item\"><figure><img loading=\"lazy\" decoding=\"async\" width=\"493\" height=\"698\" src=\"http:\/\/www.twr.at\/wp\/wp-content\/uploads\/2020\/06\/Eichberg-Walter-2.jpg\" alt=\"\" data-id=\"348\" data-full-url=\"http:\/\/www.twr.at\/wp\/wp-content\/uploads\/2020\/06\/Eichberg-Walter-2.jpg\" data-link=\"http:\/\/www.twr.at\/wp\/?attachment_id=348\" class=\"wp-image-348\" srcset=\"http:\/\/www.exlibris.or.at\/wp-content\/uploads\/2020\/06\/Eichberg-Walter-2.jpg 493w, http:\/\/www.exlibris.or.at\/wp-content\/uploads\/2020\/06\/Eichberg-Walter-2-212x300.jpg 212w\" sizes=\"(max-width: 493px) 100vw, 493px\" \/><\/figure><\/li><li class=\"blocks-gallery-item\"><figure><img loading=\"lazy\" decoding=\"async\" width=\"565\" height=\"800\" src=\"http:\/\/www.twr.at\/wp\/wp-content\/uploads\/2020\/06\/Eichberg-Walter-3.jpg\" alt=\"\" data-id=\"349\" data-full-url=\"http:\/\/www.twr.at\/wp\/wp-content\/uploads\/2020\/06\/Eichberg-Walter-3.jpg\" data-link=\"http:\/\/www.twr.at\/wp\/?attachment_id=349\" class=\"wp-image-349\" srcset=\"http:\/\/www.exlibris.or.at\/wp-content\/uploads\/2020\/06\/Eichberg-Walter-3.jpg 565w, http:\/\/www.exlibris.or.at\/wp-content\/uploads\/2020\/06\/Eichberg-Walter-3-212x300.jpg 212w\" sizes=\"(max-width: 565px) 100vw, 565px\" \/><\/figure><\/li><li class=\"blocks-gallery-item\"><figure><img loading=\"lazy\" decoding=\"async\" width=\"485\" height=\"722\" src=\"http:\/\/www.twr.at\/wp\/wp-content\/uploads\/2020\/06\/Eichberg-Walter-4.jpg\" alt=\"\" data-id=\"350\" data-full-url=\"http:\/\/www.twr.at\/wp\/wp-content\/uploads\/2020\/06\/Eichberg-Walter-4.jpg\" data-link=\"http:\/\/www.twr.at\/wp\/?attachment_id=350\" class=\"wp-image-350\" srcset=\"http:\/\/www.exlibris.or.at\/wp-content\/uploads\/2020\/06\/Eichberg-Walter-4.jpg 485w, http:\/\/www.exlibris.or.at\/wp-content\/uploads\/2020\/06\/Eichberg-Walter-4-202x300.jpg 202w\" sizes=\"(max-width: 485px) 100vw, 485px\" \/><\/figure><\/li><li class=\"blocks-gallery-item\"><figure><img loading=\"lazy\" decoding=\"async\" width=\"661\" height=\"800\" src=\"http:\/\/www.twr.at\/wp\/wp-content\/uploads\/2020\/06\/Eichberg-Walter.jpg\" alt=\"\" data-id=\"351\" data-full-url=\"http:\/\/www.twr.at\/wp\/wp-content\/uploads\/2020\/06\/Eichberg-Walter.jpg\" data-link=\"http:\/\/www.twr.at\/wp\/?attachment_id=351\" class=\"wp-image-351\" srcset=\"http:\/\/www.exlibris.or.at\/wp-content\/uploads\/2020\/06\/Eichberg-Walter.jpg 661w, http:\/\/www.exlibris.or.at\/wp-content\/uploads\/2020\/06\/Eichberg-Walter-248x300.jpg 248w\" sizes=\"(max-width: 661px) 100vw, 661px\" \/><\/figure><\/li><\/ul><\/figure>\n\n\n\n<p>Biographie und\nExlibris-Werkliste von Walter Eichberg, 1889 \u2013 1966.<\/p>\n\n\n\n<p>Walter Eichberg, \u00f6sterreichischer Architekt,\nIllustrator Graphiker und Plakatk\u00fcnstler, geb. &nbsp;Wien, mos. am 5.7.1889, &nbsp;gest. mos. 15.5.1966 , begr. Ottakringer Fh.\n1\/40, Urnengrab. Befreiung Einj. Freiwilliger wegen Schw\u00e4che zur\u00fcckgestellt;\n1914 als Kriegsfreiwilliger zum Sappeur Bat. Nr. 2 einger\u00fcckt Lt. TFA\n(v.8.6.1966 in VA BG Innere Stadt 2A 414\/66 im WStLA) Arch. Verh., mos., \u2020 in\nVIII., Josefst\u00e4dterstr. 81.&nbsp;&nbsp;&nbsp;&nbsp;&nbsp; <\/p>\n\n\n\n<p>Vormund lt. Matrik TU Wien: Sigmund Epler, Prokurist\nin Wien. <\/p>\n\n\n\n<p>(Drei Schwestern: 1) Sophie * 1886 in Wien,\nverheiratet 1966 mit \u2026 Hertzka, New York; 2) Alice * 2.3.1888 in Wien, \u2020 30.8.\n1979 Bankbeamtin). <\/p>\n\n\n\n<p>Walter Eichberg war lt. Israelische Kultusgemeinde\nWien ( nun: IKG Wien) Sohn des Metallwarenfabrikanten Adolf (Wolf Abraham)\nEichberg, geb. 18.10.1844 in Tabor, B\u00f6hmen, gest. 17.7.1908 in Wien, begr.\n19.7.1908 Zentralfriedhof Wien (ZFH) 1. Tor, Gr. 51, R. 10, Nr. 85; und der\nJohanna Hoffmann * 4.11.1860 in Lundenburg, gest. 8.7.1838 I Wien, begr.\n11.12.1938 TBB Nr. 39288 (verheiratet 3.5.1885 IKG Stadttempel 1885 RZ 959.\nVerwandt &nbsp;mit Architekt Friedrich\nEichberg.&nbsp; &nbsp;&nbsp;&nbsp;&nbsp;<\/p>\n\n\n\n<p>W. E. war verheiratet mit Maria Vincenzia (Mia) B\u00f6ck,\ngeb. 31.12.1892, \u2020 27.12.1980, begr. 15.1.1981; Ehe Kinderlos. Bezieht zu LE\nPension v. PVAng.; Nachlass brutto rd. S. 37.000.-, darunter Honorarguthaben\nbei der Gemeinn. Ein- u. MehrfamHaus Bau Gen. lt. Todesanzeige &nbsp;in der Wiener Zeitung vom 18.5.1966 p. 4. &nbsp;<\/p>\n\n\n\n<p>Walter Eichberg studierte an der TH Wien, Hochbau,\nDipl. Ing. 1932-38. &nbsp;Architekt 1929-1923\nim B\u00fcro des Industriearchitekten Bruno Bauer, dann bis 1938 im techn. B\u00fcro der\nj\u00fcd. Kultusgemeinde in Wien. Emigrierte 1939 nach Shanghai, plante in Shanghai\nHochschulbauten. Flucht \u00fcber die Slowakei, Ungarn und Rum\u00e4nien nach Shanghai. <\/p>\n\n\n\n<p>Ab 1950 wieder in Wien t\u00e4tig als freischaffender\nArchitekt besonders im Bereich des sozialen Wohnbaues.<\/p>\n\n\n\n<p>Arbeitete auch in \u00d6l, Aquarell, Bronze, Stein\nect.&nbsp; <\/p>\n\n\n\n<p>Laut <a href=\"https:\/\/deu.archinform.net\">https:\/\/deu.archinform.net<\/a>\nWohnhaus geplant 1924 in Wien 19, D\u00f6bling, Gregor Mendel-Str. 37.\nProjektbeteiligt die Architekten: Oberbaurat Hans Reiser, Walter Eichberg,\nGustav Schl\u00e4frig.&nbsp;&nbsp;&nbsp; <\/p>\n\n\n\n<p>Nachforschungen zu den Namen, war schwierig, da es\nin Deutschland einen Architekten mit dem selben Namen gab, von dem es auch ein\nExlibris gibt, (siehe unten.) <\/p>\n\n\n\n<p>Buchillustrationen:<\/p>\n\n\n\n<p>Hjalmar Hjorth Bojesen (aus Norwegen): \u201eBei den\nAlaska Indianern. Zwischen Meer und Himmel. Illustrationen von Walter Eichberg.\nWien Konegen 1912. (Konegens Kinderb\u00fccher, 25. Bdchen.). <\/p>\n\n\n\n<p>Krampen, Hans Joachim: Was ist vornehm? Vom Herzens-\nund gesellschaftlichen Takt. Mit acht Kunstbl\u00e4ttern von Walter Eichberg \u2013 Wien.\nVerlag Langenscheidt, Berlin. <\/p>\n\n\n\n<p>Ohne die Freundlichen Hinweise von Dipl. Ing. Peter\nProkop * 12.7.1938, \u2020 20.4.2019; (Heraldisch Genealogische Gesellschaft \u201cAdler\u201d\nin Wien, Archtektenlexikon Wien 1770-1945) w\u00e4re diese Biographie nicht m\u00f6glich\ngewesen. Er war Tr\u00e4ger des Silbernen Ehrenzeichen f\u00fcr Verdienste um die Republik\n\u00d6sterreich.&nbsp; Ich denke mit Hochachtung\nund Dankbarkeit an ihm zur\u00fcck.<\/p>\n\n\n\n<p>Exlibris (5) &nbsp;f\u00fcr:<\/p>\n\n\n\n<p>Mein Buch Mia Eichberg; 80&#215;70; sw; s; H\u00f6fische Szene\nvor Tempel, mit Hinweis des Dieners; Slg. Rath; <\/p>\n\n\n\n<p>Mir g`h\u00f6rts`s! Mia Eichberg; (als Kopie); sw; Text\nim Rahmen mit zwei Grazien; <\/p>\n\n\n\n<p>Mary Hertzka; (als Kopie); sw; 1920; s; Umrahmte\nVitrine, darinnen h\u00f6fische Szene mit Gitarre spielender Kavalier und Dame; &nbsp;<\/p>\n\n\n\n<p>Julius May; (als Kopie); 1920, sw; s; Kavalier? Vor\nB\u00fccher mit Kerze; <\/p>\n\n\n\n<p>Ernst Wechsler; 95&#215;76; sw; 1920; s; Auf B\u00fccherberg\nkniender mit Violine; Slg. Rath; <\/p>\n\n\n\n<p>Nachweis: Slg. Rath = Sammlung Brigitte und Peter\nRath<\/p>\n\n\n\n<p>Nachweise der Buchillustrationen:<\/p>\n\n\n\n<p>Bibliographie: H. Ries, Illustration und\nIllustratoren des Kinder- und Jugendbuchs im deutschsprachigen Raum 1871-1914.\nOsnabr\u00fcck, 1992, S. 502. &nbsp;&nbsp;<\/p>\n\n\n\n<p>K. Klemmer, j\u00fcd. Baumeister in Deutschland, St.\n1998. (Hinweis: Werner .J. Schweiger, m\u00fcndl.)<\/p>\n\n\n\n<p>Heller, F.C.:&nbsp;\nDie bunte Welt. Handbuch zum k\u00fcnstlerisch illustrierten Kinderbuch in\nWien 1890-1938.&nbsp; Verlag Brandst\u00e4tter,\nWien 2008.<\/p>\n\n\n\n[Nicht im Architekten-Lexikon Wien 1770-1938]\n\n\n\n<p>Internet:<\/p>\n\n\n\n<p>Allgemeines K\u00fcnstlerlexikon \u2013 Internationale\nK\u00fcnstlerdatenbank Online. DE GRUYTER. <\/p>\n\n\n\n<p>Exlibris Datenbank von K.F. Stock; ID110255<\/p>\n\n\n\n<p>Exlibris des anderen Walter Eichberg aus Deutschland,\n1910-?: <\/p>\n\n\n\n<p>Exlibris-Katalog des Gutenberg-Museums, 1. Teil, S.\n90; \u00a9 1985 by Verlag Claus Wittal, Wiesbaden. Aufl. 400; ISBN. 3-9228-3505-8.<\/p>\n\n\n\n<p>&nbsp;(Nr.) 2306.\nExlibris f\u00fcr Oliver Hoffmann; Kli; 94&#215;55; sw; 1906; s; Sitzende mit Buch nach\nlinks. Abb. 403. <\/p>\n\n\n\n<p>Elke Schutt-Kehm: Mensch und Buch im Spiegel des Exlibris; Katalog zur Ausstellung im Gutenberg-Museums in Mainz, 2.4.-24.5.1987. Exlibris f\u00fcr Oliver Hoffmann, Kli; 94&#215;55; 1909.\u00a0 (Zitiert: S. 135.)\u00a0 <\/p>\n\n\n\n<p> Erstellt von Peter Rath \u00a9 2020<\/p>\n","protected":false},"excerpt":{"rendered":"<p>Biographie und Exlibris-Werkliste von Walter Eichberg, 1889 \u2013 1966. Walter Eichberg, \u00f6sterreichischer Architekt, Illustrator Graphiker und Plakatk\u00fcnstler, geb. &nbsp;Wien, mos. am 5.7.1889, &nbsp;gest. mos. 15.5.1966 , begr. Ottakringer Fh. 1\/40, Urnengrab. Befreiung Einj. Freiwilliger wegen Schw\u00e4che zur\u00fcckgestellt; 1914 als Kriegsfreiwilliger zum Sappeur Bat. Nr. 2 einger\u00fcckt Lt. TFA (v.8.6.1966 in VA BG Innere Stadt 2A &hellip; <a href=\"http:\/\/www.exlibris.or.at\/?page_id=346\" class=\"more-link\"><span class=\"screen-reader-text\">Walter Eichberg 1889 bis 1966<\/span> weiterlesen<\/a><\/p>\n","protected":false},"author":1,"featured_media":0,"parent":0,"menu_order":0,"comment_status":"closed","ping_status":"closed","template":"","meta":{"footnotes":""},"_links":{"self":[{"href":"http:\/\/www.exlibris.or.at\/index.php?rest_route=\/wp\/v2\/pages\/346"}],"collection":[{"href":"http:\/\/www.exlibris.or.at\/index.php?rest_route=\/wp\/v2\/pages"}],"about":[{"href":"http:\/\/www.exlibris.or.at\/index.php?rest_route=\/wp\/v2\/types\/page"}],"author":[{"embeddable":true,"href":"http:\/\/www.exlibris.or.at\/index.php?rest_route=\/wp\/v2\/users\/1"}],"replies":[{"embeddable":true,"href":"http:\/\/www.exlibris.or.at\/index.php?rest_route=%2Fwp%2Fv2%2Fcomments&post=346"}],"version-history":[{"count":4,"href":"http:\/\/www.exlibris.or.at\/index.php?rest_route=\/wp\/v2\/pages\/346\/revisions"}],"predecessor-version":[{"id":826,"href":"http:\/\/www.exlibris.or.at\/index.php?rest_route=\/wp\/v2\/pages\/346\/revisions\/826"}],"wp:attachment":[{"href":"http:\/\/www.exlibris.or.at\/index.php?rest_route=%2Fwp%2Fv2%2Fmedia&parent=346"}],"curies":[{"name":"wp","href":"https:\/\/api.w.org\/{rel}","templated":true}]}}