{"id":1808,"date":"2023-05-08T10:37:06","date_gmt":"2023-05-08T08:37:06","guid":{"rendered":"http:\/\/www.exlibris.or.at\/?page_id=1808"},"modified":"2023-05-08T10:43:25","modified_gmt":"2023-05-08T08:43:25","slug":"gerhard-brandl","status":"publish","type":"page","link":"http:\/\/www.exlibris.or.at\/?page_id=1808","title":{"rendered":"Gerhard Brandl"},"content":{"rendered":"\n<p>DDr. Gerhard Brandl 1930 &#8211; 1951<\/p>\n\n\n\n<p>Gerhard Brandl,\ngeboren in St. P\u00f6lten am 23.12.1930, gestorben. 1951 Gymnasialmatura in\nSeitenst\u00e4tten und am 29.6. 1956 zum Priester geweiht. Schon w\u00e4hrend seiner\nAlumnatszeit wurden von ihm&nbsp; geschaffene\nScherenschnitte in verschiedenen Zeitschriften ver\u00f6ffentlicht.&nbsp;&nbsp;&nbsp; <\/p>\n\n\n\n<figure class=\"wp-block-gallery columns-2 is-cropped wp-block-gallery-1 is-layout-flex wp-block-gallery-is-layout-flex\"><ul class=\"blocks-gallery-grid\"><li class=\"blocks-gallery-item\"><figure><img loading=\"lazy\" decoding=\"async\" width=\"568\" height=\"1024\" src=\"http:\/\/www.exlibris.or.at\/wp-content\/uploads\/2023\/05\/Georg-Brandl-f\u00fcr-Dr.-W.-Dziulikowski-568x1024.jpg\" alt=\"\" data-id=\"1813\" data-link=\"http:\/\/www.exlibris.or.at\/?attachment_id=1813\" class=\"wp-image-1813\" srcset=\"http:\/\/www.exlibris.or.at\/wp-content\/uploads\/2023\/05\/Georg-Brandl-f\u00fcr-Dr.-W.-Dziulikowski-568x1024.jpg 568w, http:\/\/www.exlibris.or.at\/wp-content\/uploads\/2023\/05\/Georg-Brandl-f\u00fcr-Dr.-W.-Dziulikowski-166x300.jpg 166w, http:\/\/www.exlibris.or.at\/wp-content\/uploads\/2023\/05\/Georg-Brandl-f\u00fcr-Dr.-W.-Dziulikowski-768x1385.jpg 768w, http:\/\/www.exlibris.or.at\/wp-content\/uploads\/2023\/05\/Georg-Brandl-f\u00fcr-Dr.-W.-Dziulikowski-852x1536.jpg 852w, http:\/\/www.exlibris.or.at\/wp-content\/uploads\/2023\/05\/Georg-Brandl-f\u00fcr-Dr.-W.-Dziulikowski-1136x2048.jpg 1136w, http:\/\/www.exlibris.or.at\/wp-content\/uploads\/2023\/05\/Georg-Brandl-f\u00fcr-Dr.-W.-Dziulikowski.jpg 1303w\" sizes=\"(max-width: 568px) 100vw, 568px\" \/><\/figure><\/li><li class=\"blocks-gallery-item\"><figure><img loading=\"lazy\" decoding=\"async\" width=\"655\" height=\"1024\" src=\"http:\/\/www.exlibris.or.at\/wp-content\/uploads\/2023\/05\/Georg-Brandl-f\u00fcr-E.-Sch\u00f6ner-655x1024.jpg\" alt=\"\" data-id=\"1814\" data-full-url=\"http:\/\/www.exlibris.or.at\/wp-content\/uploads\/2023\/05\/Georg-Brandl-f\u00fcr-E.-Sch\u00f6ner.jpg\" data-link=\"http:\/\/www.exlibris.or.at\/?attachment_id=1814\" class=\"wp-image-1814\" srcset=\"http:\/\/www.exlibris.or.at\/wp-content\/uploads\/2023\/05\/Georg-Brandl-f\u00fcr-E.-Sch\u00f6ner-655x1024.jpg 655w, http:\/\/www.exlibris.or.at\/wp-content\/uploads\/2023\/05\/Georg-Brandl-f\u00fcr-E.-Sch\u00f6ner-192x300.jpg 192w, http:\/\/www.exlibris.or.at\/wp-content\/uploads\/2023\/05\/Georg-Brandl-f\u00fcr-E.-Sch\u00f6ner-768x1201.jpg 768w, http:\/\/www.exlibris.or.at\/wp-content\/uploads\/2023\/05\/Georg-Brandl-f\u00fcr-E.-Sch\u00f6ner-983x1536.jpg 983w, http:\/\/www.exlibris.or.at\/wp-content\/uploads\/2023\/05\/Georg-Brandl-f\u00fcr-E.-Sch\u00f6ner.jpg 1058w\" sizes=\"(max-width: 655px) 100vw, 655px\" \/><\/figure><\/li><\/ul><\/figure>\n\n\n\n<p>Seit 1957 pflegt\ner die Technik des Holzstiches, es entstanden Exlibris, Gedenkbl\u00e4tter und\nNeujahrsbl\u00e4tter. Das Jahr 1958 brachte seine Bestellung zum Religionsprofessor\nam Realgymnasium und an der Handelsschule der Englischen Frauen in St. P\u00f6lten.\nDoktorat der Theologie. Es entstanden auch Wandbilder, Temperabilder und\nFederzeichnungen.<\/p>\n\n\n\n<figure class=\"wp-block-gallery columns-2 is-cropped wp-block-gallery-2 is-layout-flex wp-block-gallery-is-layout-flex\"><ul class=\"blocks-gallery-grid\"><li class=\"blocks-gallery-item\"><figure><img loading=\"lazy\" decoding=\"async\" width=\"742\" height=\"1024\" src=\"http:\/\/www.exlibris.or.at\/wp-content\/uploads\/2023\/05\/Gerhard-Brandl-f\u00fcr-H.-V.-Balzar-742x1024.jpg\" alt=\"\" data-id=\"1815\" data-full-url=\"http:\/\/www.exlibris.or.at\/wp-content\/uploads\/2023\/05\/Gerhard-Brandl-f\u00fcr-H.-V.-Balzar.jpg\" data-link=\"http:\/\/www.exlibris.or.at\/?attachment_id=1815\" class=\"wp-image-1815\" srcset=\"http:\/\/www.exlibris.or.at\/wp-content\/uploads\/2023\/05\/Gerhard-Brandl-f\u00fcr-H.-V.-Balzar-742x1024.jpg 742w, http:\/\/www.exlibris.or.at\/wp-content\/uploads\/2023\/05\/Gerhard-Brandl-f\u00fcr-H.-V.-Balzar-217x300.jpg 217w, http:\/\/www.exlibris.or.at\/wp-content\/uploads\/2023\/05\/Gerhard-Brandl-f\u00fcr-H.-V.-Balzar-768x1060.jpg 768w, http:\/\/www.exlibris.or.at\/wp-content\/uploads\/2023\/05\/Gerhard-Brandl-f\u00fcr-H.-V.-Balzar-1113x1536.jpg 1113w, http:\/\/www.exlibris.or.at\/wp-content\/uploads\/2023\/05\/Gerhard-Brandl-f\u00fcr-H.-V.-Balzar.jpg 1285w\" sizes=\"(max-width: 742px) 100vw, 742px\" \/><\/figure><\/li><li class=\"blocks-gallery-item\"><figure><img loading=\"lazy\" decoding=\"async\" width=\"784\" height=\"1024\" src=\"http:\/\/www.exlibris.or.at\/wp-content\/uploads\/2023\/05\/Georg-Brandl-f\u00fcr-Dr.-Anne-Lerperger-1-784x1024.jpg\" alt=\"\" data-id=\"1816\" data-full-url=\"http:\/\/www.exlibris.or.at\/wp-content\/uploads\/2023\/05\/Georg-Brandl-f\u00fcr-Dr.-Anne-Lerperger-1.jpg\" data-link=\"http:\/\/www.exlibris.or.at\/?attachment_id=1816\" class=\"wp-image-1816\" srcset=\"http:\/\/www.exlibris.or.at\/wp-content\/uploads\/2023\/05\/Georg-Brandl-f\u00fcr-Dr.-Anne-Lerperger-1-784x1024.jpg 784w, http:\/\/www.exlibris.or.at\/wp-content\/uploads\/2023\/05\/Georg-Brandl-f\u00fcr-Dr.-Anne-Lerperger-1-230x300.jpg 230w, http:\/\/www.exlibris.or.at\/wp-content\/uploads\/2023\/05\/Georg-Brandl-f\u00fcr-Dr.-Anne-Lerperger-1-768x1003.jpg 768w, http:\/\/www.exlibris.or.at\/wp-content\/uploads\/2023\/05\/Georg-Brandl-f\u00fcr-Dr.-Anne-Lerperger-1-1176x1536.jpg 1176w, http:\/\/www.exlibris.or.at\/wp-content\/uploads\/2023\/05\/Georg-Brandl-f\u00fcr-Dr.-Anne-Lerperger-1.jpg 1285w\" sizes=\"(max-width: 784px) 100vw, 784px\" \/><\/figure><\/li><\/ul><\/figure>\n\n\n\n<p>Der Themenkreis\ndes graphischen Schaffens Brandls geh\u00f6rt ausschlie\u00dflich dem Bereich des\nreligi\u00f6sen Lebens an, In seinen graphischen Bl\u00e4ttern dominiert die figurale\nDarstellung. Die Graphiken zeigen die Gestalten verschiedener Heiliger,\nSymbolhaftes wird angedeutet, und manchmal erscheint auch ein sakrales Bauwerk\nin der Komposition. Von Erich Sch\u00f6ner, \u00d6EG Jahrbuch 46, 1964-65. Dr. Gerhard\nBrandl wird im Exlibris \u2013 Katalog des Gutenberg-Museums nicht (!) Erw\u00e4hnt! In\nder Exlibris \u2013 Datenbank von HR Dr. K. F. Stock lx. &nbsp;&nbsp;&nbsp;&nbsp;<\/p>\n\n\n\n<figure class=\"wp-block-gallery aligncenter columns-2 is-cropped wp-block-gallery-3 is-layout-flex wp-block-gallery-is-layout-flex\"><ul class=\"blocks-gallery-grid\"><li class=\"blocks-gallery-item\"><figure><img loading=\"lazy\" decoding=\"async\" width=\"899\" height=\"1024\" src=\"http:\/\/www.exlibris.or.at\/wp-content\/uploads\/2023\/05\/Karl-Brandl-f\u00fcr-Erzbischof-Doktor-Karl-Berg-899x1024.jpg\" alt=\"\" data-id=\"1819\" class=\"wp-image-1819\" srcset=\"http:\/\/www.exlibris.or.at\/wp-content\/uploads\/2023\/05\/Karl-Brandl-f\u00fcr-Erzbischof-Doktor-Karl-Berg-899x1024.jpg 899w, http:\/\/www.exlibris.or.at\/wp-content\/uploads\/2023\/05\/Karl-Brandl-f\u00fcr-Erzbischof-Doktor-Karl-Berg-263x300.jpg 263w, http:\/\/www.exlibris.or.at\/wp-content\/uploads\/2023\/05\/Karl-Brandl-f\u00fcr-Erzbischof-Doktor-Karl-Berg-768x874.jpg 768w, http:\/\/www.exlibris.or.at\/wp-content\/uploads\/2023\/05\/Karl-Brandl-f\u00fcr-Erzbischof-Doktor-Karl-Berg.jpg 1226w\" sizes=\"(max-width: 899px) 100vw, 899px\" \/><\/figure><\/li><li class=\"blocks-gallery-item\"><figure><img loading=\"lazy\" decoding=\"async\" width=\"564\" height=\"1024\" src=\"http:\/\/www.exlibris.or.at\/wp-content\/uploads\/2023\/05\/Georg-Brandl-f\u00fcr-Prof.-Dr.-Liselotte-von-Eltz-1-564x1024.jpg\" alt=\"\" data-id=\"1820\" data-full-url=\"http:\/\/www.exlibris.or.at\/wp-content\/uploads\/2023\/05\/Georg-Brandl-f\u00fcr-Prof.-Dr.-Liselotte-von-Eltz-1.jpg\" data-link=\"http:\/\/www.exlibris.or.at\/?attachment_id=1820\" class=\"wp-image-1820\" srcset=\"http:\/\/www.exlibris.or.at\/wp-content\/uploads\/2023\/05\/Georg-Brandl-f\u00fcr-Prof.-Dr.-Liselotte-von-Eltz-1-564x1024.jpg 564w, http:\/\/www.exlibris.or.at\/wp-content\/uploads\/2023\/05\/Georg-Brandl-f\u00fcr-Prof.-Dr.-Liselotte-von-Eltz-1-165x300.jpg 165w, http:\/\/www.exlibris.or.at\/wp-content\/uploads\/2023\/05\/Georg-Brandl-f\u00fcr-Prof.-Dr.-Liselotte-von-Eltz-1-768x1395.jpg 768w, http:\/\/www.exlibris.or.at\/wp-content\/uploads\/2023\/05\/Georg-Brandl-f\u00fcr-Prof.-Dr.-Liselotte-von-Eltz-1-845x1536.jpg 845w, http:\/\/www.exlibris.or.at\/wp-content\/uploads\/2023\/05\/Georg-Brandl-f\u00fcr-Prof.-Dr.-Liselotte-von-Eltz-1.jpg 1016w\" sizes=\"(max-width: 564px) 100vw, 564px\" \/><\/figure><\/li><\/ul><\/figure>\n\n\n\n<p>Geschaffene\nExlibris: <\/p>\n\n\n\n<p>1) H. v. Balzar\n(Hugo von Balzar); X2; 90&#215;65; sw; hs; Bischof od. Heiliger mit Reichsapfel und\nStab; Slg. Rath:&nbsp; <\/p>\n\n\n\n<p>2) Erzbischof\nKarl Berg; Kli; 70&#215;65; sw; hs; St. Rupert; Bischof mit Stab h\u00e4lt Kirche )?) in\nrechter Hand, rechts Wappen; Slg. Rath.<\/p>\n\n\n\n<p>3) DDr. Gerhard\nBrandl; Kli; 45&#215;67; sw; hs; Kirchend\u00e4cher mit Wappen; Slg. Rath.<\/p>\n\n\n\n<p>4) Gerhard\nBrandl; Kli; 80&#215;60; sw; hs; Jan Hus in Konstanz, Hus mit 2 Bisch\u00f6fen und e\nKriegern; Slg. Rath. <\/p>\n\n\n\n<p>5) Romania\nBrandl; Kli; 95&#215;75; sw; hs; Links Kirche, rechts Manonna mit Kind und\nSchriftband; Slg. Rath. <\/p>\n\n\n\n<p>6) G. Buxbaum; Rad;\n83&#215;70; sw; hs; Heiliger von Pfeilen durchbort; Slg. Rath.&nbsp; &nbsp;<\/p>\n\n\n\n<p>7) Gustav\nBuxbaum, Johannes, Petrus, Frohe Weihnacht und ein gutes Jahr 1961, Abbildung\nim \u00d6EG Jb. 46\/1964\/65.&nbsp;&nbsp;&nbsp; <\/p>\n\n\n\n<p>8) Hofrat\nDirektor Dr. Edith Damisch * 9.11.1922, \u2020 19.2.015; Kli; 100&#215;62; sw; hs;\nDirektorin des Wirtschaftskundlichen Realgymnasiums in Salzburg; Oben Salzburg,\nmitte Sch\u00fclerin vor Tafel und rechts Dorf, unten Dorf mit B\u00e4umen. Slg. Rath.<\/p>\n\n\n\n<p>9) (Dr.) W. (Wiktor)\nDziulikowski, (1913 \u2013 2006), Exlibris \u2013 K\u00fcnstler u. Sammler; X2; 80&#215;65; sw; hs;\nM\u00f6nch mit Buch, Joh. Amos Comenius; Slg. Rath. &nbsp;<\/p>\n\n\n\n<p>10) Dr. W. (Wiktor)\nDziulikowski, LK 5.17, (1913 \u2013 2005); X2; 140&#215;65; dunkel-braun; s; Heiliger mit\nm\u00e4nnlicher Person; Slg.Rath. <\/p>\n\n\n\n<p>11) Abt\nBurgkhard Ellegast; Kli; 73&#215;55; sw; hs; Hl. Koloman mit Heiligenschein und\nStab; Slg. Rath.<\/p>\n\n\n\n<p>12) Prof. Dr.\nLiselotte von Eltz geb. Hoffmann, 18.11.1921 \u2013 14.10.2019, (Mutter: Gisela\nFreiin von Schwanberg-Krucina), evang.; Kli; 90&#215;50; sw; hs; Bibliothekarin,\nErwachsenenbildnerin, Publizistin und Autorin von zahlreichen Sachb\u00fcchern,\nMittglied im Pen &#8211; Club; Ehrenb\u00fcrgerin von Salzburg, Ehrenzeichen der Republik\n\u00d6sterreich, usw.; Hl. Franziskus. Slg. Rath.<\/p>\n\n\n\n<p>13) Prof. O.\nFeil; Abbildung \u00d6EG Jb. 49. <\/p>\n\n\n\n<p>14) Dr. G.\nKreyenberg; X2; 92&#215;53; sw; hs; Zwei Heilige; Slg. Rath.<\/p>\n\n\n\n<p>15) Dr. Rudolf Krier; Kli; 70&#215;70; sw; hs; St.\nStephan, Slg. Rath.<\/p>\n\n\n\n<p>16) Dr. H. Laut;\nX2; 98&#215;47; s; Heiliger (?) mit Stab, unten Becher; Slg. Rath.<\/p>\n\n\n\n<p>17) Dr. Hans\nLaut; X2; 130&#215;77; sw; \u201eEGO SUM VERTAS\u201c. Segnender Heiliger; Slg. Rath.<\/p>\n\n\n\n<p>18) Dr. Anna\nLerperger; Rad; 85&#215;65; sw; hs; Links Madonna mit Kind, rechts Hl. Lukas; Slg.\nRath.<\/p>\n\n\n\n<p>19) EO LP;\nMadonna mit Kind; Abbildung \u00d6EG Jb. 49; Slg. Rath. <\/p>\n\n\n\n<p>20) Doktor Kurt\nMeusburger; Kli; 115&#215;93; sw; hs; Paracelsius, Freud; Slg. Rath<\/p>\n\n\n\n<p>21) Doktor\nClemens Molnar; Kli; 77&#215;98; sw; hs; Dom, Kirche, fliegender und kniender\nHeiliger; Slg. Rath.<\/p>\n\n\n\n<p>22) Alma Petz;\nKli; 92&#215;75; sw; hs; Portrait von Johannes Kepler; mit Namen neben dem Portrait;\nSlg. Rat. <\/p>\n\n\n\n<p>23) Paul Pfister; Rad; 80&#215;60; sw; hs; Madonna mit\nKind; Slg. Rath.<\/p>\n\n\n\n<p>24) Paul\nPfister; X2; 107&#215;47; sw; Heiliger mit Heiligenschein und Palmwedel? Slg. Rath.<\/p>\n\n\n\n<p>25) O.\nPremstaller; X2: Bischof St. Eligius; 89&#215;40; sw; hs; Stehend, segnend; Abbildung\nim \u00d6EG Jb. 44.<\/p>\n\n\n\n<p>26) EL OP; X2; 132&#215;54; sw; Maria mit Kind.<\/p>\n\n\n\n<p>27) O.\nPremstaller; X2; 105&#215;45; sw; St. Leonhard.<\/p>\n\n\n\n<p>28) Tierarzt\nDoktor Ottmar Premstaller; Kli; 80&#215;77; sw; hs; Bischof St. Leonhard mit Stab,\ndahinter Pferdekopf; Slg. Rath. <\/p>\n\n\n\n<p>29) M. E. Rauch,\nX2; 78&#215;41; sw; hs; Madonna mit Kind, Abbildung im \u00d6EG Jb. 46\/1964\/65; Slg.\nRath.<\/p>\n\n\n\n<p>30) E. Sch\u00f6ner;\nX2; 95&#215;55;sw; Heiliger; Slg. Rath.<\/p>\n\n\n\n<p>31) ES (Erich\nSch\u00f6ner); X2; 66&#215;28; sw; s; Hl. Erich mit Stab, Axt, davor Kreuz; Slg.\nRath&nbsp;&nbsp; <\/p>\n\n\n\n<p>32) Ludwig\nSpindelberger; Kli; 100&#215;65; sw; hs; Hl. Severin, M\u00f6nch mit Buch, dahinter\nstehender Heiliger, dahinter Kirche; Slg. Rath.&nbsp;&nbsp; <\/p>\n\n\n\n<p>33) Ludwig\nSpindelberger; Kli; 73&#215;94; sw; hs; Hl. Severin fliegt segnend mit Bischofsstab\n\u00fcber Stadt. Slg Rath.<\/p>\n\n\n\n<p>34) Dr. Walter\nSulzberger; Kli; 110&#215;100 und 75&#215;70; sw; s; hs; Ein Original, eine Kopie; St.\nVirgil mit Kathetrale in linker Hand, rechte Hand segnet; Slg. Rath. &nbsp;<\/p>\n\n\n\n<p>35) Mr . Hans\nWinkler, Hl. Maria Magdalena Schutzherrin der Pharmazie, Abbildung im \u00d6EG Jb.\n46\/1964\/65. &nbsp;<\/p>\n\n\n\n<p>36) Mr. Hans\nWinkler; X2; 95&#215;50: sw; St. Franziskus, Abbildung im \u00d6EG Jb. 46\/1964\/65: Slg.\nRath.<\/p>\n\n\n\n<p>Freie Graphik\n(kleine Auswahl):<\/p>\n\n\n\n<p>Freie Graphik, Abbildungen\nim \u00d6EG Jb. 46\/1964\/65:<\/p>\n\n\n\n<p>Mein Herr und\nmein Gott, Kniender vor Jesus mit Heiligenschein, Abbildung im \u00d6EG Jb.\n46\/1964\/65.<\/p>\n\n\n\n<p>Kniende mit\nSchleier vor stehender Figur (Maria Verk\u00fcndigung), Abbildung im \u00d6EG Jb. 46 W.\nSauer zum Gedenken, \u2020 10.12.1930, Abbildung im \u00d6EG Jb. 46\/1964\/65. \/1964\/65. <\/p>\n\n\n\n<p>Zusammengestellt\u00a9 3. und 4.\nApril 2023 von Peter Rath, Wien. &nbsp;&nbsp;&nbsp;&nbsp; <br>\n<br>\n<\/p>\n","protected":false},"excerpt":{"rendered":"<p>DDr. Gerhard Brandl 1930 &#8211; 1951 Gerhard Brandl, geboren in St. P\u00f6lten am 23.12.1930, gestorben. 1951 Gymnasialmatura in Seitenst\u00e4tten und am 29.6. 1956 zum Priester geweiht. Schon w\u00e4hrend seiner Alumnatszeit wurden von ihm&nbsp; geschaffene Scherenschnitte in verschiedenen Zeitschriften ver\u00f6ffentlicht.&nbsp;&nbsp;&nbsp; Seit 1957 pflegt er die Technik des Holzstiches, es entstanden Exlibris, Gedenkbl\u00e4tter und Neujahrsbl\u00e4tter. Das Jahr &hellip; <a href=\"http:\/\/www.exlibris.or.at\/?page_id=1808\" class=\"more-link\"><span class=\"screen-reader-text\">Gerhard Brandl<\/span> weiterlesen<\/a><\/p>\n","protected":false},"author":1,"featured_media":0,"parent":0,"menu_order":0,"comment_status":"closed","ping_status":"closed","template":"","meta":{"footnotes":""},"_links":{"self":[{"href":"http:\/\/www.exlibris.or.at\/index.php?rest_route=\/wp\/v2\/pages\/1808"}],"collection":[{"href":"http:\/\/www.exlibris.or.at\/index.php?rest_route=\/wp\/v2\/pages"}],"about":[{"href":"http:\/\/www.exlibris.or.at\/index.php?rest_route=\/wp\/v2\/types\/page"}],"author":[{"embeddable":true,"href":"http:\/\/www.exlibris.or.at\/index.php?rest_route=\/wp\/v2\/users\/1"}],"replies":[{"embeddable":true,"href":"http:\/\/www.exlibris.or.at\/index.php?rest_route=%2Fwp%2Fv2%2Fcomments&post=1808"}],"version-history":[{"count":3,"href":"http:\/\/www.exlibris.or.at\/index.php?rest_route=\/wp\/v2\/pages\/1808\/revisions"}],"predecessor-version":[{"id":1821,"href":"http:\/\/www.exlibris.or.at\/index.php?rest_route=\/wp\/v2\/pages\/1808\/revisions\/1821"}],"wp:attachment":[{"href":"http:\/\/www.exlibris.or.at\/index.php?rest_route=%2Fwp%2Fv2%2Fmedia&parent=1808"}],"curies":[{"name":"wp","href":"https:\/\/api.w.org\/{rel}","templated":true}]}}