{"id":1798,"date":"2023-04-07T14:01:30","date_gmt":"2023-04-07T12:01:30","guid":{"rendered":"http:\/\/www.exlibris.or.at\/?page_id=1798"},"modified":"2023-04-07T14:03:28","modified_gmt":"2023-04-07T12:03:28","slug":"emil-huetter-1835-1886","status":"publish","type":"page","link":"http:\/\/www.exlibris.or.at\/?page_id=1798","title":{"rendered":"Emil H\u00fctter 1835-1886"},"content":{"rendered":"\n<div class=\"wp-block-image\"><figure class=\"aligncenter size-large is-resized\"><img loading=\"lazy\" decoding=\"async\" src=\"http:\/\/www.exlibris.or.at\/wp-content\/uploads\/2023\/04\/H\u00fctter_Emil-1024x715.jpg\" alt=\"\" class=\"wp-image-1799\" width=\"562\" height=\"392\" srcset=\"http:\/\/www.exlibris.or.at\/wp-content\/uploads\/2023\/04\/H\u00fctter_Emil-1024x715.jpg 1024w, http:\/\/www.exlibris.or.at\/wp-content\/uploads\/2023\/04\/H\u00fctter_Emil-300x210.jpg 300w, http:\/\/www.exlibris.or.at\/wp-content\/uploads\/2023\/04\/H\u00fctter_Emil-768x537.jpg 768w, http:\/\/www.exlibris.or.at\/wp-content\/uploads\/2023\/04\/H\u00fctter_Emil.jpg 1500w\" sizes=\"(max-width: 562px) 100vw, 562px\" \/><\/figure><\/div>\n\n\n\n<p>Wien 14.5.1835, + Wien 21.1.1886 in Wien\nIX., Wasag. 27. Zeichner, Radierer, Lithograph. Nach kurzer T\u00e4tigkeit in der\nBuchhandlung Gerold trat H. in den Dienst des Magistrats (Zuletzt war er\nKassier in der st\u00e4dt. Hauptkassa). Als Maler Autodidakt, schuf er eine gro\u00dfe\nZahl von naturgetreuen Zeichnungen u. Aquarellen des\nStadtbilds (Kirchen, H\u00e4user, Pl\u00e4tze, Basteien, Stadttore usw.) und der Wiener\nUmgebung. Der Wert seiner Arbeiten liegt u. a. im Bereich der topographischen\nDokumentation. Etwa 400 Bl\u00e4tter verwahrt das Historische Mmseum, andere\nbefinden sich in der Albertina und in der \u00d6NB. Besonders wertvoll ist die\nLithographienfolge der Wiener Stadttore aus den 60er Jahren des 19.\nJahrhunderts und das vor der Demolierung der Basteien festgehaltene \u201ePanorama\nvon Wien 1858\u201c.&nbsp; H\u00fctter verfertigte auch\ndie Illustration zu Wilhelm Kisch \u201eDie alten Stra\u00dfen und Pl\u00e4tze Wiens\u201c 1883,\nbetrieb daneben historische Forschungen und sammelte Material zur Geschichte\nWiens, der Wiener Haus- und Wahrzeichen sowie \u00fcber Kirchen und Kapellen. <\/p>\n\n\n\n<p>H\u00fctter war Freimaurer,\naufgenommen 24.11.1872 in die Grenzloge Humanitas (M 136), in den II. Grad\nbef\u00f6rdert&nbsp; 27. April 1873, in den II.\nGrad erhoben 24.1.1874; 1874\/75 stellvertretender Bibliothekar,&nbsp; Gedeckt (aus dem Bund ausgeschieden) 21.3.\n1877. (Kodek G\u00fcnter K.: Unsere Bausteine sind die Menschen. Die Mitglieder der\nWiener Freimaurer \u2013 Logen 1869-1938. ISBN 978 \u2013 3 \u2013 85409 \u2013 512 \u2013 5. \u00a9 2009\nErhard L\u00f6cker GesmbH, Wien<\/p>\n\n\n\n<p>Lit.: GB\u00d6; \u00d6BL; Thieme Becker; Versteigerungskatalog der Bibliothek E. H. vom 17.1.1887; Versteigerungskatalog der Viennensiasammlung E. H. vom 23.1.1888; Ver\u00f6ff. WStLA, Reihe A, Serie 3, H. 2, 14.<\/p>\n\n\n\n<div class=\"wp-block-image\"><figure class=\"aligncenter size-large is-resized\"><img loading=\"lazy\" decoding=\"async\" src=\"http:\/\/www.exlibris.or.at\/wp-content\/uploads\/2023\/04\/url.jpg\" alt=\"\" class=\"wp-image-1800\" width=\"593\" height=\"443\"\/><\/figure><\/div>\n\n\n\n<p>&nbsp;&nbsp;&nbsp;&nbsp;&nbsp;&nbsp;&nbsp;&nbsp;&nbsp;&nbsp;&nbsp;&nbsp;&nbsp;&nbsp;&nbsp;&nbsp;&nbsp;&nbsp;&nbsp;&nbsp;&nbsp;&nbsp;&nbsp;&nbsp;&nbsp;&nbsp;&nbsp;&nbsp;&nbsp;&nbsp;&nbsp;&nbsp;&nbsp;&nbsp;&nbsp;&nbsp;&nbsp; Exlibris \u2013 Text: EMILII H\u00dcTTERI, ANNO DOM&nbsp; MDCCCLXXII, (1872) Wien. Kleine abgeschnittene Signatur links unten. Winkel und Zirkel, weiter ein Pentagramm.&nbsp; <\/p>\n\n\n\n<p>Von den <a href=\"http:\/\/de.wikipedia.org\/wiki\/Dombauh%C3%BCtte\">Dombauh\u00fctten<\/a> kam das Pentagramm zu den <a href=\"http:\/\/de.wikipedia.org\/wiki\/Freimaurerei\">Freimaurern<\/a> und wurde das \u00fcbergeordnete Symbol auf ihren Arbeitsteppichen. Als\nZeichen f\u00fcr die <a href=\"http:\/\/de.wikipedia.org\/wiki\/Sieben_Freie_K%C3%BCnste\">f\u00fcnfte Wissenschaft<\/a> der <a href=\"http:\/\/de.wikipedia.org\/w\/index.php?title=Heilige_Geometrie&amp;action=edit&amp;redlink=1\">heiligen Geometrie<\/a> ist es ein Sinnbild der Vernunft, des Ma\u00dfes und des Wahrheit suchenden\nGeistes. Seine f\u00fcnf Spitzen weisen auf die Tugenden der Klugheit, der\nGerechtigkeit, der St\u00e4rke, der M\u00e4\u00dfigkeit und des Flei\u00dfes hin.&nbsp; Das Pentagramm ist ein Symbol der Freimaurer.<\/p>\n\n\n\n<p>Erstellt 2020 und\n2021 von Peter Rath \u00a9 in Wien.<\/p>\n\n\n\n<p>Das Pentagramm, auch Drudenfu\u00df genannt, hat\nvon alters her symbolische Bedeutung. <\/p>\n\n\n\n<p><strong>Freimaurer-Symbol [<\/strong><a href=\"http:\/\/de.wikipedia.org\/w\/index.php?title=Pentagramm&amp;action=edit&amp;section=10\"><strong>Bearbeiten<\/strong><\/a><strong>]<\/strong><\/p>\n\n\n\n<p>Weitere symbolische Deutungen der f\u00fcnf Ecken des Pentagramms sind der Geist und die <a href=\"http:\/\/de.wikipedia.org\/wiki\/Vier-Elemente-Lehre\">vier Elemente<\/a> Feuer, Wasser, Erde und Luft; oder auch \u00c4ther und die vier <a href=\"http:\/\/de.wikipedia.org\/wiki\/Himmelsrichtung\">Himmelsrichtungen<\/a> Norden, S\u00fcden, Westen und Osten. Der <em>Flammende Stern<\/em> ist ein freimaurerisches Pentagramm, das von einer <a href=\"http:\/\/de.wikipedia.org\/wiki\/Heiligenschein\">Gloriole<\/a> umgeben ist und zentral den Buchstaben <em>G<\/em> enth\u00e4lt (identische Bedeutung).<\/p>\n\n\n\n<p>H. Schriftsteller: Monographie \u00fcber M\u00f6dling, Ehrenb\u00fcrger von M\u00f6dling (Kodek)<\/p>\n\n\n\n<p>Aus Freimaurer-wiki<\/p>\n\n\n\n<h2 class=\"wp-block-heading\">Schneeberger, Franz Julius <\/h2>\n\n\n\n<p>Quelle: <a href=\"http:\/\/freimaurer-wiki.de\/index.php\/Lennhoff,_Posner,_Binder\">Lennhoff, Posner, Binder<\/a> von 1932 <\/p>\n\n\n\n<p>Schriftsteller, schrieb auch unter dem Decknamen Arthur Storch, *\n1827, \u2020 1892, Ingenieur im Dienste der \u00d6sterreichischen S\u00fcdbahn, gr\u00fcndete\ngemeinsam mit Lewis (s.d.) 1868 die Loge &#8222;<a href=\"http:\/\/freimaurer-wiki.de\/index.php?title=Einigkeit_im_Vaterlande&amp;action=edit&amp;redlink=1\">Einigkeit im\nVaterlande<\/a>&#8220; in Budapest, bem\u00fchte\nsich, der Freimaurerei in <a href=\"http:\/\/freimaurer-wiki.de\/index.php\/%C3%96sterreich\">\u00d6sterreich<\/a> wieder Eingang zu verschaffen. <\/p>\n\n\n\n<p>Er begr\u00fcndete den nichtpolitischen Verein &#8222;Humanitas&#8220; in\nWien indem er sich mit der nahe der \u00d6sterreichischen Grenze arbeitenden\nungarischen Loge &#8222;<a href=\"http:\/\/freimaurer-wiki.de\/index.php?title=Zur_Verbr%C3%BCderung&amp;action=edit&amp;redlink=1\">Zur Verbr\u00fcderung<\/a>&#8220; in Odenburg in Verbindung setzte, die zun\u00e4chst alle\nritualm\u00e4\u00dfigen Arbeiten f\u00fcr die &#8222;Humanitas&#8220; besorgte. <\/p>\n\n\n\n<p>Damit wurde Schneeberger der Begr\u00fcnder der \u00f6sterreichischen <a href=\"http:\/\/freimaurer-wiki.de\/index.php?title=Grenzloge&amp;action=edit&amp;redlink=1\">Grenzlogen<\/a>, die durch die Jahre (23. Juni) 1869\u20141918 als nichtpolitische\nVereine in Wien freimaurerisch arbeiteten. 1871 wurde in dem bei Wiener-Neustadt\ngelegenen ungarischen Orte Neud\u00f6rfel die Gr\u00fcndung der Loge\n&#8222;Humanitas&#8220; vollzogen, deren Stuhlmeister Schneeberger durch lange\nJahre war. Auch zu einer zweiten Grenzloge, &#8222;<a href=\"http:\/\/freimaurer-wiki.de\/index.php?title=Eintracht&amp;action=edit&amp;redlink=1\">Eintracht<\/a>&#8222;, hat er den Grund gelegt. Vom Jahre 1871 an leitete er den\n&#8222;Zirkel&#8220;, der als Organ der Loge &#8222;Humanitas&#8220; erschien und\nder nach dem Weltkrieg in der &#8222;<a href=\"http:\/\/freimaurer-wiki.de\/index.php\/Wiener_Freimaurerzeitung\">Wiener Freimaurerzeitung<\/a>&#8220; seine Fortsetzung fand. Auch als Schriftsteller hat er\nunter dem Namen Storch in einigen Romanen die Freimaurerei behandelt so:\n&#8222;Die Geheimnisvollen oder Jesuit und Freimaurer&#8220;, Wien 1869, und\n&#8222;Die Katakomben von Wien&#8220;. <\/p>\n\n\n\n<p>Die Er\u00f6ffnung der \u00f6sterreichischen Polizeiarchive nach dem\nWeltkrieg hat dann allerdings sein Bild getr\u00fcbt. Es hat sich herausgestellt,\nda\u00df Schneeberger der Beh\u00f6rde laufende Berichte \u00fcber die \u00f6sterreichische\nLogent\u00e4tigkeit lieferte. <\/p>\n\n\n\n<p>Auch: Kodek, G\u00fcnter K.: Zwischen verboten und erlaubt. Chronik der\nFreimaurerei in der \u00f6sterreichisch \u2013 ungarischen Monarchie 1869 \u2013 1917 und der\nI. Republik 1918-1938. ISBN: 978 \u2013 3 \u2013 85409 \u2013 511 \u2013 8. \u00a9 2009 Erhard L\u00f6cker GesmbH,\nWien.<\/p>\n\n\n\n<p>Nachla\u00df?<\/p>\n\n\n\n<p>(Alles\naus Czeike, Hist. Lex. Wien 2004, Bd. 3, S. 295f.)&nbsp;&nbsp;&nbsp; <\/p>\n","protected":false},"excerpt":{"rendered":"<p>Wien 14.5.1835, + Wien 21.1.1886 in Wien IX., Wasag. 27. Zeichner, Radierer, Lithograph. Nach kurzer T\u00e4tigkeit in der Buchhandlung Gerold trat H. in den Dienst des Magistrats (Zuletzt war er Kassier in der st\u00e4dt. Hauptkassa). Als Maler Autodidakt, schuf er eine gro\u00dfe Zahl von naturgetreuen Zeichnungen u. Aquarellen des Stadtbilds (Kirchen, H\u00e4user, Pl\u00e4tze, Basteien, Stadttore &hellip; <a href=\"http:\/\/www.exlibris.or.at\/?page_id=1798\" class=\"more-link\"><span class=\"screen-reader-text\">Emil H\u00fctter 1835-1886<\/span> weiterlesen<\/a><\/p>\n","protected":false},"author":1,"featured_media":0,"parent":0,"menu_order":0,"comment_status":"closed","ping_status":"closed","template":"","meta":{"footnotes":""},"_links":{"self":[{"href":"http:\/\/www.exlibris.or.at\/index.php?rest_route=\/wp\/v2\/pages\/1798"}],"collection":[{"href":"http:\/\/www.exlibris.or.at\/index.php?rest_route=\/wp\/v2\/pages"}],"about":[{"href":"http:\/\/www.exlibris.or.at\/index.php?rest_route=\/wp\/v2\/types\/page"}],"author":[{"embeddable":true,"href":"http:\/\/www.exlibris.or.at\/index.php?rest_route=\/wp\/v2\/users\/1"}],"replies":[{"embeddable":true,"href":"http:\/\/www.exlibris.or.at\/index.php?rest_route=%2Fwp%2Fv2%2Fcomments&post=1798"}],"version-history":[{"count":2,"href":"http:\/\/www.exlibris.or.at\/index.php?rest_route=\/wp\/v2\/pages\/1798\/revisions"}],"predecessor-version":[{"id":1803,"href":"http:\/\/www.exlibris.or.at\/index.php?rest_route=\/wp\/v2\/pages\/1798\/revisions\/1803"}],"wp:attachment":[{"href":"http:\/\/www.exlibris.or.at\/index.php?rest_route=%2Fwp%2Fv2%2Fmedia&parent=1798"}],"curies":[{"name":"wp","href":"https:\/\/api.w.org\/{rel}","templated":true}]}}