{"id":1780,"date":"2023-04-07T13:42:05","date_gmt":"2023-04-07T11:42:05","guid":{"rendered":"http:\/\/www.exlibris.or.at\/?page_id=1780"},"modified":"2023-04-07T13:42:05","modified_gmt":"2023-04-07T11:42:05","slug":"karl-bock-exlibrissammler-und-kuenstler","status":"publish","type":"page","link":"http:\/\/www.exlibris.or.at\/?page_id=1780","title":{"rendered":"Karl Bock, Exlibrissammler und K\u00fcnstler"},"content":{"rendered":"\n<p>Karl Bock, Exlibrissammler und K\u00fcnstler<\/p>\n\n\n\n<p>Exlibrisk\u00fcnstler und Buchgraphiker, gestorben in Wien 1947.10.03, Leiter\nder Wiener Wohlfartsanstalten (im Stock), im Lehmann online 1925 und 1935 als Waisenhausdirektor\nin Wien, V. Gassergasse 19; 1942, Waisenhausdirektor XIX. Boschstra\u00dfe17\nbeschrieben. Leider sind im Nachruf der \u00d6EG in den Mitteilungen 1\/1984 nur\nwenig Informationen zu finden. Bock hat au\u00dfer Exlibris auch B\u00fccher gesammelt,\nwar Musik liebend und hat \u00d6EG unterst\u00fctzt.&nbsp;&nbsp;&nbsp;\n<\/p>\n\n\n\n<p>Nicht im WBIS.<\/p>\n\n\n\n<figure class=\"wp-block-gallery columns-2 wp-block-gallery-1 is-layout-flex wp-block-gallery-is-layout-flex\"><ul class=\"blocks-gallery-grid\"><li class=\"blocks-gallery-item\"><figure><img loading=\"lazy\" decoding=\"async\" width=\"706\" height=\"1024\" src=\"http:\/\/www.exlibris.or.at\/wp-content\/uploads\/2023\/04\/Max-Kislinger-f\u00fcr-Karl-Bock-706x1024.jpg\" alt=\"\" data-id=\"1781\" data-full-url=\"http:\/\/www.exlibris.or.at\/wp-content\/uploads\/2023\/04\/Max-Kislinger-f\u00fcr-Karl-Bock.jpg\" data-link=\"http:\/\/www.exlibris.or.at\/?attachment_id=1781\" class=\"wp-image-1781\" srcset=\"http:\/\/www.exlibris.or.at\/wp-content\/uploads\/2023\/04\/Max-Kislinger-f\u00fcr-Karl-Bock-706x1024.jpg 706w, http:\/\/www.exlibris.or.at\/wp-content\/uploads\/2023\/04\/Max-Kislinger-f\u00fcr-Karl-Bock-207x300.jpg 207w, http:\/\/www.exlibris.or.at\/wp-content\/uploads\/2023\/04\/Max-Kislinger-f\u00fcr-Karl-Bock-768x1113.jpg 768w, http:\/\/www.exlibris.or.at\/wp-content\/uploads\/2023\/04\/Max-Kislinger-f\u00fcr-Karl-Bock-1060x1536.jpg 1060w, http:\/\/www.exlibris.or.at\/wp-content\/uploads\/2023\/04\/Max-Kislinger-f\u00fcr-Karl-Bock.jpg 1261w\" sizes=\"(max-width: 706px) 100vw, 706px\" \/><figcaption class=\"blocks-gallery-item__caption\">Max Kislinger<\/figcaption><\/figure><\/li><li class=\"blocks-gallery-item\"><figure><img loading=\"lazy\" decoding=\"async\" width=\"1024\" height=\"1017\" src=\"http:\/\/www.exlibris.or.at\/wp-content\/uploads\/2023\/04\/Richard-Teschner-f\u00fcr-Karl-Bock-1024x1017.jpg\" alt=\"\" data-id=\"1782\" data-full-url=\"http:\/\/www.exlibris.or.at\/wp-content\/uploads\/2023\/04\/Richard-Teschner-f\u00fcr-Karl-Bock.jpg\" data-link=\"http:\/\/www.exlibris.or.at\/?attachment_id=1782\" class=\"wp-image-1782\" srcset=\"http:\/\/www.exlibris.or.at\/wp-content\/uploads\/2023\/04\/Richard-Teschner-f\u00fcr-Karl-Bock-1024x1017.jpg 1024w, http:\/\/www.exlibris.or.at\/wp-content\/uploads\/2023\/04\/Richard-Teschner-f\u00fcr-Karl-Bock-300x298.jpg 300w, http:\/\/www.exlibris.or.at\/wp-content\/uploads\/2023\/04\/Richard-Teschner-f\u00fcr-Karl-Bock-150x150.jpg 150w, http:\/\/www.exlibris.or.at\/wp-content\/uploads\/2023\/04\/Richard-Teschner-f\u00fcr-Karl-Bock-768x763.jpg 768w, http:\/\/www.exlibris.or.at\/wp-content\/uploads\/2023\/04\/Richard-Teschner-f\u00fcr-Karl-Bock.jpg 1369w\" sizes=\"(max-width: 1024px) 100vw, 1024px\" \/><figcaption class=\"blocks-gallery-item__caption\">Richard Teschner<\/figcaption><\/figure><\/li><\/ul><\/figure>\n\n\n\n<p>Exlibris f\u00fcr die Familie Bock:<\/p>\n\n\n\n<p>F\u00fcr Bock, K.: <\/p>\n\n\n\n<p>Feil&nbsp;&nbsp; B 2836, B 2857ff; Lehrer B 5587; Sauer B\n8053; Teschner B 8960; Teubel B 8985;&nbsp;&nbsp; <\/p>\n\n\n\n<p>F\u00fcr Bock, Karl: <\/p>\n\n\n\n<p>Bock G 16324; Feil G 212279ff; Hofer B 4532; G 26082; Hofmann B 4590; G\n4402; G 26256; Kaiser G 2861; Kislinger G 28393; Lehrer G 31063f; Lux G 32017;\nSchw\u00e4rzler G 10168; Teschner G 43637; Wimmer G 12922; Woyty-Wimmer G 13198;&nbsp;&nbsp;&nbsp; <\/p>\n\n\n\n<p>F\u00fcr Bock, Karl Marein:<\/p>\n\n\n\n<p>Teubel G 11399; Sauer W 200; Hofer B 4403; <\/p>\n\n\n\n<p>F\u00fcr Bock, Karl und Marein:<\/p>\n\n\n\n<p>Hofer G 26083; Sauer G 39769; <\/p>\n\n\n\n<p>F\u00fcr Bock, M.:<\/p>\n\n\n\n<p>Lehrer B 5605; Schw\u00e4rzler B 8489; <\/p>\n\n\n\n<p>F\u00fcr Bock, Marein:<\/p>\n\n\n\n<p>Bock G 16325; Feil G 2459; H\u00fcttel G 27077; Kislinger G 5356; Schw\u00e4rzler\nG 10169f; <\/p>\n\n\n\n<p>Bock mit anderen Vornamen wurden nicht ber\u00fccksichtigt.&nbsp;&nbsp;&nbsp; <\/p>\n\n\n\n<p>Nachweise aus Datenbanken:<\/p>\n\n\n\n<p>Stock, Exlibrisdatenbank: <\/p>\n\n\n\n<p>ID142864, P2: Eigner: Boc k, Karl *18?? (?):+1947.10.03 Wien. Leiter der\nWiener Wohlfarts- anstalten. &#8211; Erw\u00e4hnung in: \u00d6sterreichisches Jahrbuch f\u00fcr\nExlibris und Gebrauchsgraphik 36. 1945-1946, S. 53-57 [EL Karl Bock von Franz\nKaiser, Mutter mit Kind], S. 58-69 [EL Karl Bock von Franz Lehrer,\nKalligraphie]; Exlibriskunst und Gebrauchsgraphik 1960, S. 69-70, 1 Illustr.\n[EL Karl Bock von Franz Kaiser, Mutter mit Kind]; <\/p>\n\n\n\n<p><strong>ID75530,\nL1: \u00d6sterreich: K\u00fcnstlerverzeichnisse, Bock, Karl<\/strong><strong>:<\/strong>&nbsp;Exlibris-K\u00fcnstler\nals Buchgraphiker \/ Karl Bock.\n&#8211;&nbsp;In:&nbsp;Rundschreiben der Wiener Exlibris-Gesellschaft. &#8211; Wien. 1942,\nNov., S. 1.<\/p>\n\n\n\n<p><strong>ID145345,\nP2: Eigner: Bock, Karl Feil, Otto<\/strong><strong>:<\/strong>&nbsp;In Memoriam Karl Bock:&nbsp;\/\n<\/p>\n\n\n[von]\n\n\n\n<p> O. F.. &#8211;&nbsp;In:&nbsp;Mitteilungen der \u00d6sterreichischen\nExlibris-Gesellschaft. &#8211; Wien. N. F. 3. 1948, Nr. 1, S.\n1. UBG II 301.720 HB15\/751\/M685.\n\n<\/p>\n\n\n\n<p>Neureiter, Manfred: Karl Friedrich Schw\u00e4rzler: Leben und Werk&#8230; &#8211;\n[Konstanz], [2002], [EL Karl Bock, Kupferstich 1940, 54 x 44 mm; Motiv:\nWeiblicher Akt, der sich auf die Initiale B st\u00fctzt]; Graphia: tijdschrift voor\nexlibriskunst No. 25. 1965, S. 305-306 [EL Karl Bock von Otto Feil, gotische Kirche\n(Krems?), H\u00fcgellandschaft]; No. 130. 1997, 3, S. 176-189 [Illustr.: EL Karl\nBock von Richard Teschner, Scheinwerfer \u00fcber n\u00e4chtlichem Wien]; Exlibriswereld\n28. 1985, nr. 3, S. 49, 1 Illustr. [EL Karl Bock von Otto Feil, Kirche, Wolken];\nSELC Express Nr. 62. 2005, S. 4-5 [EL Karl Bock von Richard Teschner,\nLichtkegel \u00fcber Wien mit Stephansdom].<\/p>\n","protected":false},"excerpt":{"rendered":"<p>Karl Bock, Exlibrissammler und K\u00fcnstler Exlibrisk\u00fcnstler und Buchgraphiker, gestorben in Wien 1947.10.03, Leiter der Wiener Wohlfartsanstalten (im Stock), im Lehmann online 1925 und 1935 als Waisenhausdirektor in Wien, V. Gassergasse 19; 1942, Waisenhausdirektor XIX. Boschstra\u00dfe17 beschrieben. Leider sind im Nachruf der \u00d6EG in den Mitteilungen 1\/1984 nur wenig Informationen zu finden. Bock hat au\u00dfer Exlibris &hellip; <a href=\"http:\/\/www.exlibris.or.at\/?page_id=1780\" class=\"more-link\"><span class=\"screen-reader-text\">Karl Bock, Exlibrissammler und K\u00fcnstler<\/span> weiterlesen<\/a><\/p>\n","protected":false},"author":1,"featured_media":0,"parent":0,"menu_order":0,"comment_status":"closed","ping_status":"closed","template":"","meta":{"footnotes":""},"_links":{"self":[{"href":"http:\/\/www.exlibris.or.at\/index.php?rest_route=\/wp\/v2\/pages\/1780"}],"collection":[{"href":"http:\/\/www.exlibris.or.at\/index.php?rest_route=\/wp\/v2\/pages"}],"about":[{"href":"http:\/\/www.exlibris.or.at\/index.php?rest_route=\/wp\/v2\/types\/page"}],"author":[{"embeddable":true,"href":"http:\/\/www.exlibris.or.at\/index.php?rest_route=\/wp\/v2\/users\/1"}],"replies":[{"embeddable":true,"href":"http:\/\/www.exlibris.or.at\/index.php?rest_route=%2Fwp%2Fv2%2Fcomments&post=1780"}],"version-history":[{"count":1,"href":"http:\/\/www.exlibris.or.at\/index.php?rest_route=\/wp\/v2\/pages\/1780\/revisions"}],"predecessor-version":[{"id":1783,"href":"http:\/\/www.exlibris.or.at\/index.php?rest_route=\/wp\/v2\/pages\/1780\/revisions\/1783"}],"wp:attachment":[{"href":"http:\/\/www.exlibris.or.at\/index.php?rest_route=%2Fwp%2Fv2%2Fmedia&parent=1780"}],"curies":[{"name":"wp","href":"https:\/\/api.w.org\/{rel}","templated":true}]}}