{"id":1770,"date":"2023-01-24T14:19:30","date_gmt":"2023-01-24T13:19:30","guid":{"rendered":"http:\/\/www.exlibris.or.at\/?page_id=1770"},"modified":"2023-01-24T14:21:07","modified_gmt":"2023-01-24T13:21:07","slug":"milo-bernas","status":"publish","type":"page","link":"http:\/\/www.exlibris.or.at\/?page_id=1770","title":{"rendered":"Milo Bernas"},"content":{"rendered":"\n<div class=\"wp-block-image\"><figure class=\"aligncenter size-large is-resized\"><img loading=\"lazy\" decoding=\"async\" src=\"http:\/\/www.exlibris.or.at\/wp-content\/uploads\/2023\/01\/Bernas-1-983x1024.jpg\" alt=\"\" class=\"wp-image-1772\" width=\"326\" height=\"339\" srcset=\"http:\/\/www.exlibris.or.at\/wp-content\/uploads\/2023\/01\/Bernas-1-983x1024.jpg 983w, http:\/\/www.exlibris.or.at\/wp-content\/uploads\/2023\/01\/Bernas-1-288x300.jpg 288w, http:\/\/www.exlibris.or.at\/wp-content\/uploads\/2023\/01\/Bernas-1-768x800.jpg 768w, http:\/\/www.exlibris.or.at\/wp-content\/uploads\/2023\/01\/Bernas-1.jpg 1046w\" sizes=\"(max-width: 326px) 100vw, 326px\" \/><\/figure><\/div>\n\n\n\n<p>Leider ist \u00fcber Milo Bernas wenig bekannt. Er wurde in Krakau am 24.9.1904 geboren und ist Salzburg nach 1956 gestorben. Er ist weder im Exlibris Katalog des Gutenberg Museums noch im AKL erw\u00e4hnt. Auch nicht in den Nachl\u00e4ssen des Research-Centers im Belvedere. Gerade\u00a0 im ANNO gibt es eine unbedeutende Erw\u00e4hnung. \u00a0\u00a0\u00a0<\/p>\n\n\n\n<p>Im \u00d6EG Jb. 45, 1963\/64, S. 46: wird er als Graveurmeister genannt, er kam als Siebenj\u00e4hriger nach Wien und besuchte sp\u00e4ter die Kunstgewerbeschule, Abteilung Jugendkunst unter Cischek. Bei welchen K\u00fcnstler er das Graveur- und Radierhandwerk lernte, ist unbekannt. Auch in den Exlibris-Sammlungen der \u00d6sterreichischen Nationalbibliothek ist er nicht vertreten. Nach dem \u00a0Kriegsdienst im 2. Weltkrieg lie\u00df er sich in Salzburg nieder und Gr\u00fcndete ein Graveuratelier \u00a0in Salzburg, I. Kleeblattg. 7.<\/p>\n\n\n\n<div class=\"wp-block-image\"><figure class=\"aligncenter size-large is-resized\"><img loading=\"lazy\" decoding=\"async\" src=\"http:\/\/www.exlibris.or.at\/wp-content\/uploads\/2023\/01\/Bernas-2-742x1024.jpg\" alt=\"\" class=\"wp-image-1773\" width=\"310\" height=\"427\" srcset=\"http:\/\/www.exlibris.or.at\/wp-content\/uploads\/2023\/01\/Bernas-2-742x1024.jpg 742w, http:\/\/www.exlibris.or.at\/wp-content\/uploads\/2023\/01\/Bernas-2-217x300.jpg 217w, http:\/\/www.exlibris.or.at\/wp-content\/uploads\/2023\/01\/Bernas-2-768x1060.jpg 768w, http:\/\/www.exlibris.or.at\/wp-content\/uploads\/2023\/01\/Bernas-2-1113x1536.jpg 1113w, http:\/\/www.exlibris.or.at\/wp-content\/uploads\/2023\/01\/Bernas-2.jpg 1142w\" sizes=\"(max-width: 310px) 100vw, 310px\" \/><\/figure><\/div>\n\n\n\n<p>Hofrat Dr. Karl F. Stock hat einige Ergebnisse in seiner Exlibris-Datenbank: ID100841,\u00a0 P1: K\u00fcnstler: Bernas, Milo *1904.09.24 Krakau: +19?? Salzburg\u00a0\u00a0 <br> Kupferstecher (C2) und Radierer (C3, C4). &#8211; Erw\u00e4hnung in: DEG Jahrbuch 1959, S. 19; \u00d6EG Jahrbuch 45. 1962-1963, S. 43-49; Severin, Mark F. &amp; Anthony Reid: Engraved bookplates: European ex libris 1950-1970. Pinner, 1972, S. 154, 157; Exlibris: 10.000 Exlibris &#8230; \/ Jens-Heiner Bauer. Hannover, 1983, S. 104; Die Kunst des erotischen Exlibris: \/ [Hrsg.:] Gernot Blum. Wiesbaden, 1986; Graphia: tijdschrift voor ex-libriskunst 62. 2018, S. 6-7 [EL ipse fecit; Schnecke, Monogramm mb]. &#8211; Lex.: Witte, K.: Monogrammlexikon, II. 1993, S. 220.<\/p>\n\n\n\n<div class=\"wp-block-image\"><figure class=\"aligncenter size-large is-resized\"><img loading=\"lazy\" decoding=\"async\" src=\"http:\/\/www.exlibris.or.at\/wp-content\/uploads\/2023\/01\/Ber5nas-3-986x1024.jpg\" alt=\"\" class=\"wp-image-1774\" width=\"349\" height=\"362\" srcset=\"http:\/\/www.exlibris.or.at\/wp-content\/uploads\/2023\/01\/Ber5nas-3-986x1024.jpg 986w, http:\/\/www.exlibris.or.at\/wp-content\/uploads\/2023\/01\/Ber5nas-3-289x300.jpg 289w, http:\/\/www.exlibris.or.at\/wp-content\/uploads\/2023\/01\/Ber5nas-3-768x797.jpg 768w, http:\/\/www.exlibris.or.at\/wp-content\/uploads\/2023\/01\/Ber5nas-3.jpg 992w\" sizes=\"(max-width: 349px) 100vw, 349px\" \/><\/figure><\/div>\n\n\n\n<p>Exlibris\nvon Milo Bernas:<\/p>\n\n\n\n<p>1. Milo\nBernas 1928; Rad; 90&#215;66; sw; 1928; hs; Gebirgslandschaft mit Wolken; Slg. Rath;\n<\/p>\n\n\n\n<p>2. Milo\nBernas, Rad; 75&#215;68; sw; o.J; hs; sitzender weiblicher Akt nach rechts in Omega\nForm, Motto: \u201eIn Dir sind deines Schicksals Sterne\u201c; Slg. Rath; <\/p>\n\n\n\n<p>3. Milo\nBernas; Rad; 43&#215;30; sw: o.J; hs; Plattensignatur des K\u00fcnstlers, vergr\u00f6\u00dfert,\nSchnecke dar\u00fcber; Slg. Rath; <\/p>\n\n\n\n<p>4. Milo\nBernas; Rad; 70&#215;70; braun; o.J; hs; H\u00e4nde halten Sternzeichen, Tempel darunter,\nSalzburg dar\u00fcber; Slg. Rath; <\/p>\n\n\n\n<p>5. Exlibris\nHilde u. Milo Bernas; 57&#215;53; sw; o.J., (1956, Bauer Kat. 1.511); sitzender\nweibl. Akt nach links, nach rechts bickend. Links oben rechts Schlangenkopf\nundd Apfel, Schrift gro\u00df und in Eiform; Nachweise: DEG Jb. 1959, nach S. 18; Slg.\nRath; &nbsp;&nbsp;<\/p>\n\n\n\n<p>7. Hans\nLaut, Rad., 87&#215;61; sw; o.J; sign; Christuskopf nach rechts; Slg Rath; <\/p>\n\n\n\n<p>6. Albert\nSchweizer; Rad; 60&#215;56; sw; o.J; sign; Portrait von Albert Schweizer, links\nViolinschl\u00fcssel u. \u00c4skulapschlange, Buch: DAS NEUE TESTAMENT; Nachweise: \u00d6EG\nJb. 45, 1962\/1963 S. 48. SLG. Rath;&nbsp;&nbsp;\n<\/p>\n\n\n\n<p>8. Dr. Josef Trattner; 85&#215;51; sw; o.J; hs; Eignerportrait;\nSlg. Rath; <\/p>\n\n\n\n<p>Freie\nGraphik: <\/p>\n\n\n\n<p>Rad;\n45&#215;37; sw., auch in braun; o.J; sign; Portrait von Mahatma Gandhi nach links im\nfloralem Rahmen; Slg. Rath; <\/p>\n\n\n\n<p>Rad; 84&#215;65;\nhellblau; o.J; sign; Sitzender weibl. Akt auf Sockel, links darunter\nFl\u00f6tenspielender Putti; Slg. Rath; <\/p>\n\n\n\n<p>Die\nBezeichnung Slg. Rath weist auf die Exlibris-Sammlung von Brigitte und Peter\nRath hin.<\/p>\n\n\n\n<p>Fertiggestellt\nDezember 2022 von Peter Rath\u00a9 in Wien. <\/p>\n","protected":false},"excerpt":{"rendered":"<p>Leider ist \u00fcber Milo Bernas wenig bekannt. Er wurde in Krakau am 24.9.1904 geboren und ist Salzburg nach 1956 gestorben. Er ist weder im Exlibris Katalog des Gutenberg Museums noch im AKL erw\u00e4hnt. Auch nicht in den Nachl\u00e4ssen des Research-Centers im Belvedere. Gerade\u00a0 im ANNO gibt es eine unbedeutende Erw\u00e4hnung. \u00a0\u00a0\u00a0 Im \u00d6EG Jb. 45, &hellip; <a href=\"http:\/\/www.exlibris.or.at\/?page_id=1770\" class=\"more-link\"><span class=\"screen-reader-text\">Milo Bernas<\/span> weiterlesen<\/a><\/p>\n","protected":false},"author":1,"featured_media":0,"parent":0,"menu_order":0,"comment_status":"closed","ping_status":"closed","template":"","meta":{"footnotes":""},"_links":{"self":[{"href":"http:\/\/www.exlibris.or.at\/index.php?rest_route=\/wp\/v2\/pages\/1770"}],"collection":[{"href":"http:\/\/www.exlibris.or.at\/index.php?rest_route=\/wp\/v2\/pages"}],"about":[{"href":"http:\/\/www.exlibris.or.at\/index.php?rest_route=\/wp\/v2\/types\/page"}],"author":[{"embeddable":true,"href":"http:\/\/www.exlibris.or.at\/index.php?rest_route=\/wp\/v2\/users\/1"}],"replies":[{"embeddable":true,"href":"http:\/\/www.exlibris.or.at\/index.php?rest_route=%2Fwp%2Fv2%2Fcomments&post=1770"}],"version-history":[{"count":2,"href":"http:\/\/www.exlibris.or.at\/index.php?rest_route=\/wp\/v2\/pages\/1770\/revisions"}],"predecessor-version":[{"id":1775,"href":"http:\/\/www.exlibris.or.at\/index.php?rest_route=\/wp\/v2\/pages\/1770\/revisions\/1775"}],"wp:attachment":[{"href":"http:\/\/www.exlibris.or.at\/index.php?rest_route=%2Fwp%2Fv2%2Fmedia&parent=1770"}],"curies":[{"name":"wp","href":"https:\/\/api.w.org\/{rel}","templated":true}]}}