{"id":1586,"date":"2022-08-17T15:38:03","date_gmt":"2022-08-17T13:38:03","guid":{"rendered":"http:\/\/www.exlibris.or.at\/?page_id=1586"},"modified":"2022-08-17T15:48:49","modified_gmt":"2022-08-17T13:48:49","slug":"ernst-arnold","status":"publish","type":"page","link":"http:\/\/www.exlibris.or.at\/?page_id=1586","title":{"rendered":"Ernst Arnold"},"content":{"rendered":"\n<p>Ernst Arnold 1892-1962,\nExlibris von Richard Lux 1877-1939.<\/p>\n\n\n\n<p>Biographie von Monika Kornberger, gek\u00fcrzt.  Ernst Arnold wurde am 12.2.1892 als Ernst Arnold Jeschke, dritter und j\u00fcngster Sohn des Buchhalters Carl Borrom\u00e4us Jeschke (Wien 13.12.1858 \u2013 Wien 9.6.1927) und seiner Frau Ottilie Augusta Elisabeth, geb. Lum\u00e9 de Luine (Hannover 4.7.1866 \u2013 Wien 6.4.1942) in Wien IX., Sechsschimmelgasse 6 (heute Lustkandelgasser 6) geboren und am 13.3. in der Gumpendorfer Kirche A.B. getauft. <\/p>\n\n\n\n<div class=\"wp-block-image\"><figure class=\"aligncenter size-large is-resized\"><img loading=\"lazy\" decoding=\"async\" src=\"http:\/\/www.exlibris.or.at\/wp-content\/uploads\/2022\/08\/Lux-Ernst-Arnold-780x1024.jpg\" alt=\"\" class=\"wp-image-1587\" width=\"448\" height=\"588\" srcset=\"http:\/\/www.exlibris.or.at\/wp-content\/uploads\/2022\/08\/Lux-Ernst-Arnold-780x1024.jpg 780w, http:\/\/www.exlibris.or.at\/wp-content\/uploads\/2022\/08\/Lux-Ernst-Arnold-229x300.jpg 229w, http:\/\/www.exlibris.or.at\/wp-content\/uploads\/2022\/08\/Lux-Ernst-Arnold-768x1008.jpg 768w, http:\/\/www.exlibris.or.at\/wp-content\/uploads\/2022\/08\/Lux-Ernst-Arnold-1170x1536.jpg 1170w, http:\/\/www.exlibris.or.at\/wp-content\/uploads\/2022\/08\/Lux-Ernst-Arnold.jpg 1411w\" sizes=\"(max-width: 448px) 100vw, 448px\" \/><\/figure><\/div>\n\n\n\n<p>Seine Mutter entstammte&nbsp;&nbsp; dem franz\u00f6sischen Adel, ihr Vater Jean\nGeorge Lum\u00e9 de Luine (Altona 16.6.1823 \u2013 Gmunden 23.6.1904) war als hoher\nBeamter zun\u00e4chst in Hamburg (u. a. Konsul der Republik Chile), sp\u00e4ter in\nHannover t\u00e4tig gewesen, wo er als geheimer Legationsrat im Dienste des K\u00f6nigs\nvon Hannover stand. 1866 \u00fcbersiedelte die Familie nach Wien. &nbsp;&nbsp;<\/p>\n\n\n\n<p>Arnold Eltern hatten hier am 24.2.1889&nbsp;&nbsp; geheiratet. Ihr erster Sohn Karl Raffael war\nbereits am 5.2.1889 in Wien zur Welt gekommen. Er wurde Dermatologe und starb\nam 1.7.1952 in Wien. Arnolds um ein Jahr \u00e4lterer Bruder Friedrich Arnold\nHeinrich&nbsp; (* Wien 6.1.1891 \u2013 Wien\n24.2.1961) konnte sich unter dem Pseudonym Fritz Imhoff als S\u00e4nger und\nbeliebter Komiker etablieren. Auch Arnold selbst versuchte sich schon fr\u00fch als\nAlleinunterhalter. (\u2026.)<\/p>\n\n\n\n<div class=\"wp-block-image\"><figure class=\"aligncenter size-large\"><img loading=\"lazy\" decoding=\"async\" width=\"1024\" height=\"712\" src=\"http:\/\/www.exlibris.or.at\/wp-content\/uploads\/2022\/08\/Wiener-Lied-Ernst-A-1024x712.jpg\" alt=\"\" class=\"wp-image-1597\" srcset=\"http:\/\/www.exlibris.or.at\/wp-content\/uploads\/2022\/08\/Wiener-Lied-Ernst-A-1024x712.jpg 1024w, http:\/\/www.exlibris.or.at\/wp-content\/uploads\/2022\/08\/Wiener-Lied-Ernst-A-300x209.jpg 300w, http:\/\/www.exlibris.or.at\/wp-content\/uploads\/2022\/08\/Wiener-Lied-Ernst-A-768x534.jpg 768w, http:\/\/www.exlibris.or.at\/wp-content\/uploads\/2022\/08\/Wiener-Lied-Ernst-A-1536x1068.jpg 1536w, http:\/\/www.exlibris.or.at\/wp-content\/uploads\/2022\/08\/Wiener-Lied-Ernst-A-2048x1424.jpg 2048w\" sizes=\"(max-width: 1024px) 100vw, 1024px\" \/><\/figure><\/div>\n\n\n\n<p>Arnold versuchte sich als Schauspieldiletant, besuchte\ndie Operettenschule von Ludwig Gothov-Gr\u00fceke in der Mariahilferstrasse 71, und\nverwendete bereits seinen K\u00fcnstlernamen. Dann wurde er bereits f\u00fcr eine Saison\nin Reichenberg engagagiert und deb\u00fctierte 1912 am Raimund Theater in Leo\nAschers neuer Operette <em>Hoheit tanzt\nWalzer <\/em>in der Rolle dse geigenspielenden Musiklehrers Peperl Gschandner.\nAuf grund seiner einschl\u00e4gigen Ausbildung konnte er das Geigensolo auf der\nB\u00fchne selbst spielen. (\u2026.) Mit Robert Stolz &nbsp;&nbsp;&nbsp;&nbsp;&nbsp;&nbsp;&nbsp;<\/p>\n\n\n\n<p>Die vom Autor dieser Zeilen gek\u00fcrzte Biographie von\nErnst Arnold ist von Monika Kornberger aus dem Buch: Monika Kornberger, \u201eEinmal\nsang die Liebe uns ein Lied,\u201c Deutscher Schlager der Zwischenkriegszeit in Wien\nund seine Protagonisten. Verlag Hollitzer 2021, ISBN 978-3-99012-824-4. Mein Dank an die Autorin, die mir Erlaubt hat, ihren Text zu\nVerwenden!<\/p>\n\n\n\n<p>Richard Lux geb. Wien 22.8.<strong>1877, gest. Wien:\n23.11.1939. Eine Ausf\u00fchrliche Biographie \u00fcber den K\u00fcnstler ist der der Homepage\nder \u201e\u00d6sterreichischen Exlibris Gesellschaft.\u201c Aufgez\u00e4hlt werden 101 Exlibris.\nDas Exlibris f\u00fcr Ernst Arnold ist Opus 64, entstanden 1926. Die Biographie ist\nvon Dr. Horst E. Sparke. Das Sujet auf dem Exlibris ist leider nicht\nbekannt.&nbsp; <\/strong><strong><\/strong><\/p>\n\n\n\n<p><strong>Entstanden\n2022 mit der Hilfe von Dr. Monika Kornberger und der Datenbank von HR Dr. Karl\nF. Stock.&nbsp; \u00a9 Peter Rath, Wien.<\/strong><\/p>\n","protected":false},"excerpt":{"rendered":"<p>Ernst Arnold 1892-1962, Exlibris von Richard Lux 1877-1939. Biographie von Monika Kornberger, gek\u00fcrzt. Ernst Arnold wurde am 12.2.1892 als Ernst Arnold Jeschke, dritter und j\u00fcngster Sohn des Buchhalters Carl Borrom\u00e4us Jeschke (Wien 13.12.1858 \u2013 Wien 9.6.1927) und seiner Frau Ottilie Augusta Elisabeth, geb. Lum\u00e9 de Luine (Hannover 4.7.1866 \u2013 Wien 6.4.1942) in Wien IX., Sechsschimmelgasse &hellip; <a href=\"http:\/\/www.exlibris.or.at\/?page_id=1586\" class=\"more-link\"><span class=\"screen-reader-text\">Ernst Arnold<\/span> weiterlesen<\/a><\/p>\n","protected":false},"author":1,"featured_media":0,"parent":0,"menu_order":0,"comment_status":"closed","ping_status":"closed","template":"","meta":{"footnotes":""},"_links":{"self":[{"href":"http:\/\/www.exlibris.or.at\/index.php?rest_route=\/wp\/v2\/pages\/1586"}],"collection":[{"href":"http:\/\/www.exlibris.or.at\/index.php?rest_route=\/wp\/v2\/pages"}],"about":[{"href":"http:\/\/www.exlibris.or.at\/index.php?rest_route=\/wp\/v2\/types\/page"}],"author":[{"embeddable":true,"href":"http:\/\/www.exlibris.or.at\/index.php?rest_route=\/wp\/v2\/users\/1"}],"replies":[{"embeddable":true,"href":"http:\/\/www.exlibris.or.at\/index.php?rest_route=%2Fwp%2Fv2%2Fcomments&post=1586"}],"version-history":[{"count":2,"href":"http:\/\/www.exlibris.or.at\/index.php?rest_route=\/wp\/v2\/pages\/1586\/revisions"}],"predecessor-version":[{"id":1598,"href":"http:\/\/www.exlibris.or.at\/index.php?rest_route=\/wp\/v2\/pages\/1586\/revisions\/1598"}],"wp:attachment":[{"href":"http:\/\/www.exlibris.or.at\/index.php?rest_route=%2Fwp%2Fv2%2Fmedia&parent=1586"}],"curies":[{"name":"wp","href":"https:\/\/api.w.org\/{rel}","templated":true}]}}