{"id":1577,"date":"2022-08-17T15:29:11","date_gmt":"2022-08-17T13:29:11","guid":{"rendered":"http:\/\/www.exlibris.or.at\/?page_id=1577"},"modified":"2022-08-17T15:29:47","modified_gmt":"2022-08-17T13:29:47","slug":"joseph-budko","status":"publish","type":"page","link":"http:\/\/www.exlibris.or.at\/?page_id=1577","title":{"rendered":"Joseph Budko"},"content":{"rendered":"\n<p>Joseph Budko geboren in Plonsk (Polen) am 27.8.1888, gestorben in Jerusalem am 17.7.1940. Er besuchte die Staatliche Kunstgewerbeschule in Berlin, Radieren lernte er bei Hermann Stuck. Die Liste der geschaffenen Exlibris ist von Dr. Abraham Horodisch aus Berlin und ist im Juili 1929 in den Soncino-Bl\u00e4ttern\u00a0 Erschienen. Band 3, 1. Heft, Juli 1929, S. 73-80. In den Soncino-Bl\u00e4ttern erschienen Beitr\u00e4ge zur Kunde des j\u00fcdischen Buches. Diese Bl\u00e4tter war auch ein Sprachrohr der j\u00fcdischen Bibliophilen.\u00a0\u00a0\u00a0\u00a0  Zur Technik: A = Aquatinta, H = Holzschnitt, R = Radierung, Z = Zeichnung. Es sei bemerkt, da\u00df Blatt 36 (Alfred Wolff) ein Donationsexlibris ist. <\/p>\n\n\n\n<p>1) Rahel Budko R\n1911&nbsp;&nbsp;&nbsp;&nbsp;&nbsp;&nbsp;&nbsp;&nbsp;&nbsp;&nbsp;&nbsp;&nbsp;&nbsp;&nbsp;&nbsp;&nbsp;&nbsp;&nbsp;&nbsp;&nbsp;&nbsp;&nbsp;&nbsp;&nbsp;&nbsp;&nbsp;&nbsp;&nbsp;&nbsp;&nbsp;&nbsp;&nbsp;&nbsp;&nbsp;\n27) Rahel Goldschmidt R 1917<\/p>\n\n\n\n<p>2) Felix Struck\nR 1912&nbsp;&nbsp;&nbsp;&nbsp;&nbsp;&nbsp;&nbsp;&nbsp;&nbsp;&nbsp;&nbsp;&nbsp;&nbsp;&nbsp;&nbsp;&nbsp;&nbsp;&nbsp;&nbsp;&nbsp;&nbsp;&nbsp;&nbsp;&nbsp;&nbsp;&nbsp;&nbsp;&nbsp;&nbsp;&nbsp;&nbsp;&nbsp;&nbsp;&nbsp;&nbsp;&nbsp;\n28) Ernst Lachmann R 1917<\/p>\n\n\n\n<p>3) Dr. Karl\nSchwarz I R 1912&nbsp;&nbsp;&nbsp;&nbsp;&nbsp;&nbsp;&nbsp;&nbsp;&nbsp;&nbsp;&nbsp;&nbsp;&nbsp;&nbsp;&nbsp;&nbsp;&nbsp;&nbsp;&nbsp;&nbsp;&nbsp;&nbsp;&nbsp;&nbsp;&nbsp;&nbsp;\n29) Joseph Budko III R 1917<\/p>\n\n\n\n<p>4) Joseph Budko I R 1912&nbsp;&nbsp;&nbsp;&nbsp;&nbsp;&nbsp;&nbsp;&nbsp;&nbsp;&nbsp;&nbsp;&nbsp;&nbsp;&nbsp;&nbsp;&nbsp;&nbsp;&nbsp;&nbsp;&nbsp;&nbsp;&nbsp;&nbsp;&nbsp;&nbsp;&nbsp;&nbsp;&nbsp;&nbsp;&nbsp;&nbsp; 30) Ester Budko\nH 1917&nbsp;&nbsp; <\/p>\n\n\n\n<p>5) Joseph Budko\nII R 1912&nbsp;&nbsp;&nbsp;&nbsp;&nbsp;&nbsp;&nbsp;&nbsp;&nbsp;&nbsp;&nbsp;&nbsp;&nbsp;&nbsp;&nbsp;&nbsp;&nbsp;&nbsp;&nbsp;&nbsp;&nbsp;&nbsp;&nbsp;&nbsp;&nbsp;&nbsp;&nbsp;&nbsp;&nbsp;&nbsp;\n31) Dr. Karl Schwarz II R 1917<\/p>\n\n\n\n<p>6) Katia Roscamp R 1913&nbsp;&nbsp;&nbsp;&nbsp;&nbsp;&nbsp;&nbsp;&nbsp;&nbsp;&nbsp;&nbsp;&nbsp;&nbsp;&nbsp;&nbsp;&nbsp;&nbsp;&nbsp;&nbsp;&nbsp;&nbsp;&nbsp;&nbsp;&nbsp;&nbsp;&nbsp;&nbsp;&nbsp;&nbsp;&nbsp;&nbsp;&nbsp; 32) Moses Marx\nI R 1918<\/p>\n\n\n\n<p>7) Maurice J. Budko R 1913&nbsp;&nbsp;&nbsp;&nbsp;&nbsp;&nbsp;&nbsp;&nbsp;&nbsp;&nbsp;&nbsp;&nbsp;&nbsp;&nbsp;&nbsp;&nbsp;&nbsp;&nbsp;&nbsp;&nbsp;&nbsp;&nbsp;&nbsp;&nbsp;&nbsp;&nbsp;&nbsp;&nbsp;&nbsp; 33) Ida Marx R\n1918 <\/p>\n\n\n\n<p>8) Hermann Struck I R 1914\u00a0\u00a0\u00a0\u00a0\u00a0\u00a0\u00a0\u00a0\u00a0\u00a0\u00a0\u00a0\u00a0\u00a0\u00a0\u00a0\u00a0\u00a0\u00a0\u00a0 34) Karl und Elza Baer R 1918\u00a0\u00a0 <\/p>\n\n\n\n<p>9) Lilli Hecht I\nR 1914&nbsp;&nbsp;&nbsp; &nbsp;&nbsp;&nbsp;&nbsp;&nbsp;&nbsp;&nbsp;&nbsp;&nbsp;&nbsp;&nbsp;&nbsp;&nbsp;&nbsp;&nbsp;&nbsp;&nbsp;&nbsp;&nbsp;&nbsp;&nbsp;&nbsp;&nbsp;&nbsp;&nbsp;&nbsp;&nbsp;&nbsp;&nbsp;&nbsp;&nbsp;&nbsp;&nbsp;&nbsp;&nbsp;35) S.\nBachrach II R 1918<\/p>\n\n\n\n<p>10) Lilli Hecht\nII Z 1914&nbsp;&nbsp;&nbsp;&nbsp;&nbsp;&nbsp;&nbsp;&nbsp;&nbsp;&nbsp;&nbsp;&nbsp;&nbsp;&nbsp;&nbsp;&nbsp;&nbsp;&nbsp;&nbsp;&nbsp;&nbsp;&nbsp;&nbsp;&nbsp;&nbsp;&nbsp;&nbsp;&nbsp;&nbsp;&nbsp;&nbsp;&nbsp;&nbsp;&nbsp;&nbsp;&nbsp;\n36) Alfred Wolff Z 1918&nbsp;&nbsp; <\/p>\n\n\n\n<p>11.) Benno\nSeegall R 1915&nbsp;&nbsp;&nbsp;&nbsp;&nbsp;&nbsp;&nbsp;&nbsp;&nbsp;&nbsp;&nbsp;&nbsp;&nbsp;&nbsp;&nbsp;&nbsp;&nbsp;&nbsp;&nbsp;&nbsp;&nbsp;&nbsp;&nbsp;&nbsp;&nbsp;&nbsp;&nbsp;&nbsp;&nbsp;&nbsp;&nbsp;&nbsp;&nbsp;\n37) Ludwig Schwarz R 1918<\/p>\n\n\n\n<p>12) Grete\nHeilbuth R 1916&nbsp;&nbsp;&nbsp;&nbsp;&nbsp;&nbsp;&nbsp;&nbsp;&nbsp;&nbsp;&nbsp;&nbsp;&nbsp;&nbsp;&nbsp;&nbsp;&nbsp;&nbsp;&nbsp;&nbsp;&nbsp;&nbsp;&nbsp;&nbsp;&nbsp;&nbsp;&nbsp;&nbsp;&nbsp;&nbsp;&nbsp;&nbsp;&nbsp;&nbsp; 38) N.\nNafthal R 1918<\/p>\n\n\n\n<p>13) Herrmann Struck II R 1916\u00a0\u00a0\u00a0\u00a0 39) Albert und Emmy Batdt\u00a0\u00a0 R 1918\u00a0\u00a0\u00a0\u00a0\u00a0\u00a0\u00a0 <\/p>\n\n\n\n<p>14) Hans Frideberger Z 1916\u00a0\u00a0\u00a0\u00a0\u00a0\u00a0\u00a0\u00a0\u00a0\u00a0\u00a0\u00a0\u00a0\u00a0\u00a0\u00a0\u00a0\u00a0\u00a0\u00a0\u00a0\u00a0\u00a0\u00a0\u00a0\u00a0\u00a0\u00a0\u00a0 40) Dr. Albert Levi R 1919<\/p>\n\n\n\n<p>15) Becky Engel\nR 1916 &nbsp;&nbsp;&nbsp;&nbsp;&nbsp;&nbsp;&nbsp;&nbsp;&nbsp;&nbsp;&nbsp;&nbsp;&nbsp;&nbsp;&nbsp;&nbsp;&nbsp;&nbsp;&nbsp;&nbsp;&nbsp;&nbsp;&nbsp;&nbsp;&nbsp;&nbsp;&nbsp;&nbsp;&nbsp;&nbsp;&nbsp;&nbsp;&nbsp;&nbsp;&nbsp;&nbsp;&nbsp;&nbsp;41)\nJustin Fellheimer R 1919<\/p>\n\n\n\n<p>16) S. Bachrach A 1916\u00a0\u00a0\u00a0\u00a0 42) Rudof von Goldschmidt-Rothschild R 1919\u00a0\u00a0 <\/p>\n\n\n\n<p>17) Irene Schwarz R 1916\u00a0\u00a0\u00a0\u00a0\u00a0\u00a0\u00a0\u00a0\u00a0\u00a0\u00a0\u00a0\u00a0\u00a0\u00a0\u00a0\u00a0\u00a0\u00a0\u00a0\u00a0\u00a0\u00a0\u00a0\u00a0\u00a0\u00a0\u00a043) Dr. Felix Kauffmann R 1919\u00a0 <\/p>\n\n\n\n<p>18) Heinrich Eisemann R 1916\u00a0\u00a0\u00a0\u00a0\u00a0\u00a0\u00a0\u00a0\u00a0\u00a0\u00a0\u00a0\u00a0\u00a0\u00a0\u00a0\u00a0\u00a0\u00a0\u00a0\u00a0\u00a0\u00a0\u00a0 44) Moses Marx II R 1921<\/p>\n\n\n\n<p>19) Dr. Julius Meisel R 1916\u00a0\u00a0\u00a0\u00a0\u00a0\u00a0\u00a0\u00a0\u00a0\u00a0\u00a0\u00a0\u00a0 \u00a0\u00a0\u00a0\u00a0\u00a0\u00a0\u00a0\u00a0\u00a0\u00a0\u00a0\u00a0\u00a0\u00a0\u00a0\u00a045) Dr. Alfred Maas H 1921<\/p>\n\n\n\n<p>20) Dr. Arthur Ehrlich R 1916\u00a0\u00a0\u00a0\u00a0\u00a0\u00a0\u00a0\u00a0\u00a0\u00a0\u00a0\u00a0\u00a0\u00a0\u00a0\u00a0\u00a0\u00a0\u00a0\u00a0\u00a0\u00a0 46) Moritz Hochschild R 1921 <\/p>\n\n\n\n<p>21) Ikse Ehrlich R 1916\u00a0\u00a0\u00a0\u00a0\u00a0\u00a0\u00a0\u00a0\u00a0\u00a0\u00a0\u00a0\u00a0\u00a0\u00a0\u00a0\u00a0\u00a0\u00a0\u00a0\u00a0\u00a0\u00a0\u00a0\u00a0\u00a0\u00a0\u00a0\u00a0\u00a0\u00a047) Felix und Sonja Resek H 1922<\/p>\n\n\n\n<p>22) Betty Lewin R 1916\u00a0\u00a0\u00a0\u00a0\u00a0\u00a0\u00a0\u00a0\u00a0\u00a0\u00a0\u00a0\u00a0\u00a0\u00a0\u00a0\u00a0\u00a0\u00a0\u00a0\u00a0\u00a0\u00a0\u00a0\u00a0\u00a0\u00a0\u00a0\u00a0\u00a0\u00a0\u00a048) Dr. Arthur Feldmann H 1922\u00a0 <\/p>\n\n\n\n<p>23) Leo B\u00e4cker R 1916\u00a0\u00a0\u00a0\u00a0\u00a0\u00a0\u00a0\u00a0\u00a0\u00a0\u00a0\u00a0\u00a0\u00a0\u00a0\u00a0\u00a0\u00a0\u00a0\u00a0\u00a0\u00a0\u00a0\u00a0\u00a0\u00a0\u00a0\u00a0\u00a0\u00a0\u00a0\u00a0\u00a0\u00a0\u00a0\u00a0\u00a0 49) Moritz Kayser R 1923<\/p>\n\n\n\n<p>24) Emil W.\u00a0 Netter R 1916\u00a0\u00a0\u00a0\u00a0\u00a0\u00a0\u00a0\u00a0\u00a0\u00a0\u00a0\u00a0\u00a0\u00a0\u00a0\u00a0\u00a0\u00a0\u00a0\u00a0\u00a0\u00a0\u00a0\u00a0\u00a0\u00a0\u00a0\u00a0\u00a0\u00a0 50) Georg Kareski H 1924<\/p>\n\n\n\n<p>25) Paul Sachs I R 1917\u00a0\u00a0\u00a0\u00a0\u00a0\u00a0\u00a0\u00a0\u00a0\u00a0\u00a0\u00a0\u00a0\u00a0\u00a0\u00a0\u00a0\u00a0\u00a0\u00a0\u00a0\u00a0\u00a0\u00a0\u00a0\u00a0\u00a0\u00a0\u00a0 51) Dr. Eduard Leszynsky H 1927 <\/p>\n\n\n\n<p>26) Paul Sachs II H 1917<\/p>\n\n\n\n<figure class=\"wp-block-image size-large\"><img loading=\"lazy\" decoding=\"async\" width=\"860\" height=\"1024\" src=\"http:\/\/www.exlibris.or.at\/wp-content\/uploads\/2022\/08\/Joseph-Budko-1-860x1024.jpg\" alt=\"\" class=\"wp-image-1578\" srcset=\"http:\/\/www.exlibris.or.at\/wp-content\/uploads\/2022\/08\/Joseph-Budko-1-860x1024.jpg 860w, http:\/\/www.exlibris.or.at\/wp-content\/uploads\/2022\/08\/Joseph-Budko-1-252x300.jpg 252w, http:\/\/www.exlibris.or.at\/wp-content\/uploads\/2022\/08\/Joseph-Budko-1-768x914.jpg 768w, http:\/\/www.exlibris.or.at\/wp-content\/uploads\/2022\/08\/Joseph-Budko-1-1290x1536.jpg 1290w, http:\/\/www.exlibris.or.at\/wp-content\/uploads\/2022\/08\/Joseph-Budko-1-1720x2048.jpg 1720w\" sizes=\"(max-width: 860px) 100vw, 860px\" \/><\/figure>\n\n\n\n<figure class=\"wp-block-image size-large\"><img loading=\"lazy\" decoding=\"async\" width=\"969\" height=\"1024\" src=\"http:\/\/www.exlibris.or.at\/wp-content\/uploads\/2022\/08\/Joseph-Budko-2-969x1024.jpg\" alt=\"\" class=\"wp-image-1579\" srcset=\"http:\/\/www.exlibris.or.at\/wp-content\/uploads\/2022\/08\/Joseph-Budko-2-969x1024.jpg 969w, http:\/\/www.exlibris.or.at\/wp-content\/uploads\/2022\/08\/Joseph-Budko-2-284x300.jpg 284w, http:\/\/www.exlibris.or.at\/wp-content\/uploads\/2022\/08\/Joseph-Budko-2-768x812.jpg 768w, http:\/\/www.exlibris.or.at\/wp-content\/uploads\/2022\/08\/Joseph-Budko-2-1453x1536.jpg 1453w, http:\/\/www.exlibris.or.at\/wp-content\/uploads\/2022\/08\/Joseph-Budko-2-1937x2048.jpg 1937w\" sizes=\"(max-width: 969px) 100vw, 969px\" \/><\/figure>\n\n\n\n<p>Erstellt von Peter Rath im August 2022.<\/p>\n","protected":false},"excerpt":{"rendered":"<p>Joseph Budko geboren in Plonsk (Polen) am 27.8.1888, gestorben in Jerusalem am 17.7.1940. Er besuchte die Staatliche Kunstgewerbeschule in Berlin, Radieren lernte er bei Hermann Stuck. Die Liste der geschaffenen Exlibris ist von Dr. Abraham Horodisch aus Berlin und ist im Juili 1929 in den Soncino-Bl\u00e4ttern\u00a0 Erschienen. Band 3, 1. Heft, Juli 1929, S. 73-80. &hellip; <a href=\"http:\/\/www.exlibris.or.at\/?page_id=1577\" class=\"more-link\"><span class=\"screen-reader-text\">Joseph Budko<\/span> weiterlesen<\/a><\/p>\n","protected":false},"author":1,"featured_media":0,"parent":0,"menu_order":0,"comment_status":"closed","ping_status":"closed","template":"","meta":{"footnotes":""},"_links":{"self":[{"href":"http:\/\/www.exlibris.or.at\/index.php?rest_route=\/wp\/v2\/pages\/1577"}],"collection":[{"href":"http:\/\/www.exlibris.or.at\/index.php?rest_route=\/wp\/v2\/pages"}],"about":[{"href":"http:\/\/www.exlibris.or.at\/index.php?rest_route=\/wp\/v2\/types\/page"}],"author":[{"embeddable":true,"href":"http:\/\/www.exlibris.or.at\/index.php?rest_route=\/wp\/v2\/users\/1"}],"replies":[{"embeddable":true,"href":"http:\/\/www.exlibris.or.at\/index.php?rest_route=%2Fwp%2Fv2%2Fcomments&post=1577"}],"version-history":[{"count":2,"href":"http:\/\/www.exlibris.or.at\/index.php?rest_route=\/wp\/v2\/pages\/1577\/revisions"}],"predecessor-version":[{"id":1581,"href":"http:\/\/www.exlibris.or.at\/index.php?rest_route=\/wp\/v2\/pages\/1577\/revisions\/1581"}],"wp:attachment":[{"href":"http:\/\/www.exlibris.or.at\/index.php?rest_route=%2Fwp%2Fv2%2Fmedia&parent=1577"}],"curies":[{"name":"wp","href":"https:\/\/api.w.org\/{rel}","templated":true}]}}