{"id":1222,"date":"2021-04-21T17:58:22","date_gmt":"2021-04-21T15:58:22","guid":{"rendered":"http:\/\/www.exlibris.or.at\/?page_id=1222"},"modified":"2021-04-21T18:05:52","modified_gmt":"2021-04-21T16:05:52","slug":"karl-koch-exlibris-sammler","status":"publish","type":"page","link":"http:\/\/www.exlibris.or.at\/?page_id=1222","title":{"rendered":"Karl Koch, Exlibris-Sammler"},"content":{"rendered":"\n<p>Karl Koch, Exlibris-Sammler und Mitglied der \u00d6EG, geboren\nzu Wien am 30.10.1864, gestorben am 31. M\u00e4rz 1905 in Abbazia.<\/p>\n\n\n\n<figure class=\"wp-block-gallery aligncenter columns-2 is-cropped wp-block-gallery-1 is-layout-flex wp-block-gallery-is-layout-flex\"><ul class=\"blocks-gallery-grid\"><li class=\"blocks-gallery-item\"><figure><img loading=\"lazy\" decoding=\"async\" width=\"715\" height=\"1024\" src=\"http:\/\/www.exlibris.or.at\/wp-content\/uploads\/2021\/04\/Koch-Crame1-715x1024.jpg\" alt=\"\" data-id=\"1224\" class=\"wp-image-1224\" srcset=\"http:\/\/www.exlibris.or.at\/wp-content\/uploads\/2021\/04\/Koch-Crame1-715x1024.jpg 715w, http:\/\/www.exlibris.or.at\/wp-content\/uploads\/2021\/04\/Koch-Crame1-209x300.jpg 209w, http:\/\/www.exlibris.or.at\/wp-content\/uploads\/2021\/04\/Koch-Crame1-768x1100.jpg 768w, http:\/\/www.exlibris.or.at\/wp-content\/uploads\/2021\/04\/Koch-Crame1-1072x1536.jpg 1072w, http:\/\/www.exlibris.or.at\/wp-content\/uploads\/2021\/04\/Koch-Crame1-1430x2048.jpg 1430w, http:\/\/www.exlibris.or.at\/wp-content\/uploads\/2021\/04\/Koch-Crame1-scaled.jpg 1787w\" sizes=\"(max-width: 715px) 100vw, 715px\" \/><\/figure><\/li><li class=\"blocks-gallery-item\"><figure><img loading=\"lazy\" decoding=\"async\" width=\"482\" height=\"1024\" src=\"http:\/\/www.exlibris.or.at\/wp-content\/uploads\/2021\/04\/Koch-Crampe2-482x1024.jpg\" alt=\"\" data-id=\"1225\" data-full-url=\"http:\/\/www.exlibris.or.at\/wp-content\/uploads\/2021\/04\/Koch-Crampe2.jpg\" data-link=\"http:\/\/www.exlibris.or.at\/?attachment_id=1225\" class=\"wp-image-1225\" srcset=\"http:\/\/www.exlibris.or.at\/wp-content\/uploads\/2021\/04\/Koch-Crampe2-482x1024.jpg 482w, http:\/\/www.exlibris.or.at\/wp-content\/uploads\/2021\/04\/Koch-Crampe2-141x300.jpg 141w, http:\/\/www.exlibris.or.at\/wp-content\/uploads\/2021\/04\/Koch-Crampe2-768x1632.jpg 768w, http:\/\/www.exlibris.or.at\/wp-content\/uploads\/2021\/04\/Koch-Crampe2-723x1536.jpg 723w, http:\/\/www.exlibris.or.at\/wp-content\/uploads\/2021\/04\/Koch-Crampe2-964x2048.jpg 964w, http:\/\/www.exlibris.or.at\/wp-content\/uploads\/2021\/04\/Koch-Crampe2.jpg 1082w\" sizes=\"(max-width: 482px) 100vw, 482px\" \/><\/figure><\/li><\/ul><figcaption class=\"blocks-gallery-caption\">K\u00fcnstler Theodor Crampe<\/figcaption><\/figure>\n\n\n\n<p>Nachruf von Unbekannt, in der Zeitschrift f\u00fcr\nBibliothekszeichen, B\u00fccherkunde und Gelehrtengeschichte, Berlin 1905, XV. Nr.\n2.&nbsp; <\/p>\n\n\n\n<p>Der in der Bl\u00fcte seines Lebens und inmitten\neifrigsten Schaffens stehende Verblichene war am 30. Oktober 1864 zu Wien als\nder Sohn des 1893 verstorbenen Direktors und Regierungsrats im\nAckerbau-Ministerium Franz Koch, eines bekannten Waffensammlers, geboren. <\/p>\n\n\n\n<p>Nach absolviertem Gymnasium widmete sich Karl Koch\ndem Buchh\u00e4ndlerstande und konditionierte beim Antiquar Anton Einsle in Wien, um\nsich die allgemeinen und Fachkenntnisse, insbesondere die alten Urkunden und\nB\u00fcchersch\u00e4tze anzueignen. Er besichtigte, als bald Sachverst\u00e4ndiger, viele\nwertvolle Klosterbibliotheken und wurde als Sachverst\u00e4ndiger bei Sch\u00e4tzungen\nzugezogen. Da er Einsles Gesch\u00e4ft, wie beabsichtigt war, wegen des zu\nbedeutenden Kaufpreises nicht \u00fcbernehmen konnte, trat er nach dem Tode seines Vaters\n1893 als Beamter in die Arbeiter-Unfallversicherungs-Gesellschaft in Wien ein,\nwo er es bis zum Kassa Vorstand-Stellvertreter brachte. Er hatte u. A. ein Werk\nbegonnen, das \u00fcber die Buchdruck-Kunst von deren Beginn bis auf unsere Zeit\nHandeln sollte, das aber wegen seiner Beamtent\u00e4tigkeit nicht mehr zum Abschluss\nkam. Den Folgen einer Influenza fiel er \u2013 viel zu fr\u00fch! \u2013 zum Opfer.<\/p>\n\n\n\n<figure class=\"wp-block-gallery columns-2 is-cropped wp-block-gallery-2 is-layout-flex wp-block-gallery-is-layout-flex\"><ul class=\"blocks-gallery-grid\"><li class=\"blocks-gallery-item\"><figure><img loading=\"lazy\" decoding=\"async\" width=\"668\" height=\"1024\" src=\"http:\/\/www.exlibris.or.at\/wp-content\/uploads\/2021\/04\/Ernst-Krahl-Koch-668x1024.jpg\" alt=\"\" data-id=\"1228\" class=\"wp-image-1228\" srcset=\"http:\/\/www.exlibris.or.at\/wp-content\/uploads\/2021\/04\/Ernst-Krahl-Koch-668x1024.jpg 668w, http:\/\/www.exlibris.or.at\/wp-content\/uploads\/2021\/04\/Ernst-Krahl-Koch-196x300.jpg 196w, http:\/\/www.exlibris.or.at\/wp-content\/uploads\/2021\/04\/Ernst-Krahl-Koch-768x1178.jpg 768w, http:\/\/www.exlibris.or.at\/wp-content\/uploads\/2021\/04\/Ernst-Krahl-Koch-1001x1536.jpg 1001w, http:\/\/www.exlibris.or.at\/wp-content\/uploads\/2021\/04\/Ernst-Krahl-Koch-1335x2048.jpg 1335w, http:\/\/www.exlibris.or.at\/wp-content\/uploads\/2021\/04\/Ernst-Krahl-Koch.jpg 1534w\" sizes=\"(max-width: 668px) 100vw, 668px\" \/><figcaption class=\"blocks-gallery-item__caption\">K\u00fcnstler Ernst Krahl<\/figcaption><\/figure><\/li><li class=\"blocks-gallery-item\"><figure><img loading=\"lazy\" decoding=\"async\" width=\"729\" height=\"1024\" src=\"http:\/\/www.exlibris.or.at\/wp-content\/uploads\/2021\/04\/Koch-A.-Kaiser-729x1024.jpg\" alt=\"\" data-id=\"1229\" data-full-url=\"http:\/\/www.exlibris.or.at\/wp-content\/uploads\/2021\/04\/Koch-A.-Kaiser.jpg\" data-link=\"http:\/\/www.exlibris.or.at\/?attachment_id=1229\" class=\"wp-image-1229\" srcset=\"http:\/\/www.exlibris.or.at\/wp-content\/uploads\/2021\/04\/Koch-A.-Kaiser-729x1024.jpg 729w, http:\/\/www.exlibris.or.at\/wp-content\/uploads\/2021\/04\/Koch-A.-Kaiser-214x300.jpg 214w, http:\/\/www.exlibris.or.at\/wp-content\/uploads\/2021\/04\/Koch-A.-Kaiser-768x1079.jpg 768w, http:\/\/www.exlibris.or.at\/wp-content\/uploads\/2021\/04\/Koch-A.-Kaiser-1094x1536.jpg 1094w, http:\/\/www.exlibris.or.at\/wp-content\/uploads\/2021\/04\/Koch-A.-Kaiser.jpg 1291w\" sizes=\"(max-width: 729px) 100vw, 729px\" \/><figcaption class=\"blocks-gallery-item__caption\">K\u00fcnstler Anton Kaiser<\/figcaption><\/figure><\/li><\/ul><\/figure>\n\n\n\n<p>Koch trug schon seit 1884 Bibliothekszeichen\nzusammen und brachte es zu einer Sammlung von der etwa 8.000 St\u00fcck (2.500 alte\nund 5.500 neue). Unserem deutschen Exlibris-Verein geh\u00f6rte Koch seit 1893 an,\nder \u00f6sterreichischen Exlibris Gesellschaft seit deren Beginn 1903. An den\nJahrespublikationen der letzteren nahm er wesentlichen und erfolgreichen\nAnteil, und beide verlieren an diesem Bibliophilen sehr viel, da er dieser\nGesellschaft, wie dem ganzen Exlibris wesen eine gewisse Begeisterung\nentgegenbrachte. &nbsp;&nbsp;&nbsp;<\/p>\n\n\n\n<p>Ein weiterer Nachruf ist im \u00d6EG Jahrbuch 1905 von\nEduard Dillmann erschienen.<\/p>\n\n\n\n<p>Von Karl Koch sind vier Aufs\u00e4tze erschienen:<\/p>\n\n\n\n<p><\/p>\n\n\n\n<p style=\"font-size:18px\">B\u00fcchliebhaberei in \u00d6sterreich: Hoheneck, Johann G.\nA.; \u00d6EG Jb. 1903, S. 33. <\/p>\n\n\n\n<p style=\"font-size:18px\">B\u00fcchliebhaberei in \u00d6sterreich: Schallenberg,\nChristoph; \u00d6EG Jb. 1903, S. 36.<\/p>\n\n\n\n<p>B\u00fcchliebhaberei in \u00d6sterreich: Oedt, Freiherr von;\n\u00d6EG Jb. 1903, S. 38.<\/p>\n\n\n\n<p>Deutsch-Ordens Exlibris: \u00d6EG Jb. 1904, S. 52.<\/p>\n\n\n\n<p>Karl Koch besa\u00df Exlibris von: Crampe 1913. Ebner B\n2617 Abb. 147. Kaiser 27858. Krahl 6091 Abb K129. Poledne 36526. Rochefort\n38567.<\/p>\n\n\n\n<div class=\"wp-block-image\"><figure class=\"aligncenter size-large is-resized\"><img loading=\"lazy\" decoding=\"async\" src=\"http:\/\/www.exlibris.or.at\/wp-content\/uploads\/2021\/04\/Koch-von-Charles-ed-Rochefort-721x1024.jpg\" alt=\"\" class=\"wp-image-1231\" width=\"343\" height=\"487\" srcset=\"http:\/\/www.exlibris.or.at\/wp-content\/uploads\/2021\/04\/Koch-von-Charles-ed-Rochefort-721x1024.jpg 721w, http:\/\/www.exlibris.or.at\/wp-content\/uploads\/2021\/04\/Koch-von-Charles-ed-Rochefort-211x300.jpg 211w, http:\/\/www.exlibris.or.at\/wp-content\/uploads\/2021\/04\/Koch-von-Charles-ed-Rochefort-768x1090.jpg 768w, http:\/\/www.exlibris.or.at\/wp-content\/uploads\/2021\/04\/Koch-von-Charles-ed-Rochefort-1082x1536.jpg 1082w, http:\/\/www.exlibris.or.at\/wp-content\/uploads\/2021\/04\/Koch-von-Charles-ed-Rochefort-1442x2048.jpg 1442w, http:\/\/www.exlibris.or.at\/wp-content\/uploads\/2021\/04\/Koch-von-Charles-ed-Rochefort.jpg 1534w\" sizes=\"(max-width: 343px) 100vw, 343px\" \/><\/figure><\/div>\n\n\n\n<p>Zusammengestellt \u00a9 von Peter Rath in Wien 2021.<\/p>\n","protected":false},"excerpt":{"rendered":"<p>Karl Koch, Exlibris-Sammler und Mitglied der \u00d6EG, geboren zu Wien am 30.10.1864, gestorben am 31. M\u00e4rz 1905 in Abbazia. Nachruf von Unbekannt, in der Zeitschrift f\u00fcr Bibliothekszeichen, B\u00fccherkunde und Gelehrtengeschichte, Berlin 1905, XV. Nr. 2.&nbsp; Der in der Bl\u00fcte seines Lebens und inmitten eifrigsten Schaffens stehende Verblichene war am 30. Oktober 1864 zu Wien als &hellip; <a href=\"http:\/\/www.exlibris.or.at\/?page_id=1222\" class=\"more-link\"><span class=\"screen-reader-text\">Karl Koch, Exlibris-Sammler<\/span> weiterlesen<\/a><\/p>\n","protected":false},"author":1,"featured_media":0,"parent":0,"menu_order":0,"comment_status":"closed","ping_status":"closed","template":"","meta":{"footnotes":""},"_links":{"self":[{"href":"http:\/\/www.exlibris.or.at\/index.php?rest_route=\/wp\/v2\/pages\/1222"}],"collection":[{"href":"http:\/\/www.exlibris.or.at\/index.php?rest_route=\/wp\/v2\/pages"}],"about":[{"href":"http:\/\/www.exlibris.or.at\/index.php?rest_route=\/wp\/v2\/types\/page"}],"author":[{"embeddable":true,"href":"http:\/\/www.exlibris.or.at\/index.php?rest_route=\/wp\/v2\/users\/1"}],"replies":[{"embeddable":true,"href":"http:\/\/www.exlibris.or.at\/index.php?rest_route=%2Fwp%2Fv2%2Fcomments&post=1222"}],"version-history":[{"count":7,"href":"http:\/\/www.exlibris.or.at\/index.php?rest_route=\/wp\/v2\/pages\/1222\/revisions"}],"predecessor-version":[{"id":1237,"href":"http:\/\/www.exlibris.or.at\/index.php?rest_route=\/wp\/v2\/pages\/1222\/revisions\/1237"}],"wp:attachment":[{"href":"http:\/\/www.exlibris.or.at\/index.php?rest_route=%2Fwp%2Fv2%2Fmedia&parent=1222"}],"curies":[{"name":"wp","href":"https:\/\/api.w.org\/{rel}","templated":true}]}}