{"id":1071,"date":"2021-03-05T15:26:28","date_gmt":"2021-03-05T14:26:28","guid":{"rendered":"http:\/\/www.exlibris.or.at\/?page_id=1071"},"modified":"2021-03-05T15:26:28","modified_gmt":"2021-03-05T14:26:28","slug":"bach-ein-musikalisches-exlibris-kryptogramm-in-notenschrift","status":"publish","type":"page","link":"http:\/\/www.exlibris.or.at\/?page_id=1071","title":{"rendered":"Bach &#8211; ein musikalisches Exlibris-Kryptogramm in Notenschrift"},"content":{"rendered":"\n<p>F\u00fcr einen Exlibrisk\u00fcnstler ist es nicht immer einfach, die Vielzahl an biographischen Hinweisen wie Beruf, Neigungen oder Hobbys des Auftraggebers unter einen Hut zu bringen. Immer wieder m\u00f6chten Eigner ihr Exlibris auch als Hommage an eine Person aus Literatur, Kunst oder Musik verstanden wissen. F\u00fcr den K\u00fcnstler gibt es viele M\u00f6glichkeiten, diesen Wunsch zu erf\u00fcllen, sei es durch ein Portrait der verehrten Person, durch ein Zitat aus ihrem Werk oder, wenn es sich um einen Musiker handelt, etwa durch Notenzeilen aus ihrem Werk. Eine interessante Form, einem Komponisten und Musiker seine Referenz zu erweisen, findet sich in musikalischen Exlibris, in denen eine Notenfolge, als kleinstem musikalischen Zusammenhang, &#8211; dem Motiv, eine weitere Information beinhaltet, n\u00e4mlich den Namen der verehrten Person. So demonstriert die Notenfolge B-A-C-H nicht nur die Musikliebe des Eigners, sondern verweist, liest man die Noten als Buchstaben, auch auf den Namen des besonders gesch\u00e4tzten Komponisten: Johann Sebastian Bach. Das R\u00e4tsel-Spiel mit den Noten&nbsp; B-A-C-H geht auf den Komponisten selbst zur\u00fcck. Johann Sebastian Bach selbst hat ein Pr\u00e4ludium mit Fuge \u00fcber seinen Namen geschrieben (BWV 898), und seither gibt es eine unglaubliche Anzahl von Kompositionen, die ihm zu Ehren seinen Namen als musikalisches Motiv verwenden. So ist es nur allzu verst\u00e4ndlich, da\u00df auch Exlibris-Sammler mit diesem musikalischen Kryptogramm auf ihre Verbundenheit mit Bachs Musik aufmerksam machen.<\/p>\n\n\n\n<div class=\"wp-block-image\"><figure class=\"aligncenter size-large is-resized\"><img loading=\"lazy\" decoding=\"async\" src=\"http:\/\/www.exlibris.or.at\/wp-content\/uploads\/2021\/03\/Hans-Schaefer-1900-1976-668x1024.jpg\" alt=\"\" class=\"wp-image-1072\" width=\"385\" height=\"589\" srcset=\"http:\/\/www.exlibris.or.at\/wp-content\/uploads\/2021\/03\/Hans-Schaefer-1900-1976-668x1024.jpg 668w, http:\/\/www.exlibris.or.at\/wp-content\/uploads\/2021\/03\/Hans-Schaefer-1900-1976-196x300.jpg 196w, http:\/\/www.exlibris.or.at\/wp-content\/uploads\/2021\/03\/Hans-Schaefer-1900-1976-768x1177.jpg 768w, http:\/\/www.exlibris.or.at\/wp-content\/uploads\/2021\/03\/Hans-Schaefer-1900-1976-1002x1536.jpg 1002w, http:\/\/www.exlibris.or.at\/wp-content\/uploads\/2021\/03\/Hans-Schaefer-1900-1976-1336x2048.jpg 1336w, http:\/\/www.exlibris.or.at\/wp-content\/uploads\/2021\/03\/Hans-Schaefer-1900-1976.jpg 1411w\" sizes=\"(max-width: 385px) 100vw, 385px\" \/><figcaption>Hans Schaefer<\/figcaption><\/figure><\/div>\n\n\n\n<p>Ein besonders sch\u00f6nes Beispiel daf\u00fcr ist das Exlibris f\u00fcr Hermine Freiberger von Hans Schaefer. Die Radierung zeigt das Portrait von J.S.Bach, umrahmt von der Initiale F mit der ber\u00fchmten Notenzeile links oben. Der Text &#8222;Zum Frohen Ereignis 1963&#8220; spielt auf die Geburt von Hermine Freibergers Tochter Edith im selben Jahr an. Die in M\u00fcnchen geborene Hermine Freiberger sang im M\u00fcnchner Bachchor unter der Leitung von Karl Marx. Obwohl sie keine professionelle Gesangausbildung hatte, durfte sie auch Solopartien \u00fcbernehmen. Einige Jahre vor dem 2. Weltkrieg \u00fcbersiedelte sie nach Bayreuth und nahm 1951 als Mitglied des Chores an der Wiederer-\u00d6ffnung des Bayreuther Festspielhauses mit Beethovens 9.Symphonie &nbsp;durch Wilhelm Furtw\u00e4ngler teil. Mit gro\u00dfer Freude sang sie noch viele Jahre im Sonderchor der Festspiele unter Hans Knappersbusch und Wolfgang Sawallisch. Als Mitglied des Kittelchores lernte sie dort Betty Schaefer, die Gattin des Exlibris-K\u00fcnstlers Hans Schaefers, kennen. Aus dieser gemeinsamen T\u00e4tigkeit entwickelte sich eine langj\u00e4hrige Freundschaft, und ihr Exlibris ist wohl in dieser Zeit entstanden.<\/p>\n\n\n\n<div class=\"wp-block-image\"><figure class=\"aligncenter size-large is-resized\"><img loading=\"lazy\" decoding=\"async\" src=\"http:\/\/www.exlibris.or.at\/wp-content\/uploads\/2021\/03\/Hans-Hauke-1917--579x1024.jpg\" alt=\"\" class=\"wp-image-1073\" width=\"334\" height=\"590\" srcset=\"http:\/\/www.exlibris.or.at\/wp-content\/uploads\/2021\/03\/Hans-Hauke-1917--579x1024.jpg 579w, http:\/\/www.exlibris.or.at\/wp-content\/uploads\/2021\/03\/Hans-Hauke-1917--170x300.jpg 170w, http:\/\/www.exlibris.or.at\/wp-content\/uploads\/2021\/03\/Hans-Hauke-1917--768x1357.jpg 768w, http:\/\/www.exlibris.or.at\/wp-content\/uploads\/2021\/03\/Hans-Hauke-1917-.jpg 800w\" sizes=\"(max-width: 334px) 100vw, 334px\" \/><figcaption>Hans Hauke<\/figcaption><\/figure><\/div>\n\n\n\n<p>Das Exmusicis f\u00fcr die Grazerin Inge Ertel gestaltete der bekannte steirische K\u00fcnstler Hans Hauke. Frau Professor Ertel studierte Orgel und Klavier und unterrichtete 42 Jahre am Grazer Konservatorium&nbsp; Klavier, Allgemeine Musiklehre, Satzlehre und Musikalische Grundausbildung f\u00fcr Kinder. Die Notenfolge B-A-C-H schwebt als Hommage an den gro\u00dfen Komponisten \u00fcber einer Orgel. <\/p>\n\n\n\n<div class=\"wp-block-image\"><figure class=\"aligncenter size-large is-resized\"><img loading=\"lazy\" decoding=\"async\" src=\"http:\/\/www.exlibris.or.at\/wp-content\/uploads\/2021\/03\/Hans-Ranzoni-653x1024.jpg\" alt=\"\" class=\"wp-image-1074\" width=\"380\" height=\"596\" srcset=\"http:\/\/www.exlibris.or.at\/wp-content\/uploads\/2021\/03\/Hans-Ranzoni-653x1024.jpg 653w, http:\/\/www.exlibris.or.at\/wp-content\/uploads\/2021\/03\/Hans-Ranzoni-191x300.jpg 191w, http:\/\/www.exlibris.or.at\/wp-content\/uploads\/2021\/03\/Hans-Ranzoni-768x1205.jpg 768w, http:\/\/www.exlibris.or.at\/wp-content\/uploads\/2021\/03\/Hans-Ranzoni.jpg 848w\" sizes=\"(max-width: 380px) 100vw, 380px\" \/><figcaption>Hans Ranzoni<\/figcaption><\/figure><\/div>\n\n\n\n<p>Zwei sch\u00f6ne Musik-Exlibris entstanden auch f\u00fcr Alexander Wunderer, den bekannten Oboisten der Wiener Philharmoniker. Eines davon schuf Willy Stukhard, hauptberuflich Fl\u00f6tist des B\u00fchnenorchesters der Staatsoper und &#8222;Edelsubstitut&#8220; der Wiener Philharmoniker ( Ohne B-A-C-H, Keine Abb). Das zweite stammt aus der Hand Hans Ranzonis d.J., und ist ein wunderbar zarter Stich, typisch f\u00fcr den Stil der Co\u00dfmann-Schule. Die ber\u00fchmte Noten-zeile B-A-C-H umschlingt wie ein Band ein nicht weniger ber\u00fchmtes literarisches Zitat aus Goethes Faust II, dar\u00fcber verweisen Wiesenblumen, Heckenrosen und Disteln auf die Naturverbundenheit des Eigners. Prof. Alexander Wunderer, geboren am 11.4.1877 in Wien, wurde im Alter von nur 23 Jahren in die Staatsopernkapelle und in die von Gustav Mahler geleitete k.u.k. Hofmusikkapelle, die 1908 als Verein der Wiener Philharmoniker bestehen blieb, aufgenommen. Diesem Orchester diente er von 1923 bis 1932 auch als Vorstand, ab 1932 dann als Ehrenvorstand. Dr\u00fcber hinaus war Wunderer Mitglied der Bl\u00e4servereinigung der Wiener Philharmoniker, Professor an der Musikakademie in Wien, Mitbegr\u00fcnder und Leiter der Bachgemeinde. Ein \u00d6lbild von Ludwig Michalek im Archiv der Wiener Philharmoniker zeigt den Musiker mit seiner Oboe. Im Hintergrund des Gem\u00e4ldes ist &#8211; wieder eine Verneigung vor dem gro\u00dfen Komponisten &#8211; ein Portrait von J.S.Bach zu sehen. Alexander Wunderer starb am 29.12.1955.<\/p>\n\n\n\n<div class=\"wp-block-image\"><figure class=\"aligncenter size-large is-resized\"><img loading=\"lazy\" decoding=\"async\" src=\"http:\/\/www.exlibris.or.at\/wp-content\/uploads\/2021\/03\/Carl-Friedrich-Mistlbacher-748x1024.jpg\" alt=\"\" class=\"wp-image-1075\" width=\"359\" height=\"491\" srcset=\"http:\/\/www.exlibris.or.at\/wp-content\/uploads\/2021\/03\/Carl-Friedrich-Mistlbacher-748x1024.jpg 748w, http:\/\/www.exlibris.or.at\/wp-content\/uploads\/2021\/03\/Carl-Friedrich-Mistlbacher-219x300.jpg 219w, http:\/\/www.exlibris.or.at\/wp-content\/uploads\/2021\/03\/Carl-Friedrich-Mistlbacher-768x1051.jpg 768w, http:\/\/www.exlibris.or.at\/wp-content\/uploads\/2021\/03\/Carl-Friedrich-Mistlbacher.jpg 1003w\" sizes=\"(max-width: 359px) 100vw, 359px\" \/><figcaption>Carl Friedrich Mistlbacher<\/figcaption><\/figure><\/div>\n\n\n\n<p>Die raffinierteste\nund f\u00fcr Laien sehr schwierig zu entschl\u00fcsselnde Darstellung des Namens\n&#8222;Bach&#8220; &#8211; n\u00e4mlich mit einer einzigen Note &#8211; findet sich auf dem\nExlibris von Carl Friedrich Mistlbacher f\u00fcr Robert Aschauer. In einem\nmedaillonartigen Rahmen wird von links nach rechts im Violinschl\u00fcssel das H\ndurch das Vorzeichen b zum B. Von oben nach unten ist im Tenorschl\u00fcssel das A,\nvon rechts nach links im Altschl\u00fcssel das C dargestellt. Und von unten nach\noben kann der Betrachter im Violinschl\u00fcssel das H lesen.<\/p>\n\n\n\n<p>Das Kryptogramm wird von den Wurzeln eines\nhochgewachsenen Baumes umschlossen &#8211; Symbol nicht nur f\u00fcr die Hochachtung, die\nJ.S.Bach bei Musikern und Komponisten geno\u00df und genie\u00dft, sondern auch Zeichen\ndaf\u00fcr, da\u00df sie Bachs Werk als Vorbild und N\u00e4hrstoff f\u00fcr eigenes Schaffen\nbegreifen.<\/p>\n\n\n\n<p>\u00dcber den K\u00fcnstler und dem Exlibriseigner sind\ndem Autor keine Daten bekannt.<\/p>\n\n\n\n<div class=\"wp-block-image\"><figure class=\"aligncenter size-large is-resized\"><img loading=\"lazy\" decoding=\"async\" src=\"http:\/\/www.exlibris.or.at\/wp-content\/uploads\/2021\/03\/Max-Reger-1024x705.jpg\" alt=\"\" class=\"wp-image-1076\" width=\"528\" height=\"363\" srcset=\"http:\/\/www.exlibris.or.at\/wp-content\/uploads\/2021\/03\/Max-Reger-1024x705.jpg 1024w, http:\/\/www.exlibris.or.at\/wp-content\/uploads\/2021\/03\/Max-Reger-300x207.jpg 300w, http:\/\/www.exlibris.or.at\/wp-content\/uploads\/2021\/03\/Max-Reger-768x529.jpg 768w, http:\/\/www.exlibris.or.at\/wp-content\/uploads\/2021\/03\/Max-Reger-1536x1058.jpg 1536w, http:\/\/www.exlibris.or.at\/wp-content\/uploads\/2021\/03\/Max-Reger-rotated.jpg 2010w\" sizes=\"(max-width: 528px) 100vw, 528px\" \/><\/figure><\/div>\n\n\n\n<p>Max Reger Kryptogramm\n<\/p>\n\n\n\n<p>b-a-c-h (in Noten ausgeschrieben ) ist Anfang u. Ende aller Musik. 12.XII. 09. (Autographer Stammbucheintrag, Voerster Antiquariat Stuttgart)&nbsp;&nbsp;&nbsp;&nbsp; <\/p>\n\n\n\n<p>Weitere K\u00fcnstler:<\/p>\n\n\n\n<div class=\"wp-block-image\"><figure class=\"aligncenter size-large is-resized\"><img loading=\"lazy\" decoding=\"async\" src=\"http:\/\/www.exlibris.or.at\/wp-content\/uploads\/2021\/03\/Erhard-Zierold-850x1024.jpg\" alt=\"\" class=\"wp-image-1077\" width=\"388\" height=\"468\" srcset=\"http:\/\/www.exlibris.or.at\/wp-content\/uploads\/2021\/03\/Erhard-Zierold-850x1024.jpg 850w, http:\/\/www.exlibris.or.at\/wp-content\/uploads\/2021\/03\/Erhard-Zierold-249x300.jpg 249w, http:\/\/www.exlibris.or.at\/wp-content\/uploads\/2021\/03\/Erhard-Zierold-768x925.jpg 768w, http:\/\/www.exlibris.or.at\/wp-content\/uploads\/2021\/03\/Erhard-Zierold-1275x1536.jpg 1275w, http:\/\/www.exlibris.or.at\/wp-content\/uploads\/2021\/03\/Erhard-Zierold.jpg 1423w\" sizes=\"(max-width: 388px) 100vw, 388px\" \/><figcaption> Erhard Zierold f\u00fcr Carlo Craglietto<\/figcaption><\/figure><\/div>\n\n\n\n<p><\/p>\n\n\n\n<div class=\"wp-block-image\"><figure class=\"aligncenter size-large is-resized\"><img loading=\"lazy\" decoding=\"async\" src=\"http:\/\/www.exlibris.or.at\/wp-content\/uploads\/2021\/03\/Zbigniew-Dolatowski.jpg\" alt=\"\" class=\"wp-image-1078\" width=\"334\" height=\"347\" srcset=\"http:\/\/www.exlibris.or.at\/wp-content\/uploads\/2021\/03\/Zbigniew-Dolatowski.jpg 932w, http:\/\/www.exlibris.or.at\/wp-content\/uploads\/2021\/03\/Zbigniew-Dolatowski-288x300.jpg 288w, http:\/\/www.exlibris.or.at\/wp-content\/uploads\/2021\/03\/Zbigniew-Dolatowski-768x799.jpg 768w\" sizes=\"(max-width: 334px) 100vw, 334px\" \/><figcaption> Zbigniew Dolatowski f\u00fcr Zdzislaw Gauda, Barbara<\/figcaption><\/figure><\/div>\n\n\n\n<div class=\"wp-block-image\"><figure class=\"aligncenter size-large is-resized\"><img loading=\"lazy\" decoding=\"async\" src=\"http:\/\/www.exlibris.or.at\/wp-content\/uploads\/2021\/03\/Marcus-Behmer-837x1024.jpg\" alt=\"\" class=\"wp-image-1079\" width=\"332\" height=\"406\" srcset=\"http:\/\/www.exlibris.or.at\/wp-content\/uploads\/2021\/03\/Marcus-Behmer-837x1024.jpg 837w, http:\/\/www.exlibris.or.at\/wp-content\/uploads\/2021\/03\/Marcus-Behmer-245x300.jpg 245w, http:\/\/www.exlibris.or.at\/wp-content\/uploads\/2021\/03\/Marcus-Behmer-768x940.jpg 768w, http:\/\/www.exlibris.or.at\/wp-content\/uploads\/2021\/03\/Marcus-Behmer-1255x1536.jpg 1255w, http:\/\/www.exlibris.or.at\/wp-content\/uploads\/2021\/03\/Marcus-Behmer-1674x2048.jpg 1674w\" sizes=\"(max-width: 332px) 100vw, 332px\" \/><figcaption> Marcus Behmer f\u00fcr Georg Licht  <\/figcaption><\/figure><\/div>\n\n\n\n<p><em>Zum Abschlu\u00df einige Beispiele aus \u00fcber 100&nbsp; bekannten Kompositionen \u00fcber die Tonfolge B-A-C-H, zitiert nach Klaus Schneider: <\/em><\/p>\n\n\n\n<p>Bach, Carl Phillip\nEmanuel: Fuge \u00fcber B-A-C-H. F\u00fcr\nOrgel. (In: B-A-C-H. Fugen der Familie Bach. Hrsg. von T. Fedtke). Peters, Frankfurt\/M.\n1984.<\/p>\n\n\n\n<p>Bach, Johann Christian: Sonate f\u00fcr Violine und\nKlavier B-dur, op.10. Hinrichsen, Ed., London. (Das Kopfthema der Sonate ist\nJ.S.Bachs Partita Nr. 1 in B-dur f\u00fcr Klavier BWV 825 entnommen.)<\/p>\n\n\n\n<p>Beethoven, Ludwig van: J.S.Bach-Fuge b-moll\naus dem 1. Teil des Wohltemperierten Klaviers BWV 867. Bearbeitet f\u00fcr 2\nViolinen, Viola und 2 Violoncelli, Hess Nr.38. (In Beethoven: Supplemente zur Gesamtausgabe,\nBd.6 Hrsg. von Willy Hess.) Breitkopf &amp; H\u00e4rtel, Wiesbaden 1963.<\/p>\n\n\n\n<p>Hindemith, Paul: Sonate f\u00fcr Orgel Nr.2 (1937).\nSchott, Mainz. (Im 3. Satz &#8222;Fuge&#8220; erscheint das B-A-C-H-Thema in den\nTakten 32-34 im Bass und in den Takten 70-71 im Alt.)<\/p>\n\n\n\n<p>Reger, Max: Phantasie und Fuge f\u00fcr Orgel \u00fcber\nB-A-C-H in Noten ausgeschrieben, op. 46. Universal Edition 1984 Wien.<\/p>\n\n\n\n<p>Schumann, Robert: 6 Fugen \u00fcber den Namen\nB-A-C-H, f\u00fcr Orgel oder Pianoforte mit Pedal, op. 60, Breitkopf &amp; H\u00e4rtel,\nWiesbaden.<\/p>\n\n\n\n<p>Literatur:<\/p>\n\n\n\n<p>Smend, Friedrich: Johann Sebastian Bach, bei\nseinem Namen gerufen. B\u00e4renreiter-Verlag Kassel und Basel, 1950.<\/p>\n\n\n\n<p>Schneider Klaus: In honorem J.S.Bach.\nMusikalische Huldigungen f\u00fcr Johann Sebastian Bach in Form von Variationen,\nBearbeitungen und Kompositionen \u00fcber die Tonfolge B-A-C-H, in Musik und Kirche,\nHeft 5\/1986, B\u00e4renreiter Verlag, Kassel und Basel.<\/p>\n\n\n\n<p>Schn\u00fcrl, Dr.Karl: Notenschrift als Musiksymbol\nund Ornament, in Biblos, Beitr\u00e4ge zu Buch, Bibliothek und Schrift.\nHerausgegeben von der \u00f6sterreichischen Nationalbibliothek, 45,1. Wien 1997,\nB\u00f6hlau Verlag Wien-K\u00f6ln-Weimar.<\/p>\n\n\n\n<p>300 Jahre Johann Sebastian Bach,\nAusstellungskatalog Stuttgart. Verlag Hans Schneider, Tutzing 1985.<\/p>\n\n\n\n<p>Ohne die Hilfe von Herrn Dr. Bernhard Paul \u2020,\nDr. Karl Schn\u00fcrl h\u00e4tte dieser Artikel nicht entstehen k\u00f6nnen.<\/p>\n\n\n\n<p>Der Autor ist f\u00fcr jeden weiteren Hinweis auf\nExlibris mit der B-A-C-H Notenzeile dankbar.<\/p>\n\n\n\n<p>Copyright \u00a9: Peter\nRath Wien, 1997-2020. &nbsp;<\/p>\n","protected":false},"excerpt":{"rendered":"<p>F\u00fcr einen Exlibrisk\u00fcnstler ist es nicht immer einfach, die Vielzahl an biographischen Hinweisen wie Beruf, Neigungen oder Hobbys des Auftraggebers unter einen Hut zu bringen. Immer wieder m\u00f6chten Eigner ihr Exlibris auch als Hommage an eine Person aus Literatur, Kunst oder Musik verstanden wissen. F\u00fcr den K\u00fcnstler gibt es viele M\u00f6glichkeiten, diesen Wunsch zu erf\u00fcllen, &hellip; <a href=\"http:\/\/www.exlibris.or.at\/?page_id=1071\" class=\"more-link\"><span class=\"screen-reader-text\">Bach &#8211; ein musikalisches Exlibris-Kryptogramm in Notenschrift<\/span> weiterlesen<\/a><\/p>\n","protected":false},"author":1,"featured_media":0,"parent":0,"menu_order":0,"comment_status":"closed","ping_status":"closed","template":"","meta":{"footnotes":""},"_links":{"self":[{"href":"http:\/\/www.exlibris.or.at\/index.php?rest_route=\/wp\/v2\/pages\/1071"}],"collection":[{"href":"http:\/\/www.exlibris.or.at\/index.php?rest_route=\/wp\/v2\/pages"}],"about":[{"href":"http:\/\/www.exlibris.or.at\/index.php?rest_route=\/wp\/v2\/types\/page"}],"author":[{"embeddable":true,"href":"http:\/\/www.exlibris.or.at\/index.php?rest_route=\/wp\/v2\/users\/1"}],"replies":[{"embeddable":true,"href":"http:\/\/www.exlibris.or.at\/index.php?rest_route=%2Fwp%2Fv2%2Fcomments&post=1071"}],"version-history":[{"count":2,"href":"http:\/\/www.exlibris.or.at\/index.php?rest_route=\/wp\/v2\/pages\/1071\/revisions"}],"predecessor-version":[{"id":1082,"href":"http:\/\/www.exlibris.or.at\/index.php?rest_route=\/wp\/v2\/pages\/1071\/revisions\/1082"}],"wp:attachment":[{"href":"http:\/\/www.exlibris.or.at\/index.php?rest_route=%2Fwp%2Fv2%2Fmedia&parent=1071"}],"curies":[{"name":"wp","href":"https:\/\/api.w.org\/{rel}","templated":true}]}}